{"id":1878,"date":"2021-03-04T10:28:34","date_gmt":"2021-03-04T13:28:34","guid":{"rendered":"https:\/\/wp.ufpel.edu.br\/ppgmp\/?page_id=1878"},"modified":"2025-01-10T09:46:48","modified_gmt":"2025-01-10T12:46:48","slug":"simp","status":"publish","type":"page","link":"https:\/\/wp.ufpel.edu.br\/ppgmp\/eventos\/simp\/","title":{"rendered":"SIMP"},"content":{"rendered":"<p>Semin\u00e1rio Internacional em Mem\u00f3ria e Patrim\u00f4nio. Evento anual organizado pelo Programa.<\/p>\n<p><strong>11\u00ba Simp\u00f3sio Internacional Mem\u00f3ria e Patrim\u00f4nio &#8211; &#8220;Mem\u00f3ria e do Patrim\u00f4nio em tempos de pandemia&#8221;<\/strong><\/p>\n<p><img class=\"alignnone size-medium wp-image-3117\" src=\"https:\/\/wp.ufpel.edu.br\/ppgmp\/files\/2025\/01\/SIMP-XI-400x150.png\" alt=\"\" width=\"400\" height=\"150\" srcset=\"https:\/\/wp.ufpel.edu.br\/ppgmp\/files\/2025\/01\/SIMP-XI-400x150.png 400w, https:\/\/wp.ufpel.edu.br\/ppgmp\/files\/2025\/01\/SIMP-XI.png 768w\" sizes=\"(max-width: 400px) 100vw, 400px\" \/><\/p>\n<p>O\u00a0<b>\u201cXI Semin\u00e1rio Internacional de Mem\u00f3ria e Patrim\u00f4nio\u201d<\/b>\u00a0ocorrer\u00e1 entre os dias 26 a 29 de outubro de 2021 e ter\u00e1 como eixo gerador a discuss\u00e3o da\u00a0<strong>Mem\u00f3ria e do Patrim\u00f4nio em tempos de pandemia.\u00a0<\/strong><\/p>\n<p>Site do evento &#8211; <a href=\"https:\/\/eventos.congresse.me\/xi-simp\">https:\/\/eventos.congresse.me\/xi-simp<\/a><\/p>\n<p><strong>10\u00ba Simp\u00f3sio Internacional Mem\u00f3ria e Patrim\u00f4nio &#8211; &#8220;Revisitando a obra de Maurice Halbwachs&#8221;<\/strong><\/p>\n<p><img class=\"alignnone wp-image-3114\" src=\"https:\/\/wp.ufpel.edu.br\/ppgmp\/files\/2025\/01\/simpx-400x179.png\" alt=\"\" width=\"335\" height=\"150\" srcset=\"https:\/\/wp.ufpel.edu.br\/ppgmp\/files\/2025\/01\/simpx-400x179.png 400w, https:\/\/wp.ufpel.edu.br\/ppgmp\/files\/2025\/01\/simpx-1024x458.png 1024w, https:\/\/wp.ufpel.edu.br\/ppgmp\/files\/2025\/01\/simpx-768x344.png 768w, https:\/\/wp.ufpel.edu.br\/ppgmp\/files\/2025\/01\/simpx.png 1046w\" sizes=\"(max-width: 335px) 100vw, 335px\" \/><\/p>\n<p>Revisitar. Revisitar o passado ou, sendo fiel ao grande soci\u00f3logo da mem\u00f3ria, reconstru\u00ed-lo com os instrumentos do que somos no presente.<\/p>\n<p>Revisitar, rever, reviver, mas nunca ver ou viver o mesmo e sendo o mesmo. Revisitemos, ent\u00e3o, pelo olhar e palavras de Jorge Sempr\u00fan, o que seriam os \u00faltimos momentos de Maurice Halbwachs em uma enfermaria do campo de concentra\u00e7\u00e3o de Buchenwald, no dia 16 de mar\u00e7o de 1945. Sempr\u00fan, estudante de filosofia e prisioneiro do mesmo campo, torna-se um observador e narrador do mart\u00edrio de Halbwachs e, tomado pelo p\u00e2nico diante da agonia final do antigo mestre, murmura no ouvido do moribundo, alguns versos de Baudelaire: \u201c(\u2026)<em>Si le ciel et la mer sont noirs comme de l\u2019encre, nos coeurs que tu connais sont remplis de rayons !\u2026<\/em>Um leve estremecimento se delineia nos l\u00e1bios de Maurice Halbwachs. Ele sorri, morrendo, lan\u00e7ando sobre mim seu olhar fraternal\u201d(MONTLIBERT,1997<em>).<\/em><\/p>\n<p>A cena descrita por Jorge Sempr\u00fan, relato impactante do destino de milh\u00f5es de pessoas vitimadas dentro dos campos de concentra\u00e7\u00e3o nazistas, adquire um tom ainda mais dram\u00e1tico pelas \u00faltimas palavras: \u201cele sorri, morrendo, lan\u00e7ando sobre mim seu olhar fraternal\u201d. Eis ai o retrato vivo do grande intelectual cuja dignidade, sabedoria e generosidade, fizeram converter o momento do doloroso final em uma li\u00e7\u00e3o de profunda humanidade. O olhar fraternal, o olhar do homem que, tendo se debru\u00e7ado sobre temas fundamentais da vida humana, escolheu a mem\u00f3ria como forma de pensar a sociedade, o indiv\u00edduo e as conex\u00f5es com o passado.<\/p>\n<p>Tempo, que para Halbwachs se definia como a dura\u00e7\u00e3o pr\u00f3pria de cada grupo, \u00e9 hoje para n\u00f3s a ocasi\u00e3o para revisitar sua obra p\u00f3stuma,\u00a0<em>A Mem\u00f3ria Coletiva<\/em>, uma s\u00e9rie de textos escritos entre 1925 e 1944 e compilados, de forma bastante personalizada e como uma esp\u00e9cie de testamento ao futuro, por sua irm\u00e3 Jeanne Halbwachs (BECKER, 2003).<\/p>\n<p>O soci\u00f3logo da mem\u00f3ria nos deixa sua mem\u00f3ria e nos leva a pensar na forma como nos chegam as recorda\u00e7\u00f5es, na for\u00e7a de coes\u00e3o que ela, mem\u00f3ria, assume dentro dos grupos sociais. Na obra, que nesse ano de 2020 completa seu septuag\u00e9simo anivers\u00e1rio, Halbwachs busca, sem no entanto conseguir finalizar, posto que interrompido pela barb\u00e1rie, refletir como os sujeitos, agora j\u00e1 de forma mais individualizada e singular, s\u00e3o, em \u00faltima inst\u00e2ncia, os que recordam, ainda que apoiando-se nas recorda\u00e7\u00f5es dos outros.<\/p>\n<p>Retomando o come\u00e7o dessa apresenta\u00e7\u00e3o, atestamos essa tese do outro ou os outros, como vetores da mem\u00f3ria pois \u00e9 atrav\u00e9s de Jorge Sempr\u00fan que elaboramos nossa recorda\u00e7\u00e3o de Halbwachs, ou mesmo desse tempo sombrio do qual ele foi vitimado.<\/p>\n<p>O X SIMP \u00e9, portanto, uma esp\u00e9cie de homenagem ao intelectual vigoroso que foi Maurice Halbwachs, capaz de, com sua for\u00e7a de pensamento e sua lucidez, se tornar um gigante frente \u00e0 m\u00e1quina de destrui\u00e7\u00e3o nazista, apesar de seu organismo esqu\u00e1lido e atormentado pelos sofrimentos.<\/p>\n<p>Nesse evento encontraremos Halbwachs, mesmo quando n\u00e3o for ele o tema gerador das confer\u00eancias ou das discuss\u00f5es nos simp\u00f3sios tem\u00e1ticos.<\/p>\n<p>As confer\u00eancias ser\u00e3o ministradas por intelectuais de diferentes \u00e1reas do conhecimento, a saber: Jos\u00e9 Rilla, hist\u00f3ria, Uruguai; Edson Sousa, psican\u00e1lise, Brasil; Vera Dodebei, comunica\u00e7\u00e3o, Brasil; Renato Cymbalista, arquitetura, Brasil; Jens Anderman, literatura comparada, EUA.<\/p>\n<p>Veremos Halbwachs ao apresent\u00e1-lo em sua obra, ao pensar mem\u00f3ria na perspectiva individual, ao refletir sobre as formas contempor\u00e2neas de construir essas mem\u00f3rias na virtualidade e nas disputas memoriais no espa\u00e7o urbano, bem como o encontraremos na discuss\u00e3o sobre mem\u00f3ria\/inclus\u00e3o\/ exclus\u00e3o dentro do templo de Mnemosyne, o museu.<\/p>\n<p>Estas tem\u00e1ticas, que ser\u00e3o abordadas em confer\u00eancias, seguir\u00e3o para discuss\u00e3o nos simp\u00f3sios tem\u00e1ticos que ocorrer\u00e3o durante o evento.<\/p>\n<p>2020, pandemia, quarentena, Brasil de mais de cem mil mortos pelo v\u00edrus. Esse \u00e9 o contexto no qual pensamos os 70 anos da obra de Halbwachs, justamente porque n\u00e3o sabemos como essas vivencias de agora se converter\u00e3o- ou n\u00e3o- em uma mem\u00f3ria coletiva, quando o futuro chegar.<\/p>\n<p>Refer\u00eancias:<\/p>\n<p>BECKER, Annette.\u00a0<strong>Maurice Halbwachs: un intellectuel en guerres mondiales<\/strong>\u00a0<strong>1914-1945<\/strong><em>.\u00a0<\/em>Paris, Agn\u00e8s Vi\u00e9not\u00a0 \u00c9ditions, 2003.<\/p>\n<p>MONTLIBERT, Christian.\u00a0<strong>Maurice Halbwachs, 1877-1945.<\/strong>\u00a0Strasbourg, Presses Universitaires de Strasbourg, 1997.<\/p>\n<p>Programa\u00e7\u00e3o &#8211; <a href=\"https:\/\/wp.ufpel.edu.br\/nemplus\/programacao\/\">https:\/\/wp.ufpel.edu.br\/nemplus\/programacao\/<\/a><\/p>\n<p>Palestrantes &#8211; <a href=\"https:\/\/wp.ufpel.edu.br\/nemplus\/palestrantes\/\">https:\/\/wp.ufpel.edu.br\/nemplus\/palestrantes\/<\/a><\/p>\n<p>Simp\u00f3sios Tem\u00e1ticos &#8211; <a href=\"https:\/\/wp.ufpel.edu.br\/nemplus\/simposios-tematicos-sts\/\">https:\/\/wp.ufpel.edu.br\/nemplus\/simposios-tematicos-sts\/<\/a><\/p>\n<p>Comiss\u00e3o Organizadora &#8211; <a href=\"https:\/\/wp.ufpel.edu.br\/nemplus\/comissao-organizadora\/\">https:\/\/wp.ufpel.edu.br\/nemplus\/comissao-organizadora\/<\/a><\/p>\n<p>&nbsp;<\/p>\n<p><strong>9\u00ba Simp\u00f3sio Internacional Mem\u00f3ria e Patrim\u00f4nio &#8211; &#8220;Mem\u00f3rias Dif\u00edceis&#8221;<\/strong><\/p>\n<p><img class=\"alignnone size-medium wp-image-1251\" src=\"https:\/\/wp.ufpel.edu.br\/ppgmp\/files\/2019\/03\/CARTAZ-SIMP-300x400.jpg\" alt=\"\" width=\"300\" height=\"400\" srcset=\"https:\/\/wp.ufpel.edu.br\/ppgmp\/files\/2019\/03\/CARTAZ-SIMP-300x400.jpg 300w, https:\/\/wp.ufpel.edu.br\/ppgmp\/files\/2019\/03\/CARTAZ-SIMP-768x1024.jpg 768w, https:\/\/wp.ufpel.edu.br\/ppgmp\/files\/2019\/03\/CARTAZ-SIMP.jpg 1500w\" sizes=\"(max-width: 300px) 100vw, 300px\" \/><\/p>\n<p style=\"text-align: justify;\">Ao abordar \u201cMem\u00f3rias Dif\u00edceis\u201d, o IX SIMP organizado pelo Programa de P\u00f3s Gradua\u00e7\u00e3o em Mem\u00f3ria Social e Patrim\u00f4nio Cultural da Universidade Federal de Pelotas, pretende evidenciar as intr\u00ednsecas rela\u00e7\u00f5es entre a ativa\u00e7\u00e3o patrimonial, a constitui\u00e7\u00e3o de mem\u00f3rias sociais e as diversas formas atrav\u00e9s das quais, sob contextos traum\u00e1ticos diversos, objetos e discursos imbricam-se com a emerg\u00eancia de lembran\u00e7as compartilhadas, de mem\u00f3rias subterr\u00e2neas, mem\u00f3rias p\u00fablicas de heran\u00e7as dolorosas. Para al\u00e9m da emo\u00e7\u00e3o individual e intimista, esta tem\u00e1tica pretende abarcar como somos levados a reproduzir matrizes emocionais que derivam da experi\u00eancia social, compartilhando assim mem\u00f3rias que se constituem, ao final, em elementos de nossa identidade. Com especial aten\u00e7\u00e3o pretendemos fazer refer\u00eancia aos processos de reivindica\u00e7\u00e3o memorial que, desde os anos 1980, tomaram enormes propor\u00e7\u00f5es e busca pelo reconhecimento. Nesse sentido, a discuss\u00e3o das tem\u00e1ticas tem por objetivo permitir o amplo debate entre pesquisadores de diversos contextos e o p\u00fablico acad\u00eamico e n\u00e3o acad\u00eamico, colocando-se como um lugar privilegiado de trocas e questionamentos de grande import\u00e2ncia no presente. Ser\u00e3o privilegiadas comunica\u00e7\u00f5es que abordem\u00a0 temas relacionados a s\u00edtios memoriais, lugares de mem\u00f3ria, museus, memoriais e Direitos Humanos, arquivos, movimentos sociais articulados em torno \u00e0 mem\u00f3rias traum\u00e1ticas, processos de patrimonializa\u00e7\u00e3o de lugares de sofrimento, mem\u00f3rias de cat\u00e1strofes. Maiores informa\u00e7\u00f5es sobre o SIMP:<\/p>\n<p><a href=\"http:\/\/9simp.weebly.com\/\">http:\/\/9simp.weebly.com\/<\/a><\/p>\n<p>&nbsp;<\/p>\n<p><strong>8\u00ba Semin\u00e1rio Internacional de Mem\u00f3ria e Patrim\u00f4nio<\/strong><\/p>\n<p><img class=\"alignnone size-full wp-image-476\" src=\"https:\/\/wp.ufpel.edu.br\/ppgmp\/files\/2016\/12\/8-simp.jpg\" alt=\"8-simp\" width=\"300\" height=\"118\" srcset=\"https:\/\/wp.ufpel.edu.br\/ppgmp\/files\/2016\/12\/8-simp.jpg 300w, https:\/\/wp.ufpel.edu.br\/ppgmp\/files\/2016\/12\/8-simp-212x83.jpg 212w\" sizes=\"(max-width: 300px) 100vw, 300px\" \/><\/p>\n<p style=\"text-align: justify;\">O Programa de P\u00f3s-Gradua\u00e7\u00e3o em Mem\u00f3ria Social e Patrim\u00f4nio Cultural (PPGMP) do Instituto de Ci\u00eancias Humanas (ICH) da Universidade Federal de Pelotas (UFPel) vem convid\u00e1-lo(la) para participar do VIII Simp\u00f3sio Internacional em Mem\u00f3ria e Patrim\u00f4nio (VIII SIMP), entre os dias 5 e 7 de novembro de 2014.<br \/>\nNeste ano, o SIMP prop\u00f5e a refletir amplamente a respeito da no\u00e7\u00e3o lugares de mem\u00f3ria (Pierre Nora). A partir de palestras, confer\u00eancias e comunica\u00e7\u00f5es ser\u00e1 debatida e discutida a multiplicidade de enfoques e contextos s\u00f3cio-culturais que a no\u00e7\u00e3o de Nora pode abarcar, visando contribuir para sua amplia\u00e7\u00e3o e compreens\u00e3o dos variados desdobramentos te\u00f3rico-conceituais e tem\u00e1ticos.<br \/>\nMaiores informa\u00e7\u00f5es podem ser acessadas no site do evento:\u00a0<a href=\"http:\/\/8simpufpel.wix.com\/8simpufpel\">http:\/\/8simpufpel.wix.com\/8simpufpel<\/a><\/p>\n<p style=\"text-align: justify;\"><strong>7\u00ba Semin\u00e1rio Internacional em Mem\u00f3ria e Patrim\u00f4nio<\/strong><\/p>\n<p style=\"text-align: justify;\"><img class=\"alignnone size-medium wp-image-462\" src=\"https:\/\/wp.ufpel.edu.br\/ppgmp\/files\/2016\/12\/Simp7_t4-424x157.jpg\" alt=\"simp7_t4\" width=\"424\" height=\"157\" srcset=\"https:\/\/wp.ufpel.edu.br\/ppgmp\/files\/2016\/12\/Simp7_t4-424x157.jpg 424w, https:\/\/wp.ufpel.edu.br\/ppgmp\/files\/2016\/12\/Simp7_t4-212x78.jpg 212w, https:\/\/wp.ufpel.edu.br\/ppgmp\/files\/2016\/12\/Simp7_t4.jpg 714w\" sizes=\"(max-width: 424px) 100vw, 424px\" \/><\/p>\n<p style=\"text-align: justify;\">Realizado entre os dias 6 e 8 de novembro de 2013, na cidade de Pelotas-RS, pelo Programa de P\u00f3s-gradua\u00e7\u00e3o em Mem\u00f3ria Social e Patrim\u00f4nio Cultural &#8211; PPGMP &#8211; da Universidade Federal de Pelotas &#8211; UFPel. Este ano a tem\u00e1tica \u00e9 &#8220;Conven\u00e7\u00e3o do Patrim\u00f4nio Imaterial: 10 anos depois [2003-2013]&#8221;.<\/p>\n<p style=\"text-align: justify;\">Site:\u00a0<a href=\"http:\/\/simp.ufpel.edu.br\/7\">http:\/\/simp.ufpel.edu.br\/7<\/a><\/p>\n<p style=\"text-align: justify;\">O evento receber\u00e1 comunica\u00e7\u00f5es nos seguintes eixos tem\u00e1ticos:<\/p>\n<p style=\"text-align: justify;\">1) Ci\u00eancia e preserva\u00e7\u00e3o: a tecnologia como ferramenta para a conserva\u00e7\u00e3o do patrim\u00f4nio.<br \/>\n2) Fotografia, cultura material e patrim\u00f4nio imaterial<br \/>\n3) Direito, Pol\u00edticas P\u00fablicas e Justi\u00e7a na tutela de Bens Culturais<br \/>\n4) Arquitetura e Patrim\u00f4nio<br \/>\n5) Patrim\u00f4nio Material: hist\u00f3rias e invent\u00e1rios<br \/>\n6) Patrim\u00f4nio e Museus: interfaces necess\u00e1rias<br \/>\n7) Lembrar, esquecer, narrar<br \/>\n8) O Patrim\u00f4nio Cultural Imaterial e suas normativas e institui\u00e7\u00f5es patrimoniais na Am\u00e9rica Latina<br \/>\n9) Paisagem e cultura: patrim\u00f4nio, turismo e mem\u00f3ria<\/p>\n<p style=\"text-align: justify;\"><strong>6\u00ba Semin\u00e1rio Internacional em Mem\u00f3ria e Patrim\u00f4nio<\/strong><\/p>\n<p style=\"text-align: justify;\"><img class=\"alignnone size-medium wp-image-463\" src=\"https:\/\/wp.ufpel.edu.br\/ppgmp\/files\/2016\/12\/6-simp-424x160.jpg\" alt=\"6-simp\" width=\"424\" height=\"160\" srcset=\"https:\/\/wp.ufpel.edu.br\/ppgmp\/files\/2016\/12\/6-simp-424x160.jpg 424w, https:\/\/wp.ufpel.edu.br\/ppgmp\/files\/2016\/12\/6-simp-212x80.jpg 212w, https:\/\/wp.ufpel.edu.br\/ppgmp\/files\/2016\/12\/6-simp.jpg 530w\" sizes=\"(max-width: 424px) 100vw, 424px\" \/><\/p>\n<p style=\"text-align: justify;\">Patrimonializa\u00e7\u00f5es: atores e conflitos<br \/>\n03 a 05 de outubro de 2012 &#8211; Pelotas &#8211; Rio Grande do Sul &#8211; Brasil<\/p>\n<p style=\"text-align: justify;\"><strong>5\u00ba Semin\u00e1rio Internacional em Mem\u00f3ria e Patrim\u00f4nio<\/strong><\/p>\n<p style=\"text-align: justify;\"><img class=\"alignnone size-medium wp-image-464\" src=\"https:\/\/wp.ufpel.edu.br\/ppgmp\/files\/2016\/12\/5-simp-424x202.jpg\" alt=\"5-simp\" width=\"424\" height=\"202\" srcset=\"https:\/\/wp.ufpel.edu.br\/ppgmp\/files\/2016\/12\/5-simp-424x202.jpg 424w, https:\/\/wp.ufpel.edu.br\/ppgmp\/files\/2016\/12\/5-simp-212x101.jpg 212w, https:\/\/wp.ufpel.edu.br\/ppgmp\/files\/2016\/12\/5-simp-768x366.jpg 768w, https:\/\/wp.ufpel.edu.br\/ppgmp\/files\/2016\/12\/5-simp.jpg 999w\" sizes=\"(max-width: 424px) 100vw, 424px\" \/><\/p>\n<p style=\"text-align: justify;\">Evento: 5\u00ba Semin\u00e1rio Internacional em Mem\u00f3ria e Patrim\u00f4nio<br \/>\nTema:\u201cMem\u00f3ria &amp; Esquecimento\u201d<br \/>\nData: 05 a 07\/10\/2011<br \/>\nInscri\u00e7\u00f5es de trabalhos prorrogado at\u00e9 16 de junho<br \/>\nLocal: Pelotas\/RS<br \/>\nRealiza\u00e7\u00e3o: Programa de P\u00f3s-gradua\u00e7\u00e3o em Mem\u00f3ria Social e Patrim\u00f4nio Cultural<br \/>\nSite: <a href=\"http:\/\/simp.ufpel.edu.br\/\">http:\/\/simp.ufpel.edu.br<\/a><\/p>\n<p style=\"text-align: justify;\"><strong>4\u00ba Semin\u00e1rio Internacional em Mem\u00f3ria e Patrim\u00f4nio<\/strong><\/p>\n<p style=\"text-align: justify;\"><img class=\"alignnone size-medium wp-image-465\" src=\"https:\/\/wp.ufpel.edu.br\/ppgmp\/files\/2016\/12\/4-simp-424x112.jpg\" alt=\"4-simp\" width=\"424\" height=\"112\" srcset=\"https:\/\/wp.ufpel.edu.br\/ppgmp\/files\/2016\/12\/4-simp-424x112.jpg 424w, https:\/\/wp.ufpel.edu.br\/ppgmp\/files\/2016\/12\/4-simp-212x56.jpg 212w, https:\/\/wp.ufpel.edu.br\/ppgmp\/files\/2016\/12\/4-simp.jpg 680w\" sizes=\"(max-width: 424px) 100vw, 424px\" \/><\/p>\n<p style=\"text-align: justify;\">Evento:\u00a0O Semin\u00e1rio Internacional de Mem\u00f3ria e Patrim\u00f4nio<br \/>\nTema:\u201cMem\u00f3ria, Patrim\u00f4nio e Tradi\u00e7\u00e3o\u201d<br \/>\nData: 22 a 24\/09\/2010<br \/>\nLocal: Pelotas\/RS<br \/>\nRealiza\u00e7\u00e3o: Mestrado em Mem\u00f3ria Social e Patrim\u00f4nio Cultural, do Instituto de Ci\u00eancias Humanas da Universidade Federal de Pelotas.<br \/>\nSite:\u00a0<a href=\"http:\/\/simpufpel.wordpress.com\/\">http:\/\/simpufpel.wordpress.com\/<\/a><\/p>\n<p style=\"text-align: justify;\">\n","protected":false},"excerpt":{"rendered":"<p>Semin\u00e1rio Internacional em Mem\u00f3ria e Patrim\u00f4nio. Evento anual organizado pelo Programa. 11\u00ba Simp\u00f3sio Internacional Mem\u00f3ria e Patrim\u00f4nio &#8211; &#8220;Mem\u00f3ria e do Patrim\u00f4nio em tempos de pandemia&#8221; O\u00a0\u201cXI Semin\u00e1rio Internacional de Mem\u00f3ria e Patrim\u00f4nio\u201d\u00a0ocorrer\u00e1 entre os dias 26 a 29 de outubro de 2021 e ter\u00e1 como eixo gerador a discuss\u00e3o da\u00a0Mem\u00f3ria e do Patrim\u00f4nio em [&hellip;]<\/p>\n","protected":false},"author":700,"featured_media":0,"parent":460,"menu_order":0,"comment_status":"closed","ping_status":"closed","template":"","meta":{"footnotes":""},"class_list":["post-1878","page","type-page","status-publish","hentry"],"_links":{"self":[{"href":"https:\/\/wp.ufpel.edu.br\/ppgmp\/wp-json\/wp\/v2\/pages\/1878","targetHints":{"allow":["GET"]}}],"collection":[{"href":"https:\/\/wp.ufpel.edu.br\/ppgmp\/wp-json\/wp\/v2\/pages"}],"about":[{"href":"https:\/\/wp.ufpel.edu.br\/ppgmp\/wp-json\/wp\/v2\/types\/page"}],"author":[{"embeddable":true,"href":"https:\/\/wp.ufpel.edu.br\/ppgmp\/wp-json\/wp\/v2\/users\/700"}],"replies":[{"embeddable":true,"href":"https:\/\/wp.ufpel.edu.br\/ppgmp\/wp-json\/wp\/v2\/comments?post=1878"}],"version-history":[{"count":6,"href":"https:\/\/wp.ufpel.edu.br\/ppgmp\/wp-json\/wp\/v2\/pages\/1878\/revisions"}],"predecessor-version":[{"id":3118,"href":"https:\/\/wp.ufpel.edu.br\/ppgmp\/wp-json\/wp\/v2\/pages\/1878\/revisions\/3118"}],"up":[{"embeddable":true,"href":"https:\/\/wp.ufpel.edu.br\/ppgmp\/wp-json\/wp\/v2\/pages\/460"}],"wp:attachment":[{"href":"https:\/\/wp.ufpel.edu.br\/ppgmp\/wp-json\/wp\/v2\/media?parent=1878"}],"curies":[{"name":"wp","href":"https:\/\/api.w.org\/{rel}","templated":true}]}}