{"id":1868,"date":"2021-03-04T10:04:59","date_gmt":"2021-03-04T13:04:59","guid":{"rendered":"https:\/\/wp.ufpel.edu.br\/ppgmp\/?page_id=1868"},"modified":"2021-03-04T10:04:59","modified_gmt":"2021-03-04T13:04:59","slug":"publicacoes-2","status":"publish","type":"page","link":"https:\/\/wp.ufpel.edu.br\/ppgmp\/publicacoes-2\/","title":{"rendered":"Publica\u00e7\u00f5es"},"content":{"rendered":"<p>O PPPGMP tem organizado publica\u00e7\u00f5es online, livros, e-books e mantem a Revista Mem\u00f3ria em Rede.<\/p>\n","protected":false},"excerpt":{"rendered":"<p>O PPPGMP tem organizado publica\u00e7\u00f5es online, livros, e-books e mantem a Revista Mem\u00f3ria em Rede.<\/p>\n","protected":false},"author":700,"featured_media":0,"parent":0,"menu_order":0,"comment_status":"closed","ping_status":"closed","template":"","meta":{"footnotes":""},"class_list":["post-1868","page","type-page","status-publish","hentry"],"_links":{"self":[{"href":"https:\/\/wp.ufpel.edu.br\/ppgmp\/wp-json\/wp\/v2\/pages\/1868","targetHints":{"allow":["GET"]}}],"collection":[{"href":"https:\/\/wp.ufpel.edu.br\/ppgmp\/wp-json\/wp\/v2\/pages"}],"about":[{"href":"https:\/\/wp.ufpel.edu.br\/ppgmp\/wp-json\/wp\/v2\/types\/page"}],"author":[{"embeddable":true,"href":"https:\/\/wp.ufpel.edu.br\/ppgmp\/wp-json\/wp\/v2\/users\/700"}],"replies":[{"embeddable":true,"href":"https:\/\/wp.ufpel.edu.br\/ppgmp\/wp-json\/wp\/v2\/comments?post=1868"}],"version-history":[{"count":1,"href":"https:\/\/wp.ufpel.edu.br\/ppgmp\/wp-json\/wp\/v2\/pages\/1868\/revisions"}],"predecessor-version":[{"id":1870,"href":"https:\/\/wp.ufpel.edu.br\/ppgmp\/wp-json\/wp\/v2\/pages\/1868\/revisions\/1870"}],"wp:attachment":[{"href":"https:\/\/wp.ufpel.edu.br\/ppgmp\/wp-json\/wp\/v2\/media?parent=1868"}],"curies":[{"name":"wp","href":"https:\/\/api.w.org\/{rel}","templated":true}]}}