{"id":1861,"date":"2021-03-04T07:35:01","date_gmt":"2021-03-04T10:35:01","guid":{"rendered":"https:\/\/wp.ufpel.edu.br\/ppgmp\/?page_id=1861"},"modified":"2021-03-13T15:53:27","modified_gmt":"2021-03-13T18:53:27","slug":"estagio-docente","status":"publish","type":"page","link":"https:\/\/wp.ufpel.edu.br\/ppgmp\/estrutura-curricular\/estagio-docente\/","title":{"rendered":"Est\u00e1gio Docente"},"content":{"rendered":"<p>O Est\u00e1gio docente comp\u00f5e um importante momento de forma\u00e7\u00e3o do aluno. \u00c9 regulamentado por normativas pr\u00f3prias, como o Regimento do Programa e da P\u00f3s-Gradua\u00e7\u00e3o.<\/p>\n<p>&nbsp;<\/p>\n","protected":false},"excerpt":{"rendered":"<p>O Est\u00e1gio docente comp\u00f5e um importante momento de forma\u00e7\u00e3o do aluno. \u00c9 regulamentado por normativas pr\u00f3prias, como o Regimento do Programa e da P\u00f3s-Gradua\u00e7\u00e3o. &nbsp;<\/p>\n","protected":false},"author":700,"featured_media":0,"parent":1858,"menu_order":1,"comment_status":"closed","ping_status":"closed","template":"","meta":{"footnotes":""},"class_list":["post-1861","page","type-page","status-publish","hentry"],"_links":{"self":[{"href":"https:\/\/wp.ufpel.edu.br\/ppgmp\/wp-json\/wp\/v2\/pages\/1861","targetHints":{"allow":["GET"]}}],"collection":[{"href":"https:\/\/wp.ufpel.edu.br\/ppgmp\/wp-json\/wp\/v2\/pages"}],"about":[{"href":"https:\/\/wp.ufpel.edu.br\/ppgmp\/wp-json\/wp\/v2\/types\/page"}],"author":[{"embeddable":true,"href":"https:\/\/wp.ufpel.edu.br\/ppgmp\/wp-json\/wp\/v2\/users\/700"}],"replies":[{"embeddable":true,"href":"https:\/\/wp.ufpel.edu.br\/ppgmp\/wp-json\/wp\/v2\/comments?post=1861"}],"version-history":[{"count":3,"href":"https:\/\/wp.ufpel.edu.br\/ppgmp\/wp-json\/wp\/v2\/pages\/1861\/revisions"}],"predecessor-version":[{"id":1996,"href":"https:\/\/wp.ufpel.edu.br\/ppgmp\/wp-json\/wp\/v2\/pages\/1861\/revisions\/1996"}],"up":[{"embeddable":true,"href":"https:\/\/wp.ufpel.edu.br\/ppgmp\/wp-json\/wp\/v2\/pages\/1858"}],"wp:attachment":[{"href":"https:\/\/wp.ufpel.edu.br\/ppgmp\/wp-json\/wp\/v2\/media?parent=1861"}],"curies":[{"name":"wp","href":"https:\/\/api.w.org\/{rel}","templated":true}]}}