{"id":1858,"date":"2021-03-04T07:30:37","date_gmt":"2021-03-04T10:30:37","guid":{"rendered":"https:\/\/wp.ufpel.edu.br\/ppgmp\/?page_id=1858"},"modified":"2021-03-05T08:02:35","modified_gmt":"2021-03-05T11:02:35","slug":"estrutura-curricular","status":"publish","type":"page","link":"https:\/\/wp.ufpel.edu.br\/ppgmp\/estrutura-curricular\/","title":{"rendered":"Estrutura Curricular"},"content":{"rendered":"<p><strong><span style=\"color: #993300\">A estrutura curricular obedece a disciplinas obrigat\u00f3rias e optativas<\/span><\/strong><\/p>\n<p>Disciplinas obrigat\u00f3rias :<\/p>\n<p>Semestre I &#8211; Mem\u00f3ria e Identidade e Metodologia da Pesquisa<\/p>\n<p>Semestre II &#8211; Patrim\u00f4nio e Estrat\u00e9gias de Conserva\u00e7\u00e3o<\/p>\n<p>Disciplinas Optativas:<\/p>\n<p>Ambos<\/p>\n<p>&nbsp;<\/p>\n<p>&nbsp;<\/p>\n<p>&nbsp;<\/p>\n","protected":false},"excerpt":{"rendered":"<p>A estrutura curricular obedece a disciplinas obrigat\u00f3rias e optativas Disciplinas obrigat\u00f3rias : Semestre I &#8211; Mem\u00f3ria e Identidade e Metodologia da Pesquisa Semestre II &#8211; Patrim\u00f4nio e Estrat\u00e9gias de Conserva\u00e7\u00e3o Disciplinas Optativas: Ambos &nbsp; &nbsp; &nbsp;<\/p>\n","protected":false},"author":700,"featured_media":0,"parent":0,"menu_order":0,"comment_status":"closed","ping_status":"closed","template":"","meta":{"footnotes":""},"class_list":["post-1858","page","type-page","status-publish","hentry"],"_links":{"self":[{"href":"https:\/\/wp.ufpel.edu.br\/ppgmp\/wp-json\/wp\/v2\/pages\/1858","targetHints":{"allow":["GET"]}}],"collection":[{"href":"https:\/\/wp.ufpel.edu.br\/ppgmp\/wp-json\/wp\/v2\/pages"}],"about":[{"href":"https:\/\/wp.ufpel.edu.br\/ppgmp\/wp-json\/wp\/v2\/types\/page"}],"author":[{"embeddable":true,"href":"https:\/\/wp.ufpel.edu.br\/ppgmp\/wp-json\/wp\/v2\/users\/700"}],"replies":[{"embeddable":true,"href":"https:\/\/wp.ufpel.edu.br\/ppgmp\/wp-json\/wp\/v2\/comments?post=1858"}],"version-history":[{"count":5,"href":"https:\/\/wp.ufpel.edu.br\/ppgmp\/wp-json\/wp\/v2\/pages\/1858\/revisions"}],"predecessor-version":[{"id":1919,"href":"https:\/\/wp.ufpel.edu.br\/ppgmp\/wp-json\/wp\/v2\/pages\/1858\/revisions\/1919"}],"wp:attachment":[{"href":"https:\/\/wp.ufpel.edu.br\/ppgmp\/wp-json\/wp\/v2\/media?parent=1858"}],"curies":[{"name":"wp","href":"https:\/\/api.w.org\/{rel}","templated":true}]}}