{"id":1852,"date":"2021-03-04T07:25:02","date_gmt":"2021-03-04T10:25:02","guid":{"rendered":"https:\/\/wp.ufpel.edu.br\/ppgmp\/?page_id=1852"},"modified":"2021-03-04T07:25:02","modified_gmt":"2021-03-04T10:25:02","slug":"teses-e-dissertacoes","status":"publish","type":"page","link":"https:\/\/wp.ufpel.edu.br\/ppgmp\/teses-e-dissertacoes\/","title":{"rendered":"Teses e Disserta\u00e7\u00f5es"},"content":{"rendered":"<p>Produ\u00e7\u00e3o acad\u00eamica dos Egressos do Programa.<\/p>\n","protected":false},"excerpt":{"rendered":"<p>Produ\u00e7\u00e3o acad\u00eamica dos Egressos do Programa.<\/p>\n","protected":false},"author":700,"featured_media":0,"parent":0,"menu_order":0,"comment_status":"closed","ping_status":"closed","template":"","meta":{"footnotes":""},"class_list":["post-1852","page","type-page","status-publish","hentry"],"_links":{"self":[{"href":"https:\/\/wp.ufpel.edu.br\/ppgmp\/wp-json\/wp\/v2\/pages\/1852","targetHints":{"allow":["GET"]}}],"collection":[{"href":"https:\/\/wp.ufpel.edu.br\/ppgmp\/wp-json\/wp\/v2\/pages"}],"about":[{"href":"https:\/\/wp.ufpel.edu.br\/ppgmp\/wp-json\/wp\/v2\/types\/page"}],"author":[{"embeddable":true,"href":"https:\/\/wp.ufpel.edu.br\/ppgmp\/wp-json\/wp\/v2\/users\/700"}],"replies":[{"embeddable":true,"href":"https:\/\/wp.ufpel.edu.br\/ppgmp\/wp-json\/wp\/v2\/comments?post=1852"}],"version-history":[{"count":1,"href":"https:\/\/wp.ufpel.edu.br\/ppgmp\/wp-json\/wp\/v2\/pages\/1852\/revisions"}],"predecessor-version":[{"id":1854,"href":"https:\/\/wp.ufpel.edu.br\/ppgmp\/wp-json\/wp\/v2\/pages\/1852\/revisions\/1854"}],"wp:attachment":[{"href":"https:\/\/wp.ufpel.edu.br\/ppgmp\/wp-json\/wp\/v2\/media?parent=1852"}],"curies":[{"name":"wp","href":"https:\/\/api.w.org\/{rel}","templated":true}]}}