{"id":1846,"date":"2021-03-04T07:12:33","date_gmt":"2021-03-04T10:12:33","guid":{"rendered":"https:\/\/wp.ufpel.edu.br\/ppgmp\/?page_id=1846"},"modified":"2024-10-01T16:28:57","modified_gmt":"2024-10-01T19:28:57","slug":"area-de-concentracao","status":"publish","type":"page","link":"https:\/\/wp.ufpel.edu.br\/ppgmp\/apresentacao\/area-de-concentracao\/","title":{"rendered":"\u00c1rea de Concentra\u00e7\u00e3o"},"content":{"rendered":"<div class=\"page\" title=\"Page 12\">\n<div class=\"section\">\n<div class=\"layoutArea\">\n<div class=\"column\">\n<p><strong>ESTUDOS INTERDISCIPLINARES DE MEM\u00d3RIA SOCIAL E PATRIM\u00d4NIO<\/strong><\/p>\n<p>A \u00e1rea caracteriza-se pela abordagem integrada de Mem\u00f3ria e Patrim\u00f4nio, no que se refere a desenvolver projetos de pesquisa e gest\u00e3o nesse campo; propor a interdisciplinaridade entre as diferentes habilita\u00e7\u00f5es envolvidas e representadas nas \u00e1reas de forma\u00e7\u00e3o e atua\u00e7\u00e3o do corpo docente; abordar interfaces entre patrim\u00f4nio tang\u00edvel e intang\u00edvel; considerar a indissociabilidade entre patrim\u00f4nio cultural e patrim\u00f4nio ambiental, discutir rela\u00e7\u00f5es entre patrim\u00f4nio e inclus\u00e3o social no \u00e2mbito das mudan\u00e7as atitudinais e das pol\u00edticas inclusivas. Caracteriza-se tamb\u00e9m pela an\u00e1lise patrimonial em sua dimens\u00e3o simb\u00f3lica, perman\u00eancia das capacidades comunicacionais de um bem cultural, diferentes registros que falam da passagem do tempo, vincula\u00e7\u00f5es com a mem\u00f3ria social e sua participa\u00e7\u00e3o na constru\u00e7\u00e3o de diferentes imagin\u00e1rios sociais.<\/p>\n<\/div>\n<\/div>\n<\/div>\n<\/div>\n","protected":false},"excerpt":{"rendered":"<p>ESTUDOS INTERDISCIPLINARES DE MEM\u00d3RIA SOCIAL E PATRIM\u00d4NIO A \u00e1rea caracteriza-se pela abordagem integrada de Mem\u00f3ria e Patrim\u00f4nio, no que se refere a desenvolver projetos de pesquisa e gest\u00e3o nesse campo; propor a interdisciplinaridade entre as diferentes habilita\u00e7\u00f5es envolvidas e representadas nas \u00e1reas de forma\u00e7\u00e3o e atua\u00e7\u00e3o do corpo docente; abordar interfaces entre patrim\u00f4nio tang\u00edvel e [&hellip;]<\/p>\n","protected":false},"author":700,"featured_media":0,"parent":4,"menu_order":1,"comment_status":"closed","ping_status":"closed","template":"","meta":{"footnotes":""},"class_list":["post-1846","page","type-page","status-publish","hentry"],"_links":{"self":[{"href":"https:\/\/wp.ufpel.edu.br\/ppgmp\/wp-json\/wp\/v2\/pages\/1846","targetHints":{"allow":["GET"]}}],"collection":[{"href":"https:\/\/wp.ufpel.edu.br\/ppgmp\/wp-json\/wp\/v2\/pages"}],"about":[{"href":"https:\/\/wp.ufpel.edu.br\/ppgmp\/wp-json\/wp\/v2\/types\/page"}],"author":[{"embeddable":true,"href":"https:\/\/wp.ufpel.edu.br\/ppgmp\/wp-json\/wp\/v2\/users\/700"}],"replies":[{"embeddable":true,"href":"https:\/\/wp.ufpel.edu.br\/ppgmp\/wp-json\/wp\/v2\/comments?post=1846"}],"version-history":[{"count":4,"href":"https:\/\/wp.ufpel.edu.br\/ppgmp\/wp-json\/wp\/v2\/pages\/1846\/revisions"}],"predecessor-version":[{"id":3020,"href":"https:\/\/wp.ufpel.edu.br\/ppgmp\/wp-json\/wp\/v2\/pages\/1846\/revisions\/3020"}],"up":[{"embeddable":true,"href":"https:\/\/wp.ufpel.edu.br\/ppgmp\/wp-json\/wp\/v2\/pages\/4"}],"wp:attachment":[{"href":"https:\/\/wp.ufpel.edu.br\/ppgmp\/wp-json\/wp\/v2\/media?parent=1846"}],"curies":[{"name":"wp","href":"https:\/\/api.w.org\/{rel}","templated":true}]}}