{"id":1838,"date":"2021-03-04T06:44:32","date_gmt":"2021-03-04T09:44:32","guid":{"rendered":"https:\/\/wp.ufpel.edu.br\/ppgmp\/?page_id=1838"},"modified":"2021-03-05T10:30:34","modified_gmt":"2021-03-05T13:30:34","slug":"capes-print","status":"publish","type":"page","link":"https:\/\/wp.ufpel.edu.br\/ppgmp\/capes-print\/","title":{"rendered":"Projetos de Coopera\u00e7\u00e3o"},"content":{"rendered":"<p>O PPGMP mant\u00e9m diversos projetos de Coopera\u00e7\u00e3o em \u00e2mbito Regional, Nacional e Internacional.<\/p>\n<p>&nbsp;<\/p>\n","protected":false},"excerpt":{"rendered":"<p>O PPGMP mant\u00e9m diversos projetos de Coopera\u00e7\u00e3o em \u00e2mbito Regional, Nacional e Internacional. &nbsp;<\/p>\n","protected":false},"author":700,"featured_media":0,"parent":0,"menu_order":0,"comment_status":"closed","ping_status":"closed","template":"","meta":{"footnotes":""},"class_list":["post-1838","page","type-page","status-publish","hentry"],"_links":{"self":[{"href":"https:\/\/wp.ufpel.edu.br\/ppgmp\/wp-json\/wp\/v2\/pages\/1838","targetHints":{"allow":["GET"]}}],"collection":[{"href":"https:\/\/wp.ufpel.edu.br\/ppgmp\/wp-json\/wp\/v2\/pages"}],"about":[{"href":"https:\/\/wp.ufpel.edu.br\/ppgmp\/wp-json\/wp\/v2\/types\/page"}],"author":[{"embeddable":true,"href":"https:\/\/wp.ufpel.edu.br\/ppgmp\/wp-json\/wp\/v2\/users\/700"}],"replies":[{"embeddable":true,"href":"https:\/\/wp.ufpel.edu.br\/ppgmp\/wp-json\/wp\/v2\/comments?post=1838"}],"version-history":[{"count":7,"href":"https:\/\/wp.ufpel.edu.br\/ppgmp\/wp-json\/wp\/v2\/pages\/1838\/revisions"}],"predecessor-version":[{"id":1934,"href":"https:\/\/wp.ufpel.edu.br\/ppgmp\/wp-json\/wp\/v2\/pages\/1838\/revisions\/1934"}],"wp:attachment":[{"href":"https:\/\/wp.ufpel.edu.br\/ppgmp\/wp-json\/wp\/v2\/media?parent=1838"}],"curies":[{"name":"wp","href":"https:\/\/api.w.org\/{rel}","templated":true}]}}