{"id":150,"date":"2016-11-29T15:21:30","date_gmt":"2016-11-29T17:21:30","guid":{"rendered":"https:\/\/wp.ufpel.edu.br\/ppgmp\/?page_id=150"},"modified":"2021-07-27T15:41:17","modified_gmt":"2021-07-27T18:41:17","slug":"corpo-discente","status":"publish","type":"page","link":"https:\/\/wp.ufpel.edu.br\/ppgmp\/pessoas\/corpo-discente\/","title":{"rendered":"Corpo Discente"},"content":{"rendered":"<p><strong>Ingresso Doutorado 2021<\/strong><\/p>\n<p>Amanda Mensch Eltz<\/p>\n<p>Bruna Frio Costa<\/p>\n<p>Carolina Cabreira Magalh\u00e3es Falc\u00e3o<\/p>\n<p>Desir\u00e9e Nobre Salasar<\/p>\n<p>Fernanda Tomiello<\/p>\n<p>Gilson Tiago<\/p>\n<p>Giovane Rodrigues Jardim<\/p>\n<p>Gisele Dutra Quevedo<\/p>\n<p>Helena Thomassim Medeiros<\/p>\n<p>Jennifer Paola Pisso Concha<\/p>\n<p>La\u00eds Feltrin Sidou<\/p>\n<p>Vanessa Patzlaff Bosenbecker<\/p>\n<p><strong>Ingresso Mestrado 2021<\/strong><\/p>\n<p>Andr\u00e9 Elias Soares Poloni<\/p>\n<p>Cristiane Grequi Cardoso<\/p>\n<p>Erico Benites de Los Santos<\/p>\n<p>Giane Trovo Belmonte<\/p>\n<p>Helena Amaral Guedes<\/p>\n<p>Lo\u00edze Aur\u00e9lio de Aguiar<\/p>\n<p>Marcel Galar\u00e7a Liscano<\/p>\n<p>Morgana da Silva Camargo<\/p>\n<p>Odeane Schug Pereira Sim\u00f5es<\/p>\n<p>Rafael Teixeira Chaves<\/p>\n<p>Sabrina Machado Araujo<\/p>\n<p><strong>Ingresso Doutorado 2020<\/strong><\/p>\n<p>Ana Paula Dametto<\/p>\n<p>Eliza Furlong Antochevis<\/p>\n<p>Gladis Rejane Moran Ferreira<\/p>\n<p>Jonas Klug da Silveira<\/p>\n<p>Mariana Estima Silva<\/p>\n<p>Wagner Halmenschlager<\/p>\n<p><strong>Ingresso Mestrado 2020<\/strong><\/p>\n<p>Andr\u00e9 Alexandre Gasperi<\/p>\n<p>Augusto Duarte Garcia<\/p>\n<p>Carolina Gomes Nogueira<\/p>\n<p>Dani Marin Amparo Rangel<\/p>\n<p>Joana Soster Lizott<\/p>\n<p>Juan Carlos Pinango Contreras<\/p>\n<p>Laiana Pereira da Silveira<\/p>\n<p>Leandro Freitas Pereira<\/p>\n<p>Lilian Fetzer<\/p>\n<p>Lucas Martinelli<\/p>\n<p>Mariana Lopes Veiga<\/p>\n<p>Naiane Ribeiro Rosa<\/p>\n<p>Nicolli Bueno Gaut\u00e9rio<\/p>\n<p>Os\u00e9as Cunha Da Silva<\/p>\n<p>Pamela Pereira de Pereira<\/p>\n<p>Vanessa dos Santos Bernardes<\/p>\n<p><strong>Ingresso Doutorado 2019<\/strong><\/p>\n<p>Alice Islab\u00e3o Lopes<\/p>\n<p>Amanda Bas\u00edlio Santos<\/p>\n<p>Cristiane Oppermann Thi\u00e9s<\/p>\n<p>Cristi\u00e9le Santos de Souza<\/p>\n<p>Isabel Cristina Bernal Vinasco<\/p>\n<p>Jaime Alberto Bornacelly Castro<\/p>\n<p>Juliana Cavalheiro Rodrighiero<\/p>\n<p>Karla Nazareth Tissot<\/p>\n<p>Leonardo P\u00e1ez<\/p>\n<p>Nat\u00e1lia Centeno Rodrigues<\/p>\n<p>Priscila Chagas de Oliveira<\/p>\n<p>Simone Rassmussen Neutzling<\/p>\n<p><strong>Ingresso Mestrado 2019<\/strong><\/p>\n<p>Alvaro Pouey de Oliveira Filho<\/p>\n<p>Amanda Oliveira de Souza<\/p>\n<p>Amanda Ribeiro Correa<\/p>\n<p>Andrea Cunha Messias<\/p>\n<p>Daniela Vieira Goularte<\/p>\n<p>Jair Jose Gauna Quiroz<\/p>\n<p>Jo\u00e3o Carlos Salgado de Los Santos<\/p>\n<p>Matheus Pereira da Costa<\/p>\n<p>Mayk Lenno Henrique Lima<\/p>\n<p>Paloma Pirez Valerio<\/p>\n<p>Simone Pinho De Oliveira<\/p>\n<p>Stephane de Sousa e Silva Maia<\/p>\n<p>Tahina Johnson de La Maza<\/p>\n<p>Vanessa Dias Santiago<\/p>\n<p><strong>Ingresso Doutorado 2018<\/strong><\/p>\n<p>Carolina Moraes Marchese<\/p>\n<p>Isabel Halfen da Costa Torino<\/p>\n<p>Jos\u00e9 Andreas Tabar\u00e9 Curbelo Knutson<\/p>\n<p>Jos\u00e9 Paulo Brahm<\/p>\n<p>Juliana Porto Machado<\/p>\n<p>Leandro Infantini<\/p>\n<p>Luciano Pereira da Silva<\/p>\n<p>M\u00e1rcia Della Flora Cortes<\/p>\n<p>Natalia Vanessa Ram\u00edrez Pe\u00f1a<\/p>\n<p>Yara Altez Ortega<\/p>\n<p><strong>Ingresso Doutorado 2017<\/strong><\/p>\n<p>Ariadne Ketini Costa<\/p>\n<p>Clarissa Castro Calderipe Montelli<\/p>\n<p>Dary Pretto Neto<\/p>\n<p>Francisco Alcides Cougo Junior<\/p>\n<p>Jossana Peli Coelho<\/p>\n<p>Juliani Borchardt da Silva<\/p>\n<p>Karen Velleda Caldas<\/p>\n<p>Katia Helena Rodrigues Dias<\/p>\n<p>M\u00e1rcio Dillmann de Carvalho<\/p>\n<p>Micheli Martins Afonso<\/p>\n<p>&nbsp;<\/p>\n","protected":false},"excerpt":{"rendered":"<p>Ingresso Doutorado 2021 Amanda Mensch Eltz Bruna Frio Costa Carolina Cabreira Magalh\u00e3es Falc\u00e3o Desir\u00e9e Nobre Salasar Fernanda Tomiello Gilson Tiago Giovane Rodrigues Jardim Gisele Dutra Quevedo Helena Thomassim Medeiros Jennifer Paola Pisso Concha La\u00eds Feltrin Sidou Vanessa Patzlaff Bosenbecker Ingresso Mestrado 2021 Andr\u00e9 Elias Soares Poloni Cristiane Grequi Cardoso Erico Benites de Los Santos Giane [&hellip;]<\/p>\n","protected":false},"author":700,"featured_media":0,"parent":1893,"menu_order":1,"comment_status":"closed","ping_status":"closed","template":"","meta":{"footnotes":""},"class_list":["post-150","page","type-page","status-publish","hentry"],"_links":{"self":[{"href":"https:\/\/wp.ufpel.edu.br\/ppgmp\/wp-json\/wp\/v2\/pages\/150","targetHints":{"allow":["GET"]}}],"collection":[{"href":"https:\/\/wp.ufpel.edu.br\/ppgmp\/wp-json\/wp\/v2\/pages"}],"about":[{"href":"https:\/\/wp.ufpel.edu.br\/ppgmp\/wp-json\/wp\/v2\/types\/page"}],"author":[{"embeddable":true,"href":"https:\/\/wp.ufpel.edu.br\/ppgmp\/wp-json\/wp\/v2\/users\/700"}],"replies":[{"embeddable":true,"href":"https:\/\/wp.ufpel.edu.br\/ppgmp\/wp-json\/wp\/v2\/comments?post=150"}],"version-history":[{"count":27,"href":"https:\/\/wp.ufpel.edu.br\/ppgmp\/wp-json\/wp\/v2\/pages\/150\/revisions"}],"predecessor-version":[{"id":2101,"href":"https:\/\/wp.ufpel.edu.br\/ppgmp\/wp-json\/wp\/v2\/pages\/150\/revisions\/2101"}],"up":[{"embeddable":true,"href":"https:\/\/wp.ufpel.edu.br\/ppgmp\/wp-json\/wp\/v2\/pages\/1893"}],"wp:attachment":[{"href":"https:\/\/wp.ufpel.edu.br\/ppgmp\/wp-json\/wp\/v2\/media?parent=150"}],"curies":[{"name":"wp","href":"https:\/\/api.w.org\/{rel}","templated":true}]}}