{"id":144,"date":"2016-11-29T15:22:00","date_gmt":"2016-11-29T17:22:00","guid":{"rendered":"https:\/\/wp.ufpel.edu.br\/ppgmp\/?page_id=144"},"modified":"2026-03-19T16:14:04","modified_gmt":"2026-03-19T19:14:04","slug":"corpo-docente","status":"publish","type":"page","link":"https:\/\/wp.ufpel.edu.br\/ppgmp\/pessoas\/corpo-docente\/","title":{"rendered":"Corpo Docente"},"content":{"rendered":"<p><strong>PERMANENTES<\/strong><\/p>\n<p><a href=\"https:\/\/buscatextual.cnpq.br\/buscatextual\/visualizacv.do?id=K4766567E0&amp;tokenCaptchar=0cAFcWeA4Aet4-uMV-W3JX5e7mk9cFPmDCqair83wHTkOb11XGz7GfOWrB1k8w7XLP0dlmp9Q6QuaP8xHggJR03M7ZQE7ttV_-YCt8LEYU_8CQ81bJdTjmJCeNghqfgn5eCA-zcCzBahYUIo8LbQXH7C0DKmZv_8ZBfBQIltqUyxCxaq93Akf-hIxl_R1_2nwq_2PMc-gwb3XlaTQk5A8RIxq_bHB78ybDpEKdmCu9nS0aZRPMSkKO5Rz-5HlnPwo86GDTizkqBKPWedWBK2a-OYo51K73lZDCDIMRLXMRfZl1byCYS4lSSqgg8rQ2K6DFLmPGUmhORKQf_II-zPQpYBXYjp6-DpaN__McLDgolD8WL6Z7mlWAT-J3XRhZJeZ_XkYjE0u5jxR6yeHGa8vhsoI8ZgVH5GN7Epvl3KiM0fMcpmTY4NEF-mL1bIRkNgHBxhMbG0ZgfuoNjPqQ9hVmrySFpKd__RwKGHXrWbHWzc8RIIorhUoAD0ZhwytQTF16UZsLPNa4eoZoH6wykbM-ix6o88f1XeQtekBKGbRIcVRk366lyRWjk2UNHDZn14Lc0tv4_axF2GINIQ32BZw_3NPnWsoRI2n0KsplqPZ5yr-EPOO-zujdvk_WwXfeDgmL6s79Ffs0HvxHy0tCNd911QSsSK3_7wCJKsFJwVZKowVHm8xdyqXDznoDh9uighP5BRthX4F1r19PMkLptryicgkdIaJOdlgViSL3OntBxCY9QKVdIBj9q8W2nlwKtIPO_adMqk6PfYYyoS3qThmSeyTNMsXh0vtd7A\"><strong>Alan Dutra de Melo<\/strong><\/a><\/p>\n<p><img class=\"alignnone wp-image-3309\" src=\"https:\/\/wp.ufpel.edu.br\/ppgmp\/files\/2025\/11\/foto-Alan-site.png\" alt=\"\" width=\"134\" height=\"134\" srcset=\"https:\/\/wp.ufpel.edu.br\/ppgmp\/files\/2025\/11\/foto-Alan-site.png 360w, https:\/\/wp.ufpel.edu.br\/ppgmp\/files\/2025\/11\/foto-Alan-site-200x200.png 200w\" sizes=\"(max-width: 134px) 100vw, 134px\" \/><\/p>\n<div>\u00c1reas de interesse: Patrim\u00f4nio Cultural, Patrim\u00f4nio Cultural no MERCOSUL, Cidade, Legisla\u00e7\u00e3o, Turismo e Educa\u00e7\u00e3o Patrimonial.<\/div>\n<div>Linhas de pesquisa: Pol\u00edticas de Mem\u00f3ria e Patrim\u00f4nio no MERCOSUL e\u00a0 Patrim\u00f4nio, Espa\u00e7o e Territ\u00f3rio.<\/div>\n<p><a href=\"http:\/\/buscatextual.cnpq.br\/buscatextual\/visualizacv.do?id=K4763129Z6\"><strong>Carla Rodrigues Gastaud<\/strong><\/a><\/p>\n<p><img class=\"alignnone wp-image-46 size-thumbnail\" src=\"https:\/\/wp.ufpel.edu.br\/ppgmp\/files\/2016\/11\/CARLA-130x159.jpg\" alt=\"carla\" width=\"130\" height=\"159\" srcset=\"https:\/\/wp.ufpel.edu.br\/ppgmp\/files\/2016\/11\/CARLA-130x159.jpg 130w, https:\/\/wp.ufpel.edu.br\/ppgmp\/files\/2016\/11\/CARLA-259x318.jpg 259w, https:\/\/wp.ufpel.edu.br\/ppgmp\/files\/2016\/11\/CARLA.jpg 400w\" sizes=\"(max-width: 130px) 100vw, 130px\" \/><\/p>\n<p>\u00c1reas de interesse: mem\u00f3ria, museu, escritas de si, cultura escrita.<\/p>\n<p>Linhas de pesquisa: Mem\u00f3ria e identidade; Institui\u00e7\u00f5es de mem\u00f3ria e gest\u00e3o de acervos.<\/p>\n<p><strong><a href=\"http:\/\/lattes.cnpq.br\/8353630757343720\">Daniel Maur\u00edcio Viana de Souza<\/a><\/strong><\/p>\n<p><img class=\"alignnone wp-image-525\" src=\"https:\/\/wp.ufpel.edu.br\/ppgmp\/files\/2016\/11\/DSC_1475-212x141.jpg\" alt=\"\" width=\"161\" height=\"107\" srcset=\"https:\/\/wp.ufpel.edu.br\/ppgmp\/files\/2016\/11\/DSC_1475-212x141.jpg 212w, https:\/\/wp.ufpel.edu.br\/ppgmp\/files\/2016\/11\/DSC_1475-424x283.jpg 424w, https:\/\/wp.ufpel.edu.br\/ppgmp\/files\/2016\/11\/DSC_1475-768x512.jpg 768w\" sizes=\"(max-width: 161px) 100vw, 161px\" \/><\/p>\n<p>\u00c1reas de interesse: Museus; Ci\u00eancia; Divulga\u00e7\u00e3o Cient\u00edfica; Mem\u00f3ria da Ci\u00eancia<\/p>\n<p>Linhas de pesquisa: Mem\u00f3ria e Identidade; Institui\u00e7\u00f5es de mem\u00f3ria e gest\u00e3o de acervos.<\/p>\n<p><a href=\"http:\/\/buscatextual.cnpq.br\/buscatextual\/visualizacv.do?id=K4775704A5\"><strong><u>Daniele Baltz da Fonseca<\/u><\/strong><\/a><\/p>\n<p><img class=\"alignnone wp-image-2635 \" src=\"https:\/\/wp.ufpel.edu.br\/ppgmp\/files\/2023\/03\/FotoDani1-281x400.jpeg\" alt=\"\" width=\"136\" height=\"193\" srcset=\"https:\/\/wp.ufpel.edu.br\/ppgmp\/files\/2023\/03\/FotoDani1-281x400.jpeg 281w, https:\/\/wp.ufpel.edu.br\/ppgmp\/files\/2023\/03\/FotoDani1.jpeg 449w\" sizes=\"(max-width: 136px) 100vw, 136px\" \/><\/p>\n<p>\u00c1reas de interesse: conserva\u00e7\u00e3o-restaura\u00e7\u00e3o de bens culturais m\u00f3veis, integrados e edificados; forma\u00e7\u00e3o em conserva\u00e7\u00e3o-restaura\u00e7\u00e3o; sustentabilidade e conserva\u00e7\u00e3o-restaura\u00e7\u00e3o.<\/p>\n<p>Linhas de pesquisa: Patrim\u00f4nio, Espa\u00e7o e Territ\u00f3rio; Institui\u00e7\u00f5es de mem\u00f3ria e gest\u00e3o de acervos.<\/p>\n<p><a href=\"http:\/\/buscatextual.cnpq.br\/buscatextual\/visualizacv.do?id=K4777865P4\"><strong>Diego Lemos Ribeiro<\/strong><\/a><\/p>\n<p><img class=\"alignnone wp-image-2984\" src=\"https:\/\/wp.ufpel.edu.br\/ppgmp\/files\/2024\/09\/foto-diego-309x400.jpg\" alt=\"\" width=\"157\" height=\"203\" srcset=\"https:\/\/wp.ufpel.edu.br\/ppgmp\/files\/2024\/09\/foto-diego-309x400.jpg 309w, https:\/\/wp.ufpel.edu.br\/ppgmp\/files\/2024\/09\/foto-diego.jpg 365w\" sizes=\"(max-width: 157px) 100vw, 157px\" \/><\/p>\n<p>\u00c1reas de interesse:\u00a0gest\u00e3o de museu.\u00a0processos curatoriais. colecionamento. estudo de cultura material. comunica\u00e7\u00e3o em museus. museologia colaborativa. musealiza\u00e7\u00e3o da arqueologia.<\/p>\n<p>Linhas de pesquisa: Institui\u00e7\u00f5es de mem\u00f3ria e gest\u00e3o de acervos.<\/p>\n<p><a href=\"http:\/\/lattes.cnpq.br\/5901727444406445\"><strong>F\u00e1bio Vergara Cerqueira<\/strong><\/a><\/p>\n<p><img class=\"alignnone wp-image-53 \" src=\"https:\/\/wp.ufpel.edu.br\/ppgmp\/files\/2016\/11\/F\u00e1bio-132x159.jpg\" alt=\"fabio\" width=\"134\" height=\"161\" srcset=\"https:\/\/wp.ufpel.edu.br\/ppgmp\/files\/2016\/11\/F\u00e1bio-132x159.jpg 132w, https:\/\/wp.ufpel.edu.br\/ppgmp\/files\/2016\/11\/F\u00e1bio.jpg 254w\" sizes=\"(max-width: 134px) 100vw, 134px\" \/><\/p>\n<p>\u00c1reas de interesse: Iconografia, cultura material, arqueologia hist\u00f3rica, etnia, museus, educa\u00e7\u00e3o patrimonial, mem\u00f3ria, patrim\u00f4nio, oralidade, m\u00fasica.<\/p>\n<p>Linhas de pesquisa: Mem\u00f3ria e identidade; Institui\u00e7\u00f5es de mem\u00f3ria e gest\u00e3o de acervos.<\/p>\n<p><a href=\"http:\/\/lattes.cnpq.br\/4451406034191031\"><strong>Francisca Ferreira Michelon<\/strong><\/a><\/p>\n<p><img class=\"alignnone wp-image-55\" src=\"https:\/\/wp.ufpel.edu.br\/ppgmp\/files\/2016\/11\/Francisca.jpg\" alt=\"francisca\" width=\"140\" height=\"140\" \/><\/p>\n<p>\u00c1reas de interesse: fotografia, patrim\u00f4nio cultural, mem\u00f3ria social, gest\u00e3o de acervos, conserva\u00e7\u00e3o de fotografias, hist\u00f3ria da fotografia, acessibilidade em museus.<\/p>\n<p>Linhas de pesquisa: Mem\u00f3ria e identidade; Institui\u00e7\u00f5es de mem\u00f3ria e gest\u00e3o de acervos.<\/p>\n<p><a href=\"http:\/\/lattes.cnpq.br\/6610467936025195\"><strong>Jo\u00e3o Fernando Igansi Nunes<\/strong><\/a><\/p>\n<p><img class=\"alignnone  wp-image-3405\" src=\"https:\/\/wp.ufpel.edu.br\/ppgmp\/files\/2026\/03\/WhatsApp-Image-2026-03-18-at-14.04.26-1-205x400.jpeg\" alt=\"\" width=\"113\" height=\"220\" srcset=\"https:\/\/wp.ufpel.edu.br\/ppgmp\/files\/2026\/03\/WhatsApp-Image-2026-03-18-at-14.04.26-1-205x400.jpeg 205w, https:\/\/wp.ufpel.edu.br\/ppgmp\/files\/2026\/03\/WhatsApp-Image-2026-03-18-at-14.04.26-1-526x1024.jpeg 526w, https:\/\/wp.ufpel.edu.br\/ppgmp\/files\/2026\/03\/WhatsApp-Image-2026-03-18-at-14.04.26-1.jpeg 657w\" sizes=\"(max-width: 113px) 100vw, 113px\" \/><\/p>\n<p>\u00c1reas de interesse: semi\u00f3tica, patrim\u00f4nio cultural, mem\u00f3ria gr\u00e1fica, comunica\u00e7\u00e3o visual,\u00a0escrita e sociedade, imagens t\u00e9cnicas, design, cidade e\u00a0interfaces computacionais.<\/p>\n<p>Linhas de pesquisa: Mem\u00f3ria e identidade.<\/p>\n<p><a href=\"http:\/\/lattes.cnpq.br\/0923343651601939\"><strong>Jorge Eremites de Oliveira<\/strong><\/a><\/p>\n<p><img class=\"alignnone size-full wp-image-63\" src=\"https:\/\/wp.ufpel.edu.br\/ppgmp\/files\/2016\/11\/Joao-Ermides.jpg\" alt=\"joao-ermides\" width=\"126\" height=\"150\" \/><\/p>\n<p>\u00c1reas de interesse:\u00a0Mem\u00f3ria, Patrim\u00f4nio, Etnicidade, Hist\u00f3ria e Territ\u00f3rios de Povos Ind\u00edgenas, Comunidades Tradicionais.<\/p>\n<p>Linhas e pesquisa: Mem\u00f3ria e identidade<\/p>\n<p><a href=\"http:\/\/lattes.cnpq.br\/2795821152828459\"><strong>Juliane Concei\u00e7\u00e3o Primon Serres<\/strong><\/a><\/p>\n<p><img class=\"alignnone wp-image-2980\" src=\"https:\/\/wp.ufpel.edu.br\/ppgmp\/files\/2024\/08\/Foto-Juliane-Serres-300x400.jpg\" alt=\"\" width=\"145\" height=\"193\" srcset=\"https:\/\/wp.ufpel.edu.br\/ppgmp\/files\/2024\/08\/Foto-Juliane-Serres-300x400.jpg 300w, https:\/\/wp.ufpel.edu.br\/ppgmp\/files\/2024\/08\/Foto-Juliane-Serres-768x1024.jpg 768w, https:\/\/wp.ufpel.edu.br\/ppgmp\/files\/2024\/08\/Foto-Juliane-Serres-1152x1536.jpg 1152w, https:\/\/wp.ufpel.edu.br\/ppgmp\/files\/2024\/08\/Foto-Juliane-Serres-1536x2048.jpg 1536w, https:\/\/wp.ufpel.edu.br\/ppgmp\/files\/2024\/08\/Foto-Juliane-Serres-scaled.jpg 1920w\" sizes=\"(max-width: 145px) 100vw, 145px\" \/><\/p>\n<p>\u00c1reas de interesse:\u00a0museus, memoriais, ativa\u00e7\u00e3o e processos patrimoniais, mem\u00f3rias dif\u00edceis, patrim\u00f4nio da sa\u00fade.<\/p>\n<p>Linhas de pesquisa:\u00a0Institui\u00e7\u00f5es de mem\u00f3ria e gest\u00e3o de acervos.<\/p>\n<p><a href=\"http:\/\/lattes.cnpq.br\/2963479281903760\"><strong>L\u00facio Menezes Ferreira<\/strong><\/a><\/p>\n<p><img class=\"alignnone wp-image-65 \" src=\"https:\/\/wp.ufpel.edu.br\/ppgmp\/files\/2016\/11\/lucio2-300x225-212x159.jpg\" alt=\"lucio2-300x225\" width=\"169\" height=\"127\" srcset=\"https:\/\/wp.ufpel.edu.br\/ppgmp\/files\/2016\/11\/lucio2-300x225-212x159.jpg 212w, https:\/\/wp.ufpel.edu.br\/ppgmp\/files\/2016\/11\/lucio2-300x225.jpg 300w\" sizes=\"(max-width: 169px) 100vw, 169px\" \/><\/p>\n<p>\u00c1reas de interesse:\u00a0Teoria Arqueol\u00f3gica, Arqueologia da Escravid\u00e3o, Arqueologia P\u00fablica, Patrim\u00f4nio Cultural.<\/p>\n<p>Linhas de pesquisa:\u00a0Pol\u00edticas de mem\u00f3ria e patrim\u00f4nio no MERCOSUL<\/p>\n<p><a href=\"http:\/\/lattes.cnpq.br\/0755000112345375\"><strong>Maria Leticia Mazzucchi Ferreira<\/strong><\/a><\/p>\n<p><img class=\"alignnone wp-image-68\" src=\"https:\/\/wp.ufpel.edu.br\/ppgmp\/files\/2016\/11\/Maria-Leticia-jpeg.jpg\" alt=\"maria-leticia-jpeg\" width=\"140\" height=\"140\" \/><\/p>\n<p>\u00c1reas de interesse:\u00a0Mem\u00f3ria, regimes memoriais, patrim\u00f4nio cultural, patrim\u00f4nio industrial,\u00a0 pol\u00edticas p\u00fablicas de patrim\u00f4nio e mem\u00f3ria.<\/p>\n<p>Linhas de pesquisa: Mem\u00f3ria e identidade;\u00a0Institui\u00e7\u00f5es de mem\u00f3ria e gest\u00e3o de acervos;\u00a0Pol\u00edticas de mem\u00f3ria e patrim\u00f4nio no MERCOSUL<\/p>\n<p><a href=\"http:\/\/lattes.cnpq.br\/7429671153120763\"><strong>Renata Ovenhausen Albernaz<\/strong><\/a><\/p>\n<p><img class=\"alignnone wp-image-2986\" src=\"https:\/\/wp.ufpel.edu.br\/ppgmp\/files\/2024\/09\/Foto-perfil-9-263x400.jpg\" alt=\"\" width=\"133\" height=\"203\" srcset=\"https:\/\/wp.ufpel.edu.br\/ppgmp\/files\/2024\/09\/Foto-perfil-9-263x400.jpg 263w, https:\/\/wp.ufpel.edu.br\/ppgmp\/files\/2024\/09\/Foto-perfil-9-673x1024.jpg 673w, https:\/\/wp.ufpel.edu.br\/ppgmp\/files\/2024\/09\/Foto-perfil-9-768x1169.jpg 768w, https:\/\/wp.ufpel.edu.br\/ppgmp\/files\/2024\/09\/Foto-perfil-9-1009x1536.jpg 1009w, https:\/\/wp.ufpel.edu.br\/ppgmp\/files\/2024\/09\/Foto-perfil-9.jpg 1240w\" sizes=\"(max-width: 133px) 100vw, 133px\" \/><\/p>\n<p>\u00c1reas de interesse: Pol\u00edticas Culturais, Institui\u00e7\u00f5es e legisla\u00e7\u00e3o dos direitos culturais e do patrim\u00f4nio cultural;<\/p>\n<p>Linhas de pesquisa:\u00a0Pol\u00edticas de mem\u00f3ria e patrim\u00f4nio no MERCOSUL<\/p>\n<h2 class=\"nome\"><span style=\"font-size: 12pt;\"><a href=\"http:\/\/lattes.cnpq.br\/8886049514435487\">Rita Juliana Soares Poloni<\/a><\/span><\/h2>\n<p><img class=\"alignnone wp-image-2982\" src=\"https:\/\/wp.ufpel.edu.br\/ppgmp\/files\/2024\/08\/foto-juliana-poloni-180x400.jpeg\" alt=\"\" width=\"121\" height=\"269\" srcset=\"https:\/\/wp.ufpel.edu.br\/ppgmp\/files\/2024\/08\/foto-juliana-poloni-180x400.jpeg 180w, https:\/\/wp.ufpel.edu.br\/ppgmp\/files\/2024\/08\/foto-juliana-poloni-460x1024.jpeg 460w, https:\/\/wp.ufpel.edu.br\/ppgmp\/files\/2024\/08\/foto-juliana-poloni.jpeg 464w\" sizes=\"(max-width: 121px) 100vw, 121px\" \/><\/p>\n<p>\u00c1reas de interesse: Ci\u00eancia Colonial, Ci\u00eancia e Fascismos, Nacionalismos, Etnogenealogias, Etnoarqueologia, Ditaduras e Mem\u00f3rias traum\u00e1ticas, Patrim\u00f4nios em contextos coloniais e p\u00f3s-coloniais, tanto no contexto brasileiro, quanto portugu\u00eas.<\/p>\n<p>Linhas de pesquisa: Pol\u00edticas de Mem\u00f3ria e patrim\u00f4nio no Mercosul e Mem\u00f3ria e Identidade<\/p>\n<p><a href=\"https:\/\/buscatextual.cnpq.br\/buscatextual\/visualizacv.do?id=K4759633P2&amp;tokenCaptchar=0cAFcWeA4HKeTlEsWFKaLRUhtgCI7BnUrKnDgbCzgMAS9JzCcsDP9KqJcDupj__oMyi7Y_ciw_Q7yMBE4sINFlRK5K9ImgaFmdRYVGEjtyyQdwX4PrfWpTP6FgOp-VkdxDgdUWm-U_9FvMjFtZD9_CvXTbncL1DXr5QKVateHmLQyxrT5fX0ZFIzR6vnHhC4uuw4xJ7hSh5d5KQK_KPkGiSMnQLA8H4zAXZtGNrjQPcrz2jbNIeZS4P5QzEcGXUZQUMMNpP_lakrxNhUcccFH0UbDRO_2-0Yj32PZwJ7O_vg9VzcOrR7OMUbQjTYgWUyLmq6iQ9om_MY-ivBt86m6Ph7MuqIvsc6eZc51A3JM3f8kRd9amCm7YBOzVVEkUljKRc-X053W3yiMzU-JiIPIla-gWiWPs_QafMC1-ZjbFaKE64Ckz-NcfqGSbZ7GM4W-E4dAhMSrRNcX_D0dtAJEUw5NC8WJl6am4p1p-YlqSIzpVAL2KKVqtUXuqcsRMhhIbewtJVgf3-iv5i4pDzTHV3GTHIBdgt0eJrwqUZViaWfGq8ToH-8WkzLDURYQBRqAWFO3t5QvhSC0w1oI7eAVrLn-AcnB8fO1_yZSKhoMNHZ-cTYuB0fPyGZuskFuSNUWyLR_P10UwoU4__8luT28qIyCFmh3iC1WKZPZkxXfKz09swIxDUPgSJnBsCKujv1HpJZtW7Gy_hZRu2_RmBbKq8i3X-YGFSxO2VTFqrSEsB8S7fZ9SNqB7iMOZFymfci2pHP8ZSBQokYCgjyUFez4d25_ZoEangG3Q8A\"><strong>Roberto Heiden<\/strong><\/a><\/p>\n<p><img class=\"alignnone wp-image-3311\" src=\"https:\/\/wp.ufpel.edu.br\/ppgmp\/files\/2025\/11\/foto-1-roberto-370x400.jpg\" alt=\"\" width=\"129\" height=\"139\" srcset=\"https:\/\/wp.ufpel.edu.br\/ppgmp\/files\/2025\/11\/foto-1-roberto-370x400.jpg 370w, https:\/\/wp.ufpel.edu.br\/ppgmp\/files\/2025\/11\/foto-1-roberto.jpg 609w\" sizes=\"(max-width: 129px) 100vw, 129px\" \/><\/p>\n<div>\u00c1reas de interesse: Hist\u00f3ria da arte. Hist\u00f3ria da Arte no Rio Grande do Sul. Patrim\u00f4nio Cultural no Rio Grande do Sul. Patrim\u00f4nio Cultural no MERCOSUL. Mem\u00f3ria Social.<\/div>\n<div><\/div>\n<div>Linhas de pesquisa: Patrim\u00f4nio, Espa\u00e7o e Territ\u00f3rio. Pol\u00edticas de Mem\u00f3ria e Patrim\u00f4nio no MERCOSUL<\/div>\n<p><a href=\"http:\/\/lattes.cnpq.br\/9341762649252420\"><strong>Sidney Gon\u00e7alves Vieira<\/strong><\/a><\/p>\n<p><img class=\"alignnone wp-image-3015\" src=\"https:\/\/wp.ufpel.edu.br\/ppgmp\/files\/2024\/10\/Foto-Sidney-320x400.jpeg\" alt=\"\" width=\"135\" height=\"169\" srcset=\"https:\/\/wp.ufpel.edu.br\/ppgmp\/files\/2024\/10\/Foto-Sidney-320x400.jpeg 320w, https:\/\/wp.ufpel.edu.br\/ppgmp\/files\/2024\/10\/Foto-Sidney-819x1024.jpeg 819w, https:\/\/wp.ufpel.edu.br\/ppgmp\/files\/2024\/10\/Foto-Sidney-768x960.jpeg 768w, https:\/\/wp.ufpel.edu.br\/ppgmp\/files\/2024\/10\/Foto-Sidney.jpeg 864w\" sizes=\"(max-width: 135px) 100vw, 135px\" \/><\/p>\n<p>\u00c1reas de interesse:\u00a0cidade, pol\u00edticas de patrim\u00f4nio e urbanismo, centros comercias e patrim\u00f4nio, centros hist\u00f3ricos e reabilita\u00e7\u00f5es patrimoniais.<\/p>\n<p>Linhas de pesquisa: Patrim\u00f4nio, Espa\u00e7o e Territ\u00f3rio<\/p>\n<p>&nbsp;<\/p>\n<p><strong>COLABORADORES<\/strong><\/p>\n<p><a href=\"http:\/\/lattes.cnpq.br\/3017947075069963\"><strong>Ronaldo Bernardino Colvero<\/strong><\/a><\/p>\n<p><img class=\"alignnone size-full wp-image-3313\" src=\"https:\/\/wp.ufpel.edu.br\/ppgmp\/files\/2025\/11\/ronaldo-colvero.jpg\" alt=\"\" width=\"96\" height=\"96\" \/><\/p>\n<p>\u00c1reas de interesse:\u00a0Hist\u00f3ria, Mem\u00f3ria, Educa\u00e7\u00e3o Patrimonial, Miss\u00f5es, Pol\u00edticas Publicas.<\/p>\n<p>Linhas de pesquisa: Institui\u00e7\u00f5es de mem\u00f3ria e gest\u00e3o de acervos<\/p>\n<p><a href=\"http:\/\/lattes.cnpq.br\/9019515575333527\"><strong>Thiago Sevilhano Puglieri<\/strong><\/a><\/p>\n<p><img class=\"alignnone size-full wp-image-32\" src=\"https:\/\/wp.ufpel.edu.br\/ppgmp\/files\/2016\/11\/Thiago.jpg\" alt=\"thiago\" width=\"150\" height=\"150\" \/><\/p>\n<p>\u00c1reas de interesse:\u00a0Caracteriza\u00e7\u00e3o f\u00edsico-qu\u00edmica de bens culturais &#8211; policromias, cer\u00e2micas arqueol\u00f3gicas e objetos met\u00e1licos.<\/p>\n<p>Linhas de pesquisa:<strong>\u00a0<\/strong>Institui\u00e7\u00f5es de mem\u00f3ria e gest\u00e3o de acervos<\/p>\n<p><a href=\"http:\/\/lattes.cnpq.br\/4675987454835364\"><strong>Pedro Paulo Abreu Funari<\/strong><\/a><\/p>\n<p><img class=\"alignnone size-full wp-image-80\" src=\"https:\/\/wp.ufpel.edu.br\/ppgmp\/files\/2016\/11\/Pedro.jpg\" alt=\"pedro\" width=\"150\" height=\"150\" \/><\/p>\n<p>Doutorado em Arqueologia \/ USP.<br \/>\nProfessor Titular \/ Depto. Hist\u00f3ria \/ UNICAMP.<\/p>\n<p class=\"nome\"><strong><a href=\"http:\/\/lattes.cnpq.br\/7528395569826025\">Silvia Helena Zanirato<\/a><\/strong><\/p>\n<p><img class=\"alignnone wp-image-1815\" src=\"https:\/\/wp.ufpel.edu.br\/ppgmp\/files\/2021\/01\/Foto-Silvia-269x400.jpg\" alt=\"\" width=\"161\" height=\"239\" srcset=\"https:\/\/wp.ufpel.edu.br\/ppgmp\/files\/2021\/01\/Foto-Silvia-269x400.jpg 269w, https:\/\/wp.ufpel.edu.br\/ppgmp\/files\/2021\/01\/Foto-Silvia-689x1024.jpg 689w, https:\/\/wp.ufpel.edu.br\/ppgmp\/files\/2021\/01\/Foto-Silvia-768x1142.jpg 768w, https:\/\/wp.ufpel.edu.br\/ppgmp\/files\/2021\/01\/Foto-Silvia-1033x1536.jpg 1033w, https:\/\/wp.ufpel.edu.br\/ppgmp\/files\/2021\/01\/Foto-Silvia-1378x2048.jpg 1378w, https:\/\/wp.ufpel.edu.br\/ppgmp\/files\/2021\/01\/Foto-Silvia-scaled.jpg 1722w\" sizes=\"(max-width: 161px) 100vw, 161px\" \/><\/p>\n<div>Doutorado em Hist\u00f3ria. UNESP &#8211; Campus Assis.<\/div>\n<div>V\u00ednculo atual. Universidade de S\u00e3o Paulo &#8211; curso de Gest\u00e3o Ambiental<\/div>\n<p>&nbsp;<\/p>\n<p>&nbsp;<\/p>\n<p>&nbsp;<\/p>\n","protected":false},"excerpt":{"rendered":"<p>PERMANENTES Alan Dutra de Melo \u00c1reas de interesse: Patrim\u00f4nio Cultural, Patrim\u00f4nio Cultural no MERCOSUL, Cidade, Legisla\u00e7\u00e3o, Turismo e Educa\u00e7\u00e3o Patrimonial. Linhas de pesquisa: Pol\u00edticas de Mem\u00f3ria e Patrim\u00f4nio no MERCOSUL e\u00a0 Patrim\u00f4nio, Espa\u00e7o e Territ\u00f3rio. Carla Rodrigues Gastaud \u00c1reas de interesse: mem\u00f3ria, museu, escritas de si, cultura escrita. Linhas de pesquisa: Mem\u00f3ria e identidade; Institui\u00e7\u00f5es [&hellip;]<\/p>\n","protected":false},"author":700,"featured_media":0,"parent":1893,"menu_order":0,"comment_status":"closed","ping_status":"closed","template":"","meta":{"footnotes":""},"class_list":["post-144","page","type-page","status-publish","hentry"],"_links":{"self":[{"href":"https:\/\/wp.ufpel.edu.br\/ppgmp\/wp-json\/wp\/v2\/pages\/144","targetHints":{"allow":["GET"]}}],"collection":[{"href":"https:\/\/wp.ufpel.edu.br\/ppgmp\/wp-json\/wp\/v2\/pages"}],"about":[{"href":"https:\/\/wp.ufpel.edu.br\/ppgmp\/wp-json\/wp\/v2\/types\/page"}],"author":[{"embeddable":true,"href":"https:\/\/wp.ufpel.edu.br\/ppgmp\/wp-json\/wp\/v2\/users\/700"}],"replies":[{"embeddable":true,"href":"https:\/\/wp.ufpel.edu.br\/ppgmp\/wp-json\/wp\/v2\/comments?post=144"}],"version-history":[{"count":3,"href":"https:\/\/wp.ufpel.edu.br\/ppgmp\/wp-json\/wp\/v2\/pages\/144\/revisions"}],"predecessor-version":[{"id":3413,"href":"https:\/\/wp.ufpel.edu.br\/ppgmp\/wp-json\/wp\/v2\/pages\/144\/revisions\/3413"}],"up":[{"embeddable":true,"href":"https:\/\/wp.ufpel.edu.br\/ppgmp\/wp-json\/wp\/v2\/pages\/1893"}],"wp:attachment":[{"href":"https:\/\/wp.ufpel.edu.br\/ppgmp\/wp-json\/wp\/v2\/media?parent=144"}],"curies":[{"name":"wp","href":"https:\/\/api.w.org\/{rel}","templated":true}]}}