{"id":1090,"date":"2018-12-03T19:05:38","date_gmt":"2018-12-03T21:05:38","guid":{"rendered":"https:\/\/wp.ufpel.edu.br\/ppgmp\/?page_id=1090"},"modified":"2021-03-05T07:00:45","modified_gmt":"2021-03-05T10:00:45","slug":"observatorio-de-publicacoes","status":"publish","type":"page","link":"https:\/\/wp.ufpel.edu.br\/ppgmp\/publicacoes-2\/observatorio-de-publicacoes\/","title":{"rendered":"Observat\u00f3rio de publica\u00e7\u00f5es"},"content":{"rendered":"<p>P\u00e1gina com indica\u00e7\u00f5es de peri\u00f3dicos e outras chamadas para publica\u00e7\u00e3o com temas que orbitam as linhas de pesquisa do PPGMP:<\/p>\n<p>&nbsp;<\/p>\n<p><strong>Revista Mem\u00f3ria em Rede<\/strong> &#8211; chamadas para os dossi\u00eas &#8220;Festa, mem\u00f3ria e patrim\u00f4nio&#8221; e &#8220;Cultura material, Arqueologia e patrim\u00f4nio&#8221;<\/p>\n<p><a href=\"https:\/\/periodicos.ufpel.edu.br\/ojs2\/index.php\/Memoria\">https:\/\/periodicos.ufpel.edu.br\/ojs2\/index.php\/Memoria<\/a><\/p>\n<p>&nbsp;<\/p>\n<p>Revista de Hist\u00f3ria Fronteiras<\/p>\n<p><a href=\"http:\/\/ojs.ufgd.edu.br\/index.php\/FRONTEIRAS\/announcement\">http:\/\/ojs.ufgd.edu.br\/index.php\/FRONTEIRAS\/announcement<\/a><\/p>\n<p>&nbsp;<\/p>\n<p>Revista Percursos<\/p>\n<p><a href=\"http:\/\/www.revistas.udesc.br\/index.php\/percursos\/about\/editorialPolicies#custom-3\">http:\/\/www.revistas.udesc.br\/index.php\/percursos\/about\/editorialPolicies#custom-3<\/a><\/p>\n<p>&nbsp;<\/p>\n<p>Revista Latino-Americana de Hist\u00f3ria<\/p>\n<p><a href=\"http:\/\/projeto.unisinos.br\/rla\/index.php\/rla\/index\">http:\/\/projeto.unisinos.br\/rla\/index.php\/rla\/index<\/a><\/p>\n<p>&nbsp;<\/p>\n<p>Revista Patrim\u00f4nio e Mem\u00f3ria<\/p>\n<p><a href=\"http:\/\/pem.assis.unesp.br\/index.php\/pem\/announcement\">http:\/\/pem.assis.unesp.br\/index.php\/pem\/announcement<\/a><\/p>\n<p>&nbsp;<\/p>\n<p>Hist\u00f3ria Revista<\/p>\n<p><a href=\"https:\/\/www.revistas.ufg.br\/historia\/announcement\">https:\/\/www.revistas.ufg.br\/historia\/announcement<\/a><\/p>\n<p>&nbsp;<\/p>\n<p>Revista Estudos Ibero Americanos<\/p>\n<p><a href=\"http:\/\/revistaseletronicas.pucrs.br\/ojs\/index.php\/iberoamericana\/announcement\">http:\/\/revistaseletronicas.pucrs.br\/ojs\/index.php\/iberoamericana\/announcement<\/a><\/p>\n<p>&nbsp;<\/p>\n<p>Revista Anos 90<\/p>\n<p><a href=\"https:\/\/seer.ufrgs.br\/anos90\/announcement\">https:\/\/seer.ufrgs.br\/anos90\/announcement<\/a><\/p>\n<p>&nbsp;<\/p>\n<p>Revista Tempo e Argumento<\/p>\n<p><a href=\"http:\/\/revistas.udesc.br\/index.php\/tempo\/announcement\">http:\/\/revistas.udesc.br\/index.php\/tempo\/announcement<\/a><\/p>\n<p>&nbsp;<\/p>\n<p>Revista Hist\u00f3ria: Quest\u00f5es e Debates<\/p>\n<p><a href=\"https:\/\/revistas.ufpr.br\/historia\">https:\/\/revistas.ufpr.br\/historia<\/a><\/p>\n","protected":false},"excerpt":{"rendered":"<p>P\u00e1gina com indica\u00e7\u00f5es de peri\u00f3dicos e outras chamadas para publica\u00e7\u00e3o com temas que orbitam as linhas de pesquisa do PPGMP: &nbsp; Revista Mem\u00f3ria em Rede &#8211; chamadas para os dossi\u00eas &#8220;Festa, mem\u00f3ria e patrim\u00f4nio&#8221; e &#8220;Cultura material, Arqueologia e patrim\u00f4nio&#8221; https:\/\/periodicos.ufpel.edu.br\/ojs2\/index.php\/Memoria &nbsp; Revista de Hist\u00f3ria Fronteiras http:\/\/ojs.ufgd.edu.br\/index.php\/FRONTEIRAS\/announcement &nbsp; Revista Percursos http:\/\/www.revistas.udesc.br\/index.php\/percursos\/about\/editorialPolicies#custom-3 &nbsp; Revista Latino-Americana de [&hellip;]<\/p>\n","protected":false},"author":700,"featured_media":0,"parent":1868,"menu_order":3,"comment_status":"closed","ping_status":"closed","template":"","meta":{"footnotes":""},"class_list":["post-1090","page","type-page","status-publish","hentry"],"_links":{"self":[{"href":"https:\/\/wp.ufpel.edu.br\/ppgmp\/wp-json\/wp\/v2\/pages\/1090","targetHints":{"allow":["GET"]}}],"collection":[{"href":"https:\/\/wp.ufpel.edu.br\/ppgmp\/wp-json\/wp\/v2\/pages"}],"about":[{"href":"https:\/\/wp.ufpel.edu.br\/ppgmp\/wp-json\/wp\/v2\/types\/page"}],"author":[{"embeddable":true,"href":"https:\/\/wp.ufpel.edu.br\/ppgmp\/wp-json\/wp\/v2\/users\/700"}],"replies":[{"embeddable":true,"href":"https:\/\/wp.ufpel.edu.br\/ppgmp\/wp-json\/wp\/v2\/comments?post=1090"}],"version-history":[{"count":16,"href":"https:\/\/wp.ufpel.edu.br\/ppgmp\/wp-json\/wp\/v2\/pages\/1090\/revisions"}],"predecessor-version":[{"id":1446,"href":"https:\/\/wp.ufpel.edu.br\/ppgmp\/wp-json\/wp\/v2\/pages\/1090\/revisions\/1446"}],"up":[{"embeddable":true,"href":"https:\/\/wp.ufpel.edu.br\/ppgmp\/wp-json\/wp\/v2\/pages\/1868"}],"wp:attachment":[{"href":"https:\/\/wp.ufpel.edu.br\/ppgmp\/wp-json\/wp\/v2\/media?parent=1090"}],"curies":[{"name":"wp","href":"https:\/\/api.w.org\/{rel}","templated":true}]}}