{"id":105,"date":"2016-11-29T14:54:14","date_gmt":"2016-11-29T16:54:14","guid":{"rendered":"https:\/\/wp.ufpel.edu.br\/ppgmp\/?page_id=105"},"modified":"2024-10-01T16:26:18","modified_gmt":"2024-10-01T19:26:18","slug":"linhas-de-pesquisa","status":"publish","type":"page","link":"https:\/\/wp.ufpel.edu.br\/ppgmp\/apresentacao\/linhas-de-pesquisa\/","title":{"rendered":"Linhas de Pesquisa"},"content":{"rendered":"<p><strong>Mem\u00f3ria e Identidade Social<\/strong><\/p>\n<p style=\"text-align: justify;\">Nessa linha est\u00e3o pesquisas embasadas nas diferentes concep\u00e7\u00f5es de mem\u00f3ria, do individual ao coletivo, abordando as interfaces entre mem\u00f3ria e cultura expressa nos diferentes suportes (materiais, visuais, sonoros) e espa\u00e7os (museus, memoriais, arquivos, centros de documenta\u00e7\u00e3o). Fazem parte dessa linha estudos envolvendo a rela\u00e7\u00e3o entre reivindica\u00e7\u00f5es memoriais e busca pelo reconhecimento, processos contempor\u00e2neos de conflitos de mem\u00f3ria, vitimiza\u00e7\u00e3o e excesso memoriais, dever de mem\u00f3ria e papel do Estado, mem\u00f3rias institucionais, mem\u00f3ria pol\u00edtica, oblitera\u00e7\u00f5es e esquecimentos, tradi\u00e7\u00e3o e usos do passado, transmiss\u00e3o de saberes tradicionais, patrim\u00f4nio imaterial, patrim\u00f4nio industrial rural e urbano e mem\u00f3rias do trabalho.<\/p>\n<p>&nbsp;<\/p>\n<p><strong>Institui\u00e7\u00f5es de mem\u00f3ria e gest\u00e3o de acervos<\/strong><\/p>\n<p style=\"text-align: justify;\">Nessa linha desenvolvem-se trabalhos cujas finalidades estejam relacionadas \u00e0 discuss\u00e3o sobre o papel das institui\u00e7\u00f5es de mem\u00f3ria no campo do patrim\u00f4nio, localiza\u00e7\u00e3o, invent\u00e1rio, estudo, planejamento e execu\u00e7\u00e3o de projetos de conserva\u00e7\u00e3o de acervos, em seus diversos suportes, considerados como patrimoniais, bem como estudos sobre a prote\u00e7\u00e3o legal e constitucional do patrim\u00f4nio cultural sob os matizes do material e imaterial. Aspectos relacionados ao estudo e aplicabilidade dos procedimentos de conserva\u00e7\u00e3o e guarda de acervos em ambientes de museus e institui\u00e7\u00f5es culturais tamb\u00e9m ser\u00e3o contemplados nessa linha de pesquisa, assim como a metodologia de viabiliza\u00e7\u00e3o institucional destes projetos (financiamento, rela\u00e7\u00f5es institucionais no setor p\u00fablico, privado, n\u00e3o governamental e agentes comunit\u00e1rios).<\/p>\n<p>&nbsp;<\/p>\n<p><strong> Patrim\u00f4nio, Espa\u00e7o e Territ\u00f3rio<\/strong><\/p>\n<p style=\"text-align: justify;\">Pesquisas com \u00eanfase na cidade como espa\u00e7o construtor de mem\u00f3ria e identidade, associando quest\u00f5es de urbaniza\u00e7\u00e3o, territ\u00f3rios sociais e produ\u00e7\u00e3o simb\u00f3lica do espa\u00e7o atrav\u00e9s de processos de patrimonializa\u00e7\u00e3o e reivindica\u00e7\u00f5es identit\u00e1rias. Compreende-se a cidade compondo uma paisagem cultural para a qual concorrem representa\u00e7\u00f5es da mem\u00f3ria em suas diferentes percep\u00e7\u00f5es pelo sujeito evocador. Temas como preserva\u00e7\u00e3o do patrim\u00f4nio edificado, aparelhos urbanos e locais patrimonializados, conserva\u00e7\u00e3o e preserva\u00e7\u00e3o do patrim\u00f4nio arquitet\u00f4nico, planejamento ambiental, atividades econ\u00f4micas em espa\u00e7os patrimonializados, com\u00e9rcio e centros hist\u00f3ricos, ecologia de paisagem, fazem parte dessa linha.<\/p>\n<p>&nbsp;<\/p>\n<p><strong>Pol\u00edticas de mem\u00f3ria e patrim\u00f4nio no MERCOSUL<\/strong><\/p>\n<p style=\"text-align: justify;\">Nessa linha se destaca o hist\u00f3rico das pol\u00edticas p\u00fablicas do patrim\u00f4nio tanto no Brasil quanto na regi\u00e3o do Mercosul, problematizando contextos e situa\u00e7\u00f5es que estabele\u00e7am rela\u00e7\u00f5es com a contemporaneidade. Pesquisas centradas nas novas concep\u00e7\u00f5es patrimoniais, seu tratamento no \u00e2mbito das pol\u00edticas p\u00fablicas que vinculam mem\u00f3ria e patrim\u00f4nio no Mercosul assim como quest\u00f5es e reflex\u00f5es amplas sobre a legisla\u00e7\u00e3o brasileira e hispano-americana voltada para a preserva\u00e7\u00e3o de bens culturais. Inclui pesquisas sobre pol\u00edticas de mem\u00f3ria e acervos no Mercosul, gest\u00e3o e agencias da cultura e o patrim\u00f4nio no Mercosul, colocando \u00eanfase na rede de significados e pr\u00e1ticas sociais do patrim\u00f4nio. O patrim\u00f4nio como express\u00e3o pol\u00edtica da mem\u00f3ria e como suporte de mem\u00f3ria oficial, tem no Cone Sul uma din\u00e2mica pr\u00f3pria vinculada aos processos de reivindica\u00e7\u00e3o da mem\u00f3ria do passado recente, especialmente o relacionado com as Ditaduras, busca pela verdade e Direitos Humanos.<\/p>\n","protected":false},"excerpt":{"rendered":"<p>Mem\u00f3ria e Identidade Social Nessa linha est\u00e3o pesquisas embasadas nas diferentes concep\u00e7\u00f5es de mem\u00f3ria, do individual ao coletivo, abordando as interfaces entre mem\u00f3ria e cultura expressa nos diferentes suportes (materiais, visuais, sonoros) e espa\u00e7os (museus, memoriais, arquivos, centros de documenta\u00e7\u00e3o). Fazem parte dessa linha estudos envolvendo a rela\u00e7\u00e3o entre reivindica\u00e7\u00f5es memoriais e busca pelo reconhecimento, [&hellip;]<\/p>\n","protected":false},"author":700,"featured_media":0,"parent":4,"menu_order":1,"comment_status":"closed","ping_status":"closed","template":"","meta":{"footnotes":""},"class_list":["post-105","page","type-page","status-publish","hentry"],"_links":{"self":[{"href":"https:\/\/wp.ufpel.edu.br\/ppgmp\/wp-json\/wp\/v2\/pages\/105","targetHints":{"allow":["GET"]}}],"collection":[{"href":"https:\/\/wp.ufpel.edu.br\/ppgmp\/wp-json\/wp\/v2\/pages"}],"about":[{"href":"https:\/\/wp.ufpel.edu.br\/ppgmp\/wp-json\/wp\/v2\/types\/page"}],"author":[{"embeddable":true,"href":"https:\/\/wp.ufpel.edu.br\/ppgmp\/wp-json\/wp\/v2\/users\/700"}],"replies":[{"embeddable":true,"href":"https:\/\/wp.ufpel.edu.br\/ppgmp\/wp-json\/wp\/v2\/comments?post=105"}],"version-history":[{"count":24,"href":"https:\/\/wp.ufpel.edu.br\/ppgmp\/wp-json\/wp\/v2\/pages\/105\/revisions"}],"predecessor-version":[{"id":3017,"href":"https:\/\/wp.ufpel.edu.br\/ppgmp\/wp-json\/wp\/v2\/pages\/105\/revisions\/3017"}],"up":[{"embeddable":true,"href":"https:\/\/wp.ufpel.edu.br\/ppgmp\/wp-json\/wp\/v2\/pages\/4"}],"wp:attachment":[{"href":"https:\/\/wp.ufpel.edu.br\/ppgmp\/wp-json\/wp\/v2\/media?parent=105"}],"curies":[{"name":"wp","href":"https:\/\/api.w.org\/{rel}","templated":true}]}}