{"id":4840,"date":"2025-04-09T22:57:59","date_gmt":"2025-04-10T01:57:59","guid":{"rendered":"https:\/\/wp.ufpel.edu.br\/ppgmmat\/?page_id=4840"},"modified":"2025-12-09T22:10:34","modified_gmt":"2025-12-10T01:10:34","slug":"2025-2","status":"publish","type":"page","link":"https:\/\/wp.ufpel.edu.br\/ppgmmat\/2025-2\/","title":{"rendered":"DISSERTA\u00c7\u00d5ES APRESENTADAS EM 2025"},"content":{"rendered":"<p>Neste link voc\u00ea poder\u00e1 encontrar a rela\u00e7\u00e3o de todas as disserta\u00e7\u00f5es apresentadas ao Programa de P\u00f3s-Gradua\u00e7\u00e3o em Modelagem Matem\u00e1tica da UFPel no ano de 2025.<\/p>\n<p>62) <strong>Ana Maria Bersch Domingues<\/strong>: Estudo Anal\u00edtico-Num\u00e9rico e Geom\u00e9trico de Estruturas Galvanizadas para<br \/>\nTrocadores de Calor Solo-Ar.\u00a0 Defesa: 19\/02\/2025. <a href=\"https:\/\/wp.ufpel.edu.br\/ppgmmat\/files\/2025\/04\/6_versao-final-Dissertacao_Ana-Domingues-2.pdf\">Ana Maria Bersch Domingues<\/a><\/p>\n<p>63) <strong>Nelson Nghale:<\/strong> Modelagem semianal\u00edtica de Trocadores de Calor Solo-Ar com material de mudan\u00e7a fase. Defesa: 19\/05\/2025. <a href=\"https:\/\/wp.ufpel.edu.br\/ppgmmat\/files\/2025\/12\/Nelson-Nghale-Versao-final-da-dissertacao.pdf\">Nelson Nghale<\/a><\/p>\n","protected":false},"excerpt":{"rendered":"<p>Neste link voc\u00ea poder\u00e1 encontrar a rela\u00e7\u00e3o de todas as disserta\u00e7\u00f5es apresentadas ao Programa de P\u00f3s-Gradua\u00e7\u00e3o em Modelagem Matem\u00e1tica da UFPel no ano de 2025. 62) Ana Maria Bersch Domingues: Estudo Anal\u00edtico-Num\u00e9rico e Geom\u00e9trico de Estruturas Galvanizadas para Trocadores de Calor Solo-Ar.\u00a0 Defesa: 19\/02\/2025. Ana Maria Bersch Domingues 63) Nelson Nghale: Modelagem semianal\u00edtica de Trocadores [&hellip;]<\/p>\n","protected":false},"author":458,"featured_media":0,"parent":0,"menu_order":0,"comment_status":"closed","ping_status":"closed","template":"","meta":{"jetpack_post_was_ever_published":false,"footnotes":""},"class_list":["post-4840","page","type-page","status-publish","hentry"],"jetpack_sharing_enabled":true,"jetpack_shortlink":"https:\/\/wp.me\/ParAg0-1g4","_links":{"self":[{"href":"https:\/\/wp.ufpel.edu.br\/ppgmmat\/wp-json\/wp\/v2\/pages\/4840","targetHints":{"allow":["GET"]}}],"collection":[{"href":"https:\/\/wp.ufpel.edu.br\/ppgmmat\/wp-json\/wp\/v2\/pages"}],"about":[{"href":"https:\/\/wp.ufpel.edu.br\/ppgmmat\/wp-json\/wp\/v2\/types\/page"}],"author":[{"embeddable":true,"href":"https:\/\/wp.ufpel.edu.br\/ppgmmat\/wp-json\/wp\/v2\/users\/458"}],"replies":[{"embeddable":true,"href":"https:\/\/wp.ufpel.edu.br\/ppgmmat\/wp-json\/wp\/v2\/comments?post=4840"}],"version-history":[{"count":4,"href":"https:\/\/wp.ufpel.edu.br\/ppgmmat\/wp-json\/wp\/v2\/pages\/4840\/revisions"}],"predecessor-version":[{"id":5138,"href":"https:\/\/wp.ufpel.edu.br\/ppgmmat\/wp-json\/wp\/v2\/pages\/4840\/revisions\/5138"}],"wp:attachment":[{"href":"https:\/\/wp.ufpel.edu.br\/ppgmmat\/wp-json\/wp\/v2\/media?parent=4840"}],"curies":[{"name":"wp","href":"https:\/\/api.w.org\/{rel}","templated":true}]}}