{"id":4654,"date":"2024-10-05T18:15:46","date_gmt":"2024-10-05T21:15:46","guid":{"rendered":"https:\/\/wp.ufpel.edu.br\/ppgmmat\/?page_id=4654"},"modified":"2025-04-09T22:55:07","modified_gmt":"2025-04-10T01:55:07","slug":"2024-2","status":"publish","type":"page","link":"https:\/\/wp.ufpel.edu.br\/ppgmmat\/2024-2\/","title":{"rendered":"DISSERTA\u00c7\u00d5ES APRESENTADAS EM 2024"},"content":{"rendered":"<p>Neste link voc\u00ea poder\u00e1 encontrar a rela\u00e7\u00e3o de todas as disserta\u00e7\u00f5es apresentadas ao Programa de P\u00f3s-Gradua\u00e7\u00e3o em Modelagem Matem\u00e1tica da UFPel no ano de 2024.<\/p>\n<p>54) <strong>Gustavo Braz Kurz<\/strong>: Equa\u00e7\u00e3o do Transporte em Sistema de \u00c1guas Rasas. Defesa: 23\/02\/2024. <a href=\"https:\/\/wp.ufpel.edu.br\/ppgmmat\/files\/2025\/03\/Gustavo_Kurz.pdf\">Gustavo_Kurz<\/a><\/p>\n<p>55) <strong>Ta\u00eds Pereira da Silva<\/strong>: An\u00e1lise de desempenho termoenerg\u00e9tico de um sistema de trocadores de calor solo-ar em habita\u00e7\u00f5es populares na zona bioclim\u00e1tica 2, Pelotas-RS. Defesa: 26\/07\/2024.\u00a0 <a href=\"https:\/\/wp.ufpel.edu.br\/ppgmmat\/files\/2025\/03\/Tais_Pereira_Silva.pdf\">Tais_Pereira_Silva<\/a><\/p>\n<p>56) <strong>Josiane Konradt<\/strong>: Modelagem matem\u00e1tica aplicada a dispers\u00e3o de poluentes em aterros sanit\u00e1rios. Defesa: 26\/07\/2024.\u00a0 <a href=\"https:\/\/wp.ufpel.edu.br\/ppgmmat\/files\/2025\/03\/Josiane_Konradt.pdf\">Josiane_Konradt<\/a><\/p>\n<p>57) <strong>Douglas Machado da Silva<\/strong>: Din\u00e2mica efetiva de barras e vigas de Euler-Bernoulli microperi\u00f3dicas. Defesa: 19\/08\/2024.\u00a0 <a href=\"https:\/\/wp.ufpel.edu.br\/ppgmmat\/files\/2025\/03\/Douglas_Machado.pdf\">Douglas_Machado<\/a><\/p>\n<p>58) <strong>Jorge Luiz Mello Caurio Junior<\/strong>: Solu\u00e7\u00e3o do modelo de rea\u00e7\u00e3o-difus\u00e3o de Swanson via split e simetrias para simula\u00e7\u00e3o da concentra\u00e7\u00e3o celular do gliobastoma multiforme. Defesa: 06\/09\/2024.\u00a0 <a href=\"https:\/\/wp.ufpel.edu.br\/ppgmmat\/files\/2025\/03\/Jorge_Mello_Junior.pdf\">Jorge_Mello_Junior<\/a><\/p>\n<p>59) <strong>Elisiane Cogoy da Silva<\/strong>: Resolu\u00e7\u00e3o de equa\u00e7\u00f5es de difus\u00e3o em dom\u00ednios infinitos, semi-infinitos e limitados: m\u00e9todos matem\u00e1ticos e aplica\u00e7\u00f5es. Defesa: 21\/11\/2024. <a href=\"https:\/\/wp.ufpel.edu.br\/ppgmmat\/files\/2025\/03\/Elisiane_Cogoy.pdf\">Elisiane_Cogoy<\/a><\/p>\n<p>60) <strong>Leonardo Ferreira dos Santos<\/strong>: Influ\u00eancia dos fen\u00f4menos clim\u00e1ticos El Ni\u00f1o e La Nin\u00e3 na incid\u00eancia de dengue no Rio Grande do Sul: uma abordagem interdisciplinar com aperfei\u00e7oamento de um modelo compartimental. Defesa: 18\/12\/2024. <a href=\"https:\/\/wp.ufpel.edu.br\/ppgmmat\/files\/2025\/03\/Leonardo_Ferreira.pdf\">Leonardo_Ferreira<\/a><\/p>\n<p>61) <strong>Al\u00e9xia Rodrigues de Faria<\/strong>: A evolu\u00e7\u00e3o da dengue no Brasil: Uma an\u00e1lise epidemiol\u00f3gica baseada em modelagem matem\u00e1tica. Defesa: 23\/12\/2024. <a href=\"https:\/\/wp.ufpel.edu.br\/ppgmmat\/files\/2025\/03\/Alexia_Faria.pdf\">Alexia_Faria<\/a><\/p>\n<p style=\"text-align: center;\"><span style=\"font-family: 'times new roman', times, serif;\"><span style=\"font-size: 18pt;\"><a href=\"https:\/\/wp.ufpel.edu.br\/ppgmmat\/dissertacoes\">Voltar a p\u00e1gina inicial<\/a>\u00a0<\/span><\/span><\/p>\n","protected":false},"excerpt":{"rendered":"<p>Neste link voc\u00ea poder\u00e1 encontrar a rela\u00e7\u00e3o de todas as disserta\u00e7\u00f5es apresentadas ao Programa de P\u00f3s-Gradua\u00e7\u00e3o em Modelagem Matem\u00e1tica da UFPel no ano de 2024. 54) Gustavo Braz Kurz: Equa\u00e7\u00e3o do Transporte em Sistema de \u00c1guas Rasas. Defesa: 23\/02\/2024. Gustavo_Kurz 55) Ta\u00eds Pereira da Silva: An\u00e1lise de desempenho termoenerg\u00e9tico de um sistema de trocadores de [&hellip;]<\/p>\n","protected":false},"author":458,"featured_media":0,"parent":0,"menu_order":0,"comment_status":"closed","ping_status":"closed","template":"","meta":{"jetpack_post_was_ever_published":false,"footnotes":""},"class_list":["post-4654","page","type-page","status-publish","hentry"],"jetpack_sharing_enabled":true,"jetpack_shortlink":"https:\/\/wp.me\/ParAg0-1d4","_links":{"self":[{"href":"https:\/\/wp.ufpel.edu.br\/ppgmmat\/wp-json\/wp\/v2\/pages\/4654","targetHints":{"allow":["GET"]}}],"collection":[{"href":"https:\/\/wp.ufpel.edu.br\/ppgmmat\/wp-json\/wp\/v2\/pages"}],"about":[{"href":"https:\/\/wp.ufpel.edu.br\/ppgmmat\/wp-json\/wp\/v2\/types\/page"}],"author":[{"embeddable":true,"href":"https:\/\/wp.ufpel.edu.br\/ppgmmat\/wp-json\/wp\/v2\/users\/458"}],"replies":[{"embeddable":true,"href":"https:\/\/wp.ufpel.edu.br\/ppgmmat\/wp-json\/wp\/v2\/comments?post=4654"}],"version-history":[{"count":6,"href":"https:\/\/wp.ufpel.edu.br\/ppgmmat\/wp-json\/wp\/v2\/pages\/4654\/revisions"}],"predecessor-version":[{"id":4837,"href":"https:\/\/wp.ufpel.edu.br\/ppgmmat\/wp-json\/wp\/v2\/pages\/4654\/revisions\/4837"}],"wp:attachment":[{"href":"https:\/\/wp.ufpel.edu.br\/ppgmmat\/wp-json\/wp\/v2\/media?parent=4654"}],"curies":[{"name":"wp","href":"https:\/\/api.w.org\/{rel}","templated":true}]}}