{"id":4493,"date":"2024-07-03T09:23:53","date_gmt":"2024-07-03T12:23:53","guid":{"rendered":"https:\/\/wp.ufpel.edu.br\/ppgmmat\/?page_id=4493"},"modified":"2025-04-06T17:50:04","modified_gmt":"2025-04-06T20:50:04","slug":"redes-sociais","status":"publish","type":"page","link":"https:\/\/wp.ufpel.edu.br\/ppgmmat\/redes-sociais\/","title":{"rendered":"Redes Sociais"},"content":{"rendered":"<p>As atividades de palestras do PPGMMat tamb\u00e9m podem ser acompanhadas pelas redes sociais:<\/p>\n<p><strong>Instagram:<\/strong> <a href=\"https:\/\/www.instagram.com\/ppgmmat.ufpel\">https:\/\/www.instagram.com\/ppgmmat.ufpel<\/a><br \/>\n<strong>Facebook:<\/strong> <a href=\"https:\/\/www.facebook.com\/modelagemmatematica.ufpel.1\">https:\/\/www.facebook.com\/modelagemmatematica.ufpel.1<\/a><br \/>\n<strong>YouTube:\u00a0<\/strong> <a href=\"https:\/\/www.youtube.com\/@ppgmmatufpel\">PPG em Modelagem Matem\u00e1tica UFPel &#8211; YouTube<\/a><\/p>\n<p><span style=\"font-weight: 400;\">Visando a atra\u00e7\u00e3o de candidatos de outros pa\u00edses, a <\/span><b>p\u00e1gina do PPG<\/b><span style=\"font-weight: 400;\"> (<\/span><a href=\"https:\/\/wp.ufpel.edu.br\/ppgmmat\/\"><span style=\"font-weight: 400;\">https:\/\/wp.ufpel.edu.br\/ppgmmat\/<\/span><\/a><span style=\"font-weight: 400;\">) disp\u00f5e de informa\u00e7\u00f5es em <\/span><b>8 idiomas<\/b><span style=\"font-weight: 400;\"> (ingl\u00eas, espanhol, alem\u00e3o, franc\u00eas, chin\u00eas, japon\u00eas, russo e polon\u00eas) &#8211; bot\u00e3o \u201ctranslate\u201d na aba superior direita da p\u00e1gina. <\/span><\/p>\n<p>&nbsp;<\/p>\n<p>Em caso de d\u00favidas envie Email para: <a href=\"mailto:pgmat.ufpel@gmail.com\">pgmat.ufpel@gmail.com<\/a><\/p>\n<p>&nbsp;<\/p>\n<p>O Curso de P\u00f3s-Gradua\u00e7\u00e3o em Modelagem Matem\u00e1tica est\u00e1 localizado no pr\u00e9dio 16 do Campus Universit\u00e1rio Cap\u00e3o do Le\u00e3o.<\/p>\n<div class=\"mceTemp\"><\/div>\n<div id=\"attachment_2285\" style=\"width: 410px\" class=\"wp-caption aligncenter\"><a href=\"https:\/\/wp.ufpel.edu.br\/ppgmmat\/files\/2018\/11\/mapa_campus.png\"><img aria-describedby=\"caption-attachment-2285\" data-attachment-id=\"2285\" data-permalink=\"https:\/\/wp.ufpel.edu.br\/ppgmmat\/dme-departamento-de-matematica-e-estatistica\/mapa_campus\/\" data-orig-file=\"https:\/\/wp.ufpel.edu.br\/ppgmmat\/files\/2018\/11\/mapa_campus.png\" data-orig-size=\"1144,800\" data-comments-opened=\"0\" data-image-meta=\"{&quot;aperture&quot;:&quot;0&quot;,&quot;credit&quot;:&quot;&quot;,&quot;camera&quot;:&quot;&quot;,&quot;caption&quot;:&quot;&quot;,&quot;created_timestamp&quot;:&quot;0&quot;,&quot;copyright&quot;:&quot;&quot;,&quot;focal_length&quot;:&quot;0&quot;,&quot;iso&quot;:&quot;0&quot;,&quot;shutter_speed&quot;:&quot;0&quot;,&quot;title&quot;:&quot;&quot;,&quot;orientation&quot;:&quot;0&quot;}\" data-image-title=\"Mapa Campus Cap\u00e3o do Le\u00e3o\" data-image-description=\"\" data-image-caption=\"&lt;p&gt;Mapa Campus Cap\u00e3o do Le\u00e3o&lt;\/p&gt;\n\" data-medium-file=\"https:\/\/wp.ufpel.edu.br\/ppgmmat\/files\/2018\/11\/mapa_campus-400x280.png\" data-large-file=\"https:\/\/wp.ufpel.edu.br\/ppgmmat\/files\/2018\/11\/mapa_campus-1024x716.png\" class=\"size-medium wp-image-2285\" src=\"https:\/\/wp.ufpel.edu.br\/ppgmmat\/files\/2018\/11\/mapa_campus-400x280.png\" alt=\"\" width=\"400\" height=\"280\" srcset=\"https:\/\/wp.ufpel.edu.br\/ppgmmat\/files\/2018\/11\/mapa_campus-400x280.png 400w, https:\/\/wp.ufpel.edu.br\/ppgmmat\/files\/2018\/11\/mapa_campus-768x537.png 768w, https:\/\/wp.ufpel.edu.br\/ppgmmat\/files\/2018\/11\/mapa_campus-1024x716.png 1024w, https:\/\/wp.ufpel.edu.br\/ppgmmat\/files\/2018\/11\/mapa_campus.png 1144w\" sizes=\"(max-width: 400px) 100vw, 400px\" \/><\/a><p id=\"caption-attachment-2285\" class=\"wp-caption-text\">Mapa Campus Cap\u00e3o do Le\u00e3o<\/p><\/div>\n","protected":false},"excerpt":{"rendered":"<p>As atividades de palestras do PPGMMat tamb\u00e9m podem ser acompanhadas pelas redes sociais: Instagram: https:\/\/www.instagram.com\/ppgmmat.ufpel Facebook: https:\/\/www.facebook.com\/modelagemmatematica.ufpel.1 YouTube:\u00a0 PPG em Modelagem Matem\u00e1tica UFPel &#8211; YouTube Visando a atra\u00e7\u00e3o de candidatos de outros pa\u00edses, a p\u00e1gina do PPG (https:\/\/wp.ufpel.edu.br\/ppgmmat\/) disp\u00f5e de informa\u00e7\u00f5es em 8 idiomas (ingl\u00eas, espanhol, alem\u00e3o, franc\u00eas, chin\u00eas, japon\u00eas, russo e polon\u00eas) &#8211; bot\u00e3o [&hellip;]<\/p>\n","protected":false},"author":458,"featured_media":0,"parent":0,"menu_order":0,"comment_status":"closed","ping_status":"closed","template":"","meta":{"jetpack_post_was_ever_published":false,"footnotes":""},"class_list":["post-4493","page","type-page","status-publish","hentry"],"jetpack_sharing_enabled":true,"jetpack_shortlink":"https:\/\/wp.me\/ParAg0-1at","_links":{"self":[{"href":"https:\/\/wp.ufpel.edu.br\/ppgmmat\/wp-json\/wp\/v2\/pages\/4493","targetHints":{"allow":["GET"]}}],"collection":[{"href":"https:\/\/wp.ufpel.edu.br\/ppgmmat\/wp-json\/wp\/v2\/pages"}],"about":[{"href":"https:\/\/wp.ufpel.edu.br\/ppgmmat\/wp-json\/wp\/v2\/types\/page"}],"author":[{"embeddable":true,"href":"https:\/\/wp.ufpel.edu.br\/ppgmmat\/wp-json\/wp\/v2\/users\/458"}],"replies":[{"embeddable":true,"href":"https:\/\/wp.ufpel.edu.br\/ppgmmat\/wp-json\/wp\/v2\/comments?post=4493"}],"version-history":[{"count":5,"href":"https:\/\/wp.ufpel.edu.br\/ppgmmat\/wp-json\/wp\/v2\/pages\/4493\/revisions"}],"predecessor-version":[{"id":4796,"href":"https:\/\/wp.ufpel.edu.br\/ppgmmat\/wp-json\/wp\/v2\/pages\/4493\/revisions\/4796"}],"wp:attachment":[{"href":"https:\/\/wp.ufpel.edu.br\/ppgmmat\/wp-json\/wp\/v2\/media?parent=4493"}],"curies":[{"name":"wp","href":"https:\/\/api.w.org\/{rel}","templated":true}]}}