{"id":3504,"date":"2022-05-10T21:30:23","date_gmt":"2022-05-11T00:30:23","guid":{"rendered":"https:\/\/wp.ufpel.edu.br\/ppgmmat\/?page_id=3504"},"modified":"2023-12-29T17:34:52","modified_gmt":"2023-12-29T20:34:52","slug":"videos-2021-2","status":"publish","type":"page","link":"https:\/\/wp.ufpel.edu.br\/ppgmmat\/videos-2021-2\/","title":{"rendered":"videos 2021"},"content":{"rendered":"<p>Nesta p\u00e1gina se encontram os links para os trabalhos desenvolvidos pelos discentes e docentes do PPGMMat e seus colaboradores, submetidos para apresenta\u00e7\u00e3o em eventos online no ano de 2021, devido a pandemia de COVID-19.<\/p>\n<div class=\"entry-content clearfix\">\n<p><strong><span style=\"font-size: 14pt;\">1.<\/span><\/strong><a href=\"https:\/\/wp.ufpel.edu.br\/siiepe\/\"><strong>SIIEPE UFPel<\/strong><\/a><\/p>\n<ul>\n<li>PERIN, Rafael Zanovelo; QUADROS, R\u00e9gis Sperotto; AWRUCH, Armando Miguel: SIMULA\u00c7\u00c3O NUM\u00c9RICA DE ROMPIMENTO PARCIAL DA BARRAGEM SANTA B\u00c1RBARA:\u00a0 <a href=\"https:\/\/www.youtube.com\/watch?v=gFMKd4Na69A&amp;t=6s\">Rafael <\/a><a href=\"https:\/\/www.youtube.com\/watch?v=gFMKd4Na69A&amp;t=6s\">Perin<\/a><\/li>\n<li>WEIMANN, Tatiane; MOLTER, Alexandre: ESTUDO DA DISTRIBUI\u00c7\u00c3O DE TENS\u00d5ES MEC\u00c2NICAS EM VIGAS COM BURACOS PRESCRITOS:\u00a0 <a href=\"https:\/\/www.youtube.com\/watch?v=QDRPkXzKVQc\">Tatiane Weimann<\/a><\/li>\n<li>PITOL, Lisandra; MIELKE, Letiane Ludwig; WEYMAR, Guilherme Jahnecke; BRUM, Ruth da Silva; BUSKE, Daniela: O PROBLEMA DE BERNOULLI ATRAV\u00c9S DA TRANSFORMADA DE LAPLACE &#8211; <a href=\"https:\/\/youtu.be\/Px7dNijmNLk\">Lisandra Pitol<\/a>\u00a0 &#8211; <strong>Trabalho destaque da \u00e1rea de Ci\u00eancias Exatas e da Terra no ENPOS<\/strong><\/li>\n<li>MACHADO, Patrick; BRUM, Ruth da Silva; BUSKE, Daniela: UM MODELO TRANSIENTE PARA A ENTALPIA EM UM TROCADOR DE CALOR SOLO-AR:\u00a0 <a href=\"https:\/\/youtu.be\/ikbuArYAPaU\">Patrick Machado<\/a><\/li>\n<li>NETTO, Michele; BUSKE, Daniela; WEYMAR, Guilherme Jahnecke; PORTO, Joseane da Silva: TEMPERATURA NO SOLO BASEADAS EM S\u00c9RIES DE FOURIER: \u00a0<a href=\"https:\/\/youtu.be\/07crHcijUb0\">Michele Netto<\/a><\/li>\n<li>MOREIRA BEZERRA, Jo\u00e3o In\u00e1cio; MOLTER, Alexandre; VALDUGA DE ALMEIDA CAMARGO; Vin\u00edcius: USO DO MAPA CA\u00d3TICO PWLCM PARA A CIFRAGEM DE IMAGENS &#8211; \u00a0<a href=\"https:\/\/www.youtube.com\/watch?v=e8GgtFnVGfk\">Jo\u00e3o In\u00e1cio<\/a><\/li>\n<li>SILVA, Elisiane Cogoy da; FERNANDEZ, Leslie P\u00e9rez: HOMOGENEIZA\u00c7\u00c3O DA EQUA\u00c7\u00c3O DA ONDA:\u00a0 <a href=\"https:\/\/youtu.be\/sc3BC6B-k1U\">Elisiane Silva<\/a><\/li>\n<li>TONI, P\u00e9tra Thal\u00eda De; RICKES, Andr\u00e9; FURTADO, Igor da Cunha; WEYMAR, Guilherme Jahnecke: MODELO UNIDIMENSIONAL E TRANSIENTE PARA A TRANSF\u00caRENCIA DE CALOR EM UM SILO COM ARROZ: UMA ABORDAGEM PELO M\u00c9TODO DE DIFEREN\u00c7AS FINITA:\u00a0 <a href=\"https:\/\/www.youtube.com\/watch?v=GD_8OFyu5hw\">Petra Toni<\/a><\/li>\n<li>KONRADT, Josiane; ALMEIDA, Tamires Fonseca de; FURTADO, Igor da Cunha; WEYMAR, Guilherme Jahnecke; BUSKE, Daniela; QUADROS, R\u00e9gis Sperotto de: UM MODELO MATEM\u00c1TICO PARA ESTUDO DE PROPAGA\u00c7\u00c3O DE CONTAMINANTES EM ATERROS SANIT\u00c1RIOS:\u00a0 <a href=\"https:\/\/www.youtube.com\/watch?v=qldY0klDc0Q\">Josiane Konradt<\/a>\u00a0&#8211; <strong>Trabalho destaque da \u00e1rea de Ci\u00eancias Exatas e da Terra no CIC<\/strong><\/li>\n<li>SILVEIRA, Viliam Cardoso da; TADEO, Lucas; BERNA, Lucas da Costa; BUSKE, Daniela: SIMULA\u00c7\u00c3O ANAL\u00cdTICA UNIDIMENSIONAL DA DISPERS\u00c3O DE POLUENTES CONSIDERANDO O FLUXO CONTRA-GRADIENTE: <a href=\"https:\/\/www.youtube.com\/watch?v=bBMVSYiwhvA\">Viliam Cardoso<\/a><\/li>\n<li>LEMOS, C\u00e1ssio Fehlberg; COSTA, Camila Pinto da; FERN\u00c1NDEZ, Leslie D. P\u00e9rez: AN\u00c1LISE DE PRECIS\u00c3O E TEMPO DE M\u00c1QUINA DE M\u00c9TODOS NUM\u00c9RICOS DE INVERS\u00c3O DA TRANSFORMADA DE LAPLACE: \u00a0<a href=\"https:\/\/youtu.be\/Nguu-DuzWzk\">C\u00e1ssio Lemos<\/a><\/li>\n<li>MARCOLINO, Iago Henrique Teixeira; P\u00c9REZ-FERN\u00c1NDEZ, Leslie Darien; COSTA, Camila Pinto:\u00a0 ESTUDO INTRODUT\u00d3RIO DA TRANSFORMADA DE LAPLACE: <a href=\"https:\/\/youtu.be\/R3HPxDS6Odg\">Iago Marcolino<\/a><\/li>\n<li>SILVA,Marcos Jean da; NASCIMENTO,Ana Lucia Da Silva; JAVARINI,Lucijacy Peireira; CARVALHO, Jonas da Costa: FOCOS DE CALOR E TRANSPORTE DE AEROSS\u00d3IS NO BRASIL DURANTE O PER\u00cdODO DE 22 A 29 DE SETEMBRO DE 2021 &#8211; <a href=\"https:\/\/www.youtube.com\/watch?v=DQOayPewOrc&amp;ab_channel=MarcosJean\">Marcos Jean<\/a><\/li>\n<li>BURL\u00d3N OLIVERA, Marcos Rafael; NAVARRO PASTOR, Nibia Raquel; BERSH DOMINGUES, Ana Maria: UMA S\u00cdNTESE DE AN\u00c1LISES DE PAR\u00c2METROS DE TROCADORES DE CALOR SOLO-AR ACOPLADOS A PONTES GALVANIZADAS: <a href=\"https:\/\/www.youtube.com\/watch?v=4tpbadj41QI\">Marcos Rafael<\/a><\/li>\n<li>NAVARRO PASTOR, Nibia Raquel; BURL\u00d3N OLIVERA, Marcos Rafael; BERSCH DOMINGUES, Ana Mar\u00eda: UMA S\u00cdNTESE DE AN\u00c1LISES DE DESEMPENHO DE TROCADORES DE CALOR SOLO-AR COM A INSER\u00c7\u00c3O DE MATERIAIS GALVANIZADOS NO SOLO: <a href=\"https:\/\/www.youtube.com\/watch?v=su9OibtdLJk\">Nibia Navarro<\/a><\/li>\n<li>\u00a0LINDEMANN, Camila Ehlert Lindemann; ZANETTE, Rodrigo; PETERSEN, Claudio Zen: SOLU\u00c7\u00c3O DAS EQUA\u00c7\u00d5ES DA CIN\u00c9TICA PONTUAL DE N\u00caUTRONS PELO M\u00c9TODO DE PICARD PARA REATIVIDADE DEPENDENTE DO TEMPO: <a href=\"https:\/\/www.youtube.com\/watch?v=x7cKJ4-p8tw\">Camila Lindemann<\/a><\/li>\n<li>\u00a0DOMINGUES, Ana Maria Bersch; N\u00d3BREGA, Eduardo de S\u00e1 Bueno; RAMALHO, Jairo Val\u00f5es de Alencar; QUADROS, R\u00e9gis Sperotto de; BRUM, Ruth da Silva: SIMULA\u00c7\u00d5ES DE UM TROCADOR DE CALOR SOLO-AR EM RIO GRANDE: <a href=\"https:\/\/www.youtube.com\/watch?v=cYM_iUyW-Ow\">Ana Maria<\/a><\/li>\n<li>\u00a0TRASSANTE, Franciele da Costa, LINDEMANN, Douglas da Silva, FREITAS, Rose Ane Pereira de, BRUM, Ruth da Silva, RAMALHO, Jairo Val\u00f5es de Alencar: RELA\u00c7\u00c3O ENTRE O FEN\u00d4MENO EL NI\u00d1O EM EVENTOS DE ONDA DE FRIO NA CIDADE DE PELOTAS &#8211; RS: <a href=\"https:\/\/www.youtube.com\/watch?v=Cfa1JQa7knQ\">Franciele Trassante<\/a><\/li>\n<li>\u00a0LOUREN\u00c7O, Marcelo da Silveira Tortolero Araujo; ROCHA, Lucas dos Santos; BACHI, Israel; SCHRAMM, Marcelo: MODELAGEM COMPUTACIONAL COM APLICA\u00c7\u00d5ES PARA A AN\u00c1LISE DE PADR\u00d5ES DE MANCHAS DE SANGUE: <a href=\"https:\/\/youtu.be\/WCJFy8P0e98\">Marcelo Louren\u00e7o<\/a><\/li>\n<\/ul>\n<\/div>\n<div class=\"entry-content clearfix\">\n<p><strong>2. <\/strong><a href=\"http:\/\/www.cnmac.org.br\/novo\/index.php\/CNMAC\/ano\/2021\/\"><strong>CNMAC<\/strong><\/a><\/p>\n<ul>\n<li>NETTO, M. S.; BRUM, R. S. ; PORTO, J. S. ; TRASSANTE, F. C. ; DOMINGUES, A. M. B. ; LINDEMANN, D. S.: AN\u00c1LISE DO CONFORTO T\u00c9RMICO DE UM SISTEMA H\u00cdBRIDO DE TROCADOR CALOR SOLO-AR E VIDROS ELETROCR\u00d4MICOS:\u00a0 <a href=\"https:\/\/www.youtube.com\/watch?v=bXikjrf74e4\">Michele Netto<\/a><\/li>\n<\/ul>\n<p><strong>3. <a href=\"https:\/\/wp.ufpel.edu.br\/dpvsa2021\/\">DPVSA<\/a><\/strong><\/p>\n<ul>\n<li>MOREIRA BEZERRA, Jo\u00e3o In\u00e1cio; MOLTER, Alexandre; VALDUGA DE ALMEIDA CAMARGO; Vin\u00edcius: HIGH PERFORMANCE MEDICAL IMAGE COMMUNICATION USING SPATIAL WATERMARKING AND SIMULTANEOUS PERMUTATION-DIFFUSION CHAOTIC ENCRYPTION:\u00a0 <a href=\"https:\/\/www.youtube.com\/watch?v=CWAKnrYsvqA\">Jo\u00e3o In\u00e1cio<\/a><\/li>\n<\/ul>\n<p>&nbsp;<\/p>\n<p>&nbsp;<\/p>\n<p><span style=\"font-size: 18pt;\">Retornar\u00a0 a p\u00e1gina principal: \u00a0<\/span><span style=\"font-size: 18pt;\"><a href=\"https:\/\/wp.ufpel.edu.br\/ppgmmat\/Videos\/\">V\u00eddeos<\/a><\/span><\/p>\n<\/div>\n","protected":false},"excerpt":{"rendered":"<p>Nesta p\u00e1gina se encontram os links para os trabalhos desenvolvidos pelos discentes e docentes do PPGMMat e seus colaboradores, submetidos para apresenta\u00e7\u00e3o em eventos online no ano de 2021, devido a pandemia de COVID-19. 1.SIIEPE UFPel PERIN, Rafael Zanovelo; QUADROS, R\u00e9gis Sperotto; AWRUCH, Armando Miguel: SIMULA\u00c7\u00c3O NUM\u00c9RICA DE ROMPIMENTO PARCIAL DA BARRAGEM SANTA B\u00c1RBARA:\u00a0 Rafael [&hellip;]<\/p>\n","protected":false},"author":458,"featured_media":0,"parent":0,"menu_order":0,"comment_status":"closed","ping_status":"closed","template":"","meta":{"jetpack_post_was_ever_published":false,"footnotes":""},"class_list":["post-3504","page","type-page","status-publish","hentry"],"jetpack_sharing_enabled":true,"jetpack_shortlink":"https:\/\/wp.me\/ParAg0-Uw","_links":{"self":[{"href":"https:\/\/wp.ufpel.edu.br\/ppgmmat\/wp-json\/wp\/v2\/pages\/3504","targetHints":{"allow":["GET"]}}],"collection":[{"href":"https:\/\/wp.ufpel.edu.br\/ppgmmat\/wp-json\/wp\/v2\/pages"}],"about":[{"href":"https:\/\/wp.ufpel.edu.br\/ppgmmat\/wp-json\/wp\/v2\/types\/page"}],"author":[{"embeddable":true,"href":"https:\/\/wp.ufpel.edu.br\/ppgmmat\/wp-json\/wp\/v2\/users\/458"}],"replies":[{"embeddable":true,"href":"https:\/\/wp.ufpel.edu.br\/ppgmmat\/wp-json\/wp\/v2\/comments?post=3504"}],"version-history":[{"count":9,"href":"https:\/\/wp.ufpel.edu.br\/ppgmmat\/wp-json\/wp\/v2\/pages\/3504\/revisions"}],"predecessor-version":[{"id":4256,"href":"https:\/\/wp.ufpel.edu.br\/ppgmmat\/wp-json\/wp\/v2\/pages\/3504\/revisions\/4256"}],"wp:attachment":[{"href":"https:\/\/wp.ufpel.edu.br\/ppgmmat\/wp-json\/wp\/v2\/media?parent=3504"}],"curies":[{"name":"wp","href":"https:\/\/api.w.org\/{rel}","templated":true}]}}