{"id":3497,"date":"2022-05-10T21:16:48","date_gmt":"2022-05-11T00:16:48","guid":{"rendered":"https:\/\/wp.ufpel.edu.br\/ppgmmat\/?page_id=3497"},"modified":"2023-12-29T17:36:28","modified_gmt":"2023-12-29T20:36:28","slug":"videos-2020-2","status":"publish","type":"page","link":"https:\/\/wp.ufpel.edu.br\/ppgmmat\/videos-2020-2\/","title":{"rendered":"videos 2020"},"content":{"rendered":"<p>Nesta p\u00e1gina se encontram os links para os trabalhos desenvolvidos pelos discentes e docentes do PPGMMat e seus colaboradores, submetidos para apresenta\u00e7\u00e3o em eventos online no ano de 2020,\u00a0 devido a pandemia de COVID-19.<\/p>\n<div class=\"entry-content clearfix\">\n<ol>\n<li><a href=\"https:\/\/wp.ufpel.edu.br\/siiepe\/\"><strong>SIIEPE UFPel<\/strong><\/a><\/li>\n<\/ol>\n<ul>\n<li>Jonathan Ribeiro da Costa, R\u00e9gis Quadros:\u00a0<a href=\"https:\/\/www.youtube.com\/watch?v=_VD_JE8VK8s&amp;feature=youtu.be\">Modelagem num\u00e9rica na obten\u00e7\u00e3o de um mecanismo reduzido do g\u00e1s dimetil \u00e9ter.<\/a><\/li>\n<li>Nat\u00e1lia Barros Schaun, Claudio Petersen, Fernanda Tumelero:\u00a0<a href=\"https:\/\/www.youtube.com\/watch?v=B4BJY15AM70&amp;feature=youtu.be\">Solu\u00e7\u00e3o do modelo da cin\u00e9tica pontual de n\u00eautrons: uma an\u00e1lise dos efeitos dos principais venenos absorvedores de n\u00eautrons no acidente de Chernobyl.<\/a><\/li>\n<li>Eduardo de S\u00e1 Bueno N\u00f3brega, Ruth Brum, Jairo Ramalho, R\u00e9gis Quadros:\u00a0<a href=\"https:\/\/www.youtube.com\/watch?v=wW_RNhBSj8w&amp;feature=youtu.be\">Comparativo entre modelos anal\u00edticos e num\u00e9ricos de simula\u00e7\u00f5es de trocadores de calor solo-ar.<\/a><\/li>\n<li>Patrick Garcia Machado, Daniela Buske, Ruth Brum:\u00a0<a href=\"https:\/\/www.youtube.com\/watch?v=7KmmQTF9tY4&amp;feature=youtu.be\">Investiga\u00e7\u00e3o do potencial t\u00e9rmico de trocadores de calor solo-ar em Pelotas \u2013 RS.<\/a><\/li>\n<li>Ana Maria Bersch Domingues, Eduardo de S\u00e1 Bueno N\u00f3brega, Ruth Brum, R\u00e9gis Quadros, Jairo Ramalho:\u00a0<a href=\"https:\/\/www.youtube.com\/watch?v=CIM5NoEzU7w&amp;feature=youtu.be\">Trocadores de calor solo-ar em Pelotas.<\/a><\/li>\n<li>Franciele da Costa Trassante, Douglas Lindemann, Jairo Ramalho, Joseane Porto:\u00a0<a href=\"https:\/\/www.youtube.com\/watch?v=qb9HEsc6gAk&amp;feature=youtu.be\">An\u00e1lise de testes estat\u00edsticos para compara\u00e7\u00e3o de dados de esta\u00e7\u00f5es meteorol\u00f3gicas e de rean\u00e1lise para um semestre em Porto Alegre.<\/a><\/li>\n<li>Lucas Lucena Ferreira, Ruth Brum:\u00a0<a href=\"https:\/\/www.youtube.com\/watch?v=5cnBQIBCM9o\">Estudo de alguns par\u00e2metros f\u00edsicos de um TCSA.<\/a><\/li>\n<li>Rafael Zanovelo Perin, R\u00e9gis Quadros, Armando Awruch:\u00a0<a href=\"https:\/\/www.youtube.com\/watch?v=GlLLdQlwNqY\">Simula\u00e7\u00e3o num\u00e9rica para sistemas de \u00e1guas rasas da cidade de Pelotas.<\/a>\u00a0<strong>Trabalho selecionado da \u00e1rea de Exatas no ENPOS<\/strong><\/li>\n<li>Silvana Barbosa Costa Garcia, Guilherme Weymar, Igor Furtado, Hugo Guedes, Daniela Buske:\u00a0<a href=\"https:\/\/www.youtube.com\/watch?v=KDbnmlxvphY&amp;feature=youtu.be\">Modelagem matem\u00e1tica para dispers\u00e3o de poluentes em um corpo h\u00eddrico.\u00a0\u00a0<\/a><strong>Trabalho selecionado da \u00e1rea Multidisciplinar no ENPOS<\/strong><\/li>\n<li>Andr\u00e9 Rickes, Josiane Konradt, Tamires Fonseca de Almeida, Guilherme Weymar, R\u00e9gis Quadros, Daniela Buske:\u00a0<a href=\"https:\/\/www.youtube.com\/watch?v=mJ8LG89lkyk&amp;t=23s\">Solu\u00e7\u00e3o do modelo matem\u00e1tico bidimensional para a dispers\u00e3o de poluentes em corpos h\u00eddricos pelo m\u00e9todo GILTT.<\/a><\/li>\n<li>Dominiki Ribas dos Santos, Gl\u00eanio Gon\u00e7alves:\u00a0<a href=\"https:\/\/www.youtube.com\/watch?v=oNMlZHDIh0o&amp;feature=youtu.be&amp;ab_channel=DominikiRibas\">Simula\u00e7\u00e3o da dispers\u00e3o de odor: um estudo de caso.<\/a><\/li>\n<li>Lucas Berna,\u00a0 Viliam Cardoso da Silveira, Lucas Tadeo, Daniela Buske:\u00a0<a href=\"https:\/\/www.youtube.com\/watch?v=aPfH8mR5tv0&amp;feature=youtu.be\">Simula\u00e7\u00e3o transiente unidimensional da dispers\u00e3o de poluentes na atmosfera, considerando o fechamento n\u00e3o local da turbul\u00eancia.\u00a0<\/a><\/li>\n<li>Gustavo Braz Kurz, R\u00e9gis Quadros, Gl\u00eanio Gon\u00e7alves, Daniela Buske:\u00a0<a href=\"https:\/\/www.youtube.com\/watch?v=Hv84LR8-lJs&amp;feature=youtu.be\">An\u00e1lise e proje\u00e7\u00e3o da COVID-19 no munic\u00edpio de Pelotas at\u00e9 26\/09\/2020.\u00a0<\/a>\u00a0<strong>Trabalho selecionado da \u00e1rea de Exatas no CIC<\/strong><\/li>\n<li>Racquel Domingues, Alexandre Molter, Leslie Fernandez: <a href=\"https:\/\/www.youtube.com\/watch?v=UV_c3ihfXhQ\">Controle de vibra\u00e7\u00f5es em uma viga usando buracos negros ac\u00fasticos e o controle LQR<\/a>. <strong>Trabalho selecionado da \u00e1rea de Engenharias III no CIC<\/strong><\/li>\n<\/ul>\n<p>&nbsp;<\/p>\n<p><strong>2.\u00a0<a href=\"https:\/\/eventos.abcm.org.br\/encit2020\/\">ENCIT<\/a><\/strong><\/p>\n<ul>\n<li>\u00a0Patrick Machado, Lucas Lucena, Ruth Brum, Daniela Buske: <a href=\"https:\/\/youtu.be\/D5QJoEcB-H0\">A study of some physical parameters of earth-air heat exchangers<\/a>.<\/li>\n<li>Rafael Perin, R\u00e9gis Quadros, Armando Awruch:\u00a0<a href=\"https:\/\/www.youtube.com\/watch?v=26krNeIfjl8\">Numerical simulation in shallow water at Santa B\u00e1rbara dam<\/a>.<\/li>\n<li>Natalia Schaun, Claudio Petersen, Fernanda Tumelero:\u00a0<a href=\"https:\/\/www.youtube.com\/watch?v=gSlOtxLSJww&amp;feature=youtu.be\">Solution of the neutrons point kinetics equations by applying the Rosenbrock method<\/a><\/li>\n<li>Ana Maria Domingues, Eduardo N\u00f3brega, Jairo Ramalho, Ruth Brum, R\u00e9gis Quadros:\u00a0<a href=\"https:\/\/www.youtube.com\/watch?v=JgzMMZGnC4s&amp;feature=youtu.be\">Towards earth-air heat exchangers in Pelotas<\/a><\/li>\n<li>Silvana Garcia, Daniela Buske, Guilherme Weymar, Igor Furtado, Hugo Guedes:\u00a0<a href=\"https:\/\/www.youtube.com\/watch?v=4WmR5wzXsK4&amp;feature=youtu.be\">Contaminant dispersion model in a water body \u2013 case study: Rio Paraibuna\u00a0\u00a0<\/a><\/li>\n<li>Camila Favero, Glenio Gon\u00e7alves, Daniela Buske:\u00a0<a href=\"https:\/\/youtu.be\/--45TE1R87w\">A segment plume model considering stochastic velocities for dispersion in stable low wind conditions<\/a><\/li>\n<\/ul>\n<p>&nbsp;<\/p>\n<p><strong>3.\u00a0<a href=\"https:\/\/www.ufrgs.br\/ermacrs2020\/\">ERMAC RS<\/a><\/strong><\/p>\n<ul>\n<li>Gesi\u00e9le Rosa, Arlan Ferreira, Alexandre Molter, Gustavo Souza: <a href=\"https:\/\/youtu.be\/_11Q6Mj_Ev0\">Um modelo matem\u00e1tico de sinais el\u00e9tricos em plantas usando circuito el\u00e9trico equivalente<\/a><\/li>\n<li>Tatiane Weimann, Racquel Domingues, Alexandre Molter: <a href=\"https:\/\/www.youtube.com\/watch?v=fG2AUrPEVIY\">Controle de vibra\u00e7\u00f5es em uma viga usando buracos negros ac\u00fasticos e o controle LQR<\/a><\/li>\n<li>Evanildo Franco de Jesus, Daniela Buske, R\u00e9gis Quadros:\u00a0<a href=\"https:\/\/www.youtube.com\/watch?v=GDwbxfoktCE&amp;feature=youtu.be\">Simula\u00e7\u00e3o num\u00e9rica de chamas difusivas de hidrog\u00eanio utilizando o mhttps:\/\/youtu.be\/Sc66uF2yHPk\u00e9todo LES<\/a><\/li>\n<li>Leandro Mesquita, Michele Netto, Ruth Brum, Joseane Porto:\u00a0<a href=\"https:\/\/www.youtube.com\/watch?v=o8RKfJh-tk4&amp;feature=youtu.be\">Simula\u00e7\u00e3o computacional do desempenho t\u00e9rmico de edifica\u00e7\u00f5es<\/a><\/li>\n<li>Patrick Machado, Ruth Brum, Daniela Buske:\u00a0<a href=\"https:\/\/youtu.be\/78p1Zv7bSdI\">Modelo transiente para avalia\u00e7\u00e3o do potencial t\u00e9rmico de trocadores de calor solo-ar<\/a>.<\/li>\n<li>Eduardo N\u00f3brega, Ana Domingues, Juliana Costi, Ruth Brum, Jairo Ramalho, R\u00e9gis Quadros:\u00a0<a href=\"https:\/\/www.youtube.com\/watch?v=CVAn2yfA4io&amp;feature=youtu.be\">Determina\u00e7\u00e3o da temperatura do ar na entrada de trocadores de calor solo-ar via dados de esta\u00e7\u00e3o agroclimatol\u00f3gica e rean\u00e1lise\u00a0<\/a><\/li>\n<li>Lucas Tadeo, Viliam Silveira, Lucas Berna, Daniela Buske:\u00a0\u00a0<a href=\"https:\/\/youtu.be\/NFgwK5uDZ2s\">Simula\u00e7\u00e3o transiente unidimensional da dispers\u00e3o de poluentes na atmosfera, considerando o fechamento n\u00e3o local da turbul\u00eancia e a componente w do vento<\/a><\/li>\n<li>Tamires Almeida, Andr\u00e9 Rickes, Josiane Konradt, Silvana Garcia, Guilherme Weymar, Igor Furtado, R\u00e9gis Quadros, Daniela Buske:\u00a0<a href=\"https:\/\/youtu.be\/MosWcz0gHRg\">O m\u00e9todo GILTT aplicado na solu\u00e7\u00e3o do modelo matem\u00e1tico bidimensional para a dispers\u00e3o de poluentes em corpos h\u00eddricos<\/a><\/li>\n<li>Rafael Perin, R\u00e9gis Quadros:\u00a0<a href=\"https:\/\/www.youtube.com\/watch?v=JPNdcJZuLow\">Modelagem da dispers\u00e3o de merc\u00fario em ambientes aqu\u00e1ticos<\/a><\/li>\n<li>Dominki Ribas, Gl\u00eanio Gon\u00e7alves:\u00a0<a href=\"https:\/\/youtu.be\/VVwQxEu4_cU\">Dispers\u00e3o de odor em vento fraco com presen\u00e7a de meandros<\/a><\/li>\n<li>Otavio Feitosa, Emily Ramos, Thamires Silva, Leonardo Aguiar, Fabr\u00edcio Harter:\u00a0<a href=\"https:\/\/youtu.be\/Z3vUZX3GzD4\">Impacto da assimila\u00e7\u00e3o de dados em um caso de ciclog\u00eanese explosiva<\/a><\/li>\n<li>Lucas Marten, Francieli Jorge, Karin Marques, Fabricio Harter:\u00a0<a href=\"https:\/\/www.youtube.com\/watch?v=ciG39y_lj9E\">Simula\u00e7\u00e3o de um caso de ciclog\u00eanese explosiva no sul do Brasil, pelo modelo WRF inicializado por filtro digital com assimila\u00e7\u00e3o variacional<\/a><\/li>\n<li>Leonardo Alves, Willian Barros, Fabricio Harter:<a href=\"https:\/\/youtu.be\/fCTP8LnNmmA\">\u00a0Impacto da assimila\u00e7\u00e3o de dados de sondagem e radi\u00e2ncias em evento de ciclog\u00eanese<\/a><\/li>\n<li>Fernanda Tumelero, Viliam Silveira, Guilherme Weymar, Daniela Buske, Regis Quadros, Gl\u00eanio Gon\u00e7alves, Alexandre Athayde, Luciana Piovesan, Igor Furtado:\u00a0<a href=\"https:\/\/www.youtube.com\/watch?v=XemV275f-h8&amp;feature=youtu.be\">Simula\u00e7\u00e3o para uma trajet\u00f3ria da nuvem de gafanhotos na Argentina em 2020<\/a><\/li>\n<li>Letiane Mielke, Lisanda Pitol, Daniela Buske, Alexandre Athayde, Luciana Piovesan, Gl\u00eanio Gon\u00e7alves, R\u00e9gis Quadros:\u00a0<a href=\"https:\/\/www.youtube.com\/watch?v=CjUaA3v_bss&amp;feature=youtu.be\">COVID-19 no RS: Uma an\u00e1lise da influ\u00eancia do n\u00famero de reprodu\u00e7\u00e3o di\u00e1rio<\/a><\/li>\n<li>Thiago Santos, Bianca Cata Preta, Luisa Echeverry, Anaclaudia Fassa, Bruno Nunes, In\u00e1cio Crochemore-Silva, Tiago Collares, Regis Quadros, Gl\u00eanio Gon\u00e7alves, Tiago Gandra, Daniela Buske:\u00a0<a href=\"https:\/\/youtu.be\/Uim6cQXNg-Y\">Leitos hospitalares para COVID-19: necessidade estimada por modelo epidemiol\u00f3gico SEIR adaptado para Pelotas\u00a0<\/a><\/li>\n<li>Daniela Buske, R\u00e9gis Quadros, Gl\u00eanio Gon\u00e7alves, Gustavo Kurz:\u00a0<a href=\"https:\/\/www.youtube.com\/watch?v=FIuArKckrg8&amp;feature=youtu.be&amp;ab_channel=gustavokurz\">Uma an\u00e1lise da pandemia de COVID-19 em Pelotas \/ RS<\/a><\/li>\n<li>Gustavo Kurz, Daniela Buske, Gl\u00eanio Gon\u00e7alves, R\u00e9gis Quadros:\u00a0<a href=\"https:\/\/www.youtube.com\/watch?v=L79wirwSC4c&amp;feature=youtu.be&amp;ab_channel=gustavokurz\">An\u00e1lise do n\u00famero de casos e \u00f3bitos por COVID-19 para os munic\u00edpios da 3\u00aa Coordenadoria Regional de Sa\u00fade do estado do Rio Grande do Sul<\/a><\/li>\n<\/ul>\n<p>&nbsp;<\/p>\n<p><span style=\"font-size: 18pt;\">Retornar\u00a0 a p\u00e1gina principal: \u00a0<\/span><span style=\"font-size: 18pt;\"><a href=\"https:\/\/wp.ufpel.edu.br\/ppgmmat\/Videos\/\">V\u00eddeos<\/a>\u00a0<\/span><\/p>\n<\/div>\n","protected":false},"excerpt":{"rendered":"<p>Nesta p\u00e1gina se encontram os links para os trabalhos desenvolvidos pelos discentes e docentes do PPGMMat e seus colaboradores, submetidos para apresenta\u00e7\u00e3o em eventos online no ano de 2020,\u00a0 devido a pandemia de COVID-19. SIIEPE UFPel Jonathan Ribeiro da Costa, R\u00e9gis Quadros:\u00a0Modelagem num\u00e9rica na obten\u00e7\u00e3o de um mecanismo reduzido do g\u00e1s dimetil \u00e9ter. Nat\u00e1lia Barros [&hellip;]<\/p>\n","protected":false},"author":458,"featured_media":0,"parent":0,"menu_order":0,"comment_status":"closed","ping_status":"closed","template":"","meta":{"jetpack_post_was_ever_published":false,"footnotes":""},"class_list":["post-3497","page","type-page","status-publish","hentry"],"jetpack_sharing_enabled":true,"jetpack_shortlink":"https:\/\/wp.me\/ParAg0-Up","_links":{"self":[{"href":"https:\/\/wp.ufpel.edu.br\/ppgmmat\/wp-json\/wp\/v2\/pages\/3497","targetHints":{"allow":["GET"]}}],"collection":[{"href":"https:\/\/wp.ufpel.edu.br\/ppgmmat\/wp-json\/wp\/v2\/pages"}],"about":[{"href":"https:\/\/wp.ufpel.edu.br\/ppgmmat\/wp-json\/wp\/v2\/types\/page"}],"author":[{"embeddable":true,"href":"https:\/\/wp.ufpel.edu.br\/ppgmmat\/wp-json\/wp\/v2\/users\/458"}],"replies":[{"embeddable":true,"href":"https:\/\/wp.ufpel.edu.br\/ppgmmat\/wp-json\/wp\/v2\/comments?post=3497"}],"version-history":[{"count":4,"href":"https:\/\/wp.ufpel.edu.br\/ppgmmat\/wp-json\/wp\/v2\/pages\/3497\/revisions"}],"predecessor-version":[{"id":4257,"href":"https:\/\/wp.ufpel.edu.br\/ppgmmat\/wp-json\/wp\/v2\/pages\/3497\/revisions\/4257"}],"wp:attachment":[{"href":"https:\/\/wp.ufpel.edu.br\/ppgmmat\/wp-json\/wp\/v2\/media?parent=3497"}],"curies":[{"name":"wp","href":"https:\/\/api.w.org\/{rel}","templated":true}]}}