{"id":3310,"date":"2022-01-12T09:39:39","date_gmt":"2022-01-12T12:39:39","guid":{"rendered":"https:\/\/wp.ufpel.edu.br\/ppgmmat\/?page_id=3310"},"modified":"2024-07-31T11:53:09","modified_gmt":"2024-07-31T14:53:09","slug":"2022-2","status":"publish","type":"page","link":"https:\/\/wp.ufpel.edu.br\/ppgmmat\/2022-2\/","title":{"rendered":"DISSERTA\u00c7\u00d5ES APRESENTADAS EM 2022"},"content":{"rendered":"<p>Neste link voc\u00ea poder\u00e1 encontrar a rela\u00e7\u00e3o de todas as disserta\u00e7\u00f5es apresentadas ao Programa de P\u00f3s-Gradua\u00e7\u00e3o em Modelagem Matem\u00e1tica da UFPel.<\/p>\n<p>&nbsp;<\/p>\n<p>40) <strong>Marcos Rafael Burl\u00f3n<\/strong>: An\u00e1lises param\u00e9tricas de trocadores de calor solo-ar acoplados a estruturas galvanizadas. Defesa: 23\/02\/2022. \u00a0 <a href=\"https:\/\/wp.ufpel.edu.br\/ppgmmat\/files\/2022\/05\/Dissertacao-Marcos-Rafael.pdf\">Marcos Rafael<\/a><\/p>\n<p>41) <strong>Michele Soares Netto<\/strong>: Modelagem e simula\u00e7\u00e3o termoenerg\u00e9tica de um sistema h\u00edbrido de trocador de calor solo-ar e dispositivos eletrocr\u00f4micos. Defesa: 02\/03\/2022.\u00a0 <a href=\"https:\/\/wp.ufpel.edu.br\/ppgmmat\/files\/2023\/03\/6.Dissertacao_Michele_Netto.pdf\">Michele_Netto<\/a><\/p>\n<p>42) <strong>Nibia Raquel Navarro Pastor<\/strong>: An\u00e1lise de desempenho de trocadores de calor solo-ar aletados. Defesa: 04\/03\/2022. \u00a0 <a href=\"https:\/\/wp.ufpel.edu.br\/ppgmmat\/files\/2022\/05\/Dissertacao-Nibia.pdf\">Nibia Navarro<\/a><\/p>\n<p>43) <strong>Anderson Donay Martins<\/strong>: An\u00e1lise de vibra\u00e7\u00f5es em estruturas otimizadas com materiais piezel\u00e9tricos. Defesa: 09\/03\/2022.\u00a0 \u00a0<a href=\"https:\/\/wp.ufpel.edu.br\/ppgmmat\/files\/2023\/03\/AndersonDonayMartins-dissertacao.pdf\">Anderson Martins<\/a><\/p>\n<p>44) <strong>Tatiane Weimann<\/strong>: Controle de vibra\u00e7\u00f5es em vigas usando o efeito de buracos negros ac\u00fasticos e atuadores piezel\u00e9tricos. Defesa: 27\/04\/2022. <a href=\"https:\/\/wp.ufpel.edu.br\/ppgmmat\/files\/2023\/03\/Dissertacao_Tatiane.pdf\">Tatiane Weimann<\/a><\/p>\n<p>45) <strong>Patrick\u00a0 Garcia Machado<\/strong>: Design construtal de trocadores de calor solo-ar utilizando modelagem anal\u00edtica transiente. Defesa: 19\/08\/2022. \u00a0<a href=\"https:\/\/wp.ufpel.edu.br\/ppgmmat\/files\/2023\/03\/Dissertacao_Patrick-Garcia-Machado.pdf\">Patrick Machado<\/a><\/p>\n<p>46) <strong>P\u00e9tra Thal\u00eda de Toni<\/strong>: Transfer\u00eancia de calor em um silo armazenador de arroz: uma abordagem pelo m\u00e9todo expl\u00edcito das diferen\u00e7as finitas para dois modelos transientes unidimensional e bidimensional. Defesa: 13\/12\/2022. <a href=\"https:\/\/wp.ufpel.edu.br\/ppgmmat\/files\/2023\/03\/6.-Dissertacao-final-Petra-De-Toni.pdf\">P\u00e9tra De Toni<\/a><\/p>\n<p>47) <strong>Lisandra Pitol: <\/strong>Um modelo epidemiol\u00f3gico para o estudo da Febre Amarela com intera\u00e7\u00e3o entre ciclos urbano-silvestre.\u00a0 Defesa: 09\/12\/2022. <a href=\"https:\/\/wp.ufpel.edu.br\/ppgmmat\/files\/2023\/03\/Dissertacao-Lisandra.pdf\">Lisandra Pitol<\/a><\/p>\n<p>48) <strong>Viliam Cardoso da Silveira<\/strong>: Simula\u00e7\u00e3o tridimensional da dispers\u00e3o de poluentes considerando o fechamento n\u00e3o local da turbul\u00eancia. Defesa: 15\/12\/2022.\u00a0 <a href=\"https:\/\/wp.ufpel.edu.br\/ppgmmat\/files\/2023\/03\/A6.pdf\">Viliam Cardoso<\/a><\/p>\n<p style=\"text-align: center;\"><span style=\"font-family: 'times new roman', times, serif;\"><span style=\"font-size: 18pt;\"><a href=\"https:\/\/wp.ufpel.edu.br\/ppgmmat\/dissertacoes\">Voltar a p\u00e1gina inicial<\/a>\u00a0<\/span><\/span><\/p>\n","protected":false},"excerpt":{"rendered":"<p>Neste link voc\u00ea poder\u00e1 encontrar a rela\u00e7\u00e3o de todas as disserta\u00e7\u00f5es apresentadas ao Programa de P\u00f3s-Gradua\u00e7\u00e3o em Modelagem Matem\u00e1tica da UFPel. &nbsp; 40) Marcos Rafael Burl\u00f3n: An\u00e1lises param\u00e9tricas de trocadores de calor solo-ar acoplados a estruturas galvanizadas. Defesa: 23\/02\/2022. \u00a0 Marcos Rafael 41) Michele Soares Netto: Modelagem e simula\u00e7\u00e3o termoenerg\u00e9tica de um sistema h\u00edbrido de [&hellip;]<\/p>\n","protected":false},"author":458,"featured_media":0,"parent":0,"menu_order":0,"comment_status":"closed","ping_status":"closed","template":"","meta":{"jetpack_post_was_ever_published":false,"footnotes":""},"class_list":["post-3310","page","type-page","status-publish","hentry"],"jetpack_sharing_enabled":true,"jetpack_shortlink":"https:\/\/wp.me\/ParAg0-Ro","_links":{"self":[{"href":"https:\/\/wp.ufpel.edu.br\/ppgmmat\/wp-json\/wp\/v2\/pages\/3310","targetHints":{"allow":["GET"]}}],"collection":[{"href":"https:\/\/wp.ufpel.edu.br\/ppgmmat\/wp-json\/wp\/v2\/pages"}],"about":[{"href":"https:\/\/wp.ufpel.edu.br\/ppgmmat\/wp-json\/wp\/v2\/types\/page"}],"author":[{"embeddable":true,"href":"https:\/\/wp.ufpel.edu.br\/ppgmmat\/wp-json\/wp\/v2\/users\/458"}],"replies":[{"embeddable":true,"href":"https:\/\/wp.ufpel.edu.br\/ppgmmat\/wp-json\/wp\/v2\/comments?post=3310"}],"version-history":[{"count":25,"href":"https:\/\/wp.ufpel.edu.br\/ppgmmat\/wp-json\/wp\/v2\/pages\/3310\/revisions"}],"predecessor-version":[{"id":4509,"href":"https:\/\/wp.ufpel.edu.br\/ppgmmat\/wp-json\/wp\/v2\/pages\/3310\/revisions\/4509"}],"wp:attachment":[{"href":"https:\/\/wp.ufpel.edu.br\/ppgmmat\/wp-json\/wp\/v2\/media?parent=3310"}],"curies":[{"name":"wp","href":"https:\/\/api.w.org\/{rel}","templated":true}]}}