{"id":2824,"date":"2020-03-13T22:26:02","date_gmt":"2020-03-14T01:26:02","guid":{"rendered":"https:\/\/wp.ufpel.edu.br\/ppgmmat\/?page_id=2824"},"modified":"2022-05-11T14:01:34","modified_gmt":"2022-05-11T17:01:34","slug":"2020-2","status":"publish","type":"page","link":"https:\/\/wp.ufpel.edu.br\/ppgmmat\/2020-2\/","title":{"rendered":"DISSERTA\u00c7\u00d5ES APRESENTADAS EM 2020"},"content":{"rendered":"<p>Neste link voc\u00ea poder\u00e1 encontrar a rela\u00e7\u00e3o de todas as disserta\u00e7\u00f5es apresentadas ao Programa de P\u00f3s-Gradua\u00e7\u00e3o em Modelagem Matem\u00e1tica da UFPel.<\/p>\n<p>&nbsp;<\/p>\n<hr \/>\n<p>33) <strong>Eduardo de S\u00e1 Bueno N\u00f3brega: <\/strong>An\u00e1lise anal\u00edtica do potencial t\u00e9rmico de trocadores de calor solo-ar em Pelotas. Defesa: 21\/12\/2020. <a href=\"https:\/\/wp.ufpel.edu.br\/ppgmmat\/files\/2021\/08\/Dissertacao_EduardoNobrega.pdf\">Eduardo <\/a><a href=\"https:\/\/wp.ufpel.edu.br\/ppgmmat\/files\/2021\/08\/Dissertacao_EduardoNobrega.pdf\">Nobrega<\/a><\/p>\n<p>32) <strong>Gesi\u00e9le Santos da Rosa:<\/strong> Modelagem matem\u00e1tica de circuitos el\u00e9tricos equivalentes em plantas. Defesa: 23\/12\/2020. <a href=\"https:\/\/wp.ufpel.edu.br\/ppgmmat\/files\/2021\/08\/Dissertacao_Gesiele.pdf\">Gesiele Rosa<\/a><\/p>\n<p>31) <strong>Camila F\u00e1vero: <\/strong>\u00a0Efeitos estoc\u00e1sticos do meandro na dispers\u00e3o de poluentes na dispers\u00e3o de poluentes na camada limite planet\u00e1ria em condi\u00e7\u00f5es de vento fraco. Defesa: 03\/10\/2020. <a href=\"https:\/\/wp.ufpel.edu.br\/ppgmmat\/files\/2021\/07\/Dissertacaohomologar.pdf\">Camila Favero<\/a><\/p>\n<p>30)<strong> Larissa Nunes Meirelles da Luz: <\/strong>Homogeneiza\u00e7\u00e3o assint\u00f3tica de meios microperi\u00f3dicos unidimensionais com diferentes condi\u00e7\u00f5es de contato. Defesa:11\/10\/2020. <a href=\"https:\/\/wp.ufpel.edu.br\/ppgmmat\/files\/2021\/01\/Dissertacao-LarissaLuz.pdf\">Larissa Luz<\/a><\/p>\n<p>29) <strong>N\u00edvea Maria Barreto Nunes Oleques: <\/strong>Estimativa do campo de vento em alta resolu\u00e7\u00e3o com assimila\u00e7\u00e3o h\u00edbrida por En4DVAR para estimativa de energia e\u00f3lica. Defesa: 06\/04\/2020. <a href=\"https:\/\/wp.ufpel.edu.br\/ppgmmat\/files\/2021\/01\/Dissertacao-NiveaOleques.pdf\">N\u00edvea Oleques<\/a><\/p>\n<p>28) <strong>C\u00e9sar Magno Leite de Oliveira Junior: <\/strong>Estimativa do campo de vento em alta resolu\u00e7\u00e3o com assimila\u00e7\u00e3o h\u00edbrida ETKF- 3DVAR para estimativa de energia e\u00f3lica. Defesa: 04\/04\/2020. <a href=\"https:\/\/wp.ufpel.edu.br\/ppgmmat\/files\/2021\/01\/Dissertacao-CesarMagno.pdf\">Cesar Magno<\/a><\/p>\n<p>27) <strong>Evanildo Franco de Jesus: <\/strong>Simula\u00e7\u00e3o num\u00e9rica de chamas difusivas de hidrog\u00eanio. Defesa: 29\/03\/2020<a href=\"https:\/\/wp.ufpel.edu.br\/ppgmmat\/files\/2021\/01\/Dissertacao-EvanildoFrancoDeJesus.pdf\">. Evanildo Franco De Jesus<\/a><\/p>\n<p>26) <strong>Danieli Morales de Lima Martins: <\/strong>Desenvolvimento de mecanismo reduzido para modelagem num\u00e9rica de esp\u00e9cies qu\u00edmicas na combust\u00e3o do etanol. Defesa: 27\/03\/2020. \u00a0<a href=\"https:\/\/wp.ufpel.edu.br\/ppgmmat\/files\/2021\/01\/Dissertacao-DanieliMartins.pdf\">Danieli Martins<\/a><\/p>\n<p>25) <strong>Leticia Machado Kaufmann:\u00a0<\/strong>An\u00e1lise num\u00e9rica de um mecanismo na combust\u00e3o do metanol. Defesa: 24\/03\/2020. <a href=\"https:\/\/wp.ufpel.edu.br\/ppgmmat\/files\/2021\/01\/dissertacao-LeticiaMachadoKaufmann.pdf\">Leticia Machado Kaufmann<\/a><\/p>\n<p>24) <strong>No\u00e9 Franco de Jesus: <\/strong>Solu\u00e7\u00e3o das equa\u00e7\u00f5es da cin\u00e9tica pontual de n\u00eautrons pelo m\u00e9todo de aproxima\u00e7\u00e3o de Pad\u00e9. Defesa: 13\/03\/2020<br \/>\n<a href=\"https:\/\/wp.ufpel.edu.br\/ppgmmat\/files\/2021\/01\/Noe_Franco_de_Jesus.pdf\">Noe_Franco_de_Jesus<\/a><\/p>\n<p style=\"text-align: center;\"><span style=\"font-family: 'times new roman', times, serif;\"><span style=\"font-size: 18pt;\"> <a href=\"https:\/\/wp.ufpel.edu.br\/ppgmmat\/dissertacoes\">Voltar a p\u00e1gina inicial<\/a>\u00a0<\/span><\/span><\/p>\n","protected":false},"excerpt":{"rendered":"<p>Neste link voc\u00ea poder\u00e1 encontrar a rela\u00e7\u00e3o de todas as disserta\u00e7\u00f5es apresentadas ao Programa de P\u00f3s-Gradua\u00e7\u00e3o em Modelagem Matem\u00e1tica da UFPel. &nbsp; 33) Eduardo de S\u00e1 Bueno N\u00f3brega: An\u00e1lise anal\u00edtica do potencial t\u00e9rmico de trocadores de calor solo-ar em Pelotas. Defesa: 21\/12\/2020. Eduardo Nobrega 32) Gesi\u00e9le Santos da Rosa: Modelagem matem\u00e1tica de circuitos el\u00e9tricos equivalentes [&hellip;]<\/p>\n","protected":false},"author":458,"featured_media":0,"parent":0,"menu_order":0,"comment_status":"closed","ping_status":"closed","template":"","meta":{"jetpack_post_was_ever_published":false,"footnotes":""},"class_list":["post-2824","page","type-page","status-publish","hentry"],"jetpack_sharing_enabled":true,"jetpack_shortlink":"https:\/\/wp.me\/ParAg0-Jy","_links":{"self":[{"href":"https:\/\/wp.ufpel.edu.br\/ppgmmat\/wp-json\/wp\/v2\/pages\/2824","targetHints":{"allow":["GET"]}}],"collection":[{"href":"https:\/\/wp.ufpel.edu.br\/ppgmmat\/wp-json\/wp\/v2\/pages"}],"about":[{"href":"https:\/\/wp.ufpel.edu.br\/ppgmmat\/wp-json\/wp\/v2\/types\/page"}],"author":[{"embeddable":true,"href":"https:\/\/wp.ufpel.edu.br\/ppgmmat\/wp-json\/wp\/v2\/users\/458"}],"replies":[{"embeddable":true,"href":"https:\/\/wp.ufpel.edu.br\/ppgmmat\/wp-json\/wp\/v2\/comments?post=2824"}],"version-history":[{"count":11,"href":"https:\/\/wp.ufpel.edu.br\/ppgmmat\/wp-json\/wp\/v2\/pages\/2824\/revisions"}],"predecessor-version":[{"id":3525,"href":"https:\/\/wp.ufpel.edu.br\/ppgmmat\/wp-json\/wp\/v2\/pages\/2824\/revisions\/3525"}],"wp:attachment":[{"href":"https:\/\/wp.ufpel.edu.br\/ppgmmat\/wp-json\/wp\/v2\/media?parent=2824"}],"curies":[{"name":"wp","href":"https:\/\/api.w.org\/{rel}","templated":true}]}}