{"id":2592,"date":"2019-06-27T17:10:49","date_gmt":"2019-06-27T20:10:49","guid":{"rendered":"https:\/\/wp.ufpel.edu.br\/ppgmmat\/?page_id=2592"},"modified":"2022-05-11T14:07:27","modified_gmt":"2022-05-11T17:07:27","slug":"2019-2","status":"publish","type":"page","link":"https:\/\/wp.ufpel.edu.br\/ppgmmat\/2019-2\/","title":{"rendered":"DISSERTA\u00c7\u00d5ES APRESENTADAS EM 2019"},"content":{"rendered":"<p>Neste link voc\u00ea poder\u00e1 encontrar a rela\u00e7\u00e3o de todas as disserta\u00e7\u00f5es apresentadas ao Programa de P\u00f3s-Gradua\u00e7\u00e3o em Modelagem Matem\u00e1tica da UFPel.<\/p>\n<p>&nbsp;<\/p>\n<p>23) <strong>Roberto Martins da Silva D\u00e9cio Jr: <\/strong>Homogeneiza\u00e7\u00e3o Matem\u00e1tica de Meios Unidimensionais Microperi\u00f3dicos Lineares e N\u00e3o Lineares. Defesa: 23\/04\/2019<br \/>\n<a href=\"https:\/\/wp.ufpel.edu.br\/ppgmmat\/files\/2019\/09\/Roberto_Decio_PPGMMat.pdf\">Roberto_Decio<\/a><\/p>\n<p>22) <b>Amanda Mallue Ferreira:\u00a0 <\/b>\u00a0Homogeneiza\u00e7\u00e3o Assint\u00f3tica com transformada de Laplace na modelagem de meios microperi\u00f3dicos. Defesa: 25\/04\/2019<br \/>\n<a href=\"https:\/\/wp.ufpel.edu.br\/ppgmmat\/files\/2019\/06\/Amanda-Mall\u00fce-Ferreira.pdf\"> Amanda Mall\u00fce Ferreira<\/a><\/p>\n<p style=\"text-align: center;\"><span style=\"font-family: 'times new roman', times, serif;\"><span style=\"font-size: 18pt;\"> <a href=\"https:\/\/wp.ufpel.edu.br\/ppgmmat\/dissertacoes\">Voltar a p\u00e1gina inicial<\/a>\u00a0<\/span><\/span><\/p>\n","protected":false},"excerpt":{"rendered":"<p>Neste link voc\u00ea poder\u00e1 encontrar a rela\u00e7\u00e3o de todas as disserta\u00e7\u00f5es apresentadas ao Programa de P\u00f3s-Gradua\u00e7\u00e3o em Modelagem Matem\u00e1tica da UFPel. &nbsp; 23) Roberto Martins da Silva D\u00e9cio Jr: Homogeneiza\u00e7\u00e3o Matem\u00e1tica de Meios Unidimensionais Microperi\u00f3dicos Lineares e N\u00e3o Lineares. Defesa: 23\/04\/2019 Roberto_Decio 22) Amanda Mallue Ferreira:\u00a0 \u00a0Homogeneiza\u00e7\u00e3o Assint\u00f3tica com transformada de Laplace na modelagem de [&hellip;]<\/p>\n","protected":false},"author":458,"featured_media":0,"parent":0,"menu_order":0,"comment_status":"closed","ping_status":"closed","template":"","meta":{"jetpack_post_was_ever_published":false,"footnotes":""},"class_list":["post-2592","page","type-page","status-publish","hentry"],"jetpack_sharing_enabled":true,"jetpack_shortlink":"https:\/\/wp.me\/ParAg0-FO","_links":{"self":[{"href":"https:\/\/wp.ufpel.edu.br\/ppgmmat\/wp-json\/wp\/v2\/pages\/2592","targetHints":{"allow":["GET"]}}],"collection":[{"href":"https:\/\/wp.ufpel.edu.br\/ppgmmat\/wp-json\/wp\/v2\/pages"}],"about":[{"href":"https:\/\/wp.ufpel.edu.br\/ppgmmat\/wp-json\/wp\/v2\/types\/page"}],"author":[{"embeddable":true,"href":"https:\/\/wp.ufpel.edu.br\/ppgmmat\/wp-json\/wp\/v2\/users\/458"}],"replies":[{"embeddable":true,"href":"https:\/\/wp.ufpel.edu.br\/ppgmmat\/wp-json\/wp\/v2\/comments?post=2592"}],"version-history":[{"count":14,"href":"https:\/\/wp.ufpel.edu.br\/ppgmmat\/wp-json\/wp\/v2\/pages\/2592\/revisions"}],"predecessor-version":[{"id":3532,"href":"https:\/\/wp.ufpel.edu.br\/ppgmmat\/wp-json\/wp\/v2\/pages\/2592\/revisions\/3532"}],"wp:attachment":[{"href":"https:\/\/wp.ufpel.edu.br\/ppgmmat\/wp-json\/wp\/v2\/media?parent=2592"}],"curies":[{"name":"wp","href":"https:\/\/api.w.org\/{rel}","templated":true}]}}