{"id":2254,"date":"2018-11-08T01:07:59","date_gmt":"2018-11-08T03:07:59","guid":{"rendered":"https:\/\/wp.ufpel.edu.br\/ppgmmat\/?page_id=2254"},"modified":"2022-05-11T14:06:43","modified_gmt":"2022-05-11T17:06:43","slug":"2016-2","status":"publish","type":"page","link":"https:\/\/wp.ufpel.edu.br\/ppgmmat\/2016-2\/","title":{"rendered":"DISSERTA\u00c7\u00d5ES APRESENTADAS EM 2016"},"content":{"rendered":"<p>Neste link voc\u00ea poder\u00e1 encontrar a rela\u00e7\u00e3o de todas as disserta\u00e7\u00f5es apresentadas ao Programa de P\u00f3s-Gradua\u00e7\u00e3o em Modelagem Matem\u00e1tica da UFPel.<\/p>\n<p>&nbsp;<\/p>\n<p style=\"text-align: justify;\">10) <strong>Luana Lazzari:<\/strong> Solu\u00e7\u00e3o da Equa\u00e7\u00e3o de Transporte de N\u00eautrons para um Cilindro de Comprimento Infinito com Espalhamento Anisotr\u00f3pico.<br \/>\n<a href=\"https:\/\/wp.ufpel.edu.br\/ppgmmat\/files\/2016\/04\/Luana_Lazzari_PPGMMat.pdf\">Luana_Lazzari_PPGMMat<\/a><\/p>\n<p style=\"text-align: justify;\">9) <strong>Larri Silveira Pereira:<\/strong> Assimila\u00e7\u00e3o de Dados na Estimativa de Concentra\u00e7\u00e3o de Poluentes Atmosf\u00e9ricos.<br \/>\n<a href=\"https:\/\/wp.ufpel.edu.br\/ppgmmat\/files\/2016\/04\/Larri_Pereira_PPGMMat.pdf\">Larri_Pereira_PPGMMat<\/a><\/p>\n<p style=\"text-align: justify;\">8) <strong>Marcos Pinheiro de Lima:<\/strong> Homogeneiza\u00e7\u00e3o matem\u00e1tica de meios micro-heterog\u00eaneos com estrutura peri\u00f3dica.<br \/>\n<a href=\"https:\/\/wp.ufpel.edu.br\/ppgmmat\/files\/2016\/04\/Marcos_Lima_PPGMMat.pdf\">Marcos_Lima_PPGMMat<\/a><\/p>\n<p style=\"text-align: justify;\">7) <strong>Karine Rui:<\/strong> Influ\u00eancia da Velocidade de Deposi\u00e7\u00e3o no Solo na Modelagem Multidimensional da Dispers\u00e3o de Poluentes Atmosf\u00e9ricos.<br \/>\n<a href=\"https:\/\/wp.ufpel.edu.br\/ppgmmat\/files\/2016\/04\/Karine_Rui_PPGMMat.pdf\">Karine_Rui_PPGMMat<\/a><\/p>\n<p style=\"text-align: justify;\">6) <strong>Daniela Della Chiesa:<\/strong> Otimiza\u00e7\u00e3o Topol\u00f3gica Aplicada em um Bra\u00e7o Rob\u00f3tico Flex\u00edvel.<br \/>\n<a href=\"https:\/\/wp.ufpel.edu.br\/ppgmmat\/files\/2016\/04\/Daniela_Chiesa_PPGMMat.pdf\">Daniela_Chiesa_PPGMMat<\/a><\/p>\n<p style=\"text-align: center;\"><span style=\"font-family: 'times new roman', times, serif;\"><span style=\"font-size: 18pt;\"> <a href=\"https:\/\/wp.ufpel.edu.br\/ppgmmat\/dissertacoes\">Voltar a p\u00e1gina inicial<\/a>\u00a0<\/span><\/span><\/p>\n<p style=\"text-align: justify;\">\n","protected":false},"excerpt":{"rendered":"<p>Neste link voc\u00ea poder\u00e1 encontrar a rela\u00e7\u00e3o de todas as disserta\u00e7\u00f5es apresentadas ao Programa de P\u00f3s-Gradua\u00e7\u00e3o em Modelagem Matem\u00e1tica da UFPel. &nbsp; 10) Luana Lazzari: Solu\u00e7\u00e3o da Equa\u00e7\u00e3o de Transporte de N\u00eautrons para um Cilindro de Comprimento Infinito com Espalhamento Anisotr\u00f3pico. Luana_Lazzari_PPGMMat 9) Larri Silveira Pereira: Assimila\u00e7\u00e3o de Dados na Estimativa de Concentra\u00e7\u00e3o de Poluentes [&hellip;]<\/p>\n","protected":false},"author":458,"featured_media":0,"parent":0,"menu_order":0,"comment_status":"closed","ping_status":"closed","template":"","meta":{"jetpack_post_was_ever_published":false,"footnotes":""},"class_list":["post-2254","page","type-page","status-publish","hentry"],"jetpack_sharing_enabled":true,"jetpack_shortlink":"https:\/\/wp.me\/ParAg0-Am","_links":{"self":[{"href":"https:\/\/wp.ufpel.edu.br\/ppgmmat\/wp-json\/wp\/v2\/pages\/2254","targetHints":{"allow":["GET"]}}],"collection":[{"href":"https:\/\/wp.ufpel.edu.br\/ppgmmat\/wp-json\/wp\/v2\/pages"}],"about":[{"href":"https:\/\/wp.ufpel.edu.br\/ppgmmat\/wp-json\/wp\/v2\/types\/page"}],"author":[{"embeddable":true,"href":"https:\/\/wp.ufpel.edu.br\/ppgmmat\/wp-json\/wp\/v2\/users\/458"}],"replies":[{"embeddable":true,"href":"https:\/\/wp.ufpel.edu.br\/ppgmmat\/wp-json\/wp\/v2\/comments?post=2254"}],"version-history":[{"count":15,"href":"https:\/\/wp.ufpel.edu.br\/ppgmmat\/wp-json\/wp\/v2\/pages\/2254\/revisions"}],"predecessor-version":[{"id":3530,"href":"https:\/\/wp.ufpel.edu.br\/ppgmmat\/wp-json\/wp\/v2\/pages\/2254\/revisions\/3530"}],"wp:attachment":[{"href":"https:\/\/wp.ufpel.edu.br\/ppgmmat\/wp-json\/wp\/v2\/media?parent=2254"}],"curies":[{"name":"wp","href":"https:\/\/api.w.org\/{rel}","templated":true}]}}