{"id":2250,"date":"2018-11-08T01:06:10","date_gmt":"2018-11-08T03:06:10","guid":{"rendered":"https:\/\/wp.ufpel.edu.br\/ppgmmat\/?page_id=2250"},"modified":"2022-05-11T14:11:31","modified_gmt":"2022-05-11T17:11:31","slug":"2017-2","status":"publish","type":"page","link":"https:\/\/wp.ufpel.edu.br\/ppgmmat\/2017-2\/","title":{"rendered":"DISSERTA\u00c7\u00d5ES APRESENTADAS EM 2017"},"content":{"rendered":"<p>Neste link voc\u00ea poder\u00e1 encontrar a rela\u00e7\u00e3o de todas as disserta\u00e7\u00f5es apresentadas ao Programa de P\u00f3s-Gradua\u00e7\u00e3o em Modelagem Matem\u00e1tica da UFPel.<\/p>\n<p>&nbsp;<\/p>\n<p style=\"text-align: justify;\">16) <strong>Bruna da Silva Leitzke:\u00a0<\/strong>Solu\u00e7\u00f5es Assint\u00f3ticas Formais de Segunda Ordem na Homogeneiza\u00e7\u00e3o Assint\u00f3tica de Meios Microperi\u00f3dicos.\u00a0 Defesa:\u00a004\/08\/2017<br \/>\n<a href=\"https:\/\/wp.ufpel.edu.br\/ppgmmat\/files\/2017\/12\/Bruna-da-Silva-Leitzke_PPGMMat.pdf\">Bruna da Silva Leitzke_PPGMMat<\/a><\/p>\n<p style=\"text-align: justify;\">15) <strong>Jorge Ribes:<\/strong> An\u00e1lises e compara\u00e7\u00f5es estat\u00edsticas entre dados experimentais com resultados de um modelo de dispers\u00e3o de poluentes atmosf\u00e9ricos. Defesa\u00a021\/07\/2017<br \/>\n<a href=\"https:\/\/wp.ufpel.edu.br\/ppgmmat\/files\/2018\/02\/Jorge_Ribes_PPGMMat.pdf\">Jorge_Ribes_PPGMMat<\/a><\/p>\n<p style=\"text-align: justify;\">14)\u00a0\u00a0<strong>Rodrigo Zanette:\u00a0\u00a0<\/strong>Solu\u00e7\u00e3o da Equa\u00e7\u00e3o de Difus\u00e3o de N\u00eautrons Multigrupo Multirregi\u00e3o Estacion\u00e1ria em Geometria Cartesiana pelo M\u00e9todo da Pot\u00eancia via Fronteiras Fict\u00edcias. Defesa:\u00a008\/03\/2017<br \/>\n<a href=\"https:\/\/wp.ufpel.edu.br\/ppgmmat\/files\/2017\/12\/Rodrigo_Zanette_PPGMMat.pdf\">Rodrigo_Zanette_PPGMMat<\/a><\/p>\n<p style=\"text-align: justify;\">13)\u00a0 <strong>Juliana Avila Contreira:<\/strong>\u00a0Solu\u00e7\u00e3o da Equa\u00e7\u00e3o de Condu\u00e7\u00e3o de Calor N\u00e3o Estacion\u00e1ria em Meios Multicompostos. Defesa:\u00a003\/03\/2017<br \/>\n<a href=\"https:\/\/wp.ufpel.edu.br\/ppgmmat\/files\/2018\/02\/Juliana-Contreira_PPGMMat.pdf\">Juliana Contreira_PPGMMat<\/a><\/p>\n<p style=\"text-align: justify;\">12) <strong>Jonatas Voese:\u00a0<\/strong>Uma Aproxima\u00e7\u00e3o Anal\u00edtica Tridimensional para um Problema de Dispers\u00e3o de Efluentes de Foguetes em uma Nuvem Estabilizada. Defesa:\u00a002\/03\/2017<br \/>\n<a href=\"https:\/\/wp.ufpel.edu.br\/ppgmmat\/files\/2017\/12\/Jonatas_Voese_PPGMMat.pdf\">Jonatas_Voese_PPGMMat<\/a><\/p>\n<p style=\"text-align: justify;\">11) <strong>J\u00e9ssica Knopp dos Reis: <\/strong>Simula\u00e7\u00e3o Anal\u00edtica da Dispers\u00e3o de Poluentes Durante o Per\u00edodo de Transi\u00e7\u00e3o Dia-Noite<strong>.\u00a0 <\/strong>Defesa: 02\/03\/2017<br \/>\n<a href=\"https:\/\/wp.ufpel.edu.br\/ppgmmat\/files\/2017\/12\/Jessica_Reis_PPGMMat.pdf\">Jessica_Reis_PPGMMat<\/a><\/p>\n<p style=\"text-align: center;\"><span style=\"font-family: 'times new roman', times, serif;\"><span style=\"font-size: 18pt;\"> <a href=\"https:\/\/wp.ufpel.edu.br\/ppgmmat\/dissertacoes\">Voltar a p\u00e1gina inicial<\/a>\u00a0<\/span><\/span><\/p>\n","protected":false},"excerpt":{"rendered":"<p>Neste link voc\u00ea poder\u00e1 encontrar a rela\u00e7\u00e3o de todas as disserta\u00e7\u00f5es apresentadas ao Programa de P\u00f3s-Gradua\u00e7\u00e3o em Modelagem Matem\u00e1tica da UFPel. &nbsp; 16) Bruna da Silva Leitzke:\u00a0Solu\u00e7\u00f5es Assint\u00f3ticas Formais de Segunda Ordem na Homogeneiza\u00e7\u00e3o Assint\u00f3tica de Meios Microperi\u00f3dicos.\u00a0 Defesa:\u00a004\/08\/2017 Bruna da Silva Leitzke_PPGMMat 15) Jorge Ribes: An\u00e1lises e compara\u00e7\u00f5es estat\u00edsticas entre dados experimentais com resultados [&hellip;]<\/p>\n","protected":false},"author":458,"featured_media":0,"parent":0,"menu_order":0,"comment_status":"closed","ping_status":"closed","template":"","meta":{"jetpack_post_was_ever_published":false,"footnotes":""},"class_list":["post-2250","page","type-page","status-publish","hentry"],"jetpack_sharing_enabled":true,"jetpack_shortlink":"https:\/\/wp.me\/ParAg0-Ai","_links":{"self":[{"href":"https:\/\/wp.ufpel.edu.br\/ppgmmat\/wp-json\/wp\/v2\/pages\/2250","targetHints":{"allow":["GET"]}}],"collection":[{"href":"https:\/\/wp.ufpel.edu.br\/ppgmmat\/wp-json\/wp\/v2\/pages"}],"about":[{"href":"https:\/\/wp.ufpel.edu.br\/ppgmmat\/wp-json\/wp\/v2\/types\/page"}],"author":[{"embeddable":true,"href":"https:\/\/wp.ufpel.edu.br\/ppgmmat\/wp-json\/wp\/v2\/users\/458"}],"replies":[{"embeddable":true,"href":"https:\/\/wp.ufpel.edu.br\/ppgmmat\/wp-json\/wp\/v2\/comments?post=2250"}],"version-history":[{"count":11,"href":"https:\/\/wp.ufpel.edu.br\/ppgmmat\/wp-json\/wp\/v2\/pages\/2250\/revisions"}],"predecessor-version":[{"id":3533,"href":"https:\/\/wp.ufpel.edu.br\/ppgmmat\/wp-json\/wp\/v2\/pages\/2250\/revisions\/3533"}],"wp:attachment":[{"href":"https:\/\/wp.ufpel.edu.br\/ppgmmat\/wp-json\/wp\/v2\/media?parent=2250"}],"curies":[{"name":"wp","href":"https:\/\/api.w.org\/{rel}","templated":true}]}}