{"id":2245,"date":"2018-11-08T00:58:48","date_gmt":"2018-11-08T02:58:48","guid":{"rendered":"https:\/\/wp.ufpel.edu.br\/ppgmmat\/?page_id=2245"},"modified":"2023-12-29T16:57:32","modified_gmt":"2023-12-29T19:57:32","slug":"2018-2","status":"publish","type":"page","link":"https:\/\/wp.ufpel.edu.br\/ppgmmat\/2018-2\/","title":{"rendered":"DISSERTA\u00c7\u00d5ES APRESENTADAS EM 2018"},"content":{"rendered":"<p>Neste link voc\u00ea poder\u00e1 encontrar a rela\u00e7\u00e3o de todas as disserta\u00e7\u00f5es apresentadas ao Programa de P\u00f3s-Gradua\u00e7\u00e3o em Modelagem Matem\u00e1tica da UFPel.<\/p>\n<p>&nbsp;<\/p>\n<p>21) <b>Jonathan Brum Lauz:\u00a0 <\/b>\u00a0Otimiza\u00e7\u00e3o topol\u00f3gica baseada em confiabilidade simult\u00e2nea \u00e0 distribui\u00e7\u00e3o de atuadores piezoel\u00e9tricos. Defesa: 19\/04\/2018<br \/>\n<a href=\"https:\/\/wp.ufpel.edu.br\/ppgmmat\/files\/2018\/08\/Jonathan_Brum_PPGMMat.pdf\">Jonathan_Brum_PPGMMat<\/a><\/p>\n<p>20)\u00a0 <b>Guilherme Lu\u00eds Mello Ribeiro: <\/b>Inicializa\u00e7\u00e3o do Modelo WRF pelo Filtro Digital. Defesa: 12\/04\/2018<br \/>\n<a href=\"https:\/\/wp.ufpel.edu.br\/ppgmmat\/files\/2018\/05\/Guilherme_Ribeiro_PPGMMat.pdf\">Guilherme_Ribeiro_PPGMMat<\/a><\/p>\n<p>19)\u00a0 <b><span class=\"il\">Matheus<\/span>\u00a0Gularte Tavares: <\/b>Solu\u00e7\u00e3o das Equa\u00e7\u00f5es de Cin\u00e9tica Espacial da Teoria Multigrupo de Difus\u00e3o de N\u00eautrons em Geometria Cartesiana por um M\u00e9todo Iterativo de Fonte.\u00a0Defesa: 22\/03\/2018<br \/>\n<a href=\"https:\/\/wp.ufpel.edu.br\/ppgmmat\/files\/2018\/04\/Matheus_PPGMMat.pdf\">Matheus_PPGMMat<\/a><\/p>\n<p>18)\u00a0<strong> Daiane Frighetto Frighetto: <\/strong>An\u00e1lise\u00a0de sistemas biol\u00f3gicos com difus\u00e3o e controle populacional.\u00a0Defesa: 01\/03\/2018<br \/>\n<a href=\"https:\/\/wp.ufpel.edu.br\/ppgmmat\/files\/2018\/05\/Daiane_Frighetto_PPGMMat.pdf\">Daiane_Frighetto_PPGMMat<\/a><\/p>\n<p>17) <strong>Rafaela Sehnem:<\/strong>\u00a0\u00a0Modelagem num\u00e9rica para a obten\u00e7\u00e3o de mecanismos reduzidos via m\u00e9todo de Rosenbrock: a combust\u00e3o do metano. Defesa: 16\/02\/2018<br \/>\n<a href=\"https:\/\/wp.ufpel.edu.br\/ppgmmat\/files\/2020\/08\/Dissertacao-Rafaela-Sehnem.pdf\">Rafaela Sehnem_PPGMMat<\/a><\/p>\n<p>&nbsp;<\/p>\n<p>&nbsp;<\/p>\n<p style=\"text-align: center;\"><span style=\"font-family: 'times new roman', times, serif;\"><span style=\"font-size: 18pt;\"><a href=\"https:\/\/wp.ufpel.edu.br\/ppgmmat\/dissertacoes\">Voltar a p\u00e1gina inicial<\/a>\u00a0<\/span><\/span><\/p>\n","protected":false},"excerpt":{"rendered":"<p>Neste link voc\u00ea poder\u00e1 encontrar a rela\u00e7\u00e3o de todas as disserta\u00e7\u00f5es apresentadas ao Programa de P\u00f3s-Gradua\u00e7\u00e3o em Modelagem Matem\u00e1tica da UFPel. &nbsp; 21) Jonathan Brum Lauz:\u00a0 \u00a0Otimiza\u00e7\u00e3o topol\u00f3gica baseada em confiabilidade simult\u00e2nea \u00e0 distribui\u00e7\u00e3o de atuadores piezoel\u00e9tricos. Defesa: 19\/04\/2018 Jonathan_Brum_PPGMMat 20)\u00a0 Guilherme Lu\u00eds Mello Ribeiro: Inicializa\u00e7\u00e3o do Modelo WRF pelo Filtro Digital. Defesa: 12\/04\/2018 Guilherme_Ribeiro_PPGMMat [&hellip;]<\/p>\n","protected":false},"author":458,"featured_media":0,"parent":0,"menu_order":0,"comment_status":"closed","ping_status":"closed","template":"","meta":{"jetpack_post_was_ever_published":false,"footnotes":""},"class_list":["post-2245","page","type-page","status-publish","hentry"],"jetpack_sharing_enabled":true,"jetpack_shortlink":"https:\/\/wp.me\/ParAg0-Ad","_links":{"self":[{"href":"https:\/\/wp.ufpel.edu.br\/ppgmmat\/wp-json\/wp\/v2\/pages\/2245","targetHints":{"allow":["GET"]}}],"collection":[{"href":"https:\/\/wp.ufpel.edu.br\/ppgmmat\/wp-json\/wp\/v2\/pages"}],"about":[{"href":"https:\/\/wp.ufpel.edu.br\/ppgmmat\/wp-json\/wp\/v2\/types\/page"}],"author":[{"embeddable":true,"href":"https:\/\/wp.ufpel.edu.br\/ppgmmat\/wp-json\/wp\/v2\/users\/458"}],"replies":[{"embeddable":true,"href":"https:\/\/wp.ufpel.edu.br\/ppgmmat\/wp-json\/wp\/v2\/comments?post=2245"}],"version-history":[{"count":11,"href":"https:\/\/wp.ufpel.edu.br\/ppgmmat\/wp-json\/wp\/v2\/pages\/2245\/revisions"}],"predecessor-version":[{"id":4246,"href":"https:\/\/wp.ufpel.edu.br\/ppgmmat\/wp-json\/wp\/v2\/pages\/2245\/revisions\/4246"}],"wp:attachment":[{"href":"https:\/\/wp.ufpel.edu.br\/ppgmmat\/wp-json\/wp\/v2\/media?parent=2245"}],"curies":[{"name":"wp","href":"https:\/\/api.w.org\/{rel}","templated":true}]}}