{"id":2204,"date":"2018-10-19T22:03:31","date_gmt":"2018-10-20T01:03:31","guid":{"rendered":"https:\/\/wp.ufpel.edu.br\/ppgmmat\/?page_id=2204"},"modified":"2026-02-19T21:07:32","modified_gmt":"2026-02-20T00:07:32","slug":"edital","status":"publish","type":"page","link":"https:\/\/wp.ufpel.edu.br\/ppgmmat\/edital\/","title":{"rendered":"Editais"},"content":{"rendered":"<p>Nessa p\u00e1gina ser\u00e3o disponibilizados os editais e demais documentos relacionados ao Programa de P\u00f3s-Gradua\u00e7\u00e3o em Modelagem Matem\u00e1tica da UFPel (PPGMMat).\u00a0Clique nos links abaixo para visualizar ou fazer download dos documentos.<\/p>\n<p>&nbsp;<\/p>\n<p><span style=\"font-size: 10pt;\"><em><strong>ATTENTION:<\/strong> This page has information in 8 languages \u200b\u200b(English, Spanish, German, French, Chinese, Japanese, Russian and Polish) \u2013 use the \u201ctranslate\u201d button in the top right tab of the page.<\/em><\/span><\/p>\n<p>&nbsp;<\/p>\n<p><strong>EDITAIS VIGENTES:<\/strong><\/p>\n<p><a href=\"https:\/\/wp.ufpel.edu.br\/ppgmmat\/files\/2025\/12\/WhatsApp-Image-2025-12-23-at-00.14.56.jpeg\"><img data-attachment-id=\"5142\" data-permalink=\"https:\/\/wp.ufpel.edu.br\/ppgmmat\/edital\/whatsapp-image-2025-12-23-at-00-14-56\/\" data-orig-file=\"https:\/\/wp.ufpel.edu.br\/ppgmmat\/files\/2025\/12\/WhatsApp-Image-2025-12-23-at-00.14.56.jpeg\" data-orig-size=\"1080,1350\" data-comments-opened=\"0\" data-image-meta=\"{&quot;aperture&quot;:&quot;0&quot;,&quot;credit&quot;:&quot;&quot;,&quot;camera&quot;:&quot;&quot;,&quot;caption&quot;:&quot;&quot;,&quot;created_timestamp&quot;:&quot;0&quot;,&quot;copyright&quot;:&quot;&quot;,&quot;focal_length&quot;:&quot;0&quot;,&quot;iso&quot;:&quot;0&quot;,&quot;shutter_speed&quot;:&quot;0&quot;,&quot;title&quot;:&quot;&quot;,&quot;orientation&quot;:&quot;0&quot;}\" data-image-title=\"WhatsApp Image 2025-12-23 at 00.14.56\" data-image-description=\"\" data-image-caption=\"\" data-medium-file=\"https:\/\/wp.ufpel.edu.br\/ppgmmat\/files\/2025\/12\/WhatsApp-Image-2025-12-23-at-00.14.56-320x400.jpeg\" data-large-file=\"https:\/\/wp.ufpel.edu.br\/ppgmmat\/files\/2025\/12\/WhatsApp-Image-2025-12-23-at-00.14.56-819x1024.jpeg\" class=\"wp-image-5142 aligncenter\" src=\"https:\/\/wp.ufpel.edu.br\/ppgmmat\/files\/2025\/12\/WhatsApp-Image-2025-12-23-at-00.14.56-819x1024.jpeg\" alt=\"\" width=\"451\" height=\"564\" srcset=\"https:\/\/wp.ufpel.edu.br\/ppgmmat\/files\/2025\/12\/WhatsApp-Image-2025-12-23-at-00.14.56-819x1024.jpeg 819w, https:\/\/wp.ufpel.edu.br\/ppgmmat\/files\/2025\/12\/WhatsApp-Image-2025-12-23-at-00.14.56-320x400.jpeg 320w, https:\/\/wp.ufpel.edu.br\/ppgmmat\/files\/2025\/12\/WhatsApp-Image-2025-12-23-at-00.14.56-768x960.jpeg 768w, https:\/\/wp.ufpel.edu.br\/ppgmmat\/files\/2025\/12\/WhatsApp-Image-2025-12-23-at-00.14.56.jpeg 1080w\" sizes=\"(max-width: 451px) 100vw, 451px\" \/><\/a><\/p>\n<ul>\n<li style=\"list-style-type: none;\">\n<ul>\n<li><strong>Edital de Sele\u00e7\u00e3o DOUTORADO para ingressos 2026\/1 (01 \u00e0 <span style=\"color: #ff0000;\">02\/02\/2026<\/span>)<\/strong><\/li>\n<\/ul>\n<\/li>\n<li>Edital Extra de sele\u00e7\u00e3o de aluno regular: <a href=\"https:\/\/wp.ufpel.edu.br\/ppgmmat\/files\/2025\/12\/SEI_3559200_Edital_de_selecao_PRPPG_258.pdf\">Edital_de_selecao_PRPPG_258<\/a><\/li>\n<li>Formul\u00e1rio de Inscri\u00e7\u00e3o em PDF: <a href=\"https:\/\/wp.ufpel.edu.br\/ppgmmat\/files\/2025\/12\/INSCRICAO-NO-DOUTORADO-PPGMMat-1.pdf\">INSCRI\u00c7\u00c3O NO DOUTORADO PPGMMat<\/a><\/li>\n<li>Formul\u00e1rio de Inscri\u00e7\u00e3o em DOC: <a href=\"https:\/\/wp.ufpel.edu.br\/ppgmmat\/files\/2025\/12\/INSCRICAO-NO-DOUTORADO-PPGMMat.docx\">INSCRI\u00c7\u00c3O NO DOUTORADO PPGMMat<\/a><\/li>\n<li><a href=\"https:\/\/wp.ufpel.edu.br\/ppgmmat\/files\/2026\/01\/Ficha_documental_Lattes-2026_doutorado-1.pdf\">Ficha_documental_curriculum-2026_doutorado<\/a><\/li>\n<li><a href=\"https:\/\/wp.ufpel.edu.br\/ppgmmat\/files\/2026\/01\/Tabela-Avaliacao-Lattes-PPGMMat-doutorado.xlsx\">Tabela-Avaliacao-curriculum-PPGMMat-doutorado<\/a><\/li>\n<li>Vagas para orienta\u00e7\u00e3o: Todos os docentes permanentes <a href=\"https:\/\/wp.ufpel.edu.br\/ppgmmat\/docentes-dme\/\">Link<\/a><\/li>\n<li>Homologa\u00e7\u00e3o dos inscritos: <a href=\"https:\/\/wp.ufpel.edu.br\/ppgmmat\/files\/2026\/02\/SEI_3662070_Memorando_9.pdf\">SEI_3662070_Memorando_9<\/a><\/li>\n<li>Resultado final: <a href=\"https:\/\/wp.ufpel.edu.br\/ppgmmat\/files\/2026\/02\/SEI_3662076_Memorando_11.pdf\">SEI_3662076_Memorando_11<\/a>\n<ul>\n<li style=\"list-style-type: none;\">\n<ul>\n<li style=\"list-style-type: none;\">\n<ul>\n<li style=\"list-style-type: none;\"><\/li>\n<\/ul>\n<\/li>\n<\/ul>\n<\/li>\n<\/ul>\n<\/li>\n<\/ul>\n<ul>\n<li style=\"list-style-type: none;\">\n<ul>\n<li><strong>Edital de Sele\u00e7\u00e3o MESTRADO para ingressos 2026\/1 (01 \u00e0 <span style=\"color: #ff0000;\">02\/02\/2026<\/span>)<\/strong><\/li>\n<\/ul>\n<\/li>\n<li>Edital de sele\u00e7\u00e3o de aluno regular: <a href=\"https:\/\/wp.ufpel.edu.br\/ppgmmat\/files\/2025\/12\/SEI_3559560_Edital_de_selecao_PRPPG_259.pdf\">Edital_de_selecao_PRPPG_259<\/a><\/li>\n<li>Formul\u00e1rio de Inscri\u00e7\u00e3o: <a style=\"text-align: justify;\" href=\"https:\/\/wp.me\/ParAg0-zc\">Link<\/a><\/li>\n<li>Formul\u00e1rio de Inscri\u00e7\u00e3o em PDF: <a href=\"https:\/\/wp.ufpel.edu.br\/ppgmmat\/files\/2026\/01\/INSCRICAO-NO-MESTRADO-PPGMMat.pdf\">INSCRI\u00c7\u00c3O NO MESTRADO PPGMMat<\/a><\/li>\n<li>Formul\u00e1rio de Inscri\u00e7\u00e3o em DOC: <a href=\"https:\/\/wp.ufpel.edu.br\/ppgmmat\/files\/2026\/01\/INSCRICAO-NO-MESTRADO-PPGMMat.docx\">INSCRI\u00c7\u00c3O NO MESTRADO PPGMMat<\/a><\/li>\n<li><a href=\"https:\/\/wp.ufpel.edu.br\/ppgmmat\/files\/2023\/12\/Ficha_documental_Lattes-2024.doc\">Ficha_documental_Lattes<\/a><\/li>\n<li><a href=\"https:\/\/wp.ufpel.edu.br\/ppgmmat\/files\/2023\/05\/Tabela-Avaliacao-Lattes-PPGMMat-.xlsx\">Tabela Avalia\u00e7\u00e3o Lattes<\/a><\/li>\n<li>Vagas para orienta\u00e7\u00e3o: Todos os docentes permanentes <a href=\"https:\/\/wp.ufpel.edu.br\/ppgmmat\/docentes-dme\/\">Link<\/a><\/li>\n<li>Homologa\u00e7\u00e3o dos inscritos: <a href=\"https:\/\/wp.ufpel.edu.br\/ppgmmat\/files\/2026\/02\/SEI_3662062_Memorando_8.pdf\">SEI_3662062_Memorando_8<\/a><\/li>\n<li>Resultado final: <a href=\"https:\/\/wp.ufpel.edu.br\/ppgmmat\/files\/2026\/02\/SEI_3662074_Memorando_10-1.pdf\">SEI_3662074_Memorando_10<\/a><\/li>\n<\/ul>\n<ul>\n<li style=\"list-style-type: none;\">\n<ul>\n<li style=\"list-style-type: none;\">\n<ul>\n<li style=\"list-style-type: none;\"><\/li>\n<\/ul>\n<\/li>\n<\/ul>\n<\/li>\n<\/ul>\n<p><strong>EDITAIS ENCERRADOS:<\/strong><\/p>\n<p><span style=\"text-align: justify;\">Edital de Sele\u00e7\u00e3o para ingressos 2025\/2 &#8211; doutorado<\/span>: <a href=\"https:\/\/wp.ufpel.edu.br\/ppgmmat\/files\/2025\/08\/SEI_3221711_Memorando_45.pdf\">SEI_3221711<\/a><\/p>\n<p><span style=\"text-align: justify;\">Edital de Sele\u00e7\u00e3o para ingressos 2025\/2 &#8211; mestrado: <\/span><a style=\"text-align: justify;\" href=\"https:\/\/wp.ufpel.edu.br\/ppgmmat\/files\/2025\/08\/SEI_3174677_Memorando_38.pdf\">SEI_3174677<\/a><\/p>\n<p>Edital de Sele\u00e7\u00e3o para ingressos 2025\/1: <a href=\"https:\/\/wp.ufpel.edu.br\/ppgmmat\/files\/2025\/02\/SEI-23110.003817_2024-73-resultado.pdf\">resultado<\/a><\/p>\n<p>Edital de Sele\u00e7\u00e3o para ingressos 2024\/2 : <a href=\"https:\/\/wp.ufpel.edu.br\/ppgmmat\/files\/2024\/08\/SEI_UFPel-2706128-Resultado.pdf\">Resultado<\/a><\/p>\n<p><span style=\"text-align: justify; color: var(--cor-texto); font-family: var(--fonte-corpo);\">Edital Complementar 2 de Sele\u00e7\u00e3o para ingressos 2024\/1:\u00a0 <\/span><a style=\"text-align: justify; font-family: var(--fonte-corpo);\" href=\"https:\/\/wp.ufpel.edu.br\/ppgmmat\/files\/2024\/05\/SEI_UFPel-2609720-Memorando-resultado.pdf\">resultado<\/a><\/p>\n<p>Edital Complementar de Sele\u00e7\u00e3o para ingressos 2024\/1: <a href=\"https:\/\/wp.ufpel.edu.br\/ppgmmat\/files\/2024\/04\/SEI_UFPel-2577255-Memorando-resultado.pdf\">Resultado final\u00a0<\/a><\/p>\n<p>Edital de Sele\u00e7\u00e3o para ingressos 2024\/1: <a href=\"https:\/\/wp.ufpel.edu.br\/ppgmmat\/files\/2024\/02\/SEI_UFPel-2514328-Memorando-resultado.pdf\">Resultado final (09\/02)<\/a><\/p>\n<p>Edital de Sele\u00e7\u00e3o para ingressos 2023\/2: <a href=\"https:\/\/wp.ufpel.edu.br\/ppgmmat\/files\/2023\/07\/SEI_UFPel-2258840-Memorando-1.pdf\">Resultado final<\/a><\/p>\n<p>Edital para Sele\u00e7\u00e3o de Bolsista Carrefour \u2013 A\u00e7\u00e3o Afirmativa:\u00a0 Resultado: <a href=\"https:\/\/wp.ufpel.edu.br\/ppgmmat\/files\/2023\/02\/resultado-carrefour.pdf\">Resultado-Carrefour<\/a><\/p>\n<p>Edital de Sele\u00e7\u00e3o para ingressos 2023-1: <a href=\"https:\/\/wp.ufpel.edu.br\/ppgmmat\/files\/2023\/02\/SEI_UFPel-2046539-Memorando.pdf\">Resultado final<\/a><\/p>\n<p>Edital de Sele\u00e7\u00e3o para ingressos 2022-2: <a href=\"https:\/\/wp.ufpel.edu.br\/ppgmmat\/files\/2022\/07\/SEI_UFPel-1766310-Memorando.pdf\">Resultado Final<\/a><\/p>\n<p>Edital de Sele\u00e7\u00e3o para professor visitante 2022-1: <a href=\"https:\/\/wp.ufpel.edu.br\/ppgmmat\/files\/2022\/09\/SEI_UFPel-1859456-Memorando-resultado.pdf\">Resultado final<\/a><\/p>\n<ul>\n<li style=\"list-style-type: none;\"><\/li>\n<\/ul>\n<p>&nbsp;<\/p>\n","protected":false},"excerpt":{"rendered":"<p>Nessa p\u00e1gina ser\u00e3o disponibilizados os editais e demais documentos relacionados ao Programa de P\u00f3s-Gradua\u00e7\u00e3o em Modelagem Matem\u00e1tica da UFPel (PPGMMat).\u00a0Clique nos links abaixo para visualizar ou fazer download dos documentos. &nbsp; ATTENTION: This page has information in 8 languages \u200b\u200b(English, Spanish, German, French, Chinese, Japanese, Russian and Polish) \u2013 use the \u201ctranslate\u201d button in the [&hellip;]<\/p>\n","protected":false},"author":458,"featured_media":0,"parent":0,"menu_order":0,"comment_status":"closed","ping_status":"closed","template":"","meta":{"jetpack_post_was_ever_published":false,"footnotes":""},"class_list":["post-2204","page","type-page","status-publish","hentry"],"jetpack_sharing_enabled":true,"jetpack_shortlink":"https:\/\/wp.me\/ParAg0-zy","_links":{"self":[{"href":"https:\/\/wp.ufpel.edu.br\/ppgmmat\/wp-json\/wp\/v2\/pages\/2204","targetHints":{"allow":["GET"]}}],"collection":[{"href":"https:\/\/wp.ufpel.edu.br\/ppgmmat\/wp-json\/wp\/v2\/pages"}],"about":[{"href":"https:\/\/wp.ufpel.edu.br\/ppgmmat\/wp-json\/wp\/v2\/types\/page"}],"author":[{"embeddable":true,"href":"https:\/\/wp.ufpel.edu.br\/ppgmmat\/wp-json\/wp\/v2\/users\/458"}],"replies":[{"embeddable":true,"href":"https:\/\/wp.ufpel.edu.br\/ppgmmat\/wp-json\/wp\/v2\/comments?post=2204"}],"version-history":[{"count":3,"href":"https:\/\/wp.ufpel.edu.br\/ppgmmat\/wp-json\/wp\/v2\/pages\/2204\/revisions"}],"predecessor-version":[{"id":5440,"href":"https:\/\/wp.ufpel.edu.br\/ppgmmat\/wp-json\/wp\/v2\/pages\/2204\/revisions\/5440"}],"wp:attachment":[{"href":"https:\/\/wp.ufpel.edu.br\/ppgmmat\/wp-json\/wp\/v2\/media?parent=2204"}],"curies":[{"name":"wp","href":"https:\/\/api.w.org\/{rel}","templated":true}]}}