{"id":1417,"date":"2015-02-23T17:32:42","date_gmt":"2015-02-23T20:32:42","guid":{"rendered":"https:\/\/wp.ufpel.edu.br\/ppgmmat\/?page_id=1417"},"modified":"2026-03-22T14:01:36","modified_gmt":"2026-03-22T17:01:36","slug":"documentos","status":"publish","type":"page","link":"https:\/\/wp.ufpel.edu.br\/ppgmmat\/documentos\/","title":{"rendered":"Documentos"},"content":{"rendered":"<p><span style=\"color: #000000;\"><span style=\"font-size: 8pt;\"><em>* use the \u201ctranslate\u201d button in the top right tab of the page for other languages.\u00a0\u00a0\u00a0\u00a0\u00a0<\/em><\/span>\u00a0<\/span><\/p>\n<p>&nbsp;<\/p>\n<p><span style=\"color: #000000;\">\u00a0 Nesta \u00e1rea voc\u00ea encontrar\u00e1 alguns documentos para download, necess\u00e1rios nas diversas etapas do Curso de Mestrado e Doutorado em Modelagem Matem\u00e1tica.<\/span><\/p>\n<p><span style=\"color: #000000;\">\u00a0<\/span><\/p>\n<ul>\n<li><strong> Logomarca do Programa: <\/strong> <a href=\"https:\/\/wp.ufpel.edu.br\/ppgmmat\/files\/2020\/07\/PPGMMAT.rar\">PPGMMAT<\/a><\/li>\n<\/ul>\n<ul>\n<li>\u00a0<strong> Documentos:<\/strong><\/li>\n<\/ul>\n<ol>\n<li>e 2.\u00a0Encaminhamento da defesa de mestrado\/doutorado: <a href=\"https:\/\/wp.ufpel.edu.br\/ppgmmat\/files\/2026\/02\/formulario_encaminhamento_atualizado-2026.doc\">formulario_atualizado-2026<\/a><\/li>\n<li>&#8212;<\/li>\n<li>Modelo de Folha de Aprova\u00e7\u00e3o: <a href=\"https:\/\/wp.ufpel.edu.br\/ppgmmat\/files\/2022\/01\/folha-de-aprovacao-modelo.doc\">folha de aprova\u00e7\u00e3o<\/a>\u00a0<span style=\"font-size: 8pt;\">OBS.: A vers\u00e3o atual do overleaf j\u00e1 vem com essa &#8220;folha de aprova\u00e7\u00e3o&#8221;.<\/span><\/li>\n<li>Dados dos membros da banca examinadora: <a href=\"https:\/\/wp.ufpel.edu.br\/ppgmmat\/files\/2020\/06\/dados-necess\u00e1rios-para-defesa-de-disserta\u00e7\u00e3o-1.doc\">dados banca<\/a><\/li>\n<li>Modelo de carta de anu\u00eancia para orientador:\u00a0 <a href=\"https:\/\/wp.ufpel.edu.br\/ppgmmat\/files\/2021\/07\/carta_anuencia_orientador.doc\">carta_anuencia_orientador<\/a><\/li>\n<li>Modelo de carta de anu\u00eancia de coorientador: <a href=\"https:\/\/wp.ufpel.edu.br\/ppgmmat\/files\/2021\/07\/carta_anuencia_coorientador-1.doc\">\u00a0carta_anuencia_coorientador<\/a><\/li>\n<li>Modelo de justificativa de coorienta\u00e7\u00e3o:\u00a0 <a href=\"https:\/\/wp.ufpel.edu.br\/ppgmmat\/files\/2021\/07\/carta-justificativa-coorientador-1.doc\">carta- justificativa-coorientador<\/a><\/li>\n<li>Orienta\u00e7\u00f5es para as defesas e qualifica\u00e7\u00f5es do PPGMMat: <a href=\"https:\/\/wp.ufpel.edu.br\/ppgmmat\/files\/2023\/12\/orientacoes-defesas_e_qualificacoes.pdf\">orientacoes-defesas_e_qualificacoes<\/a><\/li>\n<li>Orienta\u00e7\u00f5es para a entrega da vers\u00e3o final da disserta\u00e7\u00e3o para homologa\u00e7\u00e3o: <a href=\"https:\/\/wp.ufpel.edu.br\/ppgmmat\/files\/2023\/12\/orientacoes-entrega-documentos.pdf\">orientacoes-entrega-documentos<\/a>, <a href=\"https:\/\/wp.ufpel.edu.br\/ppgmmat\/files\/2023\/12\/TUTORIAL-FICHAS-CATALOGRAFICA-2023.pdf\">TUTORIAL-ficha catalografica<\/a><\/li>\n<li>Parecer membro banca examinadora: <a href=\"https:\/\/wp.ufpel.edu.br\/ppgmmat\/files\/2023\/12\/parecer.docx\">parecer<\/a><\/li>\n<\/ol>\n<ul>\n<li><strong>\u00a0Normas para Reda\u00e7\u00e3o da Disserta\u00e7\u00e3o<\/strong><\/li>\n<\/ul>\n<ol>\n<li>\u00a0\u00a0\u00a0Modelo para digita\u00e7\u00e3o em Latex:\u00a0 <a href=\"https:\/\/www.overleaf.com\/latex\/templates\/exemplos-de-documentos-latex-da-ufpel\/hzjpshmchtpp\">Overleaf<\/a> <span style=\"font-size: 8pt;\">(modelo geral da UFPel, selecionar o arquivo correspondente ao seu n\u00edvel e adequar o template)<\/span><\/li>\n<li>\u00a0\u00a0\u00a0Normas da UFPel para a elabora\u00e7\u00e3o da Disserta\u00e7\u00e3o e documento de autoriza\u00e7\u00e3o da biblioteca:\u00a0<strong><a href=\"https:\/\/wp.ufpel.edu.br\/sisbi\/manual-de-normas-ufpel-para-trabalhos-academicos-atualizada-2023\/\"> site<\/a><\/strong><\/li>\n<\/ol>\n<ul>\n<li><strong>Demais documentos:<\/strong><\/li>\n<\/ul>\n<p>Acesse o banco de dados da Pro-Reitoria de P\u00f3s-Gradua\u00e7\u00e3o da UFPel: <a href=\"https:\/\/wp.ufpel.edu.br\/prppg\/documentos-2\/\">https:\/\/wp.ufpel.edu.br\/prppg\/documentos-2\/<\/a><\/p>\n","protected":false},"excerpt":{"rendered":"<p>* use the \u201ctranslate\u201d button in the top right tab of the page for other languages.\u00a0\u00a0\u00a0\u00a0\u00a0\u00a0 &nbsp; \u00a0 Nesta \u00e1rea voc\u00ea encontrar\u00e1 alguns documentos para download, necess\u00e1rios nas diversas etapas do Curso de Mestrado e Doutorado em Modelagem Matem\u00e1tica. \u00a0 Logomarca do Programa: PPGMMAT \u00a0 Documentos: e 2.\u00a0Encaminhamento da defesa de mestrado\/doutorado: formulario_atualizado-2026 &#8212; Modelo [&hellip;]<\/p>\n","protected":false},"author":458,"featured_media":0,"parent":0,"menu_order":0,"comment_status":"closed","ping_status":"closed","template":"","meta":{"jetpack_post_was_ever_published":false,"footnotes":""},"class_list":["post-1417","page","type-page","status-publish","hentry"],"jetpack_sharing_enabled":true,"jetpack_shortlink":"https:\/\/wp.me\/ParAg0-mR","_links":{"self":[{"href":"https:\/\/wp.ufpel.edu.br\/ppgmmat\/wp-json\/wp\/v2\/pages\/1417","targetHints":{"allow":["GET"]}}],"collection":[{"href":"https:\/\/wp.ufpel.edu.br\/ppgmmat\/wp-json\/wp\/v2\/pages"}],"about":[{"href":"https:\/\/wp.ufpel.edu.br\/ppgmmat\/wp-json\/wp\/v2\/types\/page"}],"author":[{"embeddable":true,"href":"https:\/\/wp.ufpel.edu.br\/ppgmmat\/wp-json\/wp\/v2\/users\/458"}],"replies":[{"embeddable":true,"href":"https:\/\/wp.ufpel.edu.br\/ppgmmat\/wp-json\/wp\/v2\/comments?post=1417"}],"version-history":[{"count":4,"href":"https:\/\/wp.ufpel.edu.br\/ppgmmat\/wp-json\/wp\/v2\/pages\/1417\/revisions"}],"predecessor-version":[{"id":5507,"href":"https:\/\/wp.ufpel.edu.br\/ppgmmat\/wp-json\/wp\/v2\/pages\/1417\/revisions\/5507"}],"wp:attachment":[{"href":"https:\/\/wp.ufpel.edu.br\/ppgmmat\/wp-json\/wp\/v2\/media?parent=1417"}],"curies":[{"name":"wp","href":"https:\/\/api.w.org\/{rel}","templated":true}]}}