{"id":1088,"date":"2012-12-21T00:32:52","date_gmt":"2012-12-21T03:32:52","guid":{"rendered":"http:\/\/pgmat.ufpel.edu.br\/?page_id=1088"},"modified":"2026-01-15T15:49:48","modified_gmt":"2026-01-15T18:49:48","slug":"disciplinas","status":"publish","type":"page","link":"https:\/\/wp.ufpel.edu.br\/ppgmmat\/disciplinas\/","title":{"rendered":"Disciplinas"},"content":{"rendered":"<div class=\"disc-wrap\">\n<table class=\"disc-table\">\n<thead>\n<tr>\n<th class=\"title\" colspan=\"11\">Disciplinas<\/th>\n<\/tr>\n<tr>\n<th class=\"col-idx\"><\/th>\n<th class=\"col-name\"><\/th>\n<th class=\"col-cr\"><\/th>\n<th colspan=\"4\">Mestrado<\/th>\n<th colspan=\"4\">Doutorado<\/th>\n<\/tr>\n<tr>\n<th class=\"col-idx\"><\/th>\n<th class=\"col-name\"><\/th>\n<th class=\"col-cr\"><\/th>\n<th colspan=\"2\">Linha 1<\/th>\n<th colspan=\"2\">Linha 2<\/th>\n<th colspan=\"2\">Linha 1<\/th>\n<th colspan=\"2\">Linha 2<\/th>\n<\/tr>\n<tr>\n<th class=\"col-idx\"><\/th>\n<th class=\"col-name\">Nome<\/th>\n<th class=\"col-cr\">N\u00b0 cr.<\/th>\n<th class=\"bg-l1\">Ob.<\/th>\n<th class=\"bg-l1\">Op.<\/th>\n<th class=\"bg-l2\">Ob.<\/th>\n<th class=\"bg-l2\">Op.<\/th>\n<th class=\"bg-l1\">Ob.<\/th>\n<th class=\"bg-l1\">Op.<\/th>\n<th class=\"bg-l2\">Ob.<\/th>\n<th class=\"bg-l2\">Op.<\/th>\n<\/tr>\n<\/thead>\n<tbody><!-- 1 --><\/p>\n<tr>\n<td class=\"col-idx\">1.<\/td>\n<td class=\"col-name\"><a class=\"disc-link\" href=\"https:\/\/docs.google.com\/document\/d\/1ztbJ2udnbMEO6w5yXuH8fJNFnumoOCSy\/edit?usp=drive_link&amp;ouid=105376351858971622586&amp;rtpof=true&amp;sd=true\">T\u00f3picos Avan\u00e7ados do C\u00e1lculo<\/a><\/td>\n<td class=\"col-cr\">4<\/td>\n<td class=\"mark bg-l1\"><span class=\"x-red\">X<\/span><\/td>\n<td class=\"mark bg-l1\"><\/td>\n<td class=\"mark bg-l2\"><span class=\"x-red\">X<\/span><\/td>\n<td class=\"mark bg-l2\"><\/td>\n<td class=\"mark bg-l1\"><\/td>\n<td class=\"mark bg-l1\">X<\/td>\n<td class=\"mark bg-l2\"><\/td>\n<td class=\"mark bg-l2\">X<\/td>\n<\/tr>\n<p><!-- 2 --><\/p>\n<tr>\n<td class=\"col-idx\">2.<\/td>\n<td class=\"col-name\"><a class=\"disc-link\" href=\"https:\/\/docs.google.com\/document\/d\/13DiwdfVko8wvc1r3N_iUjBelLUPb4O9G\/edit?usp=drive_link&amp;ouid=105376351858971622586&amp;rtpof=true&amp;sd=true\">Equa\u00e7\u00f5es Diferenciais Parciais Aplicadas<\/a><\/td>\n<td class=\"col-cr\">4<\/td>\n<td class=\"mark bg-l1\"><span class=\"x-red\">X<\/span><\/td>\n<td class=\"mark bg-l1\"><\/td>\n<td class=\"mark bg-l2\"><span class=\"x-red\">X<\/span><\/td>\n<td class=\"mark bg-l2\"><\/td>\n<td class=\"mark bg-l1\"><span class=\"x-red\">X<\/span><\/td>\n<td class=\"mark bg-l1\"><\/td>\n<td class=\"mark bg-l2\"><span class=\"x-red\">X<\/span><\/td>\n<td class=\"mark bg-l2\"><\/td>\n<\/tr>\n<p><!-- 3 --><\/p>\n<tr>\n<td class=\"col-idx\">3.<\/td>\n<td class=\"col-name\"><a class=\"disc-link\" href=\"https:\/\/docs.google.com\/document\/d\/1rT0O5b7HMIvMFPxYoFxWY5qpoTmPvDlP\/edit?usp=drive_link&amp;ouid=105376351858971622586&amp;rtpof=true&amp;sd=true\">M\u00e9todos Num\u00e9ricos para Equa\u00e7\u00f5es Diferenciais<\/a><\/td>\n<td class=\"col-cr\">4<\/td>\n<td class=\"mark bg-l1\"><span class=\"x-red\">X<\/span><\/td>\n<td class=\"mark bg-l1\"><\/td>\n<td class=\"mark bg-l2\"><span class=\"x-red\">X<\/span><\/td>\n<td class=\"mark bg-l2\"><\/td>\n<td class=\"mark bg-l1\"><span class=\"x-red\">X<\/span><\/td>\n<td class=\"mark bg-l1\"><\/td>\n<td class=\"mark bg-l2\"><span class=\"x-red\">X<\/span><\/td>\n<td class=\"mark bg-l2\"><\/td>\n<\/tr>\n<p><!-- 4 --><\/p>\n<tr>\n<td class=\"col-idx\">4.<\/td>\n<td class=\"col-name\"><a class=\"disc-link\" href=\"https:\/\/docs.google.com\/document\/d\/1Elq9u0RHcgBg89lUlyrdY0inINXSyNY8\/edit?usp=drive_link&amp;ouid=105376351858971622586&amp;rtpof=true&amp;sd=true\">Modelagem Matem\u00e1tica de Fen\u00f4menos<\/a><\/td>\n<td class=\"col-cr\">4<\/td>\n<td class=\"mark bg-l1\"><\/td>\n<td class=\"mark bg-l1\">X<\/td>\n<td class=\"mark bg-l2\"><\/td>\n<td class=\"mark bg-l2\">X<\/td>\n<td class=\"mark bg-l1\"><span class=\"x-red\">X<\/span><\/td>\n<td class=\"mark bg-l1\"><\/td>\n<td class=\"mark bg-l2\"><\/td>\n<td class=\"mark bg-l2\">X<\/td>\n<\/tr>\n<p><!-- 5 --><\/p>\n<tr>\n<td class=\"col-idx\">5.<\/td>\n<td class=\"col-name\"><a class=\"disc-link\" href=\"https:\/\/docs.google.com\/document\/d\/18NHHknzad9jZccKLebUrJHzK_c7sntKJ\/edit?usp=drive_link&amp;ouid=105376351858971622586&amp;rtpof=true&amp;sd=true\">Fen\u00f4menos Extremos de Tempo e Clima<\/a><\/td>\n<td class=\"col-cr\">4<\/td>\n<td class=\"mark bg-l1\"><\/td>\n<td class=\"mark bg-l1\">X<\/td>\n<td class=\"mark bg-l2\"><\/td>\n<td class=\"mark bg-l2\">X<\/td>\n<td class=\"mark bg-l1\"><span class=\"x-red\">X<\/span><\/td>\n<td class=\"mark bg-l1\"><\/td>\n<td class=\"mark bg-l2\"><\/td>\n<td class=\"mark bg-l2\">X<\/td>\n<\/tr>\n<p><!-- 6 --><\/p>\n<tr>\n<td class=\"col-idx\">6.<\/td>\n<td class=\"col-name\"><a class=\"disc-link\" href=\"https:\/\/docs.google.com\/document\/d\/1Lotd-BXeujnKg0MWYi8hjv3xsvsbmnbQ\/edit?usp=drive_link&amp;ouid=105376351858971622586&amp;rtpof=true&amp;sd=true\">Sistemas Din\u00e2micos<\/a><\/td>\n<td class=\"col-cr\">4<\/td>\n<td class=\"mark bg-l1\"><\/td>\n<td class=\"mark bg-l1\">X<\/td>\n<td class=\"mark bg-l2\"><\/td>\n<td class=\"mark bg-l2\">X<\/td>\n<td class=\"mark bg-l1\"><\/td>\n<td class=\"mark bg-l1\">X<\/td>\n<td class=\"mark bg-l2\"><span class=\"x-red\">X<\/span><\/td>\n<td class=\"mark bg-l2\"><\/td>\n<\/tr>\n<p><!-- 7 --><\/p>\n<tr>\n<td class=\"col-idx\">7.<\/td>\n<td class=\"col-name\"><a class=\"disc-link\" href=\"https:\/\/docs.google.com\/document\/d\/1BNgChcKy805n1aBJxd-FESCyrdWho22v\/edit?usp=drive_link&amp;ouid=105376351858971622586&amp;rtpof=true&amp;sd=true\">C\u00e1lculo Variacional e Aplica\u00e7\u00f5es<\/a><\/td>\n<td class=\"col-cr\">4<\/td>\n<td class=\"mark bg-l1\"><\/td>\n<td class=\"mark bg-l1\">X<\/td>\n<td class=\"mark bg-l2\"><\/td>\n<td class=\"mark bg-l2\">X<\/td>\n<td class=\"mark bg-l1\"><\/td>\n<td class=\"mark bg-l1\">X<\/td>\n<td class=\"mark bg-l2\"><span class=\"x-red\">X<\/span><\/td>\n<td class=\"mark bg-l2\"><\/td>\n<\/tr>\n<p><!-- 8 --><\/p>\n<tr>\n<td class=\"col-idx\">8.<\/td>\n<td class=\"col-name\"><a class=\"disc-link\" href=\"https:\/\/docs.google.com\/document\/d\/1qS4iXUt_XvrASEKTyNv2p3Hk9GvAaWC6\/edit?usp=drive_link&amp;ouid=105376351858971622586&amp;rtpof=true&amp;sd=true\">Modelos Atmosf\u00e9ricos<\/a><\/td>\n<td class=\"col-cr\">4<\/td>\n<td class=\"mark bg-l1\"><\/td>\n<td class=\"mark bg-l1\">X<\/td>\n<td class=\"mark bg-l2\"><\/td>\n<td class=\"mark bg-l2\">X<\/td>\n<td class=\"mark bg-l1\"><span class=\"x-red\">X<\/span><\/td>\n<td class=\"mark bg-l1\"><\/td>\n<td class=\"mark bg-l2\"><\/td>\n<td class=\"mark bg-l2\">X<\/td>\n<\/tr>\n<p><!-- 9 --><\/p>\n<tr>\n<td class=\"col-idx\">9.<\/td>\n<td class=\"col-name\"><a class=\"disc-link\" href=\"https:\/\/docs.google.com\/document\/d\/19Gy_cd9nPqE9ZniPzz-F55r1QUQNXmHi\/edit?usp=drive_link&amp;ouid=105376351858971622586&amp;rtpof=true&amp;sd=true\">Difus\u00e3o de Calor e Massa<\/a><\/td>\n<td class=\"col-cr\">4<\/td>\n<td class=\"mark bg-l1\"><\/td>\n<td class=\"mark bg-l1\">X<\/td>\n<td class=\"mark bg-l2\"><\/td>\n<td class=\"mark bg-l2\">X<\/td>\n<td class=\"mark bg-l1\"><span class=\"x-red\">X<\/span><\/td>\n<td class=\"mark bg-l1\"><\/td>\n<td class=\"mark bg-l2\"><span class=\"x-red\">X<\/span><\/td>\n<td class=\"mark bg-l2\"><\/td>\n<\/tr>\n<p><!-- 10 --><\/p>\n<tr>\n<td class=\"col-idx\">10.<\/td>\n<td class=\"col-name\"><a class=\"disc-link\" href=\"https:\/\/docs.google.com\/document\/d\/1TfkrgKINjKCtljM9O1ogaOoNMOkOCslX\/edit?usp=drive_link&amp;ouid=105376351858971622586&amp;rtpof=true&amp;sd=true\">Transfer\u00eancia de Calor e Mec\u00e2nica dos Fluidos Computacional<\/a><\/td>\n<td class=\"col-cr\">4<\/td>\n<td class=\"mark bg-l1\"><\/td>\n<td class=\"mark bg-l1\">X<\/td>\n<td class=\"mark bg-l2\"><\/td>\n<td class=\"mark bg-l2\">X<\/td>\n<td class=\"mark bg-l1\"><\/td>\n<td class=\"mark bg-l1\">X<\/td>\n<td class=\"mark bg-l2\"><span class=\"x-red\">X<\/span><\/td>\n<td class=\"mark bg-l2\"><\/td>\n<\/tr>\n<p><!-- 11 --><\/p>\n<tr>\n<td class=\"col-idx\">11.<\/td>\n<td class=\"col-name\"><a class=\"disc-link\" href=\"https:\/\/docs.google.com\/document\/d\/11L04buJohgp63M_PCSmNXQj9QEkHNiQb\/edit?usp=drive_link&amp;ouid=105376351858971622586&amp;rtpof=true&amp;sd=true\">Modelagem da Dispers\u00e3o de Poluentes Atmosf\u00e9ricos<\/a><\/td>\n<td class=\"col-cr\">4<\/td>\n<td class=\"mark bg-l1\"><\/td>\n<td class=\"mark bg-l1\">X<\/td>\n<td class=\"mark bg-l2\"><\/td>\n<td class=\"mark bg-l2\">X<\/td>\n<td class=\"mark bg-l1\"><\/td>\n<td class=\"mark bg-l1\">X<\/td>\n<td class=\"mark bg-l2\"><\/td>\n<td class=\"mark bg-l2\">X<\/td>\n<\/tr>\n<p><!-- 12 --><\/p>\n<tr>\n<td class=\"col-idx\">12.<\/td>\n<td class=\"col-name\"><a class=\"disc-link\" href=\"https:\/\/docs.google.com\/document\/d\/1w6dkS81xzWY1ZlkFy6S1PpdbRNhGJ18_\/edit?usp=drive_link&amp;ouid=105376351858971622586&amp;rtpof=true&amp;sd=true\">M\u00e9todos Num\u00e9ricos de \u00c1lgebra Linear<\/a><\/td>\n<td class=\"col-cr\">4<\/td>\n<td class=\"mark bg-l1\"><\/td>\n<td class=\"mark bg-l1\">X<\/td>\n<td class=\"mark bg-l2\"><\/td>\n<td class=\"mark bg-l2\">X<\/td>\n<td class=\"mark bg-l1\"><\/td>\n<td class=\"mark bg-l1\">X<\/td>\n<td class=\"mark bg-l2\"><\/td>\n<td class=\"mark bg-l2\">X<\/td>\n<\/tr>\n<p><!-- 13 --><\/p>\n<tr>\n<td class=\"col-idx\">13.<\/td>\n<td class=\"col-name\"><a class=\"disc-link\" href=\"https:\/\/docs.google.com\/document\/d\/13QXNnLRMkQBuMmngaygTHJsqwENg-JW9\/edit?usp=drive_link&amp;ouid=105376351858971622586&amp;rtpof=true&amp;sd=true\">M\u00e9todos Matem\u00e1ticos em Fen\u00f4menos de Transporte<\/a><\/td>\n<td class=\"col-cr\">4<\/td>\n<td class=\"mark bg-l1\"><\/td>\n<td class=\"mark bg-l1\">X<\/td>\n<td class=\"mark bg-l2\"><\/td>\n<td class=\"mark bg-l2\">X<\/td>\n<td class=\"mark bg-l1\"><\/td>\n<td class=\"mark bg-l1\">X<\/td>\n<td class=\"mark bg-l2\"><\/td>\n<td class=\"mark bg-l2\">X<\/td>\n<\/tr>\n<p><!-- 14 --><\/p>\n<tr>\n<td class=\"col-idx\">14.<\/td>\n<td class=\"col-name\"><a class=\"disc-link\" href=\"https:\/\/docs.google.com\/document\/d\/1mhMOMVotSG12Y01I3HUaQJLC7_cPLed1\/edit?usp=drive_link&amp;ouid=105376351858971622586&amp;rtpof=true&amp;sd=true\">Teoria de Transporte de Part\u00edculas Neutras<\/a><\/td>\n<td class=\"col-cr\">4<\/td>\n<td class=\"mark bg-l1\"><\/td>\n<td class=\"mark bg-l1\">X<\/td>\n<td class=\"mark bg-l2\"><\/td>\n<td class=\"mark bg-l2\">X<\/td>\n<td class=\"mark bg-l1\"><\/td>\n<td class=\"mark bg-l1\">X<\/td>\n<td class=\"mark bg-l2\"><\/td>\n<td class=\"mark bg-l2\">X<\/td>\n<\/tr>\n<p><!-- 15 --><\/p>\n<tr>\n<td class=\"col-idx\">15.<\/td>\n<td class=\"col-name\"><a class=\"disc-link\" href=\"https:\/\/docs.google.com\/document\/d\/1nFayybT8fBxs0XARnhykQt5GkI3Jj2-8\/edit?usp=drive_link&amp;ouid=105376351858971622586&amp;rtpof=true&amp;sd=true\">Mec\u00e2nica de Fluidos<\/a><\/td>\n<td class=\"col-cr\">4<\/td>\n<td class=\"mark bg-l1\"><\/td>\n<td class=\"mark bg-l1\">X<\/td>\n<td class=\"mark bg-l2\"><\/td>\n<td class=\"mark bg-l2\">X<\/td>\n<td class=\"mark bg-l1\"><\/td>\n<td class=\"mark bg-l1\">X<\/td>\n<td class=\"mark bg-l2\"><\/td>\n<td class=\"mark bg-l2\">X<\/td>\n<\/tr>\n<p><!-- 16 --><\/p>\n<tr>\n<td class=\"col-idx\">16.<\/td>\n<td class=\"col-name\"><a class=\"disc-link\" href=\"https:\/\/docs.google.com\/document\/d\/1tKIYFsQ2BK5h7nHRUOxAFab9tpeleolr\/edit?usp=drive_link&amp;ouid=105376351858971622586&amp;rtpof=true&amp;sd=true\">Pesquisa Orientada em Modelagem Matem\u00e1tica<\/a><\/td>\n<td class=\"col-cr\">4<\/td>\n<td class=\"mark bg-l1\"><\/td>\n<td class=\"mark bg-l1\">X<\/td>\n<td class=\"mark bg-l2\"><\/td>\n<td class=\"mark bg-l2\">X<\/td>\n<td class=\"mark bg-l1\"><\/td>\n<td class=\"mark bg-l1\">X<\/td>\n<td class=\"mark bg-l2\"><\/td>\n<td class=\"mark bg-l2\">X<\/td>\n<\/tr>\n<p><!-- 17 --><\/p>\n<tr>\n<td class=\"col-idx\">17.<\/td>\n<td class=\"col-name\"><a class=\"disc-link\" href=\"https:\/\/docs.google.com\/document\/d\/1WB0nwp4yYk5r2wPB4LQ-8e3pVXMNi_m1\/edit?usp=drive_link&amp;ouid=105376351858971622586&amp;rtpof=true&amp;sd=true\">M\u00e9todos de Otimiza\u00e7\u00e3o<\/a><\/td>\n<td class=\"col-cr\">4<\/td>\n<td class=\"mark bg-l1\"><\/td>\n<td class=\"mark bg-l1\">X<\/td>\n<td class=\"mark bg-l2\"><\/td>\n<td class=\"mark bg-l2\">X<\/td>\n<td class=\"mark bg-l1\"><\/td>\n<td class=\"mark bg-l1\">X<\/td>\n<td class=\"mark bg-l2\"><\/td>\n<td class=\"mark bg-l2\">X<\/td>\n<\/tr>\n<p><!-- 18 --><\/p>\n<tr>\n<td class=\"col-idx\">18.<\/td>\n<td class=\"col-name\"><a class=\"disc-link\" href=\"https:\/\/docs.google.com\/document\/d\/1I1779PyiPdb6Ytn2gid2bWStMwNHCoup\/edit?usp=drive_link&amp;ouid=105376351858971622586&amp;rtpof=true&amp;sd=true\">Sistemas de Controle<\/a><\/td>\n<td class=\"col-cr\">4<\/td>\n<td class=\"mark bg-l1\"><\/td>\n<td class=\"mark bg-l1\">X<\/td>\n<td class=\"mark bg-l2\"><\/td>\n<td class=\"mark bg-l2\">X<\/td>\n<td class=\"mark bg-l1\"><\/td>\n<td class=\"mark bg-l1\">X<\/td>\n<td class=\"mark bg-l2\"><\/td>\n<td class=\"mark bg-l2\">X<\/td>\n<\/tr>\n<p><!-- 19 --><\/p>\n<tr>\n<td class=\"col-idx\">19.<\/td>\n<td class=\"col-name\"><a class=\"disc-link\" href=\"https:\/\/docs.google.com\/document\/d\/11Je-kl5lsk7TEt8jZKvrQ82FefmxpzQ8\/edit?usp=drive_link&amp;ouid=105376351858971622586&amp;rtpof=true&amp;sd=true\">M\u00e9todo de Elementos Finitos<\/a><\/td>\n<td class=\"col-cr\">4<\/td>\n<td class=\"mark bg-l1\"><\/td>\n<td class=\"mark bg-l1\">X<\/td>\n<td class=\"mark bg-l2\"><\/td>\n<td class=\"mark bg-l2\">X<\/td>\n<td class=\"mark bg-l1\"><\/td>\n<td class=\"mark bg-l1\">X<\/td>\n<td class=\"mark bg-l2\"><\/td>\n<td class=\"mark bg-l2\">X<\/td>\n<\/tr>\n<p><!-- 20 --><\/p>\n<tr>\n<td class=\"col-idx\">20.<\/td>\n<td class=\"col-name\"><a class=\"disc-link\" href=\"https:\/\/docs.google.com\/document\/d\/14RU1d_Qq4_D7BDWzN8t83eGzviuZsnJ0\/edit?usp=drive_link&amp;ouid=105376351858971622586&amp;rtpof=true&amp;sd=true\">Mec\u00e2nica dos S\u00f3lidos<\/a><\/td>\n<td class=\"col-cr\">4<\/td>\n<td class=\"mark bg-l1\"><\/td>\n<td class=\"mark bg-l1\">X<\/td>\n<td class=\"mark bg-l2\"><\/td>\n<td class=\"mark bg-l2\">X<\/td>\n<td class=\"mark bg-l1\"><\/td>\n<td class=\"mark bg-l1\">X<\/td>\n<td class=\"mark bg-l2\"><\/td>\n<td class=\"mark bg-l2\">X<\/td>\n<\/tr>\n<p><!-- 21 --><\/p>\n<tr>\n<td class=\"col-idx\">21.<\/td>\n<td class=\"col-name\"><a class=\"disc-link\" href=\"https:\/\/docs.google.com\/document\/d\/1jCKdAFSgjLTl25-Kt9WboprkVrWVFvgm\/edit?usp=drive_link&amp;ouid=105376351858971622586&amp;rtpof=true&amp;sd=true\">Sistemas Vibrat\u00f3rios<\/a><\/td>\n<td class=\"col-cr\">4<\/td>\n<td class=\"mark bg-l1\"><\/td>\n<td class=\"mark bg-l1\">X<\/td>\n<td class=\"mark bg-l2\"><\/td>\n<td class=\"mark bg-l2\">X<\/td>\n<td class=\"mark bg-l1\"><\/td>\n<td class=\"mark bg-l1\">X<\/td>\n<td class=\"mark bg-l2\"><\/td>\n<td class=\"mark bg-l2\">X<\/td>\n<\/tr>\n<p><!-- 22 --><\/p>\n<tr>\n<td class=\"col-idx\">22.<\/td>\n<td class=\"col-name\"><a class=\"disc-link\" href=\"https:\/\/docs.google.com\/document\/d\/1VlbDbCxKxv3TLf75DSkFLVE4fkKjfk13\/edit?usp=drive_link&amp;ouid=105376351858971622586&amp;rtpof=true&amp;sd=true\">Introdu\u00e7\u00e3o \u00e0 Homogeneiza\u00e7\u00e3o Matem\u00e1tica<\/a><\/td>\n<td class=\"col-cr\">4<\/td>\n<td class=\"mark bg-l1\"><\/td>\n<td class=\"mark bg-l1\">X<\/td>\n<td class=\"mark bg-l2\"><\/td>\n<td class=\"mark bg-l2\">X<\/td>\n<td class=\"mark bg-l1\"><\/td>\n<td class=\"mark bg-l1\">X<\/td>\n<td class=\"mark bg-l2\"><\/td>\n<td class=\"mark bg-l2\">X<\/td>\n<\/tr>\n<p><!-- 23 --><\/p>\n<tr>\n<td class=\"col-idx\">23.<\/td>\n<td class=\"col-name\"><a class=\"disc-link\" href=\"https:\/\/docs.google.com\/document\/d\/18aM_1MfvTy2UFvQBLNrPCuAwMmqPgkl_\/edit?usp=drive_link&amp;ouid=105376351858971622586&amp;rtpof=true&amp;sd=true\">Teoria Construtal e Design<\/a><\/td>\n<td class=\"col-cr\">4<\/td>\n<td class=\"mark bg-l1\"><\/td>\n<td class=\"mark bg-l1\">X<\/td>\n<td class=\"mark bg-l2\"><\/td>\n<td class=\"mark bg-l2\">X<\/td>\n<td class=\"mark bg-l1\"><\/td>\n<td class=\"mark bg-l1\">X<\/td>\n<td class=\"mark bg-l2\"><\/td>\n<td class=\"mark bg-l2\">X<\/td>\n<\/tr>\n<p><!-- 24 --><\/p>\n<tr>\n<td class=\"col-idx\">24.<\/td>\n<td class=\"col-name\"><a class=\"disc-link\" href=\"https:\/\/docs.google.com\/document\/d\/1qhKF0FLFAM-JW5Ws6PkswFsm25u7Tx3T\/edit?usp=drive_link&amp;ouid=105376351858971622586&amp;rtpof=true&amp;sd=true\">Introdu\u00e7\u00e3o \u00e0s Redes Neurais Artificiais<\/a><\/td>\n<td class=\"col-cr\">4<\/td>\n<td class=\"mark bg-l1\"><\/td>\n<td class=\"mark bg-l1\">X<\/td>\n<td class=\"mark bg-l2\"><\/td>\n<td class=\"mark bg-l2\">X<\/td>\n<td class=\"mark bg-l1\"><\/td>\n<td class=\"mark bg-l1\">X<\/td>\n<td class=\"mark bg-l2\"><\/td>\n<td class=\"mark bg-l2\">X<\/td>\n<\/tr>\n<p><!-- 25 --><\/p>\n<tr>\n<td class=\"col-idx\">25.<\/td>\n<td class=\"col-name\"><a class=\"disc-link\" href=\"https:\/\/docs.google.com\/document\/d\/1Su5O7g6sN3TGqMmZV1XHZpgSNaIf3Kp8\/edit?usp=drive_link&amp;ouid=105376351858971622586&amp;rtpof=true&amp;sd=true\">Assimila\u00e7\u00e3o de Dados<\/a><\/td>\n<td class=\"col-cr\">4<\/td>\n<td class=\"mark bg-l1\"><\/td>\n<td class=\"mark bg-l1\">X<\/td>\n<td class=\"mark bg-l2\"><\/td>\n<td class=\"mark bg-l2\">X<\/td>\n<td class=\"mark bg-l1\"><\/td>\n<td class=\"mark bg-l1\">X<\/td>\n<td class=\"mark bg-l2\"><\/td>\n<td class=\"mark bg-l2\">X<\/td>\n<\/tr>\n<p><!-- 26 --><\/p>\n<tr>\n<td class=\"col-idx\">26.<\/td>\n<td class=\"col-name\"><a class=\"disc-link\" href=\"https:\/\/docs.google.com\/document\/d\/1UH06xLLucy8OuR-YCaq_BYOcbR6kNFw_\/edit?usp=drive_link&amp;ouid=105376351858971622586&amp;rtpof=true&amp;sd=true\">Detec\u00e7\u00e3o de fen\u00f4menos extremos com Radar Meteorol\u00f3gico<\/a><\/td>\n<td class=\"col-cr\">4<\/td>\n<td class=\"mark bg-l1\"><\/td>\n<td class=\"mark bg-l1\">X<\/td>\n<td class=\"mark bg-l2\"><\/td>\n<td class=\"mark bg-l2\">X<\/td>\n<td class=\"mark bg-l1\"><\/td>\n<td class=\"mark bg-l1\">X<\/td>\n<td class=\"mark bg-l2\"><\/td>\n<td class=\"mark bg-l2\">X<\/td>\n<\/tr>\n<p><!-- 27 --><\/p>\n<tr>\n<td class=\"col-idx\">27.<\/td>\n<td class=\"col-name\"><a class=\"disc-link\" href=\"https:\/\/docs.google.com\/document\/d\/1IFVegOKXUT3tiQ_QBWTkr2t5nDn7Dged\/edit?usp=drive_link&amp;ouid=105376351858971622586&amp;rtpof=true&amp;sd=true\">Mudan\u00e7as Clim\u00e1ticas: Teoria e Implica\u00e7\u00f5es<\/a><\/td>\n<td class=\"col-cr\">4<\/td>\n<td class=\"mark bg-l1\"><\/td>\n<td class=\"mark bg-l1\">X<\/td>\n<td class=\"mark bg-l2\"><\/td>\n<td class=\"mark bg-l2\">X<\/td>\n<td class=\"mark bg-l1\"><\/td>\n<td class=\"mark bg-l1\">X<\/td>\n<td class=\"mark bg-l2\"><\/td>\n<td class=\"mark bg-l2\">X<\/td>\n<\/tr>\n<p><!-- 28 --><\/p>\n<tr>\n<td class=\"col-idx\">28.<\/td>\n<td class=\"col-name\"><a class=\"disc-link\" href=\"https:\/\/docs.google.com\/document\/d\/1lA7tUQgKnSrnlWIkBPGKuRvTxqTNXdnd\/edit?usp=drive_link&amp;ouid=105376351858971622586&amp;rtpof=true&amp;sd=true\">Semin\u00e1rios em Modelagem Matem\u00e1tica<\/a><\/td>\n<td class=\"col-cr\">4<\/td>\n<td class=\"mark bg-l1\"><\/td>\n<td class=\"mark bg-l1\">X<\/td>\n<td class=\"mark bg-l2\"><\/td>\n<td class=\"mark bg-l2\">X<\/td>\n<td class=\"mark bg-l1\"><\/td>\n<td class=\"mark bg-l1\">X<\/td>\n<td class=\"mark bg-l2\"><\/td>\n<td class=\"mark bg-l2\">X<\/td>\n<\/tr>\n<p><!-- 29 --><\/p>\n<tr>\n<td class=\"col-idx\">29.<\/td>\n<td class=\"col-name\"><a class=\"disc-link\" href=\"https:\/\/docs.google.com\/document\/d\/1VofXo2bHPcxJTh2_i0hzFuYEEZGZSQn1\/edit?usp=drive_link&amp;ouid=105376351858971622586&amp;rtpof=true&amp;sd=true\">T\u00f3picos em Modelagem Matem\u00e1tica<\/a><\/td>\n<td class=\"col-cr\">4<\/td>\n<td class=\"mark bg-l1\"><\/td>\n<td class=\"mark bg-l1\">X<\/td>\n<td class=\"mark bg-l2\"><\/td>\n<td class=\"mark bg-l2\">X<\/td>\n<td class=\"mark bg-l1\"><\/td>\n<td class=\"mark bg-l1\">X<\/td>\n<td class=\"mark bg-l2\"><\/td>\n<td class=\"mark bg-l2\">X<\/td>\n<\/tr>\n<p><!-- 30 --><\/p>\n<tr>\n<td class=\"col-idx\">30.<\/td>\n<td class=\"col-name\"><a class=\"disc-link\" href=\"https:\/\/docs.google.com\/document\/d\/1DnJnRhthfZyZbME9GHtnUEHlWjtSXAJH\/edit?usp=drive_link&amp;ouid=105376351858971622586&amp;rtpof=true&amp;sd=true\">Semin\u00e1rios em Fen\u00f4menos de Transporte<\/a><\/td>\n<td class=\"col-cr\">2<\/td>\n<td class=\"mark bg-l1\"><\/td>\n<td class=\"mark bg-l1\">X<\/td>\n<td class=\"mark bg-l2\"><\/td>\n<td class=\"mark bg-l2\">X<\/td>\n<td class=\"mark bg-l1\"><\/td>\n<td class=\"mark bg-l1\">X<\/td>\n<td class=\"mark bg-l2\"><\/td>\n<td class=\"mark bg-l2\">X<\/td>\n<\/tr>\n<p><!-- 31 --><\/p>\n<tr>\n<td class=\"col-idx\">31.<\/td>\n<td class=\"col-name\"><a class=\"disc-link\" href=\"https:\/\/docs.google.com\/document\/d\/1DnJnRhthfZyZbME9GHtnUEHlWjtSXAJH\/edit?usp=drive_link&amp;ouid=105376351858971622586&amp;rtpof=true&amp;sd=true\">T\u00f3picos Especiais em Fen\u00f4menos de Transporte<\/a><\/td>\n<td class=\"col-cr\">4<\/td>\n<td class=\"mark bg-l1\"><\/td>\n<td class=\"mark bg-l1\">X<\/td>\n<td class=\"mark bg-l2\"><\/td>\n<td class=\"mark bg-l2\">X<\/td>\n<td class=\"mark bg-l1\"><\/td>\n<td class=\"mark bg-l1\">X<\/td>\n<td class=\"mark bg-l2\"><\/td>\n<td class=\"mark bg-l2\">X<\/td>\n<\/tr>\n<p><!-- 32 --><\/p>\n<tr>\n<td class=\"col-idx\">32.<\/td>\n<td class=\"col-name\"><a class=\"disc-link\" href=\"https:\/\/docs.google.com\/document\/d\/1Cya0MhUQijYdHmhKHrqhzopcuorqdzLG\/edit?usp=drive_link&amp;ouid=105376351858971622586&amp;rtpof=true&amp;sd=true\">Semin\u00e1rios em M\u00e9todos da Matem\u00e1tica Aplicada<\/a><\/td>\n<td class=\"col-cr\">2<\/td>\n<td class=\"mark bg-l1\"><\/td>\n<td class=\"mark bg-l1\">X<\/td>\n<td class=\"mark bg-l2\"><\/td>\n<td class=\"mark bg-l2\">X<\/td>\n<td class=\"mark bg-l1\"><\/td>\n<td class=\"mark bg-l1\">X<\/td>\n<td class=\"mark bg-l2\"><\/td>\n<td class=\"mark bg-l2\">X<\/td>\n<\/tr>\n<p><!-- 33 --><\/p>\n<tr>\n<td class=\"col-idx\">33.<\/td>\n<td class=\"col-name\"><a class=\"disc-link\" href=\"https:\/\/docs.google.com\/document\/d\/154n5Cm_Vkur0Edacj4mo0Jpcjn6g2mgV\/edit?usp=drive_link&amp;ouid=105376351858971622586&amp;rtpof=true&amp;sd=true\">T\u00f3picos Especiais em M\u00e9todos da Matem\u00e1tica Aplicada<\/a><\/td>\n<td class=\"col-cr\">4<\/td>\n<td class=\"mark bg-l1\"><\/td>\n<td class=\"mark bg-l1\">X<\/td>\n<td class=\"mark bg-l2\"><\/td>\n<td class=\"mark bg-l2\">X<\/td>\n<td class=\"mark bg-l1\"><\/td>\n<td class=\"mark bg-l1\">X<\/td>\n<td class=\"mark bg-l2\"><\/td>\n<td class=\"mark bg-l2\">X<\/td>\n<\/tr>\n<p><!-- 34 --><\/p>\n<tr>\n<td class=\"col-idx\">34.<\/td>\n<td class=\"col-name\"><a class=\"disc-link\" href=\"https:\/\/docs.google.com\/document\/d\/1ijgpsBBPyrSSmp5wVh584s7obVwSdF98\/edit?usp=drive_link&amp;ouid=105376351858971622586&amp;rtpof=true&amp;sd=true\">T\u00f3picos em Epidemiologia<\/a><\/td>\n<td class=\"col-cr\">4<\/td>\n<td class=\"mark bg-l1\"><\/td>\n<td class=\"mark bg-l1\">X<\/td>\n<td class=\"mark bg-l2\"><\/td>\n<td class=\"mark bg-l2\">X<\/td>\n<td class=\"mark bg-l1\"><\/td>\n<td class=\"mark bg-l1\">X<\/td>\n<td class=\"mark bg-l2\"><\/td>\n<td class=\"mark bg-l2\">X<\/td>\n<\/tr>\n<p><!-- 35 --><\/p>\n<tr>\n<td class=\"col-idx\">35.<\/td>\n<td class=\"col-name\"><a class=\"disc-link\" href=\"https:\/\/docs.google.com\/document\/d\/1bqCVLmJNi-EPvDKbDwFdo5HtqAp6TopE\/edit?usp=drive_link&amp;ouid=105376351858971622586&amp;rtpof=true&amp;sd=true\">Est\u00e1gio de Doc\u00eancia I<\/a><\/td>\n<td class=\"col-cr\">2<\/td>\n<td class=\"mark bg-l1\"><\/td>\n<td class=\"mark bg-l1\">X<\/td>\n<td class=\"mark bg-l2\"><\/td>\n<td class=\"mark bg-l2\">X<\/td>\n<td class=\"mark bg-l1\"><\/td>\n<td class=\"mark bg-l1\"><span class=\"dash\">&#8211;<\/span><\/td>\n<td class=\"mark bg-l2\"><\/td>\n<td class=\"mark bg-l2\"><span class=\"dash\">&#8211;<\/span><\/td>\n<\/tr>\n<p><!-- 36 --><\/p>\n<tr>\n<td class=\"col-idx\">36.<\/td>\n<td class=\"col-name\"><a class=\"disc-link\" href=\"https:\/\/docs.google.com\/document\/d\/1iQ7N4ohURo_FZ9DRn6m0UbnmjSsSUeg5\/edit?usp=drive_link&amp;ouid=105376351858971622586&amp;rtpof=true&amp;sd=true\">Est\u00e1gio de Doc\u00eancia II<\/a><\/td>\n<td class=\"col-cr\">2<\/td>\n<td class=\"mark bg-l1\"><\/td>\n<td class=\"mark bg-l1\"><span class=\"dash\">&#8211;<\/span><\/td>\n<td class=\"mark bg-l2\"><\/td>\n<td class=\"mark bg-l2\"><span class=\"dash\">&#8211;<\/span><\/td>\n<td class=\"mark bg-l1\"><\/td>\n<td class=\"mark bg-l1\">X<\/td>\n<td class=\"mark bg-l2\"><\/td>\n<td class=\"mark bg-l2\">X<\/td>\n<\/tr>\n<\/tbody>\n<\/table>\n<\/div>\n<p><strong>Disciplinas transversais<\/strong> s\u00e3o ofertadas pela <strong>PRPPG<\/strong> da <strong>UFPel<\/strong>.<\/p>\n<p>Disciplinas podem ser cursadas em outros programas de p\u00f3s-gradua\u00e7\u00e3o da UFPel, com a concord\u00e2ncia do orientador e da coordena\u00e7\u00e3o.<\/p>\n","protected":false},"excerpt":{"rendered":"<p>Disciplinas Mestrado Doutorado Linha 1 Linha 2 Linha 1 Linha 2 Nome N\u00b0 cr. Ob. Op. Ob. Op. Ob. Op. Ob. Op. 1. T\u00f3picos Avan\u00e7ados do C\u00e1lculo 4 X X X X 2. Equa\u00e7\u00f5es Diferenciais Parciais Aplicadas 4 X X X X 3. M\u00e9todos Num\u00e9ricos para Equa\u00e7\u00f5es Diferenciais 4 X X X X 4. Modelagem [&hellip;]<\/p>\n","protected":false},"author":458,"featured_media":0,"parent":0,"menu_order":10,"comment_status":"closed","ping_status":"closed","template":"","meta":{"jetpack_post_was_ever_published":false,"footnotes":""},"class_list":["post-1088","page","type-page","status-publish","hentry"],"jetpack_sharing_enabled":true,"jetpack_shortlink":"https:\/\/wp.me\/ParAg0-hy","_links":{"self":[{"href":"https:\/\/wp.ufpel.edu.br\/ppgmmat\/wp-json\/wp\/v2\/pages\/1088","targetHints":{"allow":["GET"]}}],"collection":[{"href":"https:\/\/wp.ufpel.edu.br\/ppgmmat\/wp-json\/wp\/v2\/pages"}],"about":[{"href":"https:\/\/wp.ufpel.edu.br\/ppgmmat\/wp-json\/wp\/v2\/types\/page"}],"author":[{"embeddable":true,"href":"https:\/\/wp.ufpel.edu.br\/ppgmmat\/wp-json\/wp\/v2\/users\/458"}],"replies":[{"embeddable":true,"href":"https:\/\/wp.ufpel.edu.br\/ppgmmat\/wp-json\/wp\/v2\/comments?post=1088"}],"version-history":[{"count":3,"href":"https:\/\/wp.ufpel.edu.br\/ppgmmat\/wp-json\/wp\/v2\/pages\/1088\/revisions"}],"predecessor-version":[{"id":5295,"href":"https:\/\/wp.ufpel.edu.br\/ppgmmat\/wp-json\/wp\/v2\/pages\/1088\/revisions\/5295"}],"wp:attachment":[{"href":"https:\/\/wp.ufpel.edu.br\/ppgmmat\/wp-json\/wp\/v2\/media?parent=1088"}],"curies":[{"name":"wp","href":"https:\/\/api.w.org\/{rel}","templated":true}]}}