{"id":1059,"date":"2012-11-11T23:09:11","date_gmt":"2012-11-12T02:09:11","guid":{"rendered":"http:\/\/pgmat.ufpel.edu.br\/?page_id=1059"},"modified":"2026-01-22T20:33:14","modified_gmt":"2026-01-22T23:33:14","slug":"regimento","status":"publish","type":"page","link":"https:\/\/wp.ufpel.edu.br\/ppgmmat\/regimento\/","title":{"rendered":"Regimento e PEP \/ normativas"},"content":{"rendered":"<p><strong>Regimento e PEP do PPGMMAT:<\/strong><\/p>\n<p>Planejamento Estrat\u00e9gico do Programa:\u00a0 <a href=\"https:\/\/wp.ufpel.edu.br\/ppgmmat\/files\/2023\/03\/PEP-PPGMMat-2022-.pdf\">PEP PPGMMat<\/a><\/p>\n<p>Regimento: <a href=\"https:\/\/wp.ufpel.edu.br\/ppgmmat\/files\/2025\/08\/Regimento_PPGMMat___2025___doutorado_e_atualizado.docx.pdf\">Regimento_PPGMMat<\/a><\/p>\n<p>&nbsp;<\/p>\n<p><strong>Normativas:<\/strong><\/p>\n<p>Normativa Docentes: <a href=\"https:\/\/wp.ufpel.edu.br\/ppgmmat\/files\/2025\/08\/normativa_DOCENTES___2025.pdf\">normativa_DOCENTES<\/a><\/p>\n<p>Normas para distribui\u00e7\u00e3o e cancelamento de bolsas, e ac\u00famulo com atividades remuneradas do PPG:\u00a0 <a href=\"https:\/\/wp.ufpel.edu.br\/ppgmmat\/files\/2025\/08\/Norma_distribuicao_bolsas_PPGMMat_2025_com_doutorado.pdf\">Norma_distribuicao_bolsas_PPGMMat<\/a><\/p>\n<p>&nbsp;<\/p>\n<p><strong>Portarias e diretrizes:<\/strong><\/p>\n<p>Atribui\u00e7\u00e3o de Bolsistas: <a href=\"https:\/\/wp.ufpel.edu.br\/ppgmmat\/files\/2022\/05\/portarias_conjuntas_n_1_e_2_capes-cnpq_15-07-2010-2.pdf\">PORTARIAS_conjuntas_n1_e_n2_capes-cnpq\u00a0<\/a><\/p>\n<p>Diretrizes institucionais para a distribui\u00e7\u00e3o de bolsas e para o ac\u00famulo de bolsas e atividades remuneradas ou outros rendimentos da UFPel: <a href=\"https:\/\/wp.ufpel.edu.br\/ppgmmat\/files\/2023\/12\/SEI_UFPel-2373244-Resolucao-UFPel.pdf\">SEI_UFPel &#8211; 2373244 &#8211; Resolu\u00e7\u00e3o UFPel<\/a><\/p>\n<p>PORTARIA CAPES N\u00ba 133, DE 10 DE JULHO DE 2023 que Regulamenta o ac\u00famulo de bolsas de mestrado, doutorado e p\u00f3s-doutorado concedidas pela Capes no Pa\u00eds com atividade remunerada ou outros rendimentos: <a href=\"https:\/\/wp.ufpel.edu.br\/ppgmmat\/files\/2023\/12\/Portaria-Capes-133-2023-07-10.pdf\">Portaria-Capes-133-2023-07-10<\/a><\/p>\n<p><strong>Utiliza\u00e7\u00e3o da verba PROAP: <\/strong><a href=\"https:\/\/wp.ufpel.edu.br\/ppgmmat\/files\/2024\/10\/UTILIZACAO-DA-VERBA-PROAP-DO-PPGMMat.pdf\">Diretrizes<\/a><\/p>\n<p>&nbsp;<\/p>\n<p><strong>Portaria do Colegiado do PPGMMat:<\/strong> <a href=\"https:\/\/wp.ufpel.edu.br\/ppgmmat\/files\/2026\/01\/portaria-colegiado.pdf\">portaria colegiado<\/a><\/p>\n<p><strong>Portaria do Comit\u00ea de Bolsas e Editais:<\/strong> <a href=\"https:\/\/wp.ufpel.edu.br\/ppgmmat\/files\/2026\/01\/comite-editais-e-bolsas.pdf\">comite editais e bolsas<\/a><\/p>\n<p>&nbsp;<\/p>\n<p>&nbsp;<\/p>\n","protected":false},"excerpt":{"rendered":"<p>Regimento e PEP do PPGMMAT: Planejamento Estrat\u00e9gico do Programa:\u00a0 PEP PPGMMat Regimento: Regimento_PPGMMat &nbsp; Normativas: Normativa Docentes: normativa_DOCENTES Normas para distribui\u00e7\u00e3o e cancelamento de bolsas, e ac\u00famulo com atividades remuneradas do PPG:\u00a0 Norma_distribuicao_bolsas_PPGMMat &nbsp; Portarias e diretrizes: Atribui\u00e7\u00e3o de Bolsistas: PORTARIAS_conjuntas_n1_e_n2_capes-cnpq\u00a0 Diretrizes institucionais para a distribui\u00e7\u00e3o de bolsas e para o ac\u00famulo de bolsas e [&hellip;]<\/p>\n","protected":false},"author":458,"featured_media":0,"parent":0,"menu_order":5,"comment_status":"closed","ping_status":"closed","template":"","meta":{"jetpack_post_was_ever_published":false,"footnotes":""},"class_list":["post-1059","page","type-page","status-publish","hentry"],"jetpack_sharing_enabled":true,"jetpack_shortlink":"https:\/\/wp.me\/ParAg0-h5","_links":{"self":[{"href":"https:\/\/wp.ufpel.edu.br\/ppgmmat\/wp-json\/wp\/v2\/pages\/1059","targetHints":{"allow":["GET"]}}],"collection":[{"href":"https:\/\/wp.ufpel.edu.br\/ppgmmat\/wp-json\/wp\/v2\/pages"}],"about":[{"href":"https:\/\/wp.ufpel.edu.br\/ppgmmat\/wp-json\/wp\/v2\/types\/page"}],"author":[{"embeddable":true,"href":"https:\/\/wp.ufpel.edu.br\/ppgmmat\/wp-json\/wp\/v2\/users\/458"}],"replies":[{"embeddable":true,"href":"https:\/\/wp.ufpel.edu.br\/ppgmmat\/wp-json\/wp\/v2\/comments?post=1059"}],"version-history":[{"count":4,"href":"https:\/\/wp.ufpel.edu.br\/ppgmmat\/wp-json\/wp\/v2\/pages\/1059\/revisions"}],"predecessor-version":[{"id":5325,"href":"https:\/\/wp.ufpel.edu.br\/ppgmmat\/wp-json\/wp\/v2\/pages\/1059\/revisions\/5325"}],"wp:attachment":[{"href":"https:\/\/wp.ufpel.edu.br\/ppgmmat\/wp-json\/wp\/v2\/media?parent=1059"}],"curies":[{"name":"wp","href":"https:\/\/api.w.org\/{rel}","templated":true}]}}