{"id":660,"date":"2018-06-26T09:54:34","date_gmt":"2018-06-26T12:54:34","guid":{"rendered":"https:\/\/wp.ufpel.edu.br\/ppgmet\/?page_id=660"},"modified":"2018-08-01T17:19:57","modified_gmt":"2018-08-01T20:19:57","slug":"selecao-pos-doutorado-pnpd-capes","status":"publish","type":"page","link":"https:\/\/wp.ufpel.edu.br\/ppgmet\/selecao-pos-doutorado-pnpd-capes\/","title":{"rendered":"Sele\u00e7\u00e3o PNPD\/CAPES"},"content":{"rendered":"<p>Inscri\u00e7\u00f5es: de 26 de junho de 2018 a 16 de julho de 2018<\/p>\n<p>Resultado da primeira e da segunda etapa: 26 de julho de 2018<\/p>\n<p>Defesas de Memorial: a partir de 27 de julho de 2018<\/p>\n<p>Resultado final: 06 de agosto de 2018<\/p>\n<p>Edital: <a href=\"https:\/\/drive.google.com\/open?id=18tydYHav7BEKMEERGAX1DhmIWY03etXQ\">Download<\/a><\/p>\n<p>Anexo(Portaria 086 &#8211; CAPES): <a href=\"https:\/\/drive.google.com\/open?id=1oF07xuTcMQWPLffRFwhPeIKpJdMpd-66\">Download<\/a><\/p>\n<p>Crit\u00e9rios para an\u00e1lise de t\u00edtulos &#8211; Aprovado em 09\/07\/18: <a href=\"https:\/\/drive.google.com\/open?id=1PjPKS7TR4qpGfcn8AyNBqG5UbqEyfZD1\">Download<\/a><\/p>\n<p>Resultado da primeira e segunda etapa <a href=\"https:\/\/drive.google.com\/open?id=1DhLuCYs25M56RvMs5Bqf7ERNX4deJsC4\">Download<\/a><\/p>\n<p>Resultado Final:<\/p>\n<table width=\"571\">\n<tbody>\n<tr>\n<td width=\"219\"><\/td>\n<td width=\"97\">Projeto<\/td>\n<td width=\"85\">T\u00edtulos<\/td>\n<td width=\"77\">Memorial<\/td>\n<td width=\"93\">Final<\/td>\n<\/tr>\n<tr>\n<td><\/td>\n<td>Peso 4<\/td>\n<td>Peso 4<\/td>\n<td>Peso 2<\/td>\n<td><\/td>\n<\/tr>\n<tr>\n<td><strong>Douglas da Silva Lindemann<\/strong><\/td>\n<td><strong>10<\/strong><\/td>\n<td><strong>5,565<\/strong><\/td>\n<td><strong>10<\/strong><\/td>\n<td><strong>8,226<\/strong><\/td>\n<\/tr>\n<tr>\n<td>Flavio Tiago do Couto<\/td>\n<td>9<\/td>\n<td>5,310<\/td>\n<td>10<\/td>\n<td>7,724<\/td>\n<\/tr>\n<tr>\n<td>Patr\u00edcia Porta Nova da Cruz<\/td>\n<td>9<\/td>\n<td>5,130<\/td>\n<td>9,5<\/td>\n<td>7,552<\/td>\n<\/tr>\n<tr>\n<td>Viliam Cardoso da Silveira<\/td>\n<td>8<\/td>\n<td>5,560<\/td>\n<td>8,5<\/td>\n<td>7,124<\/td>\n<\/tr>\n<\/tbody>\n<\/table>\n<p><\/p>\n","protected":false},"excerpt":{"rendered":"<p>Inscri\u00e7\u00f5es: de 26 de junho de 2018 a 16 de julho de 2018 Resultado da primeira e da segunda etapa: 26 de julho de 2018 Defesas de Memorial: a partir de 27 de julho de 2018 Resultado final: 06 de agosto de 2018 Edital: Download Anexo(Portaria 086 &#8211; CAPES): Download Crit\u00e9rios para an\u00e1lise de t\u00edtulos&#8230; <\/p>\n<div class=\"link-more\"><a href=\"https:\/\/wp.ufpel.edu.br\/ppgmet\/selecao-pos-doutorado-pnpd-capes\/\">Leia mais<\/a><\/div>\n","protected":false},"author":424,"featured_media":0,"parent":0,"menu_order":0,"comment_status":"closed","ping_status":"closed","template":"","meta":{"jetpack_post_was_ever_published":false,"footnotes":""},"class_list":["post-660","page","type-page","status-publish","hentry"],"yoast_head":"<!-- This site is optimized with the Yoast SEO plugin v26.7 - https:\/\/yoast.com\/wordpress\/plugins\/seo\/ -->\n<title>Sele\u00e7\u00e3o PNPD\/CAPES -<\/title>\n<meta name=\"robots\" content=\"index, follow, max-snippet:-1, max-image-preview:large, max-video-preview:-1\" \/>\n<link rel=\"canonical\" href=\"https:\/\/wp.ufpel.edu.br\/ppgmet\/selecao-pos-doutorado-pnpd-capes\/\" \/>\n<meta property=\"og:locale\" content=\"pt_BR\" \/>\n<meta property=\"og:type\" content=\"article\" \/>\n<meta property=\"og:title\" content=\"Sele\u00e7\u00e3o PNPD\/CAPES -\" \/>\n<meta property=\"og:description\" content=\"Inscri\u00e7\u00f5es: de 26 de junho de 2018 a 16 de julho de 2018 Resultado da primeira e da segunda etapa: 26 de julho de 2018 Defesas de Memorial: a partir de 27 de julho de 2018 Resultado final: 06 de agosto de 2018 Edital: Download Anexo(Portaria 086 &#8211; CAPES): Download Crit\u00e9rios para an\u00e1lise de t\u00edtulos... Leia mais\" \/>\n<meta property=\"og:url\" content=\"https:\/\/wp.ufpel.edu.br\/ppgmet\/selecao-pos-doutorado-pnpd-capes\/\" \/>\n<meta property=\"article:modified_time\" content=\"2018-08-01T20:19:57+00:00\" \/>\n<meta name=\"twitter:card\" content=\"summary_large_image\" \/>\n<script type=\"application\/ld+json\" class=\"yoast-schema-graph\">{\"@context\":\"https:\/\/schema.org\",\"@graph\":[{\"@type\":\"WebPage\",\"@id\":\"https:\/\/wp.ufpel.edu.br\/ppgmet\/selecao-pos-doutorado-pnpd-capes\/\",\"url\":\"https:\/\/wp.ufpel.edu.br\/ppgmet\/selecao-pos-doutorado-pnpd-capes\/\",\"name\":\"Sele\u00e7\u00e3o PNPD\/CAPES -\",\"isPartOf\":{\"@id\":\"https:\/\/wp.ufpel.edu.br\/ppgmet\/#website\"},\"datePublished\":\"2018-06-26T12:54:34+00:00\",\"dateModified\":\"2018-08-01T20:19:57+00:00\",\"breadcrumb\":{\"@id\":\"https:\/\/wp.ufpel.edu.br\/ppgmet\/selecao-pos-doutorado-pnpd-capes\/#breadcrumb\"},\"inLanguage\":\"pt-BR\",\"potentialAction\":[{\"@type\":\"ReadAction\",\"target\":[\"https:\/\/wp.ufpel.edu.br\/ppgmet\/selecao-pos-doutorado-pnpd-capes\/\"]}]},{\"@type\":\"BreadcrumbList\",\"@id\":\"https:\/\/wp.ufpel.edu.br\/ppgmet\/selecao-pos-doutorado-pnpd-capes\/#breadcrumb\",\"itemListElement\":[{\"@type\":\"ListItem\",\"position\":1,\"name\":\"In\u00edcio\",\"item\":\"https:\/\/wp.ufpel.edu.br\/ppgmet\/\"},{\"@type\":\"ListItem\",\"position\":2,\"name\":\"Sele\u00e7\u00e3o PNPD\/CAPES\"}]},{\"@type\":\"WebSite\",\"@id\":\"https:\/\/wp.ufpel.edu.br\/ppgmet\/#website\",\"url\":\"https:\/\/wp.ufpel.edu.br\/ppgmet\/\",\"name\":\"\",\"description\":\"Programa de P\u00f3s Gradua\u00e7\u00e3o em Meteorologia\",\"potentialAction\":[{\"@type\":\"SearchAction\",\"target\":{\"@type\":\"EntryPoint\",\"urlTemplate\":\"https:\/\/wp.ufpel.edu.br\/ppgmet\/?s={search_term_string}\"},\"query-input\":{\"@type\":\"PropertyValueSpecification\",\"valueRequired\":true,\"valueName\":\"search_term_string\"}}],\"inLanguage\":\"pt-BR\"}]}<\/script>\n<!-- \/ Yoast SEO plugin. -->","yoast_head_json":{"title":"Sele\u00e7\u00e3o PNPD\/CAPES -","robots":{"index":"index","follow":"follow","max-snippet":"max-snippet:-1","max-image-preview":"max-image-preview:large","max-video-preview":"max-video-preview:-1"},"canonical":"https:\/\/wp.ufpel.edu.br\/ppgmet\/selecao-pos-doutorado-pnpd-capes\/","og_locale":"pt_BR","og_type":"article","og_title":"Sele\u00e7\u00e3o PNPD\/CAPES -","og_description":"Inscri\u00e7\u00f5es: de 26 de junho de 2018 a 16 de julho de 2018 Resultado da primeira e da segunda etapa: 26 de julho de 2018 Defesas de Memorial: a partir de 27 de julho de 2018 Resultado final: 06 de agosto de 2018 Edital: Download Anexo(Portaria 086 &#8211; CAPES): Download Crit\u00e9rios para an\u00e1lise de t\u00edtulos... Leia mais","og_url":"https:\/\/wp.ufpel.edu.br\/ppgmet\/selecao-pos-doutorado-pnpd-capes\/","article_modified_time":"2018-08-01T20:19:57+00:00","twitter_card":"summary_large_image","schema":{"@context":"https:\/\/schema.org","@graph":[{"@type":"WebPage","@id":"https:\/\/wp.ufpel.edu.br\/ppgmet\/selecao-pos-doutorado-pnpd-capes\/","url":"https:\/\/wp.ufpel.edu.br\/ppgmet\/selecao-pos-doutorado-pnpd-capes\/","name":"Sele\u00e7\u00e3o PNPD\/CAPES -","isPartOf":{"@id":"https:\/\/wp.ufpel.edu.br\/ppgmet\/#website"},"datePublished":"2018-06-26T12:54:34+00:00","dateModified":"2018-08-01T20:19:57+00:00","breadcrumb":{"@id":"https:\/\/wp.ufpel.edu.br\/ppgmet\/selecao-pos-doutorado-pnpd-capes\/#breadcrumb"},"inLanguage":"pt-BR","potentialAction":[{"@type":"ReadAction","target":["https:\/\/wp.ufpel.edu.br\/ppgmet\/selecao-pos-doutorado-pnpd-capes\/"]}]},{"@type":"BreadcrumbList","@id":"https:\/\/wp.ufpel.edu.br\/ppgmet\/selecao-pos-doutorado-pnpd-capes\/#breadcrumb","itemListElement":[{"@type":"ListItem","position":1,"name":"In\u00edcio","item":"https:\/\/wp.ufpel.edu.br\/ppgmet\/"},{"@type":"ListItem","position":2,"name":"Sele\u00e7\u00e3o PNPD\/CAPES"}]},{"@type":"WebSite","@id":"https:\/\/wp.ufpel.edu.br\/ppgmet\/#website","url":"https:\/\/wp.ufpel.edu.br\/ppgmet\/","name":"","description":"Programa de P\u00f3s Gradua\u00e7\u00e3o em Meteorologia","potentialAction":[{"@type":"SearchAction","target":{"@type":"EntryPoint","urlTemplate":"https:\/\/wp.ufpel.edu.br\/ppgmet\/?s={search_term_string}"},"query-input":{"@type":"PropertyValueSpecification","valueRequired":true,"valueName":"search_term_string"}}],"inLanguage":"pt-BR"}]}},"jetpack_sharing_enabled":true,"jetpack_shortlink":"https:\/\/wp.me\/P8qPE3-aE","_links":{"self":[{"href":"https:\/\/wp.ufpel.edu.br\/ppgmet\/wp-json\/wp\/v2\/pages\/660","targetHints":{"allow":["GET"]}}],"collection":[{"href":"https:\/\/wp.ufpel.edu.br\/ppgmet\/wp-json\/wp\/v2\/pages"}],"about":[{"href":"https:\/\/wp.ufpel.edu.br\/ppgmet\/wp-json\/wp\/v2\/types\/page"}],"author":[{"embeddable":true,"href":"https:\/\/wp.ufpel.edu.br\/ppgmet\/wp-json\/wp\/v2\/users\/424"}],"replies":[{"embeddable":true,"href":"https:\/\/wp.ufpel.edu.br\/ppgmet\/wp-json\/wp\/v2\/comments?post=660"}],"version-history":[{"count":6,"href":"https:\/\/wp.ufpel.edu.br\/ppgmet\/wp-json\/wp\/v2\/pages\/660\/revisions"}],"predecessor-version":[{"id":687,"href":"https:\/\/wp.ufpel.edu.br\/ppgmet\/wp-json\/wp\/v2\/pages\/660\/revisions\/687"}],"wp:attachment":[{"href":"https:\/\/wp.ufpel.edu.br\/ppgmet\/wp-json\/wp\/v2\/media?parent=660"}],"curies":[{"name":"wp","href":"https:\/\/api.w.org\/{rel}","templated":true}]}}