{"id":636,"date":"2018-05-04T11:28:06","date_gmt":"2018-05-04T14:28:06","guid":{"rendered":"https:\/\/wp.ufpel.edu.br\/ppgmet\/?page_id=636"},"modified":"2025-04-01T11:12:19","modified_gmt":"2025-04-01T14:12:19","slug":"calendario-interno-ppgmet","status":"publish","type":"page","link":"https:\/\/wp.ufpel.edu.br\/ppgmet\/calendario-interno-ppgmet\/","title":{"rendered":"Calend\u00e1rio interno PPGMet"},"content":{"rendered":"<p>&nbsp;<\/p>\n<p><a href=\"https:\/\/wp.ufpel.edu.br\/ppgmet\/files\/2025\/04\/PPGMET-20.png\"><img loading=\"lazy\" decoding=\"async\" class=\"alignnone size-medium wp-image-1779\" src=\"https:\/\/wp.ufpel.edu.br\/ppgmet\/files\/2025\/04\/PPGMET-20-400x400.png\" alt=\"\" width=\"400\" height=\"400\" srcset=\"https:\/\/wp.ufpel.edu.br\/ppgmet\/files\/2025\/04\/PPGMET-20-400x400.png 400w, https:\/\/wp.ufpel.edu.br\/ppgmet\/files\/2025\/04\/PPGMET-20-1024x1024.png 1024w, https:\/\/wp.ufpel.edu.br\/ppgmet\/files\/2025\/04\/PPGMET-20-200x200.png 200w, https:\/\/wp.ufpel.edu.br\/ppgmet\/files\/2025\/04\/PPGMET-20-768x768.png 768w, https:\/\/wp.ufpel.edu.br\/ppgmet\/files\/2025\/04\/PPGMET-20-300x300.png 300w, https:\/\/wp.ufpel.edu.br\/ppgmet\/files\/2025\/04\/PPGMET-20.png 1080w\" sizes=\"auto, (max-width: 400px) 100vw, 400px\" \/><\/a><\/p>\n","protected":false},"excerpt":{"rendered":"<p>&nbsp;<\/p>\n","protected":false},"author":424,"featured_media":0,"parent":0,"menu_order":0,"comment_status":"closed","ping_status":"closed","template":"","meta":{"jetpack_post_was_ever_published":false,"footnotes":""},"class_list":["post-636","page","type-page","status-publish","hentry"],"yoast_head":"<!-- This site is optimized with the Yoast SEO plugin v26.7 - https:\/\/yoast.com\/wordpress\/plugins\/seo\/ -->\n<title>Calend\u00e1rio interno PPGMet -<\/title>\n<meta name=\"robots\" content=\"index, follow, max-snippet:-1, max-image-preview:large, max-video-preview:-1\" \/>\n<link rel=\"canonical\" href=\"https:\/\/wp.ufpel.edu.br\/ppgmet\/calendario-interno-ppgmet\/\" \/>\n<meta property=\"og:locale\" content=\"pt_BR\" \/>\n<meta property=\"og:type\" content=\"article\" \/>\n<meta property=\"og:title\" content=\"Calend\u00e1rio interno PPGMet -\" \/>\n<meta property=\"og:description\" content=\"&nbsp;\" \/>\n<meta property=\"og:url\" content=\"https:\/\/wp.ufpel.edu.br\/ppgmet\/calendario-interno-ppgmet\/\" \/>\n<meta property=\"article:modified_time\" content=\"2025-04-01T14:12:19+00:00\" \/>\n<meta property=\"og:image\" content=\"https:\/\/wp.ufpel.edu.br\/ppgmet\/files\/2025\/04\/PPGMET-20.png\" \/>\n\t<meta property=\"og:image:width\" content=\"1080\" \/>\n\t<meta property=\"og:image:height\" content=\"1080\" \/>\n\t<meta property=\"og:image:type\" content=\"image\/png\" \/>\n<meta name=\"twitter:card\" content=\"summary_large_image\" \/>\n<meta name=\"twitter:label1\" content=\"Est. tempo de leitura\" \/>\n\t<meta name=\"twitter:data1\" content=\"1 minuto\" \/>\n<script type=\"application\/ld+json\" class=\"yoast-schema-graph\">{\"@context\":\"https:\/\/schema.org\",\"@graph\":[{\"@type\":\"WebPage\",\"@id\":\"https:\/\/wp.ufpel.edu.br\/ppgmet\/calendario-interno-ppgmet\/\",\"url\":\"https:\/\/wp.ufpel.edu.br\/ppgmet\/calendario-interno-ppgmet\/\",\"name\":\"Calend\u00e1rio interno PPGMet -\",\"isPartOf\":{\"@id\":\"https:\/\/wp.ufpel.edu.br\/ppgmet\/#website\"},\"primaryImageOfPage\":{\"@id\":\"https:\/\/wp.ufpel.edu.br\/ppgmet\/calendario-interno-ppgmet\/#primaryimage\"},\"image\":{\"@id\":\"https:\/\/wp.ufpel.edu.br\/ppgmet\/calendario-interno-ppgmet\/#primaryimage\"},\"thumbnailUrl\":\"https:\/\/wp.ufpel.edu.br\/ppgmet\/files\/2025\/04\/PPGMET-20-400x400.png\",\"datePublished\":\"2018-05-04T14:28:06+00:00\",\"dateModified\":\"2025-04-01T14:12:19+00:00\",\"breadcrumb\":{\"@id\":\"https:\/\/wp.ufpel.edu.br\/ppgmet\/calendario-interno-ppgmet\/#breadcrumb\"},\"inLanguage\":\"pt-BR\",\"potentialAction\":[{\"@type\":\"ReadAction\",\"target\":[\"https:\/\/wp.ufpel.edu.br\/ppgmet\/calendario-interno-ppgmet\/\"]}]},{\"@type\":\"ImageObject\",\"inLanguage\":\"pt-BR\",\"@id\":\"https:\/\/wp.ufpel.edu.br\/ppgmet\/calendario-interno-ppgmet\/#primaryimage\",\"url\":\"https:\/\/wp.ufpel.edu.br\/ppgmet\/files\/2025\/04\/PPGMET-20.png\",\"contentUrl\":\"https:\/\/wp.ufpel.edu.br\/ppgmet\/files\/2025\/04\/PPGMET-20.png\",\"width\":1080,\"height\":1080},{\"@type\":\"BreadcrumbList\",\"@id\":\"https:\/\/wp.ufpel.edu.br\/ppgmet\/calendario-interno-ppgmet\/#breadcrumb\",\"itemListElement\":[{\"@type\":\"ListItem\",\"position\":1,\"name\":\"In\u00edcio\",\"item\":\"https:\/\/wp.ufpel.edu.br\/ppgmet\/\"},{\"@type\":\"ListItem\",\"position\":2,\"name\":\"Calend\u00e1rio interno PPGMet\"}]},{\"@type\":\"WebSite\",\"@id\":\"https:\/\/wp.ufpel.edu.br\/ppgmet\/#website\",\"url\":\"https:\/\/wp.ufpel.edu.br\/ppgmet\/\",\"name\":\"\",\"description\":\"Programa de P\u00f3s Gradua\u00e7\u00e3o em Meteorologia\",\"potentialAction\":[{\"@type\":\"SearchAction\",\"target\":{\"@type\":\"EntryPoint\",\"urlTemplate\":\"https:\/\/wp.ufpel.edu.br\/ppgmet\/?s={search_term_string}\"},\"query-input\":{\"@type\":\"PropertyValueSpecification\",\"valueRequired\":true,\"valueName\":\"search_term_string\"}}],\"inLanguage\":\"pt-BR\"}]}<\/script>\n<!-- \/ Yoast SEO plugin. -->","yoast_head_json":{"title":"Calend\u00e1rio interno PPGMet -","robots":{"index":"index","follow":"follow","max-snippet":"max-snippet:-1","max-image-preview":"max-image-preview:large","max-video-preview":"max-video-preview:-1"},"canonical":"https:\/\/wp.ufpel.edu.br\/ppgmet\/calendario-interno-ppgmet\/","og_locale":"pt_BR","og_type":"article","og_title":"Calend\u00e1rio interno PPGMet -","og_description":"&nbsp;","og_url":"https:\/\/wp.ufpel.edu.br\/ppgmet\/calendario-interno-ppgmet\/","article_modified_time":"2025-04-01T14:12:19+00:00","og_image":[{"width":1080,"height":1080,"url":"https:\/\/wp.ufpel.edu.br\/ppgmet\/files\/2025\/04\/PPGMET-20.png","type":"image\/png"}],"twitter_card":"summary_large_image","twitter_misc":{"Est. tempo de leitura":"1 minuto"},"schema":{"@context":"https:\/\/schema.org","@graph":[{"@type":"WebPage","@id":"https:\/\/wp.ufpel.edu.br\/ppgmet\/calendario-interno-ppgmet\/","url":"https:\/\/wp.ufpel.edu.br\/ppgmet\/calendario-interno-ppgmet\/","name":"Calend\u00e1rio interno PPGMet -","isPartOf":{"@id":"https:\/\/wp.ufpel.edu.br\/ppgmet\/#website"},"primaryImageOfPage":{"@id":"https:\/\/wp.ufpel.edu.br\/ppgmet\/calendario-interno-ppgmet\/#primaryimage"},"image":{"@id":"https:\/\/wp.ufpel.edu.br\/ppgmet\/calendario-interno-ppgmet\/#primaryimage"},"thumbnailUrl":"https:\/\/wp.ufpel.edu.br\/ppgmet\/files\/2025\/04\/PPGMET-20-400x400.png","datePublished":"2018-05-04T14:28:06+00:00","dateModified":"2025-04-01T14:12:19+00:00","breadcrumb":{"@id":"https:\/\/wp.ufpel.edu.br\/ppgmet\/calendario-interno-ppgmet\/#breadcrumb"},"inLanguage":"pt-BR","potentialAction":[{"@type":"ReadAction","target":["https:\/\/wp.ufpel.edu.br\/ppgmet\/calendario-interno-ppgmet\/"]}]},{"@type":"ImageObject","inLanguage":"pt-BR","@id":"https:\/\/wp.ufpel.edu.br\/ppgmet\/calendario-interno-ppgmet\/#primaryimage","url":"https:\/\/wp.ufpel.edu.br\/ppgmet\/files\/2025\/04\/PPGMET-20.png","contentUrl":"https:\/\/wp.ufpel.edu.br\/ppgmet\/files\/2025\/04\/PPGMET-20.png","width":1080,"height":1080},{"@type":"BreadcrumbList","@id":"https:\/\/wp.ufpel.edu.br\/ppgmet\/calendario-interno-ppgmet\/#breadcrumb","itemListElement":[{"@type":"ListItem","position":1,"name":"In\u00edcio","item":"https:\/\/wp.ufpel.edu.br\/ppgmet\/"},{"@type":"ListItem","position":2,"name":"Calend\u00e1rio interno PPGMet"}]},{"@type":"WebSite","@id":"https:\/\/wp.ufpel.edu.br\/ppgmet\/#website","url":"https:\/\/wp.ufpel.edu.br\/ppgmet\/","name":"","description":"Programa de P\u00f3s Gradua\u00e7\u00e3o em Meteorologia","potentialAction":[{"@type":"SearchAction","target":{"@type":"EntryPoint","urlTemplate":"https:\/\/wp.ufpel.edu.br\/ppgmet\/?s={search_term_string}"},"query-input":{"@type":"PropertyValueSpecification","valueRequired":true,"valueName":"search_term_string"}}],"inLanguage":"pt-BR"}]}},"jetpack_sharing_enabled":true,"jetpack_shortlink":"https:\/\/wp.me\/P8qPE3-ag","_links":{"self":[{"href":"https:\/\/wp.ufpel.edu.br\/ppgmet\/wp-json\/wp\/v2\/pages\/636","targetHints":{"allow":["GET"]}}],"collection":[{"href":"https:\/\/wp.ufpel.edu.br\/ppgmet\/wp-json\/wp\/v2\/pages"}],"about":[{"href":"https:\/\/wp.ufpel.edu.br\/ppgmet\/wp-json\/wp\/v2\/types\/page"}],"author":[{"embeddable":true,"href":"https:\/\/wp.ufpel.edu.br\/ppgmet\/wp-json\/wp\/v2\/users\/424"}],"replies":[{"embeddable":true,"href":"https:\/\/wp.ufpel.edu.br\/ppgmet\/wp-json\/wp\/v2\/comments?post=636"}],"version-history":[{"count":3,"href":"https:\/\/wp.ufpel.edu.br\/ppgmet\/wp-json\/wp\/v2\/pages\/636\/revisions"}],"predecessor-version":[{"id":1780,"href":"https:\/\/wp.ufpel.edu.br\/ppgmet\/wp-json\/wp\/v2\/pages\/636\/revisions\/1780"}],"wp:attachment":[{"href":"https:\/\/wp.ufpel.edu.br\/ppgmet\/wp-json\/wp\/v2\/media?parent=636"}],"curies":[{"name":"wp","href":"https:\/\/api.w.org\/{rel}","templated":true}]}}