{"id":5,"date":"2014-07-21T14:44:28","date_gmt":"2014-07-21T17:44:28","guid":{"rendered":"https:\/\/wp.ufpel.edu.br\/ppgmet\/?page_id=5"},"modified":"2018-07-11T11:14:52","modified_gmt":"2018-07-11T14:14:52","slug":"formularios","status":"publish","type":"page","link":"https:\/\/wp.ufpel.edu.br\/ppgmet\/formularios\/","title":{"rendered":"Formul\u00e1rios"},"content":{"rendered":"<p><strong><a href=\"https:\/\/wp.ufpel.edu.br\/ppgmet\/files\/2014\/07\/Formulario-1-Inscricao.doc\">Formul\u00e1rio 1 &#8211; Inscri\u00e7\u00e3o<\/a><\/strong><\/p>\n<p><strong><a href=\"https:\/\/wp.ufpel.edu.br\/ppgmet\/files\/2014\/07\/Formulario-2-Matricula.doc\">Formul\u00e1rio 2 &#8211; Matricula<\/a><\/strong><\/p>\n<p><strong><a href=\"https:\/\/wp.ufpel.edu.br\/ppgmet\/files\/2014\/07\/Formulario-3-Plano-de-estudo.doc\">Formul\u00e1rio 3 &#8211; Plano de estudo<\/a><\/strong><\/p>\n<p><strong><a href=\"https:\/\/drive.google.com\/open?id=1knMU-MfFnTGb2-u3nt9ihPbtH03qlvid\">Formul\u00e1rio 4 &#8211; Encaminhamento de defesa<\/a><\/strong><\/p>\n<p><strong><a href=\"https:\/\/wp.ufpel.edu.br\/ppgmet\/files\/2014\/07\/Formulario-5-Defesa.doc\">Formul\u00e1rio 5 &#8211; Defesa<\/a><\/strong><\/p>\n<p><strong><a href=\"https:\/\/wp.ufpel.edu.br\/ppgmet\/files\/2014\/07\/Formulario-6-Aproveitamento-de-creditos.doc\">Formul\u00e1rio 6 &#8211; Aproveitamento de cr\u00e9ditos<\/a><\/strong><\/p>\n<p><strong><a href=\"https:\/\/wp.ufpel.edu.br\/ppgmet\/files\/2014\/07\/Formulario-7-Exame-de-qualificacao.doc\">Formul\u00e1rio 7 &#8211; Exame de Qualifica\u00e7\u00e3o<\/a><\/strong><\/p>\n<p><strong><a href=\"https:\/\/wp.ufpel.edu.br\/ppgmet\/files\/2014\/07\/Formulario-8-Mudanca-de-nivel.doc\">Formul\u00e1rio 8 &#8211; Mudan\u00e7a de n\u00edvel<\/a><\/strong><\/p>\n<p><strong><a href=\"https:\/\/wp.ufpel.edu.br\/ppgmet\/files\/2014\/07\/Formulario-9-Informacoes-imprensa.doc\">Formul\u00e1rio 9 &#8211; Informa\u00e7\u00f5es imprensa<\/a><\/strong><\/p>\n<p><strong><a href=\"https:\/\/wp.ufpel.edu.br\/ppgmet\/files\/2014\/07\/Formulario-10-Cancelamento-de-disciplina.doc\">Formul\u00e1rio 10 &#8211; Cancelamento de disciplina<\/a><\/strong><\/p>\n<p><strong><a href=\"https:\/\/wp.ufpel.edu.br\/ppgmet\/files\/2014\/07\/Formulario-11-Trancamento-de-matricula.doc\">Formul\u00e1rio 11 &#8211; Trancamento de matricula<\/a><\/strong><\/p>\n<p><strong><a href=\"https:\/\/wp.ufpel.edu.br\/ppgmet\/files\/2014\/07\/Formulario-1A-Plano-de-trabalho.doc\">Formul\u00e1rio 1A &#8211; Plano de trabalho<\/a><\/strong><\/p>\n<p><strong><a href=\"https:\/\/wp.ufpel.edu.br\/ppgmet\/files\/2014\/07\/Formulario-4A-Nomeacao-da-banca.doc\">Formul\u00e1rio 4A &#8211; Nomea\u00e7\u00e3o da banca<\/a><\/strong><\/p>\n<p><strong><a href=\"https:\/\/wp.ufpel.edu.br\/ppgmet\/files\/2014\/07\/Formulario-5A-Ata-de-correcoes.doc\">Formul\u00e1rio 5A &#8211; Ata de corre\u00e7\u00f5es<\/a><\/strong><\/p>\n<p><strong><a href=\"https:\/\/wp.ufpel.edu.br\/ppgmet\/files\/2014\/07\/Formulario-1B-Carta-de-recomendacao.doc\">Formul\u00e1rio 1B &#8211; Carta de recomenda\u00e7\u00e3o<\/a><\/strong><\/p>\n<p><strong><a href=\"https:\/\/wp.ufpel.edu.br\/ppgmet\/files\/2014\/07\/Atestado-de-notas-antes-dos-novos-regimentos.doc\">Atestado de notas<\/a><\/strong><\/p>\n<p><strong><a href=\"https:\/\/wp.ufpel.edu.br\/ppgmet\/files\/2014\/07\/Historico-Protegido-antes-dos-novos-regimentos.doc\">Hist\u00f3rico<\/a><\/strong><\/p>\n<p><strong><a href=\"https:\/\/wp.ufpel.edu.br\/ppgmet\/files\/2014\/07\/Instrucoes-para-preenchimento-do-historico.doc\">Instru\u00e7\u00f5es para preenchimento do hist\u00f3rico<\/a><\/strong><\/p>\n<p><strong><a href=\"https:\/\/wp.ufpel.edu.br\/ppgmet\/files\/2014\/07\/plano_de_pesquisa_UFPel.doc\">Plano de Pesquisa (Projeto de Pesquisa de Disserta\u00e7\u00e3o)<\/a><\/strong><\/p>\n","protected":false},"excerpt":{"rendered":"<p>Formul\u00e1rio 1 &#8211; Inscri\u00e7\u00e3o Formul\u00e1rio 2 &#8211; Matricula Formul\u00e1rio 3 &#8211; Plano de estudo Formul\u00e1rio 4 &#8211; Encaminhamento de defesa Formul\u00e1rio 5 &#8211; Defesa Formul\u00e1rio 6 &#8211; Aproveitamento de cr\u00e9ditos Formul\u00e1rio 7 &#8211; Exame de Qualifica\u00e7\u00e3o Formul\u00e1rio 8 &#8211; Mudan\u00e7a de n\u00edvel Formul\u00e1rio 9 &#8211; Informa\u00e7\u00f5es imprensa Formul\u00e1rio 10 &#8211; Cancelamento de disciplina Formul\u00e1rio 11&#8230; <\/p>\n<div class=\"link-more\"><a href=\"https:\/\/wp.ufpel.edu.br\/ppgmet\/formularios\/\">Leia mais<\/a><\/div>\n","protected":false},"author":424,"featured_media":0,"parent":0,"menu_order":0,"comment_status":"closed","ping_status":"closed","template":"","meta":{"jetpack_post_was_ever_published":false,"footnotes":""},"class_list":["post-5","page","type-page","status-publish","hentry"],"yoast_head":"<!-- This site is optimized with the Yoast SEO plugin v26.7 - https:\/\/yoast.com\/wordpress\/plugins\/seo\/ -->\n<title>Formul\u00e1rios -<\/title>\n<meta name=\"robots\" content=\"index, follow, max-snippet:-1, max-image-preview:large, max-video-preview:-1\" \/>\n<link rel=\"canonical\" href=\"https:\/\/wp.ufpel.edu.br\/ppgmet\/formularios\/\" \/>\n<meta property=\"og:locale\" content=\"pt_BR\" \/>\n<meta property=\"og:type\" content=\"article\" \/>\n<meta property=\"og:title\" content=\"Formul\u00e1rios -\" \/>\n<meta property=\"og:description\" content=\"Formul\u00e1rio 1 &#8211; Inscri\u00e7\u00e3o Formul\u00e1rio 2 &#8211; Matricula Formul\u00e1rio 3 &#8211; Plano de estudo Formul\u00e1rio 4 &#8211; Encaminhamento de defesa Formul\u00e1rio 5 &#8211; Defesa Formul\u00e1rio 6 &#8211; Aproveitamento de cr\u00e9ditos Formul\u00e1rio 7 &#8211; Exame de Qualifica\u00e7\u00e3o Formul\u00e1rio 8 &#8211; Mudan\u00e7a de n\u00edvel Formul\u00e1rio 9 &#8211; Informa\u00e7\u00f5es imprensa Formul\u00e1rio 10 &#8211; Cancelamento de disciplina Formul\u00e1rio 11... Leia mais\" \/>\n<meta property=\"og:url\" content=\"https:\/\/wp.ufpel.edu.br\/ppgmet\/formularios\/\" \/>\n<meta property=\"article:modified_time\" content=\"2018-07-11T14:14:52+00:00\" \/>\n<meta name=\"twitter:card\" content=\"summary_large_image\" \/>\n<meta name=\"twitter:label1\" content=\"Est. tempo de leitura\" \/>\n\t<meta name=\"twitter:data1\" content=\"1 minuto\" \/>\n<script type=\"application\/ld+json\" class=\"yoast-schema-graph\">{\"@context\":\"https:\/\/schema.org\",\"@graph\":[{\"@type\":\"WebPage\",\"@id\":\"https:\/\/wp.ufpel.edu.br\/ppgmet\/formularios\/\",\"url\":\"https:\/\/wp.ufpel.edu.br\/ppgmet\/formularios\/\",\"name\":\"Formul\u00e1rios -\",\"isPartOf\":{\"@id\":\"https:\/\/wp.ufpel.edu.br\/ppgmet\/#website\"},\"datePublished\":\"2014-07-21T17:44:28+00:00\",\"dateModified\":\"2018-07-11T14:14:52+00:00\",\"breadcrumb\":{\"@id\":\"https:\/\/wp.ufpel.edu.br\/ppgmet\/formularios\/#breadcrumb\"},\"inLanguage\":\"pt-BR\",\"potentialAction\":[{\"@type\":\"ReadAction\",\"target\":[\"https:\/\/wp.ufpel.edu.br\/ppgmet\/formularios\/\"]}]},{\"@type\":\"BreadcrumbList\",\"@id\":\"https:\/\/wp.ufpel.edu.br\/ppgmet\/formularios\/#breadcrumb\",\"itemListElement\":[{\"@type\":\"ListItem\",\"position\":1,\"name\":\"In\u00edcio\",\"item\":\"https:\/\/wp.ufpel.edu.br\/ppgmet\/\"},{\"@type\":\"ListItem\",\"position\":2,\"name\":\"Formul\u00e1rios\"}]},{\"@type\":\"WebSite\",\"@id\":\"https:\/\/wp.ufpel.edu.br\/ppgmet\/#website\",\"url\":\"https:\/\/wp.ufpel.edu.br\/ppgmet\/\",\"name\":\"\",\"description\":\"Programa de P\u00f3s Gradua\u00e7\u00e3o em Meteorologia\",\"potentialAction\":[{\"@type\":\"SearchAction\",\"target\":{\"@type\":\"EntryPoint\",\"urlTemplate\":\"https:\/\/wp.ufpel.edu.br\/ppgmet\/?s={search_term_string}\"},\"query-input\":{\"@type\":\"PropertyValueSpecification\",\"valueRequired\":true,\"valueName\":\"search_term_string\"}}],\"inLanguage\":\"pt-BR\"}]}<\/script>\n<!-- \/ Yoast SEO plugin. -->","yoast_head_json":{"title":"Formul\u00e1rios -","robots":{"index":"index","follow":"follow","max-snippet":"max-snippet:-1","max-image-preview":"max-image-preview:large","max-video-preview":"max-video-preview:-1"},"canonical":"https:\/\/wp.ufpel.edu.br\/ppgmet\/formularios\/","og_locale":"pt_BR","og_type":"article","og_title":"Formul\u00e1rios -","og_description":"Formul\u00e1rio 1 &#8211; Inscri\u00e7\u00e3o Formul\u00e1rio 2 &#8211; Matricula Formul\u00e1rio 3 &#8211; Plano de estudo Formul\u00e1rio 4 &#8211; Encaminhamento de defesa Formul\u00e1rio 5 &#8211; Defesa Formul\u00e1rio 6 &#8211; Aproveitamento de cr\u00e9ditos Formul\u00e1rio 7 &#8211; Exame de Qualifica\u00e7\u00e3o Formul\u00e1rio 8 &#8211; Mudan\u00e7a de n\u00edvel Formul\u00e1rio 9 &#8211; Informa\u00e7\u00f5es imprensa Formul\u00e1rio 10 &#8211; Cancelamento de disciplina Formul\u00e1rio 11... Leia mais","og_url":"https:\/\/wp.ufpel.edu.br\/ppgmet\/formularios\/","article_modified_time":"2018-07-11T14:14:52+00:00","twitter_card":"summary_large_image","twitter_misc":{"Est. tempo de leitura":"1 minuto"},"schema":{"@context":"https:\/\/schema.org","@graph":[{"@type":"WebPage","@id":"https:\/\/wp.ufpel.edu.br\/ppgmet\/formularios\/","url":"https:\/\/wp.ufpel.edu.br\/ppgmet\/formularios\/","name":"Formul\u00e1rios -","isPartOf":{"@id":"https:\/\/wp.ufpel.edu.br\/ppgmet\/#website"},"datePublished":"2014-07-21T17:44:28+00:00","dateModified":"2018-07-11T14:14:52+00:00","breadcrumb":{"@id":"https:\/\/wp.ufpel.edu.br\/ppgmet\/formularios\/#breadcrumb"},"inLanguage":"pt-BR","potentialAction":[{"@type":"ReadAction","target":["https:\/\/wp.ufpel.edu.br\/ppgmet\/formularios\/"]}]},{"@type":"BreadcrumbList","@id":"https:\/\/wp.ufpel.edu.br\/ppgmet\/formularios\/#breadcrumb","itemListElement":[{"@type":"ListItem","position":1,"name":"In\u00edcio","item":"https:\/\/wp.ufpel.edu.br\/ppgmet\/"},{"@type":"ListItem","position":2,"name":"Formul\u00e1rios"}]},{"@type":"WebSite","@id":"https:\/\/wp.ufpel.edu.br\/ppgmet\/#website","url":"https:\/\/wp.ufpel.edu.br\/ppgmet\/","name":"","description":"Programa de P\u00f3s Gradua\u00e7\u00e3o em Meteorologia","potentialAction":[{"@type":"SearchAction","target":{"@type":"EntryPoint","urlTemplate":"https:\/\/wp.ufpel.edu.br\/ppgmet\/?s={search_term_string}"},"query-input":{"@type":"PropertyValueSpecification","valueRequired":true,"valueName":"search_term_string"}}],"inLanguage":"pt-BR"}]}},"jetpack_sharing_enabled":true,"jetpack_shortlink":"https:\/\/wp.me\/P8qPE3-5","_links":{"self":[{"href":"https:\/\/wp.ufpel.edu.br\/ppgmet\/wp-json\/wp\/v2\/pages\/5","targetHints":{"allow":["GET"]}}],"collection":[{"href":"https:\/\/wp.ufpel.edu.br\/ppgmet\/wp-json\/wp\/v2\/pages"}],"about":[{"href":"https:\/\/wp.ufpel.edu.br\/ppgmet\/wp-json\/wp\/v2\/types\/page"}],"author":[{"embeddable":true,"href":"https:\/\/wp.ufpel.edu.br\/ppgmet\/wp-json\/wp\/v2\/users\/424"}],"replies":[{"embeddable":true,"href":"https:\/\/wp.ufpel.edu.br\/ppgmet\/wp-json\/wp\/v2\/comments?post=5"}],"version-history":[{"count":6,"href":"https:\/\/wp.ufpel.edu.br\/ppgmet\/wp-json\/wp\/v2\/pages\/5\/revisions"}],"predecessor-version":[{"id":678,"href":"https:\/\/wp.ufpel.edu.br\/ppgmet\/wp-json\/wp\/v2\/pages\/5\/revisions\/678"}],"wp:attachment":[{"href":"https:\/\/wp.ufpel.edu.br\/ppgmet\/wp-json\/wp\/v2\/media?parent=5"}],"curies":[{"name":"wp","href":"https:\/\/api.w.org\/{rel}","templated":true}]}}