{"id":2,"date":"2014-07-17T19:03:30","date_gmt":"2014-07-17T22:03:30","guid":{"rendered":"https:\/\/wp.ufpel.edu.br\/ppgmet\/?page_id=2"},"modified":"2021-08-02T16:36:58","modified_gmt":"2021-08-02T19:36:58","slug":"disciplinas-2","status":"publish","type":"page","link":"https:\/\/wp.ufpel.edu.br\/ppgmet\/disciplinas-2\/","title":{"rendered":"Disciplinas"},"content":{"rendered":"<p style=\"text-align: justify\"><span style=\"color: #222222\">A oferta das disciplinas por semestre ser\u00e1 publicada neste site e na secretaria do curso antes da data de matr\u00edcula semestral.\u00a0<\/span>Os per\u00edodos acad\u00eamicos s\u00e3o semestrais, com in\u00edcio em mar\u00e7o. O aluno dever\u00e1 integralizar, no m\u00ednimo, 27 cr\u00e9ditos e ter\u00e1 24 meses para defender sua disserta\u00e7\u00e3o.<\/p>\n<p>&nbsp;<\/p>\n<table style=\"height: 267px\" width=\"627\">\n<tbody>\n<tr>\n<td width=\"64\"><strong>Cod.<\/strong><\/td>\n<td width=\"283\"><strong>Disciplinas<\/strong><\/td>\n<td width=\"93\"><strong>Cr\u00e9ditos<\/strong><\/td>\n<\/tr>\n<tr>\n<td width=\"64\">19610050<\/td>\n<td width=\"283\"><a href=\"https:\/\/drive.google.com\/file\/d\/1Rll8K8pO9lKzVlSloaOWc1k8Jb36w4Wk\/view?usp=sharing\">F\u00edsica da Atmosfera I<\/a><\/td>\n<td width=\"93\">4<\/td>\n<\/tr>\n<tr>\n<td>19610051<\/td>\n<td><a href=\"https:\/\/drive.google.com\/file\/d\/1c1DQeqRMHE1N8eYfC8KDsEwojQ9ftZgu\/view?usp=sharing\">F\u00edsica da Atmosfera II<\/a><\/td>\n<td>4<\/td>\n<\/tr>\n<tr>\n<td>19610057<\/td>\n<td><a href=\"https:\/\/drive.google.com\/file\/d\/1Tuj4PsLoHwtKIve-xFtZ8XWyoOzhcejW\/view?usp=sharing\">Climatologia F\u00edsica<\/a><\/td>\n<td>4<\/td>\n<\/tr>\n<tr>\n<td width=\"64\">0618022<\/td>\n<td width=\"283\"><a href=\"https:\/\/drive.google.com\/file\/d\/1JzBmP2u-8izSL3wclHmsY2Vr2h5S83R0\/view?usp=sharing\">Meteorologia Din\u00e2mica Avan\u00e7ada I<\/a><\/td>\n<td width=\"93\">4<\/td>\n<\/tr>\n<tr>\n<td width=\"64\">0618034<\/td>\n<td width=\"283\"><a href=\"https:\/\/drive.google.com\/file\/d\/13PgQ29VMCGG2cmlNY5IBvHnlPVypH6sL\/view?usp=sharing\">Doc\u00eancia Orientada<\/a><\/td>\n<td width=\"93\">1<\/td>\n<\/tr>\n<tr>\n<td width=\"64\">0618060<\/td>\n<td width=\"283\"><a href=\"https:\/\/drive.google.com\/file\/d\/1aQIo05MZ41IdYuZqfax76JdtOjrGJdID\/view?usp=sharing\">Disserta\u00e7\u00e3o I<\/a><\/td>\n<td width=\"93\">4<\/td>\n<\/tr>\n<tr>\n<td width=\"64\">0618019<\/td>\n<td width=\"283\">Disserta\u00e7\u00e3o II<\/td>\n<td width=\"93\">5<\/td>\n<\/tr>\n<tr>\n<td width=\"64\">19610052<\/td>\n<td width=\"283\"><a href=\"https:\/\/drive.google.com\/file\/d\/1CdsKB6ZEfp5bNYMc-o-KK4wPe2ZA_BXB\/view?usp=sharing\">Meteorologia Sin\u00f3tica<\/a><\/td>\n<td width=\"93\">4<\/td>\n<\/tr>\n<tr>\n<td width=\"64\">0618035<\/td>\n<td width=\"283\"><a href=\"https:\/\/drive.google.com\/file\/d\/1FIauSIhSUKGaaVY3ZXd2hhXugdrFUgDS\/view?usp=sharing\">Semin\u00e1rios<\/a><\/td>\n<td width=\"93\">2<\/td>\n<\/tr>\n<tr>\n<td width=\"64\">19610054<\/td>\n<td width=\"283\"><a href=\"https:\/\/drive.google.com\/file\/d\/1lt5Qg6E3h7Hpzoi08Tyiy0D47a0AsTUn\/view?usp=sharing\">Estat\u00edstica para Meteorologia e Climatologia<\/a><\/td>\n<td width=\"93\">4<\/td>\n<\/tr>\n<tr>\n<td>19610056<\/td>\n<td><a href=\"https:\/\/drive.google.com\/file\/d\/1Ril-GVHTto7Qh0ke593F6IPO1JUEVZfO\/view?usp=sharing\">Fundamentos de Meteorologia e Climatologia<\/a><\/td>\n<td>4<\/td>\n<\/tr>\n<\/tbody>\n<\/table>\n<p>&nbsp;<\/p>\n<table style=\"height: 199px\" width=\"623\">\n<tbody>\n<tr>\n<td>19610058<\/td>\n<td><a href=\"https:\/\/drive.google.com\/file\/d\/1F-SJGSAX5bOE87YpGQ-2UDqcSB7kvK13\/view?usp=sharing\">Agrometeorologia<\/a><\/td>\n<td>4<\/td>\n<\/tr>\n<tr>\n<td>19610055<\/td>\n<td><a href=\"https:\/\/drive.google.com\/file\/d\/1KzqqJXkJeipFqNszPvrK7apYoFQs3OkE\/view?usp=sharing\">M\u00e9todos Multivariados para Climatologia e Meteorologia<\/a><\/td>\n<td>4<\/td>\n<\/tr>\n<tr>\n<td>0618026<\/td>\n<td>Mec\u00e2nica dos Fluidos<\/td>\n<td>4<\/td>\n<\/tr>\n<tr>\n<td>0618028<\/td>\n<td>Meteorologia de Mesoescala<\/td>\n<td>4<\/td>\n<\/tr>\n<tr>\n<td>0618033<\/td>\n<td><a href=\"https:\/\/drive.google.com\/file\/d\/1uXs5O52Lftt9Yx_rjuBVfBD_IC3TscKq\/view?usp=sharing\">Turbul\u00eancia Atmosf\u00e9rica e Camada Limite Planet\u00e1ria<\/a><\/td>\n<td>4<\/td>\n<\/tr>\n<tr>\n<td>0618036<\/td>\n<td><a href=\"https:\/\/drive.google.com\/file\/d\/11DOENXVvvJS4HXd71mcAvTy76KYfMqx6\/view?usp=sharing\">T\u00f3picos Especiais em Meteorologia<\/a><\/td>\n<td>4<\/td>\n<\/tr>\n<tr>\n<td>19610053<\/td>\n<td><a href=\"https:\/\/drive.google.com\/file\/d\/1mgxpOdksVLNxhl1vRs1DUr6SGdU6ZZNT\/view?usp=sharing\">Modelagem Atmosf\u00e9rica<\/a><\/td>\n<td width=\"64\">4<\/td>\n<\/tr>\n<\/tbody>\n<\/table>\n<p>&nbsp;<\/p>\n<p>&nbsp;<\/p>\n<p>&nbsp;<\/p>\n","protected":false},"excerpt":{"rendered":"<p>A oferta das disciplinas por semestre ser\u00e1 publicada neste site e na secretaria do curso antes da data de matr\u00edcula semestral.\u00a0Os per\u00edodos acad\u00eamicos s\u00e3o semestrais, com in\u00edcio em mar\u00e7o. O aluno dever\u00e1 integralizar, no m\u00ednimo, 27 cr\u00e9ditos e ter\u00e1 24 meses para defender sua disserta\u00e7\u00e3o. &nbsp; Cod. Disciplinas Cr\u00e9ditos 19610050 F\u00edsica da Atmosfera I 4&#8230; <\/p>\n<div class=\"link-more\"><a href=\"https:\/\/wp.ufpel.edu.br\/ppgmet\/disciplinas-2\/\">Leia mais<\/a><\/div>\n","protected":false},"author":424,"featured_media":0,"parent":0,"menu_order":0,"comment_status":"closed","ping_status":"closed","template":"","meta":{"jetpack_post_was_ever_published":false,"footnotes":""},"class_list":["post-2","page","type-page","status-publish","hentry"],"yoast_head":"<!-- This site is optimized with the Yoast SEO plugin v26.7 - https:\/\/yoast.com\/wordpress\/plugins\/seo\/ -->\n<title>Disciplinas -<\/title>\n<meta name=\"robots\" content=\"index, follow, max-snippet:-1, max-image-preview:large, max-video-preview:-1\" \/>\n<link rel=\"canonical\" href=\"https:\/\/wp.ufpel.edu.br\/ppgmet\/disciplinas-2\/\" \/>\n<meta property=\"og:locale\" content=\"pt_BR\" \/>\n<meta property=\"og:type\" content=\"article\" \/>\n<meta property=\"og:title\" content=\"Disciplinas -\" \/>\n<meta property=\"og:description\" content=\"A oferta das disciplinas por semestre ser\u00e1 publicada neste site e na secretaria do curso antes da data de matr\u00edcula semestral.\u00a0Os per\u00edodos acad\u00eamicos s\u00e3o semestrais, com in\u00edcio em mar\u00e7o. O aluno dever\u00e1 integralizar, no m\u00ednimo, 27 cr\u00e9ditos e ter\u00e1 24 meses para defender sua disserta\u00e7\u00e3o. &nbsp; Cod. Disciplinas Cr\u00e9ditos 19610050 F\u00edsica da Atmosfera I 4... Leia mais\" \/>\n<meta property=\"og:url\" content=\"https:\/\/wp.ufpel.edu.br\/ppgmet\/disciplinas-2\/\" \/>\n<meta property=\"article:modified_time\" content=\"2021-08-02T19:36:58+00:00\" \/>\n<meta name=\"twitter:card\" content=\"summary_large_image\" \/>\n<meta name=\"twitter:label1\" content=\"Est. tempo de leitura\" \/>\n\t<meta name=\"twitter:data1\" content=\"1 minuto\" \/>\n<script type=\"application\/ld+json\" class=\"yoast-schema-graph\">{\"@context\":\"https:\/\/schema.org\",\"@graph\":[{\"@type\":\"WebPage\",\"@id\":\"https:\/\/wp.ufpel.edu.br\/ppgmet\/disciplinas-2\/\",\"url\":\"https:\/\/wp.ufpel.edu.br\/ppgmet\/disciplinas-2\/\",\"name\":\"Disciplinas -\",\"isPartOf\":{\"@id\":\"https:\/\/wp.ufpel.edu.br\/ppgmet\/#website\"},\"datePublished\":\"2014-07-17T22:03:30+00:00\",\"dateModified\":\"2021-08-02T19:36:58+00:00\",\"breadcrumb\":{\"@id\":\"https:\/\/wp.ufpel.edu.br\/ppgmet\/disciplinas-2\/#breadcrumb\"},\"inLanguage\":\"pt-BR\",\"potentialAction\":[{\"@type\":\"ReadAction\",\"target\":[\"https:\/\/wp.ufpel.edu.br\/ppgmet\/disciplinas-2\/\"]}]},{\"@type\":\"BreadcrumbList\",\"@id\":\"https:\/\/wp.ufpel.edu.br\/ppgmet\/disciplinas-2\/#breadcrumb\",\"itemListElement\":[{\"@type\":\"ListItem\",\"position\":1,\"name\":\"In\u00edcio\",\"item\":\"https:\/\/wp.ufpel.edu.br\/ppgmet\/\"},{\"@type\":\"ListItem\",\"position\":2,\"name\":\"Disciplinas\"}]},{\"@type\":\"WebSite\",\"@id\":\"https:\/\/wp.ufpel.edu.br\/ppgmet\/#website\",\"url\":\"https:\/\/wp.ufpel.edu.br\/ppgmet\/\",\"name\":\"\",\"description\":\"Programa de P\u00f3s Gradua\u00e7\u00e3o em Meteorologia\",\"potentialAction\":[{\"@type\":\"SearchAction\",\"target\":{\"@type\":\"EntryPoint\",\"urlTemplate\":\"https:\/\/wp.ufpel.edu.br\/ppgmet\/?s={search_term_string}\"},\"query-input\":{\"@type\":\"PropertyValueSpecification\",\"valueRequired\":true,\"valueName\":\"search_term_string\"}}],\"inLanguage\":\"pt-BR\"}]}<\/script>\n<!-- \/ Yoast SEO plugin. -->","yoast_head_json":{"title":"Disciplinas -","robots":{"index":"index","follow":"follow","max-snippet":"max-snippet:-1","max-image-preview":"max-image-preview:large","max-video-preview":"max-video-preview:-1"},"canonical":"https:\/\/wp.ufpel.edu.br\/ppgmet\/disciplinas-2\/","og_locale":"pt_BR","og_type":"article","og_title":"Disciplinas -","og_description":"A oferta das disciplinas por semestre ser\u00e1 publicada neste site e na secretaria do curso antes da data de matr\u00edcula semestral.\u00a0Os per\u00edodos acad\u00eamicos s\u00e3o semestrais, com in\u00edcio em mar\u00e7o. O aluno dever\u00e1 integralizar, no m\u00ednimo, 27 cr\u00e9ditos e ter\u00e1 24 meses para defender sua disserta\u00e7\u00e3o. &nbsp; Cod. Disciplinas Cr\u00e9ditos 19610050 F\u00edsica da Atmosfera I 4... Leia mais","og_url":"https:\/\/wp.ufpel.edu.br\/ppgmet\/disciplinas-2\/","article_modified_time":"2021-08-02T19:36:58+00:00","twitter_card":"summary_large_image","twitter_misc":{"Est. tempo de leitura":"1 minuto"},"schema":{"@context":"https:\/\/schema.org","@graph":[{"@type":"WebPage","@id":"https:\/\/wp.ufpel.edu.br\/ppgmet\/disciplinas-2\/","url":"https:\/\/wp.ufpel.edu.br\/ppgmet\/disciplinas-2\/","name":"Disciplinas -","isPartOf":{"@id":"https:\/\/wp.ufpel.edu.br\/ppgmet\/#website"},"datePublished":"2014-07-17T22:03:30+00:00","dateModified":"2021-08-02T19:36:58+00:00","breadcrumb":{"@id":"https:\/\/wp.ufpel.edu.br\/ppgmet\/disciplinas-2\/#breadcrumb"},"inLanguage":"pt-BR","potentialAction":[{"@type":"ReadAction","target":["https:\/\/wp.ufpel.edu.br\/ppgmet\/disciplinas-2\/"]}]},{"@type":"BreadcrumbList","@id":"https:\/\/wp.ufpel.edu.br\/ppgmet\/disciplinas-2\/#breadcrumb","itemListElement":[{"@type":"ListItem","position":1,"name":"In\u00edcio","item":"https:\/\/wp.ufpel.edu.br\/ppgmet\/"},{"@type":"ListItem","position":2,"name":"Disciplinas"}]},{"@type":"WebSite","@id":"https:\/\/wp.ufpel.edu.br\/ppgmet\/#website","url":"https:\/\/wp.ufpel.edu.br\/ppgmet\/","name":"","description":"Programa de P\u00f3s Gradua\u00e7\u00e3o em Meteorologia","potentialAction":[{"@type":"SearchAction","target":{"@type":"EntryPoint","urlTemplate":"https:\/\/wp.ufpel.edu.br\/ppgmet\/?s={search_term_string}"},"query-input":{"@type":"PropertyValueSpecification","valueRequired":true,"valueName":"search_term_string"}}],"inLanguage":"pt-BR"}]}},"jetpack_sharing_enabled":true,"jetpack_shortlink":"https:\/\/wp.me\/P8qPE3-2","_links":{"self":[{"href":"https:\/\/wp.ufpel.edu.br\/ppgmet\/wp-json\/wp\/v2\/pages\/2","targetHints":{"allow":["GET"]}}],"collection":[{"href":"https:\/\/wp.ufpel.edu.br\/ppgmet\/wp-json\/wp\/v2\/pages"}],"about":[{"href":"https:\/\/wp.ufpel.edu.br\/ppgmet\/wp-json\/wp\/v2\/types\/page"}],"author":[{"embeddable":true,"href":"https:\/\/wp.ufpel.edu.br\/ppgmet\/wp-json\/wp\/v2\/users\/424"}],"replies":[{"embeddable":true,"href":"https:\/\/wp.ufpel.edu.br\/ppgmet\/wp-json\/wp\/v2\/comments?post=2"}],"version-history":[{"count":18,"href":"https:\/\/wp.ufpel.edu.br\/ppgmet\/wp-json\/wp\/v2\/pages\/2\/revisions"}],"predecessor-version":[{"id":910,"href":"https:\/\/wp.ufpel.edu.br\/ppgmet\/wp-json\/wp\/v2\/pages\/2\/revisions\/910"}],"wp:attachment":[{"href":"https:\/\/wp.ufpel.edu.br\/ppgmet\/wp-json\/wp\/v2\/media?parent=2"}],"curies":[{"name":"wp","href":"https:\/\/api.w.org\/{rel}","templated":true}]}}