{"id":1788,"date":"2025-04-23T17:17:17","date_gmt":"2025-04-23T20:17:17","guid":{"rendered":"https:\/\/wp.ufpel.edu.br\/ppgmet\/?page_id=1788"},"modified":"2025-05-30T00:35:25","modified_gmt":"2025-05-30T03:35:25","slug":"pos-doutorandos","status":"publish","type":"page","link":"https:\/\/wp.ufpel.edu.br\/ppgmet\/pos-doutorandos\/","title":{"rendered":"P\u00f3s-Doutorandos"},"content":{"rendered":"<p>&#8212;&#8212;&#8212;&#8212;&#8212;&#8212;&#8212;&#8212;&#8212;&#8212;&#8212;&#8212;&#8212;&#8212;&#8212;&#8212;&#8212;&#8212;&#8212;&#8212;&#8212;&#8212;&#8212;&#8212;&#8212;&#8212;&#8212;&#8212;&#8212;&#8212;&#8212;&#8212;&#8212;&#8212;&#8212;&#8212;&#8212;&#8212;&#8212;&#8212;&#8212;&#8212;&#8212;&#8212;&#8212;&#8212;&#8212;&#8212;<\/p>\n<p><a href=\"https:\/\/wp.ufpel.edu.br\/ppgmet\/files\/2025\/05\/IMG_2539-1.jpg\"><img loading=\"lazy\" decoding=\"async\" class=\"size-medium wp-image-1829 alignleft\" src=\"https:\/\/wp.ufpel.edu.br\/ppgmet\/files\/2025\/05\/IMG_2539-1-400x400.jpg\" alt=\"\" width=\"400\" height=\"400\" srcset=\"https:\/\/wp.ufpel.edu.br\/ppgmet\/files\/2025\/05\/IMG_2539-1-400x400.jpg 400w, https:\/\/wp.ufpel.edu.br\/ppgmet\/files\/2025\/05\/IMG_2539-1-200x200.jpg 200w, https:\/\/wp.ufpel.edu.br\/ppgmet\/files\/2025\/05\/IMG_2539-1-768x768.jpg 768w, https:\/\/wp.ufpel.edu.br\/ppgmet\/files\/2025\/05\/IMG_2539-1-300x300.jpg 300w, https:\/\/wp.ufpel.edu.br\/ppgmet\/files\/2025\/05\/IMG_2539-1.jpg 828w\" sizes=\"auto, (max-width: 400px) 100vw, 400px\" \/><\/a><\/p>\n<p style=\"text-align: center;\"><strong><span style=\"font-family: 'times new roman', times, serif; color: #000000;\">David Bruno de Sousa Teixeira <\/span><\/strong><\/p>\n<p style=\"text-align: justify;\"><span style=\"color: #000000;\">Possui gradua\u00e7\u00e3o em Agronomia pela Universidade Federal do Cear\u00e1 com per\u00edodo de estudos na Colorado State University, especializa\u00e7\u00e3o em Gest\u00e3o de Recursos H\u00eddricos pelo Centro Universit\u00e1rio Internacional e mestrado e doutorado em Meteorologia Aplicada pela Universidade Federal de Vi\u00e7osa. Atuou como professor substituto no Instituto Federal Catarinense e ministra aulas para o curso de gradua\u00e7\u00e3o em Agronomia e t\u00e9cnico em Agropecu\u00e1ria. Atualmente, atua como pesquisador de p\u00f3s-doutorado na Universidade Federal de Pelotas. Faz parte do Grupo de Pesquisa em Recursos H\u00eddricos (GPRH) onde desenvolve estudos com \u00eanfase em hidroclimatologia, meteorologia agr\u00edcola, planejamento e manejo de recursos h\u00eddricos e conserva\u00e7\u00e3o de \u00e1gua e solo. Possui experi\u00eancia em an\u00e1lise de dados clim\u00e1ticos e hidrol\u00f3gicos, programa\u00e7\u00e3o em linguagem R e aplica\u00e7\u00e3o de Sistemas de Informa\u00e7\u00f5es Geogr\u00e1ficas (SIG).<\/span><\/p>\n<p style=\"text-align: left;\"><span style=\"font-family: 'times new roman', times, serif;\"><span style=\"color: #000000;\">e-mail:<span style=\"color: #000080; font-family: 'times new roman', times, serif;\"> teixeiradbs@gmail.com<\/span><\/span><\/span><\/p>\n<p style=\"text-align: left;\"><span style=\"color: #000000;\"><span style=\"font-family: 'times new roman', times, serif;\">Lattes:\u00a0<a href=\"http:\/\/lattes.cnpq.br\/5227260851683986\">http:\/\/lattes.cnpq.br\/5227260851683986<\/a><\/span><\/span><\/p>\n<p>&#8212;&#8212;&#8212;&#8212;&#8212;&#8212;&#8212;&#8212;&#8212;&#8212;&#8212;&#8212;&#8212;&#8212;&#8212;&#8212;&#8212;&#8212;&#8212;&#8212;&#8212;&#8212;&#8212;&#8212;&#8212;&#8212;&#8212;&#8212;&#8212;&#8212;&#8212;&#8212;&#8212;&#8212;&#8212;&#8212;&#8212;&#8212;&#8212;&#8212;&#8212;&#8212;&#8212;&#8212;&#8212;&#8212;&#8212;&#8212;<\/p>\n<p style=\"text-align: center;\"><a href=\"https:\/\/wp.ufpel.edu.br\/ppgmet\/files\/2025\/05\/WhatsApp-Image-2025-04-23-at-17.21.31.jpeg\"><img loading=\"lazy\" decoding=\"async\" class=\"size-medium wp-image-1803 alignleft\" src=\"https:\/\/wp.ufpel.edu.br\/ppgmet\/files\/2025\/05\/WhatsApp-Image-2025-04-23-at-17.21.31-335x400.jpeg\" alt=\"\" width=\"335\" height=\"400\" srcset=\"https:\/\/wp.ufpel.edu.br\/ppgmet\/files\/2025\/05\/WhatsApp-Image-2025-04-23-at-17.21.31-335x400.jpeg 335w, https:\/\/wp.ufpel.edu.br\/ppgmet\/files\/2025\/05\/WhatsApp-Image-2025-04-23-at-17.21.31-251x300.jpeg 251w, https:\/\/wp.ufpel.edu.br\/ppgmet\/files\/2025\/05\/WhatsApp-Image-2025-04-23-at-17.21.31.jpeg 551w\" sizes=\"auto, (max-width: 335px) 100vw, 335px\" \/><\/a><strong><span style=\"font-family: 'times new roman', times, serif; color: #000000;\">Mateus Dias Nunes<\/span><\/strong><\/p>\n<p style=\"text-align: justify;\"><span style=\"color: #000000;\">Graduado em Meteorologia pela Universidade Federal de Pelotas em 2014. Concluiu o Mestrado em Meteorologia na mesma institui\u00e7\u00e3o em 2017, com \u00eanfase em Radia\u00e7\u00e3o Atmosf\u00e9rica, Din\u00e2mica da Atmosfera e Sensoriamento Remoto. Obteve o t\u00edtulo de Doutor em Meteorologia pelo Instituto Nacional de Pesquisas Espaciais (PGMET\/INPE), com especializa\u00e7\u00e3o nas trocas entre a Alta Troposfera e a Baixa Estratosfera (UTLS) e na modelagem de C\u00f3digos de Transfer\u00eancia Radiativa, com foco no oz\u00f4nio estratosf\u00e9rico e nos gases de efeito estufa. Atuou como professor assistente na Universidade Federal de Itajub\u00e1 (UNIFEI) entre 2019 e 2020. Participou do projeto de Impactos das Mudan\u00e7as Clim\u00e1ticas no Instituto Euvaldo Lodi (IEL), com \u00eanfase no uso de Aprendizado de M\u00e1quina para abordar riscos clim\u00e1ticos (f\u00edsicos e de transi\u00e7\u00e3o) em institui\u00e7\u00f5es financeiras.\u00a0<\/span><\/p>\n<p style=\"text-align: justify;\"><span style=\"font-family: 'times new roman', times, serif;\"><span style=\"color: #000000;\">e-mail:<span style=\"color: #000080; font-family: 'times new roman', times, serif;\"> nunes.mateusdias@gmail.com<\/span><\/span><\/span><\/p>\n<p style=\"text-align: left;\"><span style=\"color: #000000;\"><span style=\"font-family: 'times new roman', times, serif;\">Lattes:\u00a0<a href=\"http:\/\/lattes.cnpq.br\/7658435188541210\">http:\/\/lattes.cnpq.br\/7658435188541210<\/a><\/span><\/span><\/p>\n<p>&#8212;&#8212;&#8212;&#8212;&#8212;&#8212;&#8212;&#8212;&#8212;&#8212;&#8212;&#8212;&#8212;&#8212;&#8212;&#8212;&#8212;&#8212;&#8212;&#8212;&#8212;&#8212;&#8212;&#8212;&#8212;&#8212;&#8212;&#8212;&#8212;&#8212;&#8212;&#8212;&#8212;&#8212;&#8212;&#8212;&#8212;&#8212;&#8212;&#8212;&#8212;&#8212;&#8212;&#8212;&#8212;&#8212;&#8212;&#8212;<\/p>\n","protected":false},"excerpt":{"rendered":"<p>&#8212;&#8212;&#8212;&#8212;&#8212;&#8212;&#8212;&#8212;&#8212;&#8212;&#8212;&#8212;&#8212;&#8212;&#8212;&#8212;&#8212;&#8212;&#8212;&#8212;&#8212;&#8212;&#8212;&#8212;&#8212;&#8212;&#8212;&#8212;&#8212;&#8212;&#8212;&#8212;&#8212;&#8212;&#8212;&#8212;&#8212;&#8212;&#8212;&#8212;&#8212;&#8212;&#8212;&#8212;&#8212;&#8212;&#8212;&#8212; David Bruno de Sousa Teixeira Possui gradua\u00e7\u00e3o em Agronomia pela Universidade Federal do Cear\u00e1 com per\u00edodo de estudos na Colorado State University, especializa\u00e7\u00e3o em Gest\u00e3o de Recursos H\u00eddricos pelo Centro Universit\u00e1rio Internacional e mestrado e doutorado em Meteorologia Aplicada pela Universidade Federal de Vi\u00e7osa. Atuou como professor substituto no Instituto Federal Catarinense e ministra&#8230; <\/p>\n<div class=\"link-more\"><a href=\"https:\/\/wp.ufpel.edu.br\/ppgmet\/pos-doutorandos\/\">Leia mais<\/a><\/div>\n","protected":false},"author":424,"featured_media":0,"parent":0,"menu_order":0,"comment_status":"closed","ping_status":"closed","template":"","meta":{"jetpack_post_was_ever_published":false,"footnotes":""},"class_list":["post-1788","page","type-page","status-publish","hentry"],"yoast_head":"<!-- This site is optimized with the Yoast SEO plugin v26.7 - https:\/\/yoast.com\/wordpress\/plugins\/seo\/ -->\n<title>P\u00f3s-Doutorandos -<\/title>\n<meta name=\"robots\" content=\"index, follow, max-snippet:-1, max-image-preview:large, max-video-preview:-1\" \/>\n<link rel=\"canonical\" href=\"https:\/\/wp.ufpel.edu.br\/ppgmet\/pos-doutorandos\/\" \/>\n<meta property=\"og:locale\" content=\"pt_BR\" \/>\n<meta property=\"og:type\" content=\"article\" \/>\n<meta property=\"og:title\" content=\"P\u00f3s-Doutorandos -\" \/>\n<meta property=\"og:description\" content=\"&#8212;&#8212;&#8212;&#8212;&#8212;&#8212;&#8212;&#8212;&#8212;&#8212;&#8212;&#8212;&#8212;&#8212;&#8212;&#8212;&#8212;&#8212;&#8212;&#8212;&#8212;&#8212;&#8212;&#8212;&#8212;&#8212;&#8212;&#8212;&#8212;&#8212;&#8212;&#8212;&#8212;&#8212;&#8212;&#8212;&#8212;&#8212;&#8212;&#8212;&#8212;&#8212;&#8212;&#8212;&#8212;&#8212;&#8212;&#8212; David Bruno de Sousa Teixeira Possui gradua\u00e7\u00e3o em Agronomia pela Universidade Federal do Cear\u00e1 com per\u00edodo de estudos na Colorado State University, especializa\u00e7\u00e3o em Gest\u00e3o de Recursos H\u00eddricos pelo Centro Universit\u00e1rio Internacional e mestrado e doutorado em Meteorologia Aplicada pela Universidade Federal de Vi\u00e7osa. Atuou como professor substituto no Instituto Federal Catarinense e ministra... Leia mais\" \/>\n<meta property=\"og:url\" content=\"https:\/\/wp.ufpel.edu.br\/ppgmet\/pos-doutorandos\/\" \/>\n<meta property=\"article:modified_time\" content=\"2025-05-30T03:35:25+00:00\" \/>\n<meta property=\"og:image\" content=\"https:\/\/wp.ufpel.edu.br\/ppgmet\/files\/2025\/05\/IMG_2539-1.jpg\" \/>\n\t<meta property=\"og:image:width\" content=\"828\" \/>\n\t<meta property=\"og:image:height\" content=\"828\" \/>\n\t<meta property=\"og:image:type\" content=\"image\/png\" \/>\n<meta name=\"twitter:card\" content=\"summary_large_image\" \/>\n<meta name=\"twitter:label1\" content=\"Est. tempo de leitura\" \/>\n\t<meta name=\"twitter:data1\" content=\"2 minutos\" \/>\n<script type=\"application\/ld+json\" class=\"yoast-schema-graph\">{\"@context\":\"https:\/\/schema.org\",\"@graph\":[{\"@type\":\"WebPage\",\"@id\":\"https:\/\/wp.ufpel.edu.br\/ppgmet\/pos-doutorandos\/\",\"url\":\"https:\/\/wp.ufpel.edu.br\/ppgmet\/pos-doutorandos\/\",\"name\":\"P\u00f3s-Doutorandos -\",\"isPartOf\":{\"@id\":\"https:\/\/wp.ufpel.edu.br\/ppgmet\/#website\"},\"primaryImageOfPage\":{\"@id\":\"https:\/\/wp.ufpel.edu.br\/ppgmet\/pos-doutorandos\/#primaryimage\"},\"image\":{\"@id\":\"https:\/\/wp.ufpel.edu.br\/ppgmet\/pos-doutorandos\/#primaryimage\"},\"thumbnailUrl\":\"https:\/\/wp.ufpel.edu.br\/ppgmet\/files\/2025\/05\/IMG_2539-1-400x400.jpg\",\"datePublished\":\"2025-04-23T20:17:17+00:00\",\"dateModified\":\"2025-05-30T03:35:25+00:00\",\"breadcrumb\":{\"@id\":\"https:\/\/wp.ufpel.edu.br\/ppgmet\/pos-doutorandos\/#breadcrumb\"},\"inLanguage\":\"pt-BR\",\"potentialAction\":[{\"@type\":\"ReadAction\",\"target\":[\"https:\/\/wp.ufpel.edu.br\/ppgmet\/pos-doutorandos\/\"]}]},{\"@type\":\"ImageObject\",\"inLanguage\":\"pt-BR\",\"@id\":\"https:\/\/wp.ufpel.edu.br\/ppgmet\/pos-doutorandos\/#primaryimage\",\"url\":\"https:\/\/wp.ufpel.edu.br\/ppgmet\/files\/2025\/05\/IMG_2539-1.jpg\",\"contentUrl\":\"https:\/\/wp.ufpel.edu.br\/ppgmet\/files\/2025\/05\/IMG_2539-1.jpg\",\"width\":828,\"height\":828,\"caption\":\"Screenshot\"},{\"@type\":\"BreadcrumbList\",\"@id\":\"https:\/\/wp.ufpel.edu.br\/ppgmet\/pos-doutorandos\/#breadcrumb\",\"itemListElement\":[{\"@type\":\"ListItem\",\"position\":1,\"name\":\"In\u00edcio\",\"item\":\"https:\/\/wp.ufpel.edu.br\/ppgmet\/\"},{\"@type\":\"ListItem\",\"position\":2,\"name\":\"P\u00f3s-Doutorandos\"}]},{\"@type\":\"WebSite\",\"@id\":\"https:\/\/wp.ufpel.edu.br\/ppgmet\/#website\",\"url\":\"https:\/\/wp.ufpel.edu.br\/ppgmet\/\",\"name\":\"\",\"description\":\"Programa de P\u00f3s Gradua\u00e7\u00e3o em Meteorologia\",\"potentialAction\":[{\"@type\":\"SearchAction\",\"target\":{\"@type\":\"EntryPoint\",\"urlTemplate\":\"https:\/\/wp.ufpel.edu.br\/ppgmet\/?s={search_term_string}\"},\"query-input\":{\"@type\":\"PropertyValueSpecification\",\"valueRequired\":true,\"valueName\":\"search_term_string\"}}],\"inLanguage\":\"pt-BR\"}]}<\/script>\n<!-- \/ Yoast SEO plugin. -->","yoast_head_json":{"title":"P\u00f3s-Doutorandos -","robots":{"index":"index","follow":"follow","max-snippet":"max-snippet:-1","max-image-preview":"max-image-preview:large","max-video-preview":"max-video-preview:-1"},"canonical":"https:\/\/wp.ufpel.edu.br\/ppgmet\/pos-doutorandos\/","og_locale":"pt_BR","og_type":"article","og_title":"P\u00f3s-Doutorandos -","og_description":"&#8212;&#8212;&#8212;&#8212;&#8212;&#8212;&#8212;&#8212;&#8212;&#8212;&#8212;&#8212;&#8212;&#8212;&#8212;&#8212;&#8212;&#8212;&#8212;&#8212;&#8212;&#8212;&#8212;&#8212;&#8212;&#8212;&#8212;&#8212;&#8212;&#8212;&#8212;&#8212;&#8212;&#8212;&#8212;&#8212;&#8212;&#8212;&#8212;&#8212;&#8212;&#8212;&#8212;&#8212;&#8212;&#8212;&#8212;&#8212; David Bruno de Sousa Teixeira Possui gradua\u00e7\u00e3o em Agronomia pela Universidade Federal do Cear\u00e1 com per\u00edodo de estudos na Colorado State University, especializa\u00e7\u00e3o em Gest\u00e3o de Recursos H\u00eddricos pelo Centro Universit\u00e1rio Internacional e mestrado e doutorado em Meteorologia Aplicada pela Universidade Federal de Vi\u00e7osa. Atuou como professor substituto no Instituto Federal Catarinense e ministra... Leia mais","og_url":"https:\/\/wp.ufpel.edu.br\/ppgmet\/pos-doutorandos\/","article_modified_time":"2025-05-30T03:35:25+00:00","og_image":[{"width":828,"height":828,"url":"https:\/\/wp.ufpel.edu.br\/ppgmet\/files\/2025\/05\/IMG_2539-1.jpg","type":"image\/png"}],"twitter_card":"summary_large_image","twitter_misc":{"Est. tempo de leitura":"2 minutos"},"schema":{"@context":"https:\/\/schema.org","@graph":[{"@type":"WebPage","@id":"https:\/\/wp.ufpel.edu.br\/ppgmet\/pos-doutorandos\/","url":"https:\/\/wp.ufpel.edu.br\/ppgmet\/pos-doutorandos\/","name":"P\u00f3s-Doutorandos -","isPartOf":{"@id":"https:\/\/wp.ufpel.edu.br\/ppgmet\/#website"},"primaryImageOfPage":{"@id":"https:\/\/wp.ufpel.edu.br\/ppgmet\/pos-doutorandos\/#primaryimage"},"image":{"@id":"https:\/\/wp.ufpel.edu.br\/ppgmet\/pos-doutorandos\/#primaryimage"},"thumbnailUrl":"https:\/\/wp.ufpel.edu.br\/ppgmet\/files\/2025\/05\/IMG_2539-1-400x400.jpg","datePublished":"2025-04-23T20:17:17+00:00","dateModified":"2025-05-30T03:35:25+00:00","breadcrumb":{"@id":"https:\/\/wp.ufpel.edu.br\/ppgmet\/pos-doutorandos\/#breadcrumb"},"inLanguage":"pt-BR","potentialAction":[{"@type":"ReadAction","target":["https:\/\/wp.ufpel.edu.br\/ppgmet\/pos-doutorandos\/"]}]},{"@type":"ImageObject","inLanguage":"pt-BR","@id":"https:\/\/wp.ufpel.edu.br\/ppgmet\/pos-doutorandos\/#primaryimage","url":"https:\/\/wp.ufpel.edu.br\/ppgmet\/files\/2025\/05\/IMG_2539-1.jpg","contentUrl":"https:\/\/wp.ufpel.edu.br\/ppgmet\/files\/2025\/05\/IMG_2539-1.jpg","width":828,"height":828,"caption":"Screenshot"},{"@type":"BreadcrumbList","@id":"https:\/\/wp.ufpel.edu.br\/ppgmet\/pos-doutorandos\/#breadcrumb","itemListElement":[{"@type":"ListItem","position":1,"name":"In\u00edcio","item":"https:\/\/wp.ufpel.edu.br\/ppgmet\/"},{"@type":"ListItem","position":2,"name":"P\u00f3s-Doutorandos"}]},{"@type":"WebSite","@id":"https:\/\/wp.ufpel.edu.br\/ppgmet\/#website","url":"https:\/\/wp.ufpel.edu.br\/ppgmet\/","name":"","description":"Programa de P\u00f3s Gradua\u00e7\u00e3o em Meteorologia","potentialAction":[{"@type":"SearchAction","target":{"@type":"EntryPoint","urlTemplate":"https:\/\/wp.ufpel.edu.br\/ppgmet\/?s={search_term_string}"},"query-input":{"@type":"PropertyValueSpecification","valueRequired":true,"valueName":"search_term_string"}}],"inLanguage":"pt-BR"}]}},"jetpack_sharing_enabled":true,"jetpack_shortlink":"https:\/\/wp.me\/P8qPE3-sQ","_links":{"self":[{"href":"https:\/\/wp.ufpel.edu.br\/ppgmet\/wp-json\/wp\/v2\/pages\/1788","targetHints":{"allow":["GET"]}}],"collection":[{"href":"https:\/\/wp.ufpel.edu.br\/ppgmet\/wp-json\/wp\/v2\/pages"}],"about":[{"href":"https:\/\/wp.ufpel.edu.br\/ppgmet\/wp-json\/wp\/v2\/types\/page"}],"author":[{"embeddable":true,"href":"https:\/\/wp.ufpel.edu.br\/ppgmet\/wp-json\/wp\/v2\/users\/424"}],"replies":[{"embeddable":true,"href":"https:\/\/wp.ufpel.edu.br\/ppgmet\/wp-json\/wp\/v2\/comments?post=1788"}],"version-history":[{"count":7,"href":"https:\/\/wp.ufpel.edu.br\/ppgmet\/wp-json\/wp\/v2\/pages\/1788\/revisions"}],"predecessor-version":[{"id":1833,"href":"https:\/\/wp.ufpel.edu.br\/ppgmet\/wp-json\/wp\/v2\/pages\/1788\/revisions\/1833"}],"wp:attachment":[{"href":"https:\/\/wp.ufpel.edu.br\/ppgmet\/wp-json\/wp\/v2\/media?parent=1788"}],"curies":[{"name":"wp","href":"https:\/\/api.w.org\/{rel}","templated":true}]}}