{"id":1698,"date":"2024-12-19T12:03:56","date_gmt":"2024-12-19T15:03:56","guid":{"rendered":"https:\/\/wp.ufpel.edu.br\/ppgmet\/?page_id=1698"},"modified":"2025-06-02T09:29:38","modified_gmt":"2025-06-02T12:29:38","slug":"autoavaliacao-do-programa","status":"publish","type":"page","link":"https:\/\/wp.ufpel.edu.br\/ppgmet\/autoavaliacao-do-programa\/","title":{"rendered":"Autoavalia\u00e7\u00e3o do Programa"},"content":{"rendered":"<p><a href=\"https:\/\/wp.ufpel.edu.br\/ppgmet\/files\/2024\/12\/Autoavaliacao_PPGMet.pdf\">Autoavalia\u00e7\u00e3o PPGMet<\/a><\/p>\n<p><a href=\"https:\/\/wp.ufpel.edu.br\/ppgmet\/files\/2025\/06\/SEI-23110.005444_2019-16_AtaReuniao_AutoAval.pdf\">Ata Reuni\u00e3o Autoavalia\u00e7\u00e3o PPGMet &#8211; dezembro 2024<\/a><\/p>\n","protected":false},"excerpt":{"rendered":"<p>Autoavalia\u00e7\u00e3o PPGMet Ata Reuni\u00e3o Autoavalia\u00e7\u00e3o PPGMet &#8211; dezembro 2024<\/p>\n","protected":false},"author":424,"featured_media":0,"parent":0,"menu_order":0,"comment_status":"closed","ping_status":"closed","template":"","meta":{"jetpack_post_was_ever_published":false,"footnotes":""},"class_list":["post-1698","page","type-page","status-publish","hentry"],"yoast_head":"<!-- This site is optimized with the Yoast SEO plugin v26.7 - https:\/\/yoast.com\/wordpress\/plugins\/seo\/ -->\n<title>Autoavalia\u00e7\u00e3o do Programa -<\/title>\n<meta name=\"robots\" content=\"index, follow, max-snippet:-1, max-image-preview:large, max-video-preview:-1\" \/>\n<link rel=\"canonical\" href=\"https:\/\/wp.ufpel.edu.br\/ppgmet\/autoavaliacao-do-programa\/\" \/>\n<meta property=\"og:locale\" content=\"pt_BR\" \/>\n<meta property=\"og:type\" content=\"article\" \/>\n<meta property=\"og:title\" content=\"Autoavalia\u00e7\u00e3o do Programa -\" \/>\n<meta property=\"og:description\" content=\"Autoavalia\u00e7\u00e3o PPGMet Ata Reuni\u00e3o Autoavalia\u00e7\u00e3o PPGMet &#8211; dezembro 2024\" \/>\n<meta property=\"og:url\" content=\"https:\/\/wp.ufpel.edu.br\/ppgmet\/autoavaliacao-do-programa\/\" \/>\n<meta property=\"article:modified_time\" content=\"2025-06-02T12:29:38+00:00\" \/>\n<meta name=\"twitter:card\" content=\"summary_large_image\" \/>\n<meta name=\"twitter:label1\" content=\"Est. tempo de leitura\" \/>\n\t<meta name=\"twitter:data1\" content=\"1 minuto\" \/>\n<script type=\"application\/ld+json\" class=\"yoast-schema-graph\">{\"@context\":\"https:\/\/schema.org\",\"@graph\":[{\"@type\":\"WebPage\",\"@id\":\"https:\/\/wp.ufpel.edu.br\/ppgmet\/autoavaliacao-do-programa\/\",\"url\":\"https:\/\/wp.ufpel.edu.br\/ppgmet\/autoavaliacao-do-programa\/\",\"name\":\"Autoavalia\u00e7\u00e3o do Programa -\",\"isPartOf\":{\"@id\":\"https:\/\/wp.ufpel.edu.br\/ppgmet\/#website\"},\"datePublished\":\"2024-12-19T15:03:56+00:00\",\"dateModified\":\"2025-06-02T12:29:38+00:00\",\"breadcrumb\":{\"@id\":\"https:\/\/wp.ufpel.edu.br\/ppgmet\/autoavaliacao-do-programa\/#breadcrumb\"},\"inLanguage\":\"pt-BR\",\"potentialAction\":[{\"@type\":\"ReadAction\",\"target\":[\"https:\/\/wp.ufpel.edu.br\/ppgmet\/autoavaliacao-do-programa\/\"]}]},{\"@type\":\"BreadcrumbList\",\"@id\":\"https:\/\/wp.ufpel.edu.br\/ppgmet\/autoavaliacao-do-programa\/#breadcrumb\",\"itemListElement\":[{\"@type\":\"ListItem\",\"position\":1,\"name\":\"In\u00edcio\",\"item\":\"https:\/\/wp.ufpel.edu.br\/ppgmet\/\"},{\"@type\":\"ListItem\",\"position\":2,\"name\":\"Autoavalia\u00e7\u00e3o do Programa\"}]},{\"@type\":\"WebSite\",\"@id\":\"https:\/\/wp.ufpel.edu.br\/ppgmet\/#website\",\"url\":\"https:\/\/wp.ufpel.edu.br\/ppgmet\/\",\"name\":\"\",\"description\":\"Programa de P\u00f3s Gradua\u00e7\u00e3o em Meteorologia\",\"potentialAction\":[{\"@type\":\"SearchAction\",\"target\":{\"@type\":\"EntryPoint\",\"urlTemplate\":\"https:\/\/wp.ufpel.edu.br\/ppgmet\/?s={search_term_string}\"},\"query-input\":{\"@type\":\"PropertyValueSpecification\",\"valueRequired\":true,\"valueName\":\"search_term_string\"}}],\"inLanguage\":\"pt-BR\"}]}<\/script>\n<!-- \/ Yoast SEO plugin. -->","yoast_head_json":{"title":"Autoavalia\u00e7\u00e3o do Programa -","robots":{"index":"index","follow":"follow","max-snippet":"max-snippet:-1","max-image-preview":"max-image-preview:large","max-video-preview":"max-video-preview:-1"},"canonical":"https:\/\/wp.ufpel.edu.br\/ppgmet\/autoavaliacao-do-programa\/","og_locale":"pt_BR","og_type":"article","og_title":"Autoavalia\u00e7\u00e3o do Programa -","og_description":"Autoavalia\u00e7\u00e3o PPGMet Ata Reuni\u00e3o Autoavalia\u00e7\u00e3o PPGMet &#8211; dezembro 2024","og_url":"https:\/\/wp.ufpel.edu.br\/ppgmet\/autoavaliacao-do-programa\/","article_modified_time":"2025-06-02T12:29:38+00:00","twitter_card":"summary_large_image","twitter_misc":{"Est. tempo de leitura":"1 minuto"},"schema":{"@context":"https:\/\/schema.org","@graph":[{"@type":"WebPage","@id":"https:\/\/wp.ufpel.edu.br\/ppgmet\/autoavaliacao-do-programa\/","url":"https:\/\/wp.ufpel.edu.br\/ppgmet\/autoavaliacao-do-programa\/","name":"Autoavalia\u00e7\u00e3o do Programa -","isPartOf":{"@id":"https:\/\/wp.ufpel.edu.br\/ppgmet\/#website"},"datePublished":"2024-12-19T15:03:56+00:00","dateModified":"2025-06-02T12:29:38+00:00","breadcrumb":{"@id":"https:\/\/wp.ufpel.edu.br\/ppgmet\/autoavaliacao-do-programa\/#breadcrumb"},"inLanguage":"pt-BR","potentialAction":[{"@type":"ReadAction","target":["https:\/\/wp.ufpel.edu.br\/ppgmet\/autoavaliacao-do-programa\/"]}]},{"@type":"BreadcrumbList","@id":"https:\/\/wp.ufpel.edu.br\/ppgmet\/autoavaliacao-do-programa\/#breadcrumb","itemListElement":[{"@type":"ListItem","position":1,"name":"In\u00edcio","item":"https:\/\/wp.ufpel.edu.br\/ppgmet\/"},{"@type":"ListItem","position":2,"name":"Autoavalia\u00e7\u00e3o do Programa"}]},{"@type":"WebSite","@id":"https:\/\/wp.ufpel.edu.br\/ppgmet\/#website","url":"https:\/\/wp.ufpel.edu.br\/ppgmet\/","name":"","description":"Programa de P\u00f3s Gradua\u00e7\u00e3o em Meteorologia","potentialAction":[{"@type":"SearchAction","target":{"@type":"EntryPoint","urlTemplate":"https:\/\/wp.ufpel.edu.br\/ppgmet\/?s={search_term_string}"},"query-input":{"@type":"PropertyValueSpecification","valueRequired":true,"valueName":"search_term_string"}}],"inLanguage":"pt-BR"}]}},"jetpack_sharing_enabled":true,"jetpack_shortlink":"https:\/\/wp.me\/P8qPE3-ro","_links":{"self":[{"href":"https:\/\/wp.ufpel.edu.br\/ppgmet\/wp-json\/wp\/v2\/pages\/1698","targetHints":{"allow":["GET"]}}],"collection":[{"href":"https:\/\/wp.ufpel.edu.br\/ppgmet\/wp-json\/wp\/v2\/pages"}],"about":[{"href":"https:\/\/wp.ufpel.edu.br\/ppgmet\/wp-json\/wp\/v2\/types\/page"}],"author":[{"embeddable":true,"href":"https:\/\/wp.ufpel.edu.br\/ppgmet\/wp-json\/wp\/v2\/users\/424"}],"replies":[{"embeddable":true,"href":"https:\/\/wp.ufpel.edu.br\/ppgmet\/wp-json\/wp\/v2\/comments?post=1698"}],"version-history":[{"count":3,"href":"https:\/\/wp.ufpel.edu.br\/ppgmet\/wp-json\/wp\/v2\/pages\/1698\/revisions"}],"predecessor-version":[{"id":1842,"href":"https:\/\/wp.ufpel.edu.br\/ppgmet\/wp-json\/wp\/v2\/pages\/1698\/revisions\/1842"}],"wp:attachment":[{"href":"https:\/\/wp.ufpel.edu.br\/ppgmet\/wp-json\/wp\/v2\/media?parent=1698"}],"curies":[{"name":"wp","href":"https:\/\/api.w.org\/{rel}","templated":true}]}}