{"id":1697,"date":"2024-12-19T12:03:56","date_gmt":"2024-12-19T15:03:56","guid":{"rendered":"https:\/\/wp.ufpel.edu.br\/ppgmet\/?page_id=1697"},"modified":"2025-05-30T00:31:50","modified_gmt":"2025-05-30T03:31:50","slug":"pep-planejamento-estrategico-do-programa","status":"publish","type":"page","link":"https:\/\/wp.ufpel.edu.br\/ppgmet\/pep-planejamento-estrategico-do-programa\/","title":{"rendered":"Planejamento Estrat\u00e9gico do Programa &#8211; PEP &#8211; PPGMet"},"content":{"rendered":"<p><a href=\"https:\/\/wp.ufpel.edu.br\/ppgmet\/files\/2024\/12\/Planejamento-Estrategico-do-Programa-PEP-PPGMET.pdf\">Planejamento Estrat\u00e9gico do Programa (PEP) &#8211; PPGMET<\/a> (2023)<\/p>\n<p>Reuni\u00e3o Auto-avalia\u00e7\u00e3o &#8211; dezembro de 2024 (<a href=\"https:\/\/wp.ufpel.edu.br\/ppgmet\/files\/2025\/05\/SEI-23110.005444_2019-16_AtaReuniao_AutoAval.pdf\">Ata Reuni\u00e3o<\/a>)<\/p>\n","protected":false},"excerpt":{"rendered":"<p>Planejamento Estrat\u00e9gico do Programa (PEP) &#8211; PPGMET (2023) Reuni\u00e3o Auto-avalia\u00e7\u00e3o &#8211; dezembro de 2024 (Ata Reuni\u00e3o)<\/p>\n","protected":false},"author":424,"featured_media":0,"parent":0,"menu_order":0,"comment_status":"closed","ping_status":"closed","template":"","meta":{"jetpack_post_was_ever_published":false,"footnotes":""},"class_list":["post-1697","page","type-page","status-publish","hentry"],"yoast_head":"<!-- This site is optimized with the Yoast SEO plugin v26.7 - https:\/\/yoast.com\/wordpress\/plugins\/seo\/ -->\n<title>Planejamento Estrat\u00e9gico do Programa - PEP - PPGMet -<\/title>\n<meta name=\"robots\" content=\"index, follow, max-snippet:-1, max-image-preview:large, max-video-preview:-1\" \/>\n<link rel=\"canonical\" href=\"https:\/\/wp.ufpel.edu.br\/ppgmet\/pep-planejamento-estrategico-do-programa\/\" \/>\n<meta property=\"og:locale\" content=\"pt_BR\" \/>\n<meta property=\"og:type\" content=\"article\" \/>\n<meta property=\"og:title\" content=\"Planejamento Estrat\u00e9gico do Programa - PEP - PPGMet -\" \/>\n<meta property=\"og:description\" content=\"Planejamento Estrat\u00e9gico do Programa (PEP) &#8211; PPGMET (2023) Reuni\u00e3o Auto-avalia\u00e7\u00e3o &#8211; dezembro de 2024 (Ata Reuni\u00e3o)\" \/>\n<meta property=\"og:url\" content=\"https:\/\/wp.ufpel.edu.br\/ppgmet\/pep-planejamento-estrategico-do-programa\/\" \/>\n<meta property=\"article:modified_time\" content=\"2025-05-30T03:31:50+00:00\" \/>\n<meta name=\"twitter:card\" content=\"summary_large_image\" \/>\n<meta name=\"twitter:label1\" content=\"Est. tempo de leitura\" \/>\n\t<meta name=\"twitter:data1\" content=\"1 minuto\" \/>\n<script type=\"application\/ld+json\" class=\"yoast-schema-graph\">{\"@context\":\"https:\/\/schema.org\",\"@graph\":[{\"@type\":\"WebPage\",\"@id\":\"https:\/\/wp.ufpel.edu.br\/ppgmet\/pep-planejamento-estrategico-do-programa\/\",\"url\":\"https:\/\/wp.ufpel.edu.br\/ppgmet\/pep-planejamento-estrategico-do-programa\/\",\"name\":\"Planejamento Estrat\u00e9gico do Programa - PEP - PPGMet -\",\"isPartOf\":{\"@id\":\"https:\/\/wp.ufpel.edu.br\/ppgmet\/#website\"},\"datePublished\":\"2024-12-19T15:03:56+00:00\",\"dateModified\":\"2025-05-30T03:31:50+00:00\",\"breadcrumb\":{\"@id\":\"https:\/\/wp.ufpel.edu.br\/ppgmet\/pep-planejamento-estrategico-do-programa\/#breadcrumb\"},\"inLanguage\":\"pt-BR\",\"potentialAction\":[{\"@type\":\"ReadAction\",\"target\":[\"https:\/\/wp.ufpel.edu.br\/ppgmet\/pep-planejamento-estrategico-do-programa\/\"]}]},{\"@type\":\"BreadcrumbList\",\"@id\":\"https:\/\/wp.ufpel.edu.br\/ppgmet\/pep-planejamento-estrategico-do-programa\/#breadcrumb\",\"itemListElement\":[{\"@type\":\"ListItem\",\"position\":1,\"name\":\"In\u00edcio\",\"item\":\"https:\/\/wp.ufpel.edu.br\/ppgmet\/\"},{\"@type\":\"ListItem\",\"position\":2,\"name\":\"Planejamento Estrat\u00e9gico do Programa &#8211; PEP &#8211; PPGMet\"}]},{\"@type\":\"WebSite\",\"@id\":\"https:\/\/wp.ufpel.edu.br\/ppgmet\/#website\",\"url\":\"https:\/\/wp.ufpel.edu.br\/ppgmet\/\",\"name\":\"\",\"description\":\"Programa de P\u00f3s Gradua\u00e7\u00e3o em Meteorologia\",\"potentialAction\":[{\"@type\":\"SearchAction\",\"target\":{\"@type\":\"EntryPoint\",\"urlTemplate\":\"https:\/\/wp.ufpel.edu.br\/ppgmet\/?s={search_term_string}\"},\"query-input\":{\"@type\":\"PropertyValueSpecification\",\"valueRequired\":true,\"valueName\":\"search_term_string\"}}],\"inLanguage\":\"pt-BR\"}]}<\/script>\n<!-- \/ Yoast SEO plugin. -->","yoast_head_json":{"title":"Planejamento Estrat\u00e9gico do Programa - PEP - PPGMet -","robots":{"index":"index","follow":"follow","max-snippet":"max-snippet:-1","max-image-preview":"max-image-preview:large","max-video-preview":"max-video-preview:-1"},"canonical":"https:\/\/wp.ufpel.edu.br\/ppgmet\/pep-planejamento-estrategico-do-programa\/","og_locale":"pt_BR","og_type":"article","og_title":"Planejamento Estrat\u00e9gico do Programa - PEP - PPGMet -","og_description":"Planejamento Estrat\u00e9gico do Programa (PEP) &#8211; PPGMET (2023) Reuni\u00e3o Auto-avalia\u00e7\u00e3o &#8211; dezembro de 2024 (Ata Reuni\u00e3o)","og_url":"https:\/\/wp.ufpel.edu.br\/ppgmet\/pep-planejamento-estrategico-do-programa\/","article_modified_time":"2025-05-30T03:31:50+00:00","twitter_card":"summary_large_image","twitter_misc":{"Est. tempo de leitura":"1 minuto"},"schema":{"@context":"https:\/\/schema.org","@graph":[{"@type":"WebPage","@id":"https:\/\/wp.ufpel.edu.br\/ppgmet\/pep-planejamento-estrategico-do-programa\/","url":"https:\/\/wp.ufpel.edu.br\/ppgmet\/pep-planejamento-estrategico-do-programa\/","name":"Planejamento Estrat\u00e9gico do Programa - PEP - PPGMet -","isPartOf":{"@id":"https:\/\/wp.ufpel.edu.br\/ppgmet\/#website"},"datePublished":"2024-12-19T15:03:56+00:00","dateModified":"2025-05-30T03:31:50+00:00","breadcrumb":{"@id":"https:\/\/wp.ufpel.edu.br\/ppgmet\/pep-planejamento-estrategico-do-programa\/#breadcrumb"},"inLanguage":"pt-BR","potentialAction":[{"@type":"ReadAction","target":["https:\/\/wp.ufpel.edu.br\/ppgmet\/pep-planejamento-estrategico-do-programa\/"]}]},{"@type":"BreadcrumbList","@id":"https:\/\/wp.ufpel.edu.br\/ppgmet\/pep-planejamento-estrategico-do-programa\/#breadcrumb","itemListElement":[{"@type":"ListItem","position":1,"name":"In\u00edcio","item":"https:\/\/wp.ufpel.edu.br\/ppgmet\/"},{"@type":"ListItem","position":2,"name":"Planejamento Estrat\u00e9gico do Programa &#8211; PEP &#8211; PPGMet"}]},{"@type":"WebSite","@id":"https:\/\/wp.ufpel.edu.br\/ppgmet\/#website","url":"https:\/\/wp.ufpel.edu.br\/ppgmet\/","name":"","description":"Programa de P\u00f3s Gradua\u00e7\u00e3o em Meteorologia","potentialAction":[{"@type":"SearchAction","target":{"@type":"EntryPoint","urlTemplate":"https:\/\/wp.ufpel.edu.br\/ppgmet\/?s={search_term_string}"},"query-input":{"@type":"PropertyValueSpecification","valueRequired":true,"valueName":"search_term_string"}}],"inLanguage":"pt-BR"}]}},"jetpack_sharing_enabled":true,"jetpack_shortlink":"https:\/\/wp.me\/P8qPE3-rn","_links":{"self":[{"href":"https:\/\/wp.ufpel.edu.br\/ppgmet\/wp-json\/wp\/v2\/pages\/1697","targetHints":{"allow":["GET"]}}],"collection":[{"href":"https:\/\/wp.ufpel.edu.br\/ppgmet\/wp-json\/wp\/v2\/pages"}],"about":[{"href":"https:\/\/wp.ufpel.edu.br\/ppgmet\/wp-json\/wp\/v2\/types\/page"}],"author":[{"embeddable":true,"href":"https:\/\/wp.ufpel.edu.br\/ppgmet\/wp-json\/wp\/v2\/users\/424"}],"replies":[{"embeddable":true,"href":"https:\/\/wp.ufpel.edu.br\/ppgmet\/wp-json\/wp\/v2\/comments?post=1697"}],"version-history":[{"count":6,"href":"https:\/\/wp.ufpel.edu.br\/ppgmet\/wp-json\/wp\/v2\/pages\/1697\/revisions"}],"predecessor-version":[{"id":1828,"href":"https:\/\/wp.ufpel.edu.br\/ppgmet\/wp-json\/wp\/v2\/pages\/1697\/revisions\/1828"}],"wp:attachment":[{"href":"https:\/\/wp.ufpel.edu.br\/ppgmet\/wp-json\/wp\/v2\/media?parent=1697"}],"curies":[{"name":"wp","href":"https:\/\/api.w.org\/{rel}","templated":true}]}}