{"id":134,"date":"2014-10-15T15:27:24","date_gmt":"2014-10-15T18:27:24","guid":{"rendered":"https:\/\/wp.ufpel.edu.br\/ppgmet\/?page_id=134"},"modified":"2025-12-05T09:47:31","modified_gmt":"2025-12-05T12:47:31","slug":"regimento-do-curso","status":"publish","type":"page","link":"https:\/\/wp.ufpel.edu.br\/ppgmet\/regimento-do-curso\/","title":{"rendered":"Regimentos e Normas"},"content":{"rendered":"<p><span style=\"color: #000000;\">O curso de P\u00f3s-Gradua\u00e7\u00e3o em Meteorologia da UFPel \u00e9 regido por um Regimento Geral, onde os alunos poder\u00e3o encontrar informa\u00e7\u00f5es sobre os direitos e obriga\u00e7\u00f5es comuns a todos os alunos.<\/span><\/p>\n<p>Confira o regimento geral e do curso abaixo:<\/p>\n<p><a href=\"https:\/\/wp.ufpel.edu.br\/ppgmet\/files\/2025\/04\/2024-REGIMENTO-STRICTO-SENSU-novo-SEI_2892412_Resolucao_89.pdf\">REGIMENTO GERAL UFPEL &#8211; STRICTO SENSU 2024<\/a><\/p>\n<p><span class=\"botao\" style=\"font-size: 12pt;\"><a href=\"https:\/\/wp.ufpel.edu.br\/ppgmet\/files\/2014\/07\/regimento_curso_meteorologia.pdf\">Regimento do Curso (Para alunos matriculados at\u00e9 o ano de 2020)<\/a><\/span><\/p>\n<p><a href=\"https:\/\/drive.google.com\/file\/d\/1Jhw3cYcApx5EC-K57zZvaRCfwQEXvuvQ\/view?usp=sharing\">Regimento do Curso (Para alunos matriculados a partir de 2021)<\/a><\/p>\n<p><a href=\"https:\/\/wp.ufpel.edu.br\/ppgmet\/files\/2025\/12\/SEI_3317713_Parecer_Normativo_COCEPE_125-3.pdf\">Regimento do Curso PPGMet (Para alunos matriculados a partir de 2026\/01)<\/a><\/p>\n<p><a href=\"https:\/\/wp.ufpel.edu.br\/ppgmet\/files\/2014\/10\/memorando-22-2016.pdf\">memorando 22-2016<\/a>\u00a0(Normas para manuten\u00e7\u00e3o de bolsa e vaga no programa)<\/p>\n<p><a href=\"https:\/\/drive.google.com\/file\/d\/1we2ZMaoYZZwwXQ6R9YG5Gr9lPmnTpZY9\/view?usp=sharing\">Aproveitamento de teste de Profici\u00eancia<\/a><\/p>\n<p><strong><a href=\"https:\/\/wp.ufpel.edu.br\/ppgmet\/files\/2025\/06\/Credenciamento_e_Recredenciamento_PPGMet_assinado_DSL.pdf\">Normas de Credenciamento, Recredenciamento e Desligamento de Docentes do<br \/>\nPrograma de P\u00f3s-Gradua\u00e7\u00e3o em Meteorologia da UFPel.<\/a><\/strong><\/p>\n<p>&nbsp;<\/p>\n","protected":false},"excerpt":{"rendered":"<p>O curso de P\u00f3s-Gradua\u00e7\u00e3o em Meteorologia da UFPel \u00e9 regido por um Regimento Geral, onde os alunos poder\u00e3o encontrar informa\u00e7\u00f5es sobre os direitos e obriga\u00e7\u00f5es comuns a todos os alunos. Confira o regimento geral e do curso abaixo: REGIMENTO GERAL UFPEL &#8211; STRICTO SENSU 2024 Regimento do Curso (Para alunos matriculados at\u00e9 o ano de&#8230; <\/p>\n<div class=\"link-more\"><a href=\"https:\/\/wp.ufpel.edu.br\/ppgmet\/regimento-do-curso\/\">Leia mais<\/a><\/div>\n","protected":false},"author":424,"featured_media":0,"parent":0,"menu_order":0,"comment_status":"closed","ping_status":"closed","template":"","meta":{"jetpack_post_was_ever_published":false,"footnotes":""},"class_list":["post-134","page","type-page","status-publish","hentry"],"yoast_head":"<!-- This site is optimized with the Yoast SEO plugin v26.7 - https:\/\/yoast.com\/wordpress\/plugins\/seo\/ -->\n<title>Regimentos e Normas -<\/title>\n<meta name=\"robots\" content=\"index, follow, max-snippet:-1, max-image-preview:large, max-video-preview:-1\" \/>\n<link rel=\"canonical\" href=\"https:\/\/wp.ufpel.edu.br\/ppgmet\/regimento-do-curso\/\" \/>\n<meta property=\"og:locale\" content=\"pt_BR\" \/>\n<meta property=\"og:type\" content=\"article\" \/>\n<meta property=\"og:title\" content=\"Regimentos e Normas -\" \/>\n<meta property=\"og:description\" content=\"O curso de P\u00f3s-Gradua\u00e7\u00e3o em Meteorologia da UFPel \u00e9 regido por um Regimento Geral, onde os alunos poder\u00e3o encontrar informa\u00e7\u00f5es sobre os direitos e obriga\u00e7\u00f5es comuns a todos os alunos. Confira o regimento geral e do curso abaixo: REGIMENTO GERAL UFPEL &#8211; STRICTO SENSU 2024 Regimento do Curso (Para alunos matriculados at\u00e9 o ano de... Leia mais\" \/>\n<meta property=\"og:url\" content=\"https:\/\/wp.ufpel.edu.br\/ppgmet\/regimento-do-curso\/\" \/>\n<meta property=\"article:modified_time\" content=\"2025-12-05T12:47:31+00:00\" \/>\n<meta name=\"twitter:card\" content=\"summary_large_image\" \/>\n<meta name=\"twitter:label1\" content=\"Est. tempo de leitura\" \/>\n\t<meta name=\"twitter:data1\" content=\"1 minuto\" \/>\n<script type=\"application\/ld+json\" class=\"yoast-schema-graph\">{\"@context\":\"https:\/\/schema.org\",\"@graph\":[{\"@type\":\"WebPage\",\"@id\":\"https:\/\/wp.ufpel.edu.br\/ppgmet\/regimento-do-curso\/\",\"url\":\"https:\/\/wp.ufpel.edu.br\/ppgmet\/regimento-do-curso\/\",\"name\":\"Regimentos e Normas -\",\"isPartOf\":{\"@id\":\"https:\/\/wp.ufpel.edu.br\/ppgmet\/#website\"},\"datePublished\":\"2014-10-15T18:27:24+00:00\",\"dateModified\":\"2025-12-05T12:47:31+00:00\",\"breadcrumb\":{\"@id\":\"https:\/\/wp.ufpel.edu.br\/ppgmet\/regimento-do-curso\/#breadcrumb\"},\"inLanguage\":\"pt-BR\",\"potentialAction\":[{\"@type\":\"ReadAction\",\"target\":[\"https:\/\/wp.ufpel.edu.br\/ppgmet\/regimento-do-curso\/\"]}]},{\"@type\":\"BreadcrumbList\",\"@id\":\"https:\/\/wp.ufpel.edu.br\/ppgmet\/regimento-do-curso\/#breadcrumb\",\"itemListElement\":[{\"@type\":\"ListItem\",\"position\":1,\"name\":\"In\u00edcio\",\"item\":\"https:\/\/wp.ufpel.edu.br\/ppgmet\/\"},{\"@type\":\"ListItem\",\"position\":2,\"name\":\"Regimentos e Normas\"}]},{\"@type\":\"WebSite\",\"@id\":\"https:\/\/wp.ufpel.edu.br\/ppgmet\/#website\",\"url\":\"https:\/\/wp.ufpel.edu.br\/ppgmet\/\",\"name\":\"\",\"description\":\"Programa de P\u00f3s Gradua\u00e7\u00e3o em Meteorologia\",\"potentialAction\":[{\"@type\":\"SearchAction\",\"target\":{\"@type\":\"EntryPoint\",\"urlTemplate\":\"https:\/\/wp.ufpel.edu.br\/ppgmet\/?s={search_term_string}\"},\"query-input\":{\"@type\":\"PropertyValueSpecification\",\"valueRequired\":true,\"valueName\":\"search_term_string\"}}],\"inLanguage\":\"pt-BR\"}]}<\/script>\n<!-- \/ Yoast SEO plugin. -->","yoast_head_json":{"title":"Regimentos e Normas -","robots":{"index":"index","follow":"follow","max-snippet":"max-snippet:-1","max-image-preview":"max-image-preview:large","max-video-preview":"max-video-preview:-1"},"canonical":"https:\/\/wp.ufpel.edu.br\/ppgmet\/regimento-do-curso\/","og_locale":"pt_BR","og_type":"article","og_title":"Regimentos e Normas -","og_description":"O curso de P\u00f3s-Gradua\u00e7\u00e3o em Meteorologia da UFPel \u00e9 regido por um Regimento Geral, onde os alunos poder\u00e3o encontrar informa\u00e7\u00f5es sobre os direitos e obriga\u00e7\u00f5es comuns a todos os alunos. Confira o regimento geral e do curso abaixo: REGIMENTO GERAL UFPEL &#8211; STRICTO SENSU 2024 Regimento do Curso (Para alunos matriculados at\u00e9 o ano de... Leia mais","og_url":"https:\/\/wp.ufpel.edu.br\/ppgmet\/regimento-do-curso\/","article_modified_time":"2025-12-05T12:47:31+00:00","twitter_card":"summary_large_image","twitter_misc":{"Est. tempo de leitura":"1 minuto"},"schema":{"@context":"https:\/\/schema.org","@graph":[{"@type":"WebPage","@id":"https:\/\/wp.ufpel.edu.br\/ppgmet\/regimento-do-curso\/","url":"https:\/\/wp.ufpel.edu.br\/ppgmet\/regimento-do-curso\/","name":"Regimentos e Normas -","isPartOf":{"@id":"https:\/\/wp.ufpel.edu.br\/ppgmet\/#website"},"datePublished":"2014-10-15T18:27:24+00:00","dateModified":"2025-12-05T12:47:31+00:00","breadcrumb":{"@id":"https:\/\/wp.ufpel.edu.br\/ppgmet\/regimento-do-curso\/#breadcrumb"},"inLanguage":"pt-BR","potentialAction":[{"@type":"ReadAction","target":["https:\/\/wp.ufpel.edu.br\/ppgmet\/regimento-do-curso\/"]}]},{"@type":"BreadcrumbList","@id":"https:\/\/wp.ufpel.edu.br\/ppgmet\/regimento-do-curso\/#breadcrumb","itemListElement":[{"@type":"ListItem","position":1,"name":"In\u00edcio","item":"https:\/\/wp.ufpel.edu.br\/ppgmet\/"},{"@type":"ListItem","position":2,"name":"Regimentos e Normas"}]},{"@type":"WebSite","@id":"https:\/\/wp.ufpel.edu.br\/ppgmet\/#website","url":"https:\/\/wp.ufpel.edu.br\/ppgmet\/","name":"","description":"Programa de P\u00f3s Gradua\u00e7\u00e3o em Meteorologia","potentialAction":[{"@type":"SearchAction","target":{"@type":"EntryPoint","urlTemplate":"https:\/\/wp.ufpel.edu.br\/ppgmet\/?s={search_term_string}"},"query-input":{"@type":"PropertyValueSpecification","valueRequired":true,"valueName":"search_term_string"}}],"inLanguage":"pt-BR"}]}},"jetpack_sharing_enabled":true,"jetpack_shortlink":"https:\/\/wp.me\/P8qPE3-2a","_links":{"self":[{"href":"https:\/\/wp.ufpel.edu.br\/ppgmet\/wp-json\/wp\/v2\/pages\/134","targetHints":{"allow":["GET"]}}],"collection":[{"href":"https:\/\/wp.ufpel.edu.br\/ppgmet\/wp-json\/wp\/v2\/pages"}],"about":[{"href":"https:\/\/wp.ufpel.edu.br\/ppgmet\/wp-json\/wp\/v2\/types\/page"}],"author":[{"embeddable":true,"href":"https:\/\/wp.ufpel.edu.br\/ppgmet\/wp-json\/wp\/v2\/users\/424"}],"replies":[{"embeddable":true,"href":"https:\/\/wp.ufpel.edu.br\/ppgmet\/wp-json\/wp\/v2\/comments?post=134"}],"version-history":[{"count":4,"href":"https:\/\/wp.ufpel.edu.br\/ppgmet\/wp-json\/wp\/v2\/pages\/134\/revisions"}],"predecessor-version":[{"id":1926,"href":"https:\/\/wp.ufpel.edu.br\/ppgmet\/wp-json\/wp\/v2\/pages\/134\/revisions\/1926"}],"wp:attachment":[{"href":"https:\/\/wp.ufpel.edu.br\/ppgmet\/wp-json\/wp\/v2\/media?parent=134"}],"curies":[{"name":"wp","href":"https:\/\/api.w.org\/{rel}","templated":true}]}}