{"id":131,"date":"2014-10-15T15:27:01","date_gmt":"2014-10-15T18:27:01","guid":{"rendered":"https:\/\/wp.ufpel.edu.br\/ppgmet\/?page_id=131"},"modified":"2023-10-18T15:57:24","modified_gmt":"2023-10-18T18:57:24","slug":"historia","status":"publish","type":"page","link":"https:\/\/wp.ufpel.edu.br\/ppgmet\/historia\/","title":{"rendered":"Hist\u00f3ria"},"content":{"rendered":"<p>O Programa de P\u00f3s-gradua\u00e7\u00e3o em Meteorologia foi criado em 1995, sendo credenciado pela Universidade Federal de Pelotas em 1997. O curso com as atuais linhas de pesquisa foi credenciado pela CAPES no ano 2000, iniciando suas atividades em 2001.<\/p>\n<p>Possui conceito 3 na \u00faltima avalia\u00e7\u00e3o da CAPES (2020).<\/p>\n","protected":false},"excerpt":{"rendered":"<p>O Programa de P\u00f3s-gradua\u00e7\u00e3o em Meteorologia foi criado em 1995, sendo credenciado pela Universidade Federal de Pelotas em 1997. O curso com as atuais linhas de pesquisa foi credenciado pela CAPES no ano 2000, iniciando suas atividades em 2001. Possui conceito 3 na \u00faltima avalia\u00e7\u00e3o da CAPES (2020).<\/p>\n","protected":false},"author":424,"featured_media":0,"parent":0,"menu_order":0,"comment_status":"closed","ping_status":"closed","template":"","meta":{"jetpack_post_was_ever_published":false,"footnotes":""},"class_list":["post-131","page","type-page","status-publish","hentry"],"yoast_head":"<!-- This site is optimized with the Yoast SEO plugin v26.7 - https:\/\/yoast.com\/wordpress\/plugins\/seo\/ -->\n<title>Hist\u00f3ria -<\/title>\n<meta name=\"robots\" content=\"index, follow, max-snippet:-1, max-image-preview:large, max-video-preview:-1\" \/>\n<link rel=\"canonical\" href=\"https:\/\/wp.ufpel.edu.br\/ppgmet\/historia\/\" \/>\n<meta property=\"og:locale\" content=\"pt_BR\" \/>\n<meta property=\"og:type\" content=\"article\" \/>\n<meta property=\"og:title\" content=\"Hist\u00f3ria -\" \/>\n<meta property=\"og:description\" content=\"O Programa de P\u00f3s-gradua\u00e7\u00e3o em Meteorologia foi criado em 1995, sendo credenciado pela Universidade Federal de Pelotas em 1997. O curso com as atuais linhas de pesquisa foi credenciado pela CAPES no ano 2000, iniciando suas atividades em 2001. Possui conceito 3 na \u00faltima avalia\u00e7\u00e3o da CAPES (2020).\" \/>\n<meta property=\"og:url\" content=\"https:\/\/wp.ufpel.edu.br\/ppgmet\/historia\/\" \/>\n<meta property=\"article:modified_time\" content=\"2023-10-18T18:57:24+00:00\" \/>\n<meta name=\"twitter:card\" content=\"summary_large_image\" \/>\n<meta name=\"twitter:label1\" content=\"Est. tempo de leitura\" \/>\n\t<meta name=\"twitter:data1\" content=\"1 minuto\" \/>\n<script type=\"application\/ld+json\" class=\"yoast-schema-graph\">{\"@context\":\"https:\/\/schema.org\",\"@graph\":[{\"@type\":\"WebPage\",\"@id\":\"https:\/\/wp.ufpel.edu.br\/ppgmet\/historia\/\",\"url\":\"https:\/\/wp.ufpel.edu.br\/ppgmet\/historia\/\",\"name\":\"Hist\u00f3ria -\",\"isPartOf\":{\"@id\":\"https:\/\/wp.ufpel.edu.br\/ppgmet\/#website\"},\"datePublished\":\"2014-10-15T18:27:01+00:00\",\"dateModified\":\"2023-10-18T18:57:24+00:00\",\"breadcrumb\":{\"@id\":\"https:\/\/wp.ufpel.edu.br\/ppgmet\/historia\/#breadcrumb\"},\"inLanguage\":\"pt-BR\",\"potentialAction\":[{\"@type\":\"ReadAction\",\"target\":[\"https:\/\/wp.ufpel.edu.br\/ppgmet\/historia\/\"]}]},{\"@type\":\"BreadcrumbList\",\"@id\":\"https:\/\/wp.ufpel.edu.br\/ppgmet\/historia\/#breadcrumb\",\"itemListElement\":[{\"@type\":\"ListItem\",\"position\":1,\"name\":\"In\u00edcio\",\"item\":\"https:\/\/wp.ufpel.edu.br\/ppgmet\/\"},{\"@type\":\"ListItem\",\"position\":2,\"name\":\"Hist\u00f3ria\"}]},{\"@type\":\"WebSite\",\"@id\":\"https:\/\/wp.ufpel.edu.br\/ppgmet\/#website\",\"url\":\"https:\/\/wp.ufpel.edu.br\/ppgmet\/\",\"name\":\"\",\"description\":\"Programa de P\u00f3s Gradua\u00e7\u00e3o em Meteorologia\",\"potentialAction\":[{\"@type\":\"SearchAction\",\"target\":{\"@type\":\"EntryPoint\",\"urlTemplate\":\"https:\/\/wp.ufpel.edu.br\/ppgmet\/?s={search_term_string}\"},\"query-input\":{\"@type\":\"PropertyValueSpecification\",\"valueRequired\":true,\"valueName\":\"search_term_string\"}}],\"inLanguage\":\"pt-BR\"}]}<\/script>\n<!-- \/ Yoast SEO plugin. -->","yoast_head_json":{"title":"Hist\u00f3ria -","robots":{"index":"index","follow":"follow","max-snippet":"max-snippet:-1","max-image-preview":"max-image-preview:large","max-video-preview":"max-video-preview:-1"},"canonical":"https:\/\/wp.ufpel.edu.br\/ppgmet\/historia\/","og_locale":"pt_BR","og_type":"article","og_title":"Hist\u00f3ria -","og_description":"O Programa de P\u00f3s-gradua\u00e7\u00e3o em Meteorologia foi criado em 1995, sendo credenciado pela Universidade Federal de Pelotas em 1997. O curso com as atuais linhas de pesquisa foi credenciado pela CAPES no ano 2000, iniciando suas atividades em 2001. Possui conceito 3 na \u00faltima avalia\u00e7\u00e3o da CAPES (2020).","og_url":"https:\/\/wp.ufpel.edu.br\/ppgmet\/historia\/","article_modified_time":"2023-10-18T18:57:24+00:00","twitter_card":"summary_large_image","twitter_misc":{"Est. tempo de leitura":"1 minuto"},"schema":{"@context":"https:\/\/schema.org","@graph":[{"@type":"WebPage","@id":"https:\/\/wp.ufpel.edu.br\/ppgmet\/historia\/","url":"https:\/\/wp.ufpel.edu.br\/ppgmet\/historia\/","name":"Hist\u00f3ria -","isPartOf":{"@id":"https:\/\/wp.ufpel.edu.br\/ppgmet\/#website"},"datePublished":"2014-10-15T18:27:01+00:00","dateModified":"2023-10-18T18:57:24+00:00","breadcrumb":{"@id":"https:\/\/wp.ufpel.edu.br\/ppgmet\/historia\/#breadcrumb"},"inLanguage":"pt-BR","potentialAction":[{"@type":"ReadAction","target":["https:\/\/wp.ufpel.edu.br\/ppgmet\/historia\/"]}]},{"@type":"BreadcrumbList","@id":"https:\/\/wp.ufpel.edu.br\/ppgmet\/historia\/#breadcrumb","itemListElement":[{"@type":"ListItem","position":1,"name":"In\u00edcio","item":"https:\/\/wp.ufpel.edu.br\/ppgmet\/"},{"@type":"ListItem","position":2,"name":"Hist\u00f3ria"}]},{"@type":"WebSite","@id":"https:\/\/wp.ufpel.edu.br\/ppgmet\/#website","url":"https:\/\/wp.ufpel.edu.br\/ppgmet\/","name":"","description":"Programa de P\u00f3s Gradua\u00e7\u00e3o em Meteorologia","potentialAction":[{"@type":"SearchAction","target":{"@type":"EntryPoint","urlTemplate":"https:\/\/wp.ufpel.edu.br\/ppgmet\/?s={search_term_string}"},"query-input":{"@type":"PropertyValueSpecification","valueRequired":true,"valueName":"search_term_string"}}],"inLanguage":"pt-BR"}]}},"jetpack_sharing_enabled":true,"jetpack_shortlink":"https:\/\/wp.me\/P8qPE3-27","_links":{"self":[{"href":"https:\/\/wp.ufpel.edu.br\/ppgmet\/wp-json\/wp\/v2\/pages\/131","targetHints":{"allow":["GET"]}}],"collection":[{"href":"https:\/\/wp.ufpel.edu.br\/ppgmet\/wp-json\/wp\/v2\/pages"}],"about":[{"href":"https:\/\/wp.ufpel.edu.br\/ppgmet\/wp-json\/wp\/v2\/types\/page"}],"author":[{"embeddable":true,"href":"https:\/\/wp.ufpel.edu.br\/ppgmet\/wp-json\/wp\/v2\/users\/424"}],"replies":[{"embeddable":true,"href":"https:\/\/wp.ufpel.edu.br\/ppgmet\/wp-json\/wp\/v2\/comments?post=131"}],"version-history":[{"count":2,"href":"https:\/\/wp.ufpel.edu.br\/ppgmet\/wp-json\/wp\/v2\/pages\/131\/revisions"}],"predecessor-version":[{"id":1516,"href":"https:\/\/wp.ufpel.edu.br\/ppgmet\/wp-json\/wp\/v2\/pages\/131\/revisions\/1516"}],"wp:attachment":[{"href":"https:\/\/wp.ufpel.edu.br\/ppgmet\/wp-json\/wp\/v2\/media?parent=131"}],"curies":[{"name":"wp","href":"https:\/\/api.w.org\/{rel}","templated":true}]}}