{"id":809,"date":"2024-06-05T15:48:34","date_gmt":"2024-06-05T18:48:34","guid":{"rendered":"https:\/\/wp.ufpel.edu.br\/ppgmcf\/?page_id=809"},"modified":"2024-11-05T10:57:38","modified_gmt":"2024-11-05T13:57:38","slug":"projetos-de-pesquisa","status":"publish","type":"page","link":"https:\/\/wp.ufpel.edu.br\/ppgmcf\/documentos-para-download\/projetos-de-pesquisa\/","title":{"rendered":"Projetos de pesquisa"},"content":{"rendered":"<p><strong>PROJETO DE PESQUISA<\/strong><\/p>\n<p><strong>Todo projeto de pesquisa de discentes do PPGMCF dever\u00e1 basear-se em trabalho de pesquisa experimental, revelar dom\u00ednio do tema e da metodologia cient\u00edfica adequada, capacidade de sistematiza\u00e7\u00e3o, e oferecer uma contribui\u00e7\u00e3o pessoal e original para a \u00e1rea das ci\u00eancias biol\u00f3gicas.<\/strong><\/p>\n<p><strong>MODELO DE APRESENTA\u00c7\u00c3O DE PROJETOS: <\/strong><\/p>\n<p><strong>O projeto dever\u00e1 ser escrito com corre\u00e7\u00e3o ortogr\u00e1fica, de forma concisa, salientando a\u00a0 originalidade da proposta e <u>com no m\u00e1ximo <\/u><\/strong><strong><u>20 p\u00e1ginas<\/u><\/strong><strong> sem incluir os itens de 9-12.<\/strong><\/p>\n<p><strong>Parte Externa do Projeto: <\/strong><\/p>\n<ol>\n<li>T\u00edtulo do projeto<\/li>\n<li>Identifica\u00e7\u00e3o do aluno, orientador e coorientador (quando for o caso)<\/li>\n<li>Institui\u00e7\u00e3o de origem<\/li>\n<li>Data de matr\u00edcula do aluno<\/li>\n<\/ol>\n<p><strong>Parte Interna do Projeto: <\/strong><\/p>\n<ol>\n<li>Resumo e abstract (20 a 30 linhas)<\/li>\n<li>Introdu\u00e7\u00e3o<\/li>\n<li>Justificativa<\/li>\n<li>Hip\u00f3tese<\/li>\n<li>Objetivo: geral e espec\u00edfico<\/li>\n<li>Metodologia\n<ul>\n<li>Delineamento Experimental (pacientes\/animais; grupos experimentais; c\u00e1lculo amostral).<\/li>\n<li>Procedimentos experimentais (cirurgia com plano anest\u00e9sico, testes comportamentais ou metab\u00f3licos, treinamento f\u00edsico, inje\u00e7\u00f5es, inocula\u00e7\u00f5es, eutan\u00e1sia).<\/li>\n<li>Descri\u00e7\u00e3o das t\u00e9cnicas de processamento das amostras com refer\u00eancia bibliogr\u00e1fica.<\/li>\n<li>Gerenciamento do descarte dos res\u00edduos qu\u00edmicos e biol\u00f3gicos.<\/li>\n<li>An\u00e1lise estat\u00edstica<\/li>\n<\/ul>\n<\/li>\n<li>Resultados esperados e contribui\u00e7\u00e3o cient\u00edfica do projeto;<\/li>\n<li>Cronograma: apresentar cronograma de execu\u00e7\u00e3o do projeto e o conjunto de atividades planejadas para execu\u00e7\u00e3o durante o curso;<\/li>\n<li>Or\u00e7amento detalhado<\/li>\n<li>Disponibilidade efetiva de infraestrutura e de apoio t\u00e9cnico para o desenvolvimento do projeto;<\/li>\n<li>Identifica\u00e7\u00e3o dos demais participantes do projeto com sua efetiva contribui\u00e7\u00e3o, justificando a necessidade de coorienta\u00e7\u00e3o com base na compet\u00eancia complementar em rela\u00e7\u00e3o ao orientador;<\/li>\n<li>Refer\u00eancias bibliogr\u00e1ficas<\/li>\n<\/ol>\n<p>&nbsp;<\/p>\n<p>O <strong>projeto de disserta\u00e7\u00e3o de mestrado<\/strong>, aprovado pelo orientador(a), dever\u00e1 ser encaminhado para homologa\u00e7\u00e3o do colegiado local (<a href=\"mailto:ppgmcf.ufpel@gmail.com\">ppgmcf.ufpel@gmail.com<\/a>) <strong>em at\u00e9 3 meses<\/strong>, considerando a data de matr\u00edcula de ingresso. <span style=\"color: var(--cor-texto); font-family: var(--fonte-corpo);\">Ap\u00f3s envio, o discente ter\u00e1 entre <strong>10-20 minutos<\/strong> para apresentar o projeto para a banca examinadora (formada por docentes do PPGMCF-UFPel), seguido das argui\u00e7\u00f5es dos membros da banca (m\u00e1ximo 15 minutos cada membro). A data das apresenta\u00e7\u00f5es dos projetos ser\u00e1 informada via e-mail pelo PPGMCF-UFPel.<\/span><\/p>\n<p>O <strong>projeto de tese de doutorado<\/strong>, aprovado pelo orientador(a), dever\u00e1 ser encaminhado ao colegiado local \u00a0(<a href=\"mailto:ppgmcf.ufpel@gmail.com\">ppgmcf.ufpel@gmail.com<\/a>) <strong style=\"color: var(--cor-texto); font-family: var(--fonte-corpo);\">em at\u00e9 5 meses<\/strong><span style=\"color: var(--cor-texto); font-family: var(--fonte-corpo);\">, considerando a data de matr\u00edcula de ingresso. Ap\u00f3s envio dos documentos, ser\u00e1 agendada uma banca examinadora (formada por docentes do PPGMCF-UFPel). O discente ter\u00e1 entre <strong>20-30 minutos<\/strong> para apresenta\u00e7\u00e3o do projeto, seguido das argui\u00e7\u00f5es dos membros da banca (m\u00e1ximo 15 minutos\/cada). <\/span><\/p>\n<p><span style=\"color: var(--cor-texto); font-family: var(--fonte-corpo);\">Os membros da banca ir\u00e3o emitir parecer e o discente ter\u00e1 at\u00e9 30 dias para realizar poss\u00edveis corre\u00e7\u00f5es solicitadas e reencaminhar a vers\u00e3o definitiva do projeto ao colegiado local. Assim sendo, o projeto ser\u00e1 homologado no colegiado local e encaminhado ao colegiado geral do PPGMCF para aprecia\u00e7\u00e3o e homologa\u00e7\u00e3o.<\/span><\/p>\n<p><strong>Somente ap\u00f3s homologa\u00e7\u00e3o dos projetos ele poder\u00e1 ser registrado no sistema COBALTO da UFPel.<\/strong><\/p>\n","protected":false},"excerpt":{"rendered":"<p>PROJETO DE PESQUISA Todo projeto de pesquisa de discentes do PPGMCF dever\u00e1 basear-se em trabalho de pesquisa experimental, revelar dom\u00ednio do tema e da metodologia cient\u00edfica adequada, capacidade de sistematiza\u00e7\u00e3o, e oferecer uma contribui\u00e7\u00e3o pessoal e original para a \u00e1rea das ci\u00eancias biol\u00f3gicas. MODELO DE APRESENTA\u00c7\u00c3O DE PROJETOS: O projeto dever\u00e1 ser escrito com corre\u00e7\u00e3o [&hellip;]<\/p>\n","protected":false},"author":1163,"featured_media":0,"parent":635,"menu_order":3,"comment_status":"closed","ping_status":"closed","template":"","meta":{"footnotes":""},"class_list":["post-809","page","type-page","status-publish","hentry"],"_links":{"self":[{"href":"https:\/\/wp.ufpel.edu.br\/ppgmcf\/wp-json\/wp\/v2\/pages\/809","targetHints":{"allow":["GET"]}}],"collection":[{"href":"https:\/\/wp.ufpel.edu.br\/ppgmcf\/wp-json\/wp\/v2\/pages"}],"about":[{"href":"https:\/\/wp.ufpel.edu.br\/ppgmcf\/wp-json\/wp\/v2\/types\/page"}],"author":[{"embeddable":true,"href":"https:\/\/wp.ufpel.edu.br\/ppgmcf\/wp-json\/wp\/v2\/users\/1163"}],"replies":[{"embeddable":true,"href":"https:\/\/wp.ufpel.edu.br\/ppgmcf\/wp-json\/wp\/v2\/comments?post=809"}],"version-history":[{"count":12,"href":"https:\/\/wp.ufpel.edu.br\/ppgmcf\/wp-json\/wp\/v2\/pages\/809\/revisions"}],"predecessor-version":[{"id":949,"href":"https:\/\/wp.ufpel.edu.br\/ppgmcf\/wp-json\/wp\/v2\/pages\/809\/revisions\/949"}],"up":[{"embeddable":true,"href":"https:\/\/wp.ufpel.edu.br\/ppgmcf\/wp-json\/wp\/v2\/pages\/635"}],"wp:attachment":[{"href":"https:\/\/wp.ufpel.edu.br\/ppgmcf\/wp-json\/wp\/v2\/media?parent=809"}],"curies":[{"name":"wp","href":"https:\/\/api.w.org\/{rel}","templated":true}]}}