{"id":800,"date":"2024-06-05T14:56:31","date_gmt":"2024-06-05T17:56:31","guid":{"rendered":"https:\/\/wp.ufpel.edu.br\/ppgmcf\/?page_id=800"},"modified":"2025-05-13T13:50:19","modified_gmt":"2025-05-13T16:50:19","slug":"relatorio-discente","status":"publish","type":"page","link":"https:\/\/wp.ufpel.edu.br\/ppgmcf\/documentos-para-download\/relatorio-discente\/","title":{"rendered":"Relat\u00f3rio discente"},"content":{"rendered":"<p><strong>RELAT\u00d3RIO DISCENTE<\/strong><\/p>\n<p>Todos discentes matriculados no PPGMCF dever\u00e3o entregar o relat\u00f3rio semestral (<a href=\"https:\/\/wp.ufpel.edu.br\/ppgmcf\/documentos-para-download\/relatorio-discente\/atualizacao-do-modelo-de-relatorio-discente-semestral-1\/\" rel=\"attachment wp-att-1010\">Modelo de relat\u00f3rio discente semestral<\/a>), com anu\u00eancia de seu orientador(a), at\u00e9 o final da primeira quinzena do semestre letivo em curso. <strong>Esse deve ser preenchido com informa\u00e7\u00f5es exclusivas do semestre letivo anterior, com exce\u00e7\u00e3o das discplinas j\u00e1 cursadas que devem ser apresentadas cumulativamente.<\/strong> O formul\u00e1rio deve ser encaminhado para o e-mail <a href=\"mailto:ppgmcf.ufpel@gmail.com\">ppgmcf.ufpel@gmail.com<\/a> para an\u00e1lise e parecer da comiss\u00e3o respons\u00e1vel. Para facilitar a identifica\u00e7\u00e3o, solicitamos que o campo assunto do e-mail seja preenchido com o nome completo do discente_ano\/semestre (Ex. <strong>Fulano de Tal_2020\/2<\/strong>).<\/p>\n<p>As atividades obrigat\u00f3rias aos bolsistas est\u00e3o descritas no link abaixo.<\/p>\n<p><a href=\"https:\/\/wp.ufpel.edu.br\/ppgmcf\/documentos\/anexo-i-criterios-manutencao-de-bolsas\/\" rel=\"attachment wp-att-523\">ANEXO I &#8211; Crit\u00e9rios Manuten\u00e7\u00e3o de bolsas<\/a><\/p>\n","protected":false},"excerpt":{"rendered":"<p>RELAT\u00d3RIO DISCENTE Todos discentes matriculados no PPGMCF dever\u00e3o entregar o relat\u00f3rio semestral (Modelo de relat\u00f3rio discente semestral), com anu\u00eancia de seu orientador(a), at\u00e9 o final da primeira quinzena do semestre letivo em curso. Esse deve ser preenchido com informa\u00e7\u00f5es exclusivas do semestre letivo anterior, com exce\u00e7\u00e3o das discplinas j\u00e1 cursadas que devem ser apresentadas cumulativamente. [&hellip;]<\/p>\n","protected":false},"author":1163,"featured_media":0,"parent":635,"menu_order":3,"comment_status":"closed","ping_status":"closed","template":"","meta":{"footnotes":""},"class_list":["post-800","page","type-page","status-publish","hentry"],"_links":{"self":[{"href":"https:\/\/wp.ufpel.edu.br\/ppgmcf\/wp-json\/wp\/v2\/pages\/800","targetHints":{"allow":["GET"]}}],"collection":[{"href":"https:\/\/wp.ufpel.edu.br\/ppgmcf\/wp-json\/wp\/v2\/pages"}],"about":[{"href":"https:\/\/wp.ufpel.edu.br\/ppgmcf\/wp-json\/wp\/v2\/types\/page"}],"author":[{"embeddable":true,"href":"https:\/\/wp.ufpel.edu.br\/ppgmcf\/wp-json\/wp\/v2\/users\/1163"}],"replies":[{"embeddable":true,"href":"https:\/\/wp.ufpel.edu.br\/ppgmcf\/wp-json\/wp\/v2\/comments?post=800"}],"version-history":[{"count":12,"href":"https:\/\/wp.ufpel.edu.br\/ppgmcf\/wp-json\/wp\/v2\/pages\/800\/revisions"}],"predecessor-version":[{"id":1013,"href":"https:\/\/wp.ufpel.edu.br\/ppgmcf\/wp-json\/wp\/v2\/pages\/800\/revisions\/1013"}],"up":[{"embeddable":true,"href":"https:\/\/wp.ufpel.edu.br\/ppgmcf\/wp-json\/wp\/v2\/pages\/635"}],"wp:attachment":[{"href":"https:\/\/wp.ufpel.edu.br\/ppgmcf\/wp-json\/wp\/v2\/media?parent=800"}],"curies":[{"name":"wp","href":"https:\/\/api.w.org\/{rel}","templated":true}]}}