{"id":787,"date":"2024-06-05T14:13:53","date_gmt":"2024-06-05T17:13:53","guid":{"rendered":"https:\/\/wp.ufpel.edu.br\/ppgmcf\/?page_id=787"},"modified":"2026-03-13T18:38:05","modified_gmt":"2026-03-13T21:38:05","slug":"linhas-de-pesquisa","status":"publish","type":"page","link":"https:\/\/wp.ufpel.edu.br\/ppgmcf\/pagina-exemplo\/linhas-de-pesquisa\/","title":{"rendered":"Linhas de pesquisa"},"content":{"rendered":"<h3 class=\"font_7\"><strong>\u00c1rea de Concentra\u00e7\u00e3o: Ci\u00eancias Fisiol\u00f3gicas<\/strong><\/h3>\n<h3 class=\"font_7\"><strong>\u00c1rea de Avalia\u00e7\u00e3o: Ci\u00eancias Biol\u00f3gicas II (CBII)<\/strong><\/h3>\n<p>&nbsp;<\/p>\n<div id=\"comp-kk31qpkp\" class=\"_2bafp\" data-testid=\"richTextElement\">\n<h3 class=\"font_0\">FARMACOLOGIA DE PRODUTOS NATURAIS E SINT\u00c9TICOS<\/h3>\n<\/div>\n<div id=\"comp-kk31qpkv\" class=\"_2bafp\" data-testid=\"richTextElement\">\n<p class=\"font_8\">Estuda-se a atividade farmacol\u00f3gica de subst\u00e2ncias naturais, sint\u00e9ticas ou derivadas de extrato de plantas.<\/p>\n<p>Pesquisadores:<\/p>\n<p>Jucimara Baldissarelli<\/p>\n<p>Marysabel Pinto Telis Silveira<\/p>\n<p>Rejane Giacomelli Tavares<\/p>\n<p>&nbsp;<\/p>\n<p><strong><span style=\"font-size: 18px;\">FISIOLOGIA CARDIOVASCULAR<\/span><\/strong><\/p>\n<\/div>\n<div id=\"comp-kk31qpkp\" class=\"_2bafp\" data-testid=\"richTextElement\">\n<div id=\"comp-kk31qpkv\" class=\"_2bafp\" data-testid=\"richTextElement\">\n<p class=\"font_8\">Estuda-se o funcionamento do sistema cardiovascular, os mecanismos fisiopatol\u00f3gicos envolvidos na g\u00eanese das disfun\u00e7\u00f5es deste sistema e estrat\u00e9gias de interven\u00e7\u00e3o terap\u00eautica.<\/p>\n<p>Pesquisadores:<\/p>\n<p>Paulo Cavalheiro Schenkel<\/p>\n<\/div>\n<div id=\"comp-kk31qpkp\" class=\"_2bafp\" data-testid=\"richTextElement\">\n<h3><\/h3>\n<h3 class=\"font_0\">FISIOLOGIA END\u00d3CRINA<\/h3>\n<\/div>\n<div id=\"comp-kk31qpkv\" class=\"_2bafp\" data-testid=\"richTextElement\">\n<p class=\"font_8\">Estudam-se os mecanismos de controle da libera\u00e7\u00e3o de horm\u00f4nios e suas a\u00e7\u00f5es celulares e moleculares em diferentes \u00f3rg\u00e3os e tecidos.<\/p>\n<p>Pesquisadores:<\/p>\n<p>Isabel Oliveira de Oliveira<\/p>\n<p>Jucimara Baldissarelli<\/p>\n<\/div>\n<h3><\/h3>\n<h3>NEUROFISIOLOGIA E COMPORTAMENTO<\/h3>\n<div id=\"comp-kk31qpkv\" class=\"_2bafp\" data-testid=\"richTextElement\">\n<p class=\"font_8\">Estuda-se a caracteriza\u00e7\u00e3o de vias neurais e sua modula\u00e7\u00e3o sobre diferentes sistemas e processos.<\/p>\n<p>Pesquisadores:<\/p>\n<p>Bruna Ferrary Deniz<\/p>\n<p>Izabel Cristina Cust\u00f3dio de Souza<\/p>\n<\/div>\n<div id=\"comp-kk31qpkp\" class=\"_2bafp\" data-testid=\"richTextElement\">\n<h3><\/h3>\n<h3 class=\"font_0\">FISIOLOGIA DO SISTEMA RESPIRAT\u00d3RIO<\/h3>\n<\/div>\n<div id=\"comp-kk31qpkv\" class=\"_2bafp\" data-testid=\"richTextElement\">\n<p class=\"font_8\">Estudam-se o funcionamento do sistema respirat\u00f3rio, os mecanismos fisiopatol\u00f3gicos e os benef\u00edcios da fisioterapia e do exerc\u00edcio f\u00edsico.<\/p>\n<p>Pesquisadores:<\/p>\n<p>Rafael Bueno Orcy<\/p>\n<\/div>\n<\/div>\n","protected":false},"excerpt":{"rendered":"<p>\u00c1rea de Concentra\u00e7\u00e3o: Ci\u00eancias Fisiol\u00f3gicas \u00c1rea de Avalia\u00e7\u00e3o: Ci\u00eancias Biol\u00f3gicas II (CBII) &nbsp; FARMACOLOGIA DE PRODUTOS NATURAIS E SINT\u00c9TICOS Estuda-se a atividade farmacol\u00f3gica de subst\u00e2ncias naturais, sint\u00e9ticas ou derivadas de extrato de plantas. Pesquisadores: Jucimara Baldissarelli Marysabel Pinto Telis Silveira Rejane Giacomelli Tavares &nbsp; FISIOLOGIA CARDIOVASCULAR Estuda-se o funcionamento do sistema cardiovascular, os mecanismos fisiopatol\u00f3gicos [&hellip;]<\/p>\n","protected":false},"author":1163,"featured_media":0,"parent":2,"menu_order":2,"comment_status":"closed","ping_status":"closed","template":"","meta":{"footnotes":""},"class_list":["post-787","page","type-page","status-publish","hentry"],"_links":{"self":[{"href":"https:\/\/wp.ufpel.edu.br\/ppgmcf\/wp-json\/wp\/v2\/pages\/787","targetHints":{"allow":["GET"]}}],"collection":[{"href":"https:\/\/wp.ufpel.edu.br\/ppgmcf\/wp-json\/wp\/v2\/pages"}],"about":[{"href":"https:\/\/wp.ufpel.edu.br\/ppgmcf\/wp-json\/wp\/v2\/types\/page"}],"author":[{"embeddable":true,"href":"https:\/\/wp.ufpel.edu.br\/ppgmcf\/wp-json\/wp\/v2\/users\/1163"}],"replies":[{"embeddable":true,"href":"https:\/\/wp.ufpel.edu.br\/ppgmcf\/wp-json\/wp\/v2\/comments?post=787"}],"version-history":[{"count":3,"href":"https:\/\/wp.ufpel.edu.br\/ppgmcf\/wp-json\/wp\/v2\/pages\/787\/revisions"}],"predecessor-version":[{"id":1123,"href":"https:\/\/wp.ufpel.edu.br\/ppgmcf\/wp-json\/wp\/v2\/pages\/787\/revisions\/1123"}],"up":[{"embeddable":true,"href":"https:\/\/wp.ufpel.edu.br\/ppgmcf\/wp-json\/wp\/v2\/pages\/2"}],"wp:attachment":[{"href":"https:\/\/wp.ufpel.edu.br\/ppgmcf\/wp-json\/wp\/v2\/media?parent=787"}],"curies":[{"name":"wp","href":"https:\/\/api.w.org\/{rel}","templated":true}]}}