{"id":777,"date":"2024-06-05T13:51:11","date_gmt":"2024-06-05T16:51:11","guid":{"rendered":"https:\/\/wp.ufpel.edu.br\/ppgmcf\/?page_id=777"},"modified":"2026-03-13T18:05:06","modified_gmt":"2026-03-13T21:05:06","slug":"2024-1","status":"publish","type":"page","link":"https:\/\/wp.ufpel.edu.br\/ppgmcf\/discentes\/defesas\/2024-1\/","title":{"rendered":"2024"},"content":{"rendered":"<p><strong>MESTRADO<\/strong><\/p>\n<p>1.\u00a0<strong>T\u00edtulo:<\/strong> Efeito do programa Body-Relax do Sistema MIHA sobre dor, capacidade funcional, ansiedade e qualidade do sono<\/p>\n<p><strong>Autor(a): <\/strong>Juliana Rocha Fernandes<\/p>\n<p><strong>Orientador(a):\u00a0<\/strong>Izabel Cristina Custodio de Souza<\/p>\n<p><strong>Co-orientador(a):<\/strong> Liciane Fernandes Medeiros<\/p>\n<p>&nbsp;<\/p>\n<p>2. <strong>T\u00edtulo:<\/strong> Avalia\u00e7\u00e3o do risco \u00e0 desnutri\u00e7\u00e3o e do risco \u00e0 sarcopenia numa coorte de adultos de ambos os sexos em terapia por hemodi\u00e1lise num hospital da cidade de Pelotas-RS, Brasil.<\/p>\n<p><strong>Autor(a): <\/strong>Larissa dos Santos Gadea<\/p>\n<p><strong>Orientador(a):\u00a0<\/strong>Isabel Oliveira de Oliveira<\/p>\n","protected":false},"excerpt":{"rendered":"<p>MESTRADO 1.\u00a0T\u00edtulo: Efeito do programa Body-Relax do Sistema MIHA sobre dor, capacidade funcional, ansiedade e qualidade do sono Autor(a): Juliana Rocha Fernandes Orientador(a):\u00a0Izabel Cristina Custodio de Souza Co-orientador(a): Liciane Fernandes Medeiros &nbsp; 2. T\u00edtulo: Avalia\u00e7\u00e3o do risco \u00e0 desnutri\u00e7\u00e3o e do risco \u00e0 sarcopenia numa coorte de adultos de ambos os sexos em terapia por [&hellip;]<\/p>\n","protected":false},"author":1163,"featured_media":0,"parent":646,"menu_order":1,"comment_status":"closed","ping_status":"closed","template":"","meta":{"footnotes":""},"class_list":["post-777","page","type-page","status-publish","hentry"],"_links":{"self":[{"href":"https:\/\/wp.ufpel.edu.br\/ppgmcf\/wp-json\/wp\/v2\/pages\/777","targetHints":{"allow":["GET"]}}],"collection":[{"href":"https:\/\/wp.ufpel.edu.br\/ppgmcf\/wp-json\/wp\/v2\/pages"}],"about":[{"href":"https:\/\/wp.ufpel.edu.br\/ppgmcf\/wp-json\/wp\/v2\/types\/page"}],"author":[{"embeddable":true,"href":"https:\/\/wp.ufpel.edu.br\/ppgmcf\/wp-json\/wp\/v2\/users\/1163"}],"replies":[{"embeddable":true,"href":"https:\/\/wp.ufpel.edu.br\/ppgmcf\/wp-json\/wp\/v2\/comments?post=777"}],"version-history":[{"count":4,"href":"https:\/\/wp.ufpel.edu.br\/ppgmcf\/wp-json\/wp\/v2\/pages\/777\/revisions"}],"predecessor-version":[{"id":1103,"href":"https:\/\/wp.ufpel.edu.br\/ppgmcf\/wp-json\/wp\/v2\/pages\/777\/revisions\/1103"}],"up":[{"embeddable":true,"href":"https:\/\/wp.ufpel.edu.br\/ppgmcf\/wp-json\/wp\/v2\/pages\/646"}],"wp:attachment":[{"href":"https:\/\/wp.ufpel.edu.br\/ppgmcf\/wp-json\/wp\/v2\/media?parent=777"}],"curies":[{"name":"wp","href":"https:\/\/api.w.org\/{rel}","templated":true}]}}