{"id":725,"date":"2024-06-04T18:42:52","date_gmt":"2024-06-04T21:42:52","guid":{"rendered":"https:\/\/wp.ufpel.edu.br\/ppgmcf\/?page_id=725"},"modified":"2024-06-04T18:45:24","modified_gmt":"2024-06-04T21:45:24","slug":"solicitacao-de-matricula","status":"publish","type":"page","link":"https:\/\/wp.ufpel.edu.br\/ppgmcf\/documentos-para-download\/disciplinas\/solicitacao-de-matricula\/","title":{"rendered":"Solicita\u00e7\u00e3o de matr\u00edcula"},"content":{"rendered":"<p>Em cada per\u00edodo letivo, respeitando o calend\u00e1rio escolar, o estudante dever\u00e1 requerer sua matr\u00edcula em disciplinas de seu interesse nas Institui\u00e7\u00f5es Nucleadoras e na UFPel, com a anu\u00eancia de seu orientador.<\/p>\n<p>Para isso, o discente deve preencher o formul\u00e1rio apropriado (<a href=\"https:\/\/wp.ufpel.edu.br\/ppgmcf\/documentos\/formulario-de-matricula-atualizado\/\">link do formul\u00e1rio<\/a>), e encaminh\u00e1-lo para o e-mail\u00a0<a href=\"mailto:ppgmcf.ufpel@gmail.com\">ppgmcf.ufpel@gmail.com<\/a>.<\/p>\n","protected":false},"excerpt":{"rendered":"<p>Em cada per\u00edodo letivo, respeitando o calend\u00e1rio escolar, o estudante dever\u00e1 requerer sua matr\u00edcula em disciplinas de seu interesse nas Institui\u00e7\u00f5es Nucleadoras e na UFPel, com a anu\u00eancia de seu orientador. Para isso, o discente deve preencher o formul\u00e1rio apropriado (link do formul\u00e1rio), e encaminh\u00e1-lo para o e-mail\u00a0ppgmcf.ufpel@gmail.com.<\/p>\n","protected":false},"author":1163,"featured_media":0,"parent":39,"menu_order":1,"comment_status":"closed","ping_status":"closed","template":"","meta":{"footnotes":""},"class_list":["post-725","page","type-page","status-publish","hentry"],"_links":{"self":[{"href":"https:\/\/wp.ufpel.edu.br\/ppgmcf\/wp-json\/wp\/v2\/pages\/725","targetHints":{"allow":["GET"]}}],"collection":[{"href":"https:\/\/wp.ufpel.edu.br\/ppgmcf\/wp-json\/wp\/v2\/pages"}],"about":[{"href":"https:\/\/wp.ufpel.edu.br\/ppgmcf\/wp-json\/wp\/v2\/types\/page"}],"author":[{"embeddable":true,"href":"https:\/\/wp.ufpel.edu.br\/ppgmcf\/wp-json\/wp\/v2\/users\/1163"}],"replies":[{"embeddable":true,"href":"https:\/\/wp.ufpel.edu.br\/ppgmcf\/wp-json\/wp\/v2\/comments?post=725"}],"version-history":[{"count":3,"href":"https:\/\/wp.ufpel.edu.br\/ppgmcf\/wp-json\/wp\/v2\/pages\/725\/revisions"}],"predecessor-version":[{"id":728,"href":"https:\/\/wp.ufpel.edu.br\/ppgmcf\/wp-json\/wp\/v2\/pages\/725\/revisions\/728"}],"up":[{"embeddable":true,"href":"https:\/\/wp.ufpel.edu.br\/ppgmcf\/wp-json\/wp\/v2\/pages\/39"}],"wp:attachment":[{"href":"https:\/\/wp.ufpel.edu.br\/ppgmcf\/wp-json\/wp\/v2\/media?parent=725"}],"curies":[{"name":"wp","href":"https:\/\/api.w.org\/{rel}","templated":true}]}}