{"id":714,"date":"2024-06-04T18:20:22","date_gmt":"2024-06-04T21:20:22","guid":{"rendered":"https:\/\/wp.ufpel.edu.br\/ppgmcf\/?page_id=714"},"modified":"2024-06-05T14:57:03","modified_gmt":"2024-06-05T17:57:03","slug":"diploma","status":"publish","type":"page","link":"https:\/\/wp.ufpel.edu.br\/ppgmcf\/documentos-para-download\/diploma\/","title":{"rendered":"Diploma"},"content":{"rendered":"<p><strong>Para requisi\u00e7\u00e3o do diploma a(o) discente deve encaminhar e-mail para <a href=\"mailto:ppgmcf.ufpel@gmail.com\">ppgmcf.ufpel@gmail.com<\/a> solicitando encaminhamento dos documentos via SEI para SDIP.<\/strong><\/p>\n<p><strong>Cabe ao discente providenciar os seguintes documentos:<\/strong><\/p>\n<ul>\n<li>carteira de identidade ( frente e verso, leg\u00edvel e que seja poss\u00edvel identificar o aluno pela foto ) ou CNH;<\/li>\n<li>certid\u00e3o mais recente (nascimento ou casamento, no caso de troca de nome e que conste local de nascimento, leg\u00edvel);<\/li>\n<li>diploma de gradua\u00e7\u00e3o (frente e verso);<\/li>\n<\/ul>\n<p><strong>Alunos estrangeiros:<\/strong><\/p>\n<p>Al\u00e9m dos documentos acima, s\u00e3o necess\u00e1rios:<\/p>\n<ul>\n<li>passaporte , com vencimento posterior a data da conclus\u00e3o do curso(leg\u00edvel);<\/li>\n<li>documento atualizado de perman\u00eancia no Brasil (RNE) com vencimento posterior a data da conclus\u00e3o do curso.<\/li>\n<\/ul>\n<p><strong>Junto com os documentos acima, cabe ao PPGMCF providenciar:<\/strong><\/p>\n<ul>\n<li>hist\u00f3rico escolar do Cobalto ou conforme modelo da PRPPG;<\/li>\n<li>ata de defesa (formul\u00e1rio n\u00ba 5 da PRPPG);<\/li>\n<li>ata de homologa\u00e7\u00e3o emitida pelo Colegiado do Programa.<\/li>\n<\/ul>\n","protected":false},"excerpt":{"rendered":"<p>Para requisi\u00e7\u00e3o do diploma a(o) discente deve encaminhar e-mail para ppgmcf.ufpel@gmail.com solicitando encaminhamento dos documentos via SEI para SDIP. Cabe ao discente providenciar os seguintes documentos: carteira de identidade ( frente e verso, leg\u00edvel e que seja poss\u00edvel identificar o aluno pela foto ) ou CNH; certid\u00e3o mais recente (nascimento ou casamento, no caso de [&hellip;]<\/p>\n","protected":false},"author":1163,"featured_media":0,"parent":635,"menu_order":5,"comment_status":"closed","ping_status":"closed","template":"","meta":{"footnotes":""},"class_list":["post-714","page","type-page","status-publish","hentry"],"_links":{"self":[{"href":"https:\/\/wp.ufpel.edu.br\/ppgmcf\/wp-json\/wp\/v2\/pages\/714","targetHints":{"allow":["GET"]}}],"collection":[{"href":"https:\/\/wp.ufpel.edu.br\/ppgmcf\/wp-json\/wp\/v2\/pages"}],"about":[{"href":"https:\/\/wp.ufpel.edu.br\/ppgmcf\/wp-json\/wp\/v2\/types\/page"}],"author":[{"embeddable":true,"href":"https:\/\/wp.ufpel.edu.br\/ppgmcf\/wp-json\/wp\/v2\/users\/1163"}],"replies":[{"embeddable":true,"href":"https:\/\/wp.ufpel.edu.br\/ppgmcf\/wp-json\/wp\/v2\/comments?post=714"}],"version-history":[{"count":1,"href":"https:\/\/wp.ufpel.edu.br\/ppgmcf\/wp-json\/wp\/v2\/pages\/714\/revisions"}],"predecessor-version":[{"id":715,"href":"https:\/\/wp.ufpel.edu.br\/ppgmcf\/wp-json\/wp\/v2\/pages\/714\/revisions\/715"}],"up":[{"embeddable":true,"href":"https:\/\/wp.ufpel.edu.br\/ppgmcf\/wp-json\/wp\/v2\/pages\/635"}],"wp:attachment":[{"href":"https:\/\/wp.ufpel.edu.br\/ppgmcf\/wp-json\/wp\/v2\/media?parent=714"}],"curies":[{"name":"wp","href":"https:\/\/api.w.org\/{rel}","templated":true}]}}