{"id":693,"date":"2024-06-04T10:53:13","date_gmt":"2024-06-04T13:53:13","guid":{"rendered":"https:\/\/wp.ufpel.edu.br\/ppgmcf\/?page_id=693"},"modified":"2024-06-10T16:51:34","modified_gmt":"2024-06-10T19:51:34","slug":"plano-de-trabalho","status":"publish","type":"page","link":"https:\/\/wp.ufpel.edu.br\/ppgmcf\/documentos-para-download\/plano-de-trabalho\/","title":{"rendered":"Plano de trabalho"},"content":{"rendered":"<p><strong>PLANO DE TRABALHO<\/strong><\/p>\n<p>Todos ingressantes no PPGMCF dever\u00e3o entregar um plano de trabalho (<a href=\"https:\/\/wp.ufpel.edu.br\/ppgmcf\/documentos\/modelo-plano-de-trabalho-ppgmcf\/\">link do modelo do plano de trabalho<\/a>) em conformidade com seu orientador(a). O mesmo deve ser encaminhado por email (ppgmcf.ufpel@gmail.com) junto com seu projeto de pesquisa para aprecia\u00e7\u00e3o\/aprova\u00e7\u00e3o pelo colegiado do PPGMCF-UFPel em at\u00e9 <strong>3 meses para os mestrandos e 5 meses para os doutorandos<\/strong>.<\/p>\n","protected":false},"excerpt":{"rendered":"<p>PLANO DE TRABALHO Todos ingressantes no PPGMCF dever\u00e3o entregar um plano de trabalho (link do modelo do plano de trabalho) em conformidade com seu orientador(a). O mesmo deve ser encaminhado por email (ppgmcf.ufpel@gmail.com) junto com seu projeto de pesquisa para aprecia\u00e7\u00e3o\/aprova\u00e7\u00e3o pelo colegiado do PPGMCF-UFPel em at\u00e9 3 meses para os mestrandos e 5 meses [&hellip;]<\/p>\n","protected":false},"author":1163,"featured_media":0,"parent":635,"menu_order":2,"comment_status":"closed","ping_status":"closed","template":"","meta":{"footnotes":""},"class_list":["post-693","page","type-page","status-publish","hentry"],"_links":{"self":[{"href":"https:\/\/wp.ufpel.edu.br\/ppgmcf\/wp-json\/wp\/v2\/pages\/693","targetHints":{"allow":["GET"]}}],"collection":[{"href":"https:\/\/wp.ufpel.edu.br\/ppgmcf\/wp-json\/wp\/v2\/pages"}],"about":[{"href":"https:\/\/wp.ufpel.edu.br\/ppgmcf\/wp-json\/wp\/v2\/types\/page"}],"author":[{"embeddable":true,"href":"https:\/\/wp.ufpel.edu.br\/ppgmcf\/wp-json\/wp\/v2\/users\/1163"}],"replies":[{"embeddable":true,"href":"https:\/\/wp.ufpel.edu.br\/ppgmcf\/wp-json\/wp\/v2\/comments?post=693"}],"version-history":[{"count":4,"href":"https:\/\/wp.ufpel.edu.br\/ppgmcf\/wp-json\/wp\/v2\/pages\/693\/revisions"}],"predecessor-version":[{"id":845,"href":"https:\/\/wp.ufpel.edu.br\/ppgmcf\/wp-json\/wp\/v2\/pages\/693\/revisions\/845"}],"up":[{"embeddable":true,"href":"https:\/\/wp.ufpel.edu.br\/ppgmcf\/wp-json\/wp\/v2\/pages\/635"}],"wp:attachment":[{"href":"https:\/\/wp.ufpel.edu.br\/ppgmcf\/wp-json\/wp\/v2\/media?parent=693"}],"curies":[{"name":"wp","href":"https:\/\/api.w.org\/{rel}","templated":true}]}}