{"id":60,"date":"2021-06-26T13:40:24","date_gmt":"2021-06-26T16:40:24","guid":{"rendered":"https:\/\/wp.ufpel.edu.br\/ppgmcf\/?page_id=60"},"modified":"2024-06-05T14:45:06","modified_gmt":"2024-06-05T17:45:06","slug":"contato","status":"publish","type":"page","link":"https:\/\/wp.ufpel.edu.br\/ppgmcf\/contato\/","title":{"rendered":"Contato"},"content":{"rendered":"<p>Coordena\u00e7\u00e3o: Paulo Cavalheiro Schenkel<\/p>\n<p>schenkel.paulo@ufpel.edu.br<\/p>\n<p>Coordena\u00e7\u00e3o adjunta: Isabel Oliveira de Oliveira<\/p>\n<p><span style=\"font-weight: 400;\">olivisa@ufpel.edu.br<\/span><\/p>\n<p>&nbsp;<\/p>\n<p>Email programa: ppgmcf.ufpel@gmail.com<\/p>\n","protected":false},"excerpt":{"rendered":"<p>Coordena\u00e7\u00e3o: Paulo Cavalheiro Schenkel schenkel.paulo@ufpel.edu.br Coordena\u00e7\u00e3o adjunta: Isabel Oliveira de Oliveira olivisa@ufpel.edu.br &nbsp; Email programa: ppgmcf.ufpel@gmail.com<\/p>\n","protected":false},"author":1163,"featured_media":0,"parent":0,"menu_order":10,"comment_status":"closed","ping_status":"closed","template":"","meta":{"footnotes":""},"class_list":["post-60","page","type-page","status-publish","hentry"],"_links":{"self":[{"href":"https:\/\/wp.ufpel.edu.br\/ppgmcf\/wp-json\/wp\/v2\/pages\/60","targetHints":{"allow":["GET"]}}],"collection":[{"href":"https:\/\/wp.ufpel.edu.br\/ppgmcf\/wp-json\/wp\/v2\/pages"}],"about":[{"href":"https:\/\/wp.ufpel.edu.br\/ppgmcf\/wp-json\/wp\/v2\/types\/page"}],"author":[{"embeddable":true,"href":"https:\/\/wp.ufpel.edu.br\/ppgmcf\/wp-json\/wp\/v2\/users\/1163"}],"replies":[{"embeddable":true,"href":"https:\/\/wp.ufpel.edu.br\/ppgmcf\/wp-json\/wp\/v2\/comments?post=60"}],"version-history":[{"count":2,"href":"https:\/\/wp.ufpel.edu.br\/ppgmcf\/wp-json\/wp\/v2\/pages\/60\/revisions"}],"predecessor-version":[{"id":641,"href":"https:\/\/wp.ufpel.edu.br\/ppgmcf\/wp-json\/wp\/v2\/pages\/60\/revisions\/641"}],"wp:attachment":[{"href":"https:\/\/wp.ufpel.edu.br\/ppgmcf\/wp-json\/wp\/v2\/media?parent=60"}],"curies":[{"name":"wp","href":"https:\/\/api.w.org\/{rel}","templated":true}]}}