{"id":55,"date":"2021-06-26T13:33:33","date_gmt":"2021-06-26T16:33:33","guid":{"rendered":"https:\/\/wp.ufpel.edu.br\/ppgmcf\/?page_id=55"},"modified":"2024-06-05T14:45:16","modified_gmt":"2024-06-05T17:45:16","slug":"links-uteis","status":"publish","type":"page","link":"https:\/\/wp.ufpel.edu.br\/ppgmcf\/links-uteis\/","title":{"rendered":"Links \u00fateis"},"content":{"rendered":"<h4 class=\"font_0\">Programa de P\u00f3s-Gradua\u00e7\u00e3o Multic\u00eantrico em\u00a0<span class=\"color_18\"><span class=\"backcolor_12\">Ci\u00eancias Fisiol\u00f3gicas<img class=\"wp-image-6 alignleft\" src=\"https:\/\/wp.ufpel.edu.br\/ppgmcf\/files\/2021\/06\/Logo-400x400.png\" alt=\"\" width=\"126\" height=\"126\" srcset=\"https:\/\/wp.ufpel.edu.br\/ppgmcf\/files\/2021\/06\/Logo-400x400.png 400w, https:\/\/wp.ufpel.edu.br\/ppgmcf\/files\/2021\/06\/Logo-200x200.png 200w, https:\/\/wp.ufpel.edu.br\/ppgmcf\/files\/2021\/06\/Logo.png 568w\" sizes=\"(max-width: 126px) 100vw, 126px\" \/><\/span><\/span><\/h4>\n<p><a href=\"https:\/\/www.ppgmcf.com.br\/\">https:\/\/www.ppgmcf.com.br\/<\/a><\/p>\n<p>&nbsp;<\/p>\n<p>&nbsp;<\/p>\n<h4>Pr\u00f3-Reitoria de Pesquisa, P\u00f3s-Gradua\u00e7\u00e3o e Inova\u00e7\u00e3o UFPel:<\/h4>\n<h4><a href=\"https:\/\/wp.ufpel.edu.br\/prppgi\/editais-da-pos-graduacao\/\">https:\/\/wp.ufpel.edu.br\/prppgi\/editais-da-pos-graduacao\/<\/a><\/h4>\n<p>&nbsp;<\/p>\n","protected":false},"excerpt":{"rendered":"<p>Programa de P\u00f3s-Gradua\u00e7\u00e3o Multic\u00eantrico em\u00a0Ci\u00eancias Fisiol\u00f3gicas https:\/\/www.ppgmcf.com.br\/ &nbsp; &nbsp; Pr\u00f3-Reitoria de Pesquisa, P\u00f3s-Gradua\u00e7\u00e3o e Inova\u00e7\u00e3o UFPel: https:\/\/wp.ufpel.edu.br\/prppgi\/editais-da-pos-graduacao\/ &nbsp;<\/p>\n","protected":false},"author":1163,"featured_media":0,"parent":0,"menu_order":9,"comment_status":"closed","ping_status":"closed","template":"","meta":{"footnotes":""},"class_list":["post-55","page","type-page","status-publish","hentry"],"_links":{"self":[{"href":"https:\/\/wp.ufpel.edu.br\/ppgmcf\/wp-json\/wp\/v2\/pages\/55","targetHints":{"allow":["GET"]}}],"collection":[{"href":"https:\/\/wp.ufpel.edu.br\/ppgmcf\/wp-json\/wp\/v2\/pages"}],"about":[{"href":"https:\/\/wp.ufpel.edu.br\/ppgmcf\/wp-json\/wp\/v2\/types\/page"}],"author":[{"embeddable":true,"href":"https:\/\/wp.ufpel.edu.br\/ppgmcf\/wp-json\/wp\/v2\/users\/1163"}],"replies":[{"embeddable":true,"href":"https:\/\/wp.ufpel.edu.br\/ppgmcf\/wp-json\/wp\/v2\/comments?post=55"}],"version-history":[{"count":3,"href":"https:\/\/wp.ufpel.edu.br\/ppgmcf\/wp-json\/wp\/v2\/pages\/55\/revisions"}],"predecessor-version":[{"id":59,"href":"https:\/\/wp.ufpel.edu.br\/ppgmcf\/wp-json\/wp\/v2\/pages\/55\/revisions\/59"}],"wp:attachment":[{"href":"https:\/\/wp.ufpel.edu.br\/ppgmcf\/wp-json\/wp\/v2\/media?parent=55"}],"curies":[{"name":"wp","href":"https:\/\/api.w.org\/{rel}","templated":true}]}}