{"id":529,"date":"2023-11-23T10:39:40","date_gmt":"2023-11-23T13:39:40","guid":{"rendered":"https:\/\/wp.ufpel.edu.br\/ppgmcf\/?page_id=529"},"modified":"2024-06-04T10:13:26","modified_gmt":"2024-06-04T13:13:26","slug":"processo-seletivo-pdse","status":"publish","type":"page","link":"https:\/\/wp.ufpel.edu.br\/ppgmcf\/processos-seletivos\/processo-seletivo-pdse\/","title":{"rendered":"P\u00f3s-doutorado"},"content":{"rendered":"<p><strong>EDITAL PDSE 2024\/1<\/strong><\/p>\n<p><a href=\"https:\/\/wp.ufpel.edu.br\/ppgmcf\/files\/2023\/11\/Edital-PDSE-PPGMCF.pdf\">Edital PDSE PPGMCF<\/a><\/p>\n<p><a href=\"https:\/\/wp.ufpel.edu.br\/ppgmcf\/files\/2023\/11\/ANEXO-I-PDSE.docx\">ANEXO I &#8211; PDSE<\/a><\/p>\n<p><a href=\"https:\/\/wp.ufpel.edu.br\/ppgmcf\/files\/2023\/11\/Homologacao-Inscricao-PSDE.docx\">Homologa\u00e7\u00e3o Inscri\u00e7\u00e3o PSDE<\/a><\/p>\n<p><a href=\"https:\/\/wp.ufpel.edu.br\/ppgmcf\/files\/2023\/12\/RESULTADO-PSDE.pdf\">RESULTADO PSDE<\/a><\/p>\n","protected":false},"excerpt":{"rendered":"<p>EDITAL PDSE 2024\/1 Edital PDSE PPGMCF ANEXO I &#8211; PDSE Homologa\u00e7\u00e3o Inscri\u00e7\u00e3o PSDE RESULTADO PSDE<\/p>\n","protected":false},"author":1163,"featured_media":0,"parent":33,"menu_order":5,"comment_status":"closed","ping_status":"closed","template":"","meta":{"footnotes":""},"class_list":["post-529","page","type-page","status-publish","hentry"],"_links":{"self":[{"href":"https:\/\/wp.ufpel.edu.br\/ppgmcf\/wp-json\/wp\/v2\/pages\/529","targetHints":{"allow":["GET"]}}],"collection":[{"href":"https:\/\/wp.ufpel.edu.br\/ppgmcf\/wp-json\/wp\/v2\/pages"}],"about":[{"href":"https:\/\/wp.ufpel.edu.br\/ppgmcf\/wp-json\/wp\/v2\/types\/page"}],"author":[{"embeddable":true,"href":"https:\/\/wp.ufpel.edu.br\/ppgmcf\/wp-json\/wp\/v2\/users\/1163"}],"replies":[{"embeddable":true,"href":"https:\/\/wp.ufpel.edu.br\/ppgmcf\/wp-json\/wp\/v2\/comments?post=529"}],"version-history":[{"count":5,"href":"https:\/\/wp.ufpel.edu.br\/ppgmcf\/wp-json\/wp\/v2\/pages\/529\/revisions"}],"predecessor-version":[{"id":684,"href":"https:\/\/wp.ufpel.edu.br\/ppgmcf\/wp-json\/wp\/v2\/pages\/529\/revisions\/684"}],"up":[{"embeddable":true,"href":"https:\/\/wp.ufpel.edu.br\/ppgmcf\/wp-json\/wp\/v2\/pages\/33"}],"wp:attachment":[{"href":"https:\/\/wp.ufpel.edu.br\/ppgmcf\/wp-json\/wp\/v2\/media?parent=529"}],"curies":[{"name":"wp","href":"https:\/\/api.w.org\/{rel}","templated":true}]}}