{"id":49,"date":"2021-06-26T13:21:19","date_gmt":"2021-06-26T16:21:19","guid":{"rendered":"https:\/\/wp.ufpel.edu.br\/ppgmcf\/?page_id=49"},"modified":"2023-11-23T11:58:59","modified_gmt":"2023-11-23T14:58:59","slug":"o-programa","status":"publish","type":"page","link":"https:\/\/wp.ufpel.edu.br\/ppgmcf\/apresentacao\/o-programa\/","title":{"rendered":"O Programa"},"content":{"rendered":"<p style=\"text-align: justify;\"><span style=\"font-weight: 400;\">O Programa de P\u00f3s-gradua\u00e7\u00e3o Multic\u00eantrico em Ci\u00eancias Fisiol\u00f3gicas (PPGMCF) em n\u00edvel de mestrado e doutorado \u00e9 credenciado pela CAPES com conceito 5 e iniciou suas atividades em mar\u00e7o de 2009. Este Programa \u00e9 coordenado pela Sociedade Brasileira de Fisiologia e tem como o principal objetivo promover o fortalecimento e a expans\u00e3o da P\u00f3s-Gradua\u00e7\u00e3o em Fisiologia no Brasil. O PPGMCF est\u00e1 estabelecido pela associa\u00e7\u00e3o de pesquisadores distribu\u00eddos em institui\u00e7\u00f5es onde a implanta\u00e7\u00e3o de programas independentes ainda n\u00e3o \u00e9 poss\u00edvel (Institui\u00e7\u00f5es Associadas) e pesquisadores de programas de P\u00f3s-Gradua\u00e7\u00e3o consolidados (Institui\u00e7\u00f5es Nucleadoras), fortalecendo, dessa forma, as institui\u00e7\u00f5es associadas para serem capazes de trilhar seus caminhos de forma independente.<\/span><\/p>\n<p style=\"text-align: justify;\"><span style=\"font-weight: 400;\">Atualmente, o Programa, regido por regulamento pr\u00f3prio que segue as normas gerais da P\u00f3s-Gradua\u00e7\u00e3o do pa\u00eds e da CAPES, \u00e9 coordenado por Colegiados Administrativos Locais e um Colegiado Geral e \u00e9 constitu\u00eddo por docentes das Institui\u00e7\u00f5es Nucleadoras (UFMG, USP-SP-ICB, USP-RP, USP-SP-IB, UFRJ, UFRGS) e Associadas (UEL, UERN, UNIFAL, UFSC, UFRRJ, UFRJ, UNESP, UFBA, UFVJM, UFG, UFPB, UNIPAMPA, UFPel, UFPE).<\/span><\/p>\n<p style=\"text-align: justify;\"><span style=\"font-weight: 400;\">Os estudantes do programa podem ser assistidos por dois orientadores, um pertencente \u00e0 Institui\u00e7\u00e3o Associada, e outro pertencente a uma das Institui\u00e7\u00f5es Nucleadoras.\u00a0 Os estudantes s\u00e3o matriculados na institui\u00e7\u00e3o de v\u00ednculo do orientador da Institui\u00e7\u00e3o Associada, onde realizam boa parte do trabalho de disserta\u00e7\u00e3o ou tese entre outras atividades inerentes ao Programa.\u00a0 Os estudantes escolhem a(s) Institui\u00e7\u00e3o(\u00f5es) Nucleadoras para cursar as disciplinas necess\u00e1rias para integralizar a carga hor\u00e1ria exigida, de acordo com um elenco de disciplinas nas Institui\u00e7\u00f5es credenciadas pelo programa.<\/span><\/p>\n<p><span style=\"font-weight: 400;\">A Universidade Federal de Pelotas foi aceita como institui\u00e7\u00e3o associada ao Programa em outubro de 2020 e, em maio de 2021, o curso foi oficialmente criado na Universidade.<\/span><\/p>\n","protected":false},"excerpt":{"rendered":"<p>O Programa de P\u00f3s-gradua\u00e7\u00e3o Multic\u00eantrico em Ci\u00eancias Fisiol\u00f3gicas (PPGMCF) em n\u00edvel de mestrado e doutorado \u00e9 credenciado pela CAPES com conceito 5 e iniciou suas atividades em mar\u00e7o de 2009. Este Programa \u00e9 coordenado pela Sociedade Brasileira de Fisiologia e tem como o principal objetivo promover o fortalecimento e a expans\u00e3o da P\u00f3s-Gradua\u00e7\u00e3o em Fisiologia [&hellip;]<\/p>\n","protected":false},"author":1163,"featured_media":0,"parent":22,"menu_order":0,"comment_status":"closed","ping_status":"closed","template":"","meta":{"footnotes":""},"class_list":["post-49","page","type-page","status-publish","hentry"],"_links":{"self":[{"href":"https:\/\/wp.ufpel.edu.br\/ppgmcf\/wp-json\/wp\/v2\/pages\/49","targetHints":{"allow":["GET"]}}],"collection":[{"href":"https:\/\/wp.ufpel.edu.br\/ppgmcf\/wp-json\/wp\/v2\/pages"}],"about":[{"href":"https:\/\/wp.ufpel.edu.br\/ppgmcf\/wp-json\/wp\/v2\/types\/page"}],"author":[{"embeddable":true,"href":"https:\/\/wp.ufpel.edu.br\/ppgmcf\/wp-json\/wp\/v2\/users\/1163"}],"replies":[{"embeddable":true,"href":"https:\/\/wp.ufpel.edu.br\/ppgmcf\/wp-json\/wp\/v2\/comments?post=49"}],"version-history":[{"count":3,"href":"https:\/\/wp.ufpel.edu.br\/ppgmcf\/wp-json\/wp\/v2\/pages\/49\/revisions"}],"predecessor-version":[{"id":534,"href":"https:\/\/wp.ufpel.edu.br\/ppgmcf\/wp-json\/wp\/v2\/pages\/49\/revisions\/534"}],"up":[{"embeddable":true,"href":"https:\/\/wp.ufpel.edu.br\/ppgmcf\/wp-json\/wp\/v2\/pages\/22"}],"wp:attachment":[{"href":"https:\/\/wp.ufpel.edu.br\/ppgmcf\/wp-json\/wp\/v2\/media?parent=49"}],"curies":[{"name":"wp","href":"https:\/\/api.w.org\/{rel}","templated":true}]}}