{"id":45,"date":"2021-06-26T13:20:03","date_gmt":"2021-06-26T16:20:03","guid":{"rendered":"https:\/\/wp.ufpel.edu.br\/ppgmcf\/?page_id=45"},"modified":"2021-06-26T13:20:32","modified_gmt":"2021-06-26T16:20:32","slug":"objetivo-do-curso-perfil-profissional","status":"publish","type":"page","link":"https:\/\/wp.ufpel.edu.br\/ppgmcf\/apresentacao\/objetivo-do-curso-perfil-profissional\/","title":{"rendered":"Objetivo do curso\/perfil profissional"},"content":{"rendered":"<p style=\"text-align: justify\"><span style=\"font-weight: 400\">O Programa de P\u00f3s-Gradua\u00e7\u00e3o Multic\u00eantrico em Ci\u00eancias Fisiol\u00f3gicas da Universidade Federal de Pelotas (PPGMCF\/UFPel) tem como objetivo incentivar a pesquisa, a produ\u00e7\u00e3o cient\u00edfica e a inova\u00e7\u00e3o na \u00e1rea de Ci\u00eancias Fisiol\u00f3gicas para, assim, ampliar o n\u00famero de Mestres e Doutores com qualifica\u00e7\u00e3o moderna e diferenciada na \u00e1rea, aptos a produzir e difundir conhecimento e com capacidade de competir nos melhores centros nacionais e internacionais. Formar po\u0301s-graduandos em Ci\u00eancias Fisiol\u00f3gicas, de acordo com o que estabelece a legislac\u0327a\u0303o federal e as normas internas da UFPel. Somado a isso, almejamos potencializar o estudo e a produ\u00e7\u00e3o na \u00e1rea de fisiologia, aumentar a forma\u00e7\u00e3o do quadro de pessoal na \u00e1rea, melhorar a infraestrutura e ampliar parcerias institucionais.<\/span><\/p>\n","protected":false},"excerpt":{"rendered":"<p>O Programa de P\u00f3s-Gradua\u00e7\u00e3o Multic\u00eantrico em Ci\u00eancias Fisiol\u00f3gicas da Universidade Federal de Pelotas (PPGMCF\/UFPel) tem como objetivo incentivar a pesquisa, a produ\u00e7\u00e3o cient\u00edfica e a inova\u00e7\u00e3o na \u00e1rea de Ci\u00eancias Fisiol\u00f3gicas para, assim, ampliar o n\u00famero de Mestres e Doutores com qualifica\u00e7\u00e3o moderna e diferenciada na \u00e1rea, aptos a produzir e difundir conhecimento e com [&hellip;]<\/p>\n","protected":false},"author":1163,"featured_media":0,"parent":22,"menu_order":0,"comment_status":"closed","ping_status":"closed","template":"","meta":{"footnotes":""},"class_list":["post-45","page","type-page","status-publish","hentry"],"_links":{"self":[{"href":"https:\/\/wp.ufpel.edu.br\/ppgmcf\/wp-json\/wp\/v2\/pages\/45","targetHints":{"allow":["GET"]}}],"collection":[{"href":"https:\/\/wp.ufpel.edu.br\/ppgmcf\/wp-json\/wp\/v2\/pages"}],"about":[{"href":"https:\/\/wp.ufpel.edu.br\/ppgmcf\/wp-json\/wp\/v2\/types\/page"}],"author":[{"embeddable":true,"href":"https:\/\/wp.ufpel.edu.br\/ppgmcf\/wp-json\/wp\/v2\/users\/1163"}],"replies":[{"embeddable":true,"href":"https:\/\/wp.ufpel.edu.br\/ppgmcf\/wp-json\/wp\/v2\/comments?post=45"}],"version-history":[{"count":2,"href":"https:\/\/wp.ufpel.edu.br\/ppgmcf\/wp-json\/wp\/v2\/pages\/45\/revisions"}],"predecessor-version":[{"id":48,"href":"https:\/\/wp.ufpel.edu.br\/ppgmcf\/wp-json\/wp\/v2\/pages\/45\/revisions\/48"}],"up":[{"embeddable":true,"href":"https:\/\/wp.ufpel.edu.br\/ppgmcf\/wp-json\/wp\/v2\/pages\/22"}],"wp:attachment":[{"href":"https:\/\/wp.ufpel.edu.br\/ppgmcf\/wp-json\/wp\/v2\/media?parent=45"}],"curies":[{"name":"wp","href":"https:\/\/api.w.org\/{rel}","templated":true}]}}