{"id":446,"date":"2023-08-08T10:13:49","date_gmt":"2023-08-08T13:13:49","guid":{"rendered":"https:\/\/wp.ufpel.edu.br\/ppgmcf\/?page_id=446"},"modified":"2026-04-02T14:21:56","modified_gmt":"2026-04-02T17:21:56","slug":"processo-seletivo-de-bolsistas","status":"publish","type":"page","link":"https:\/\/wp.ufpel.edu.br\/ppgmcf\/processos-seletivos\/processo-seletivo-de-bolsistas\/","title":{"rendered":"Bolsas de mestrado e doutorado"},"content":{"rendered":"<p><strong>SELE\u00c7\u00c3O BOLSISTA MESTRADO &#8211; Edital PAPin 2026<\/strong><\/p>\n<p>A Coordena\u00e7\u00e3o do PPGMCF torna p\u00fablico, para conhecimento dos interessados, o processo de sele\u00e7\u00e3o de candidatos \u00e0 bolsa de mestrado. O presente Edital est\u00e1 vinculado ao Edital N\u00ba. 07\/2025 da UFPel &#8211; PROGRAMA DE ESTI\u0301MULO A\u0300 PESQUISA INTERDISCIPLINAR NA PO\u0301S-GRADUAC\u0327A\u0303O (PAPin). As inscri\u00e7\u00f5es est\u00e3o abertas de <strong>30 a 31 de mar\u00e7o de 2026.<\/strong><\/p>\n<p><a href=\"https:\/\/wp.ufpel.edu.br\/ppgmcf\/processos-seletivos\/processo-seletivo-de-bolsistas\/edital_selecao_bolsista_papin_2026-1_assinado\/\" target=\"_blank\" rel=\"attachment noopener wp-att-1134\">Edital_Selecao_Bolsista_PAPIn_2026-1_assinado<\/a><\/p>\n<p>ANEXO I &#8211; <a href=\"https:\/\/wp.ufpel.edu.br\/ppgmcf\/processos-seletivos\/processo-seletivo-de-bolsistas\/anexo-i_selecao-bolsistas\/\" target=\"_blank\" rel=\"attachment noopener wp-att-601\">ANEXO I<\/a><\/p>\n<p>ANEXO II &#8211; <a href=\"https:\/\/wp.ufpel.edu.br\/ppgmcf\/processos-seletivos\/processo-seletivo-de-bolsistas\/termo-de-compromisso-bolsista-ppgmcf\/\" target=\"_blank\" rel=\"attachment noopener wp-att-599\">Termo de compromisso bolsista PPGMCF<\/a><\/p>\n<p><a href=\"https:\/\/wp.ufpel.edu.br\/ppgmcf\/processos-seletivos\/processo-seletivo-de-bolsistas\/resultado-final-bolsa-papin_2026_1\/\" target=\"_blank\" rel=\"attachment noopener wp-att-1138\">Resultado final bolsa PAPIn_2026_1<\/a><\/p>\n<p>&nbsp;<\/p>\n<p><strong>SELE\u00c7\u00c3O BOLSISTA MESTRADO 2026\/1<\/strong><\/p>\n<p>A Coordena\u00e7\u00e3o do PPGMCF torna p\u00fablico, para conhecimento dos interessados, o processo de sele\u00e7\u00e3o de candidatos \u00e0 bolsa de mestrado.<\/p>\n<p><a href=\"https:\/\/wp.ufpel.edu.br\/ppgmcf\/processos-seletivos\/processo-seletivo-de-bolsistas\/edital_selecao_bolsista_mestrado_2026-1_assinado\/\" target=\"_blank\" rel=\"attachment noopener wp-att-1124\">Edital_Selecao_Bolsista_Mestrado_2026-1_assinado<\/a><\/p>\n<p><a href=\"https:\/\/wp.ufpel.edu.br\/ppgmcf\/processos-seletivos\/processo-seletivo-de-bolsistas\/anexo-i_formulario-de-titulos\/\" target=\"_blank\" rel=\"attachment noopener wp-att-1125\">ANEXO-I_Formul\u00e1rio de t\u00edtulos<\/a><\/p>\n<p><a href=\"https:\/\/wp.ufpel.edu.br\/ppgmcf\/processos-seletivos\/processo-seletivo-de-bolsistas\/anexo-ii-termo-de-compromisso-ppgmcf\/\" target=\"_blank\" rel=\"attachment noopener wp-att-1126\">ANEXO II &#8211; Termo de compromisso PPGMCF<\/a><\/p>\n<p><a href=\"https:\/\/wp.ufpel.edu.br\/ppgmcf\/processos-seletivos\/processo-seletivo-de-bolsistas\/anexo-iii-termo-de-compromisso-capes\/\" target=\"_blank\" rel=\"attachment noopener wp-att-1127\">Anexo III &#8211; Termo de Compromisso (CAPES)<\/a><\/p>\n<p><a href=\"https:\/\/wp.ufpel.edu.br\/ppgmcf\/processos-seletivos\/processo-seletivo-de-bolsistas\/anexo-iv-declarao-de-acumulos-capes\/\" rel=\"attachment wp-att-1128\">Anexo IV &#8211; Declarao de Acumulos (CAPES)<\/a><\/p>\n<p><a href=\"https:\/\/wp.ufpel.edu.br\/ppgmcf\/processos-seletivos\/processo-seletivo-de-bolsistas\/resultado-final-bolsa-mestrado_2026_1\/\" target=\"_blank\" rel=\"attachment noopener wp-att-1132\">Resultado final bolsa Mestrado_2026_1<\/a><\/p>\n<p>&nbsp;<\/p>\n<p><strong>SELE\u00c7\u00c3O DE ALUNO REGULAR &#8211; PROGRAMA DE APOIO \u00c0 PESQUISA INTERDISCIPLINAR (PAPIN)<\/strong><\/p>\n<p>As inscri\u00e7\u00f5es estar\u00e3o abertas no per\u00edodo de 21 de agosto de 2025 a 27 de agosto de 2025 e dever\u00e3o ser encaminhadas para o endere\u00e7o de correio eletr\u00f4nico editalpapin2025@gmail.com.<\/p>\n<p>Mais informa\u00e7\u00f5es no <a href=\"https:\/\/wp.ufpel.edu.br\/ppgmcf\/processos-seletivos\/processo-seletivo-de-bolsistas\/sei_3201997_edital_de_selecao_prppg_147\/\" rel=\"attachment wp-att-1053\">Edital_de_selecao<\/a><\/p>\n<p>Inscri\u00e7\u00f5es homologadas: <a href=\"https:\/\/wp.ufpel.edu.br\/ppgmcf\/processos-seletivos\/processo-seletivo-de-bolsistas\/candidatas-inscritas-no-edital-no-147\/\" rel=\"attachment wp-att-1056\">Clique aqui<\/a><\/p>\n<p>&nbsp;<\/p>\n<p>&nbsp;<\/p>\n<p><strong>SELE\u00c7\u00c3O BOLSISTA MESTRADO<\/strong><\/p>\n<p>A Coordena\u00e7\u00e3o do PPGMCF torna p\u00fablico, para conhecimento dos interessados, o processo de sele\u00e7\u00e3o de candidatos \u00e0 bolsa de mestrado. As inscri\u00e7\u00f5es est\u00e3o abertas de <strong>08 a 09 de agosto de 2025.<\/strong><\/p>\n<p><a href=\"https:\/\/wp.ufpel.edu.br\/ppgmcf\/processos-seletivos\/processo-seletivo-de-bolsistas\/sei-23110-011791_2025-18\/\" rel=\"attachment wp-att-991\">Edital<\/a><\/p>\n<p><a href=\"https:\/\/wp.ufpel.edu.br\/ppgmcf\/processos-seletivos\/processo-seletivo-de-bolsistas\/anexo-i_selecao-bolsistas-2\/\" rel=\"attachment wp-att-992\">ANEXO I<\/a><\/p>\n<p><a href=\"https:\/\/wp.ufpel.edu.br\/ppgmcf\/processos-seletivos\/processo-seletivo-de-bolsistas\/termo-de-compromisso-bolsista-ppgmcf-2\/\" rel=\"attachment wp-att-990\">ANEXO II &#8211; Termo de compromisso<\/a><\/p>\n<p><a href=\"https:\/\/wp.ufpel.edu.br\/ppgmcf\/processos-seletivos\/processo-seletivo-de-bolsistas\/resultado-bolsas-mestrado_2025-1_assinado-1\/\" rel=\"attachment wp-att-995\">Resultado Sele\u00e7\u00e3o Bolsa 2025-1<\/a><\/p>\n<p>&nbsp;<\/p>\n<p><strong>SELE\u00c7\u00c3O BOLSISTA MESTRADO &#8211; Edital PAPin<\/strong><\/p>\n<p>A Coordena\u00e7\u00e3o do PPGMCF torna p\u00fablico, para conhecimento dos interessados, o processo de sele\u00e7\u00e3o de candidatos \u00e0 bolsa de mestrado. O presente Edital est\u00e1 vinculado ao Edital N\u00ba. 01\/2024 da UFPel &#8211; PROGRAMA DE ESTI\u0301MULO A\u0300 PESQUISA INTERDISCIPLINAR NA PO\u0301S-GRADUAC\u0327A\u0303O (PAPin). As inscri\u00e7\u00f5es est\u00e3o abertas de <strong>22 a 23 de agosto de 2024.<\/strong><\/p>\n<p><a href=\"https:\/\/wp.ufpel.edu.br\/ppgmcf\/processos-seletivos\/processo-seletivo-de-bolsistas\/papin_selecao_bolsista_mestrado_mcf_interna_assinado\/\" rel=\"attachment wp-att-904\">Edital Sele\u00e7\u00e3o PAPin<\/a><\/p>\n<p>ANEXO I &#8211; <a href=\"https:\/\/wp.ufpel.edu.br\/ppgmcf\/processos-seletivos\/processo-seletivo-de-bolsistas\/anexo-i_selecao-bolsistas\/\" rel=\"attachment wp-att-601\">ANEXO I<\/a><\/p>\n<p>ANEXO II &#8211; <a href=\"https:\/\/wp.ufpel.edu.br\/ppgmcf\/processos-seletivos\/processo-seletivo-de-bolsistas\/termo-de-compromisso-bolsista-ppgmcf\/\" rel=\"attachment wp-att-599\">Termo de compromisso bolsista PPGMCF<\/a><\/p>\n<p><a href=\"https:\/\/wp.ufpel.edu.br\/ppgmcf\/processos-seletivos\/processo-seletivo-de-bolsistas\/resultado-bolsas-mestrado_2024_2_papin\/\" rel=\"attachment wp-att-925\">Resultado Bolsas Mestrado_2024_2_PAPIN<\/a><\/p>\n<p>&nbsp;<\/p>\n<p><strong>SELE\u00c7\u00c3O BOLSISTAS MESTRADO<\/strong><\/p>\n<p>O PPGMCF divulga edital para <strong>distribui\u00e7\u00e3o de bolsas de Mestrado <\/strong>em 2024\/2. As inscri\u00e7\u00f5es est\u00e3o abertas de <strong>06 de agosto a 07 de agosto de 2024.<\/strong><\/p>\n<p><a href=\"https:\/\/wp.ufpel.edu.br\/ppgmcf\/processos-seletivos\/processo-seletivo-de-bolsistas\/edital-selecao-bolsista-mestrado-2024-2\/\" rel=\"attachment wp-att-899\">Edital Sele\u00e7\u00e3o Bolsista Mestrado 2024-2<\/a><\/p>\n<p>ANEXO I &#8211; <a href=\"https:\/\/wp.ufpel.edu.br\/ppgmcf\/processos-seletivos\/processo-seletivo-de-bolsistas\/anexo-i_selecao-bolsistas\/\" rel=\"attachment wp-att-601\">ANEXO I<\/a><\/p>\n<p>ANEXO II &#8211; <a href=\"https:\/\/wp.ufpel.edu.br\/ppgmcf\/processos-seletivos\/processo-seletivo-de-bolsistas\/termo-de-compromisso-bolsista-ppgmcf\/\" rel=\"attachment wp-att-599\">Termo de compromisso bolsista PPGMCF<\/a><\/p>\n<p><a href=\"https:\/\/wp.ufpel.edu.br\/ppgmcf\/processos-seletivos\/processo-seletivo-de-bolsistas\/resultado-bolsas-mestrado_2024_2\/\" rel=\"attachment wp-att-901\">Resultado Bolsas Mestrado_2024_2<\/a><\/p>\n<p>&nbsp;<\/p>\n<p><strong>SELE\u00c7\u00c3O BOLSISTAS DOUTORADO<\/strong><\/p>\n<p>O PPGMCF divulga edital para <strong>distribui\u00e7\u00e3o de bolsas de Doutorado <\/strong>em 2024\/1. As inscri\u00e7\u00f5es est\u00e3o abertas\u00a0de <strong>26 de mar\u00e7o a 27 de mar\u00e7o de 2024.<\/strong><\/p>\n<p><strong><a href=\"https:\/\/wp.ufpel.edu.br\/ppgmcf\/processos-seletivos\/processo-seletivo-de-bolsistas\/edital_bolsas_cnpq_doutorado_2024-1_assinado\/\" rel=\"attachment wp-att-597\">Edital_Bolsas_CNPq_Doutorado_2024-1<\/a><\/strong><\/p>\n<p>ANEXO I &#8211; <a href=\"https:\/\/wp.ufpel.edu.br\/ppgmcf\/processos-seletivos\/processo-seletivo-de-bolsistas\/anexo-i_selecao-bolsistas\/\" rel=\"attachment wp-att-601\">ANEXO I<\/a><\/p>\n<p>ANEXO II &#8211; <a href=\"https:\/\/wp.ufpel.edu.br\/ppgmcf\/processos-seletivos\/processo-seletivo-de-bolsistas\/termo-de-compromisso-bolsista-ppgmcf\/\" rel=\"attachment wp-att-599\">Termo de compromisso bolsista PPGMCF<\/a><\/p>\n<p><a href=\"https:\/\/wp.ufpel.edu.br\/ppgmcf\/processos-seletivos\/processo-seletivo-de-bolsistas\/resultado-selecao-bolsas-2024\/\" rel=\"attachment wp-att-603\">Resultado<\/a><\/p>\n<p>&nbsp;<\/p>\n<p><strong>SELE\u00c7\u00c3O BOLSISTAS DOUTORADO<\/strong><\/p>\n<p>O PPGMCF divulga edital para <strong>distribui\u00e7\u00e3o de bolsas de Doutorado <\/strong>em 2023\/2. As inscri\u00e7\u00f5es est\u00e3o abertas de<strong> 22\/08\/23 a 24\/08\/23.<\/strong><\/p>\n<p><a href=\"https:\/\/wp.ufpel.edu.br\/ppgmcf\/files\/2023\/08\/Edital-Selec\u0327a\u0303o-Bolsista-Doutorado-2023-2.pdf\">Edital Selec\u0327a\u0303o Bolsista Doutorado 2023-2<\/a><\/p>\n<p><a href=\"https:\/\/wp.ufpel.edu.br\/ppgmcf\/files\/2023\/08\/ANEXO-I.pdf\">ANEXO I<\/a><\/p>\n<p><a href=\"https:\/\/wp.ufpel.edu.br\/ppgmcf\/files\/2023\/08\/ANEXO-II-Termo-de-compromisso-Bolsa-CAPES-ATUALIZADO-1.doc\">ANEXO II &#8211; Termo de compromisso Bolsa CAPES ATUALIZADO<\/a><\/p>\n<p><a href=\"https:\/\/wp.ufpel.edu.br\/ppgmcf\/files\/2023\/08\/Resultado-Bolsas-Doutorado_2023_2.pdf\">Resultado Bolsas Doutorado_2023_2<\/a><\/p>\n<p>&nbsp;<\/p>\n<p>&nbsp;<\/p>\n<p><strong>SELE\u00c7\u00c3O BOLSISTAS MESTRADO<\/strong><\/p>\n<p>O PPGMCF divulga edital para <strong>distribui\u00e7\u00e3o de bolsas de mestrado <\/strong>em 2023\/2. As inscri\u00e7\u00f5es est\u00e3o abertas de<strong> 08\/08\/23 a 09\/08\/23.<\/strong><\/p>\n<p><a href=\"https:\/\/wp.ufpel.edu.br\/ppgmcf\/files\/2023\/08\/Edital-Selecao-Bolsista-Mestrado-2023-2.pdf\">Edital Sele\u00e7\u00e3o Bolsista Mestrado 2023-2<\/a><\/p>\n<p><a href=\"https:\/\/wp.ufpel.edu.br\/ppgmcf\/files\/2023\/08\/ANEXO-I-Formulario-de-titulos.pdf\">ANEXO I &#8211; Formul\u00e1rio de t\u00edtulos<\/a><\/p>\n<p><a href=\"https:\/\/wp.ufpel.edu.br\/ppgmcf\/files\/2023\/08\/ANEXO-II-Termo-de-compromisso-Bolsa-CAPES-ATUALIZADO.doc\">ANEXO II &#8211; Termo de compromisso Bolsa CAPES ATUALIZADO<\/a><\/p>\n<p><a href=\"https:\/\/wp.ufpel.edu.br\/ppgmcf\/files\/2023\/08\/Resultado-Selecao-Bolsista-Mestrado-2023-2.pdf\">Resultado Sele\u00e7\u00e3o Bolsista Mestrado 2023-2<\/a><\/p>\n<p>&nbsp;<\/p>\n<p><strong>SELE\u00c7\u00c3O BOLSISTAS DOUTORADO<\/strong><\/p>\n<p>O PPGMCF divulga edital para <strong>distribui\u00e7\u00e3o de bolsas\u00a0 de doutorado<\/strong>\u00a0em 2023\/1. As inscri\u00e7\u00f5es est\u00e3o abertas de<strong> 27\/03\/23 a 29\/03\/23.<\/strong><\/p>\n<p><a href=\"https:\/\/wp.ufpel.edu.br\/ppgmcf\/files\/2023\/03\/Edital-Bolsas-Doutorado-2023-1.pdf\">Edital Bolsas Doutorado 2023-1<\/a><a href=\"https:\/\/wp.ufpel.edu.br\/ppgmcf\/files\/2023\/03\/Edital-Bolsas-Doutorado-2023-1.pdf\">Edital Bolsas Doutorado 2023-1<\/a><\/p>\n<p><a href=\"https:\/\/wp.ufpel.edu.br\/ppgmcf\/files\/2023\/03\/ANEXO-I.docx\">ANEXO I<\/a><\/p>\n<p><a href=\"https:\/\/wp.ufpel.edu.br\/ppgmcf\/files\/2023\/03\/ANEXO-II.docx\">ANEXO II<\/a><\/p>\n<p><a href=\"https:\/\/wp.ufpel.edu.br\/ppgmcf\/files\/2023\/03\/ANEXO-III-Termo-de-Compromisso-Bolsista-CAPES.doc\">ANEXO III &#8211; Termo de Compromisso Bolsista CAPES<\/a><\/p>\n","protected":false},"excerpt":{"rendered":"<p>SELE\u00c7\u00c3O BOLSISTA MESTRADO &#8211; Edital PAPin 2026 A Coordena\u00e7\u00e3o do PPGMCF torna p\u00fablico, para conhecimento dos interessados, o processo de sele\u00e7\u00e3o de candidatos \u00e0 bolsa de mestrado. O presente Edital est\u00e1 vinculado ao Edital N\u00ba. 07\/2025 da UFPel &#8211; PROGRAMA DE ESTI\u0301MULO A\u0300 PESQUISA INTERDISCIPLINAR NA PO\u0301S-GRADUAC\u0327A\u0303O (PAPin). As inscri\u00e7\u00f5es est\u00e3o abertas de 30 a [&hellip;]<\/p>\n","protected":false},"author":1163,"featured_media":0,"parent":33,"menu_order":4,"comment_status":"closed","ping_status":"closed","template":"","meta":{"footnotes":""},"class_list":["post-446","page","type-page","status-publish","hentry"],"_links":{"self":[{"href":"https:\/\/wp.ufpel.edu.br\/ppgmcf\/wp-json\/wp\/v2\/pages\/446","targetHints":{"allow":["GET"]}}],"collection":[{"href":"https:\/\/wp.ufpel.edu.br\/ppgmcf\/wp-json\/wp\/v2\/pages"}],"about":[{"href":"https:\/\/wp.ufpel.edu.br\/ppgmcf\/wp-json\/wp\/v2\/types\/page"}],"author":[{"embeddable":true,"href":"https:\/\/wp.ufpel.edu.br\/ppgmcf\/wp-json\/wp\/v2\/users\/1163"}],"replies":[{"embeddable":true,"href":"https:\/\/wp.ufpel.edu.br\/ppgmcf\/wp-json\/wp\/v2\/comments?post=446"}],"version-history":[{"count":4,"href":"https:\/\/wp.ufpel.edu.br\/ppgmcf\/wp-json\/wp\/v2\/pages\/446\/revisions"}],"predecessor-version":[{"id":1140,"href":"https:\/\/wp.ufpel.edu.br\/ppgmcf\/wp-json\/wp\/v2\/pages\/446\/revisions\/1140"}],"up":[{"embeddable":true,"href":"https:\/\/wp.ufpel.edu.br\/ppgmcf\/wp-json\/wp\/v2\/pages\/33"}],"wp:attachment":[{"href":"https:\/\/wp.ufpel.edu.br\/ppgmcf\/wp-json\/wp\/v2\/media?parent=446"}],"curies":[{"name":"wp","href":"https:\/\/api.w.org\/{rel}","templated":true}]}}