{"id":434,"date":"2023-08-07T17:12:15","date_gmt":"2023-08-07T20:12:15","guid":{"rendered":"https:\/\/wp.ufpel.edu.br\/ppgmcf\/?page_id=434"},"modified":"2025-12-16T18:48:03","modified_gmt":"2025-12-16T21:48:03","slug":"processo-seletivo-aluno-regular-doutorado","status":"publish","type":"page","link":"https:\/\/wp.ufpel.edu.br\/ppgmcf\/processos-seletivos\/processo-seletivo-aluno-regular-doutorado\/","title":{"rendered":"Doutorado (aluno regular)"},"content":{"rendered":"<p><strong>SELE\u00c7\u00c3O ALUNO REGULAR DOUTORADO 2025<\/strong><\/p>\n<p>O PPGMCF divulga o\u00a0<strong>edital de sele\u00e7\u00e3o<\/strong> para aluno regular de doutorado. As inscri\u00e7\u00f5es ser\u00e3o realizadas de<strong> 26\/11\/2025 at\u00e9 5\/12\/2025.<\/strong><\/p>\n<p><a href=\"https:\/\/wp.ufpel.edu.br\/ppgmcf\/processos-seletivos\/processo-seletivo-aluno-regular-doutorado\/sei_3487138_edital_de_selecao_prppg_222\/\" rel=\"attachment wp-att-1081\">Edital de sele\u00e7\u00e3o de doutorado<\/a><\/p>\n<p><a href=\"https:\/\/wp.ufpel.edu.br\/ppgmcf\/processos-seletivos\/processo-seletivo-aluno-regular-doutorado\/resultado-final_de_selecao_assinado\/\" rel=\"attachment wp-att-1086\">Resultado-final_de_selecao_assinado<\/a><\/p>\n<p>Os documentos necess\u00e1rios para inscri\u00e7\u00e3o podem ser encontrados no endere\u00e7o eletr\u00f4nico\u00a0 https:\/\/wp.ufpel.edu.br\/ppgmcf\/documentos\/<\/p>\n<p>&nbsp;<\/p>\n<p><strong>SELE\u00c7\u00c3O ALUNO REGULAR DOUTORADO 2024\/2<\/strong><\/p>\n<p>O PPGMCF divulga o <strong>edital de sele\u00e7\u00e3o<\/strong> para aluno regular com ingresso em 2024\/2. O presente edital est\u00e1 vinculado ao PROGRAMA DE APOIO \u00c0 PESQUISA INTERDISCIPLINAR (PAPin) da UFPEL. As inscri\u00e7\u00f5es ser\u00e3o realizadas de<strong> 20\/08\/2024 at\u00e9 22\/08\/2024.<\/strong><\/p>\n<p><a href=\"https:\/\/wp.ufpel.edu.br\/ppgmcf\/processos-seletivos\/processo-seletivo-aluno-regular-doutorado\/sei_ufpel-2712213-edital-de-selecao-prppg\/\" rel=\"attachment wp-att-906\">Edital Doutorado_PAPin<\/a><\/p>\n<p><a href=\"https:\/\/wp.ufpel.edu.br\/ppgmcf\/files\/2023\/12\/ANEXOS.pdf\">ANEXOS<\/a><\/p>\n<p><a href=\"https:\/\/wp.ufpel.edu.br\/ppgmcf\/processos-seletivos\/processo-seletivo-aluno-regular-doutorado\/cronograma-selecao-doutorado_2024_2\/\" rel=\"attachment wp-att-908\">Cronograma Sele\u00e7\u00e3o Doutorado_2024_2<\/a><\/p>\n<p><a href=\"https:\/\/wp.ufpel.edu.br\/ppgmcf\/processos-seletivos\/processo-seletivo-aluno-regular-doutorado\/homologacao-inscricao-doutorado_2024_2\/\" rel=\"attachment wp-att-922\">Homologa\u00e7\u00e3o Inscri\u00e7\u00e3o Doutorado_2024_2<\/a><\/p>\n<p><a href=\"https:\/\/wp.ufpel.edu.br\/ppgmcf\/processos-seletivos\/processo-seletivo-aluno-regular-doutorado\/resultado-etapa-1-e-2-selecao-doutorado-2024_2\/\" rel=\"attachment wp-att-927\">Resultado Etapa 1 e 2 Sele\u00e7\u00e3o Doutorado 2024_2<\/a><\/p>\n<p><a href=\"https:\/\/wp.ufpel.edu.br\/ppgmcf\/processos-seletivos\/processo-seletivo-aluno-regular-doutorado\/resultado-doutorado_2024_2\/\" rel=\"attachment wp-att-929\">Resultado Doutorado_2024_2 (Edital PAPin)<\/a><\/p>\n<p>&nbsp;<\/p>\n<p><strong>SELE\u00c7\u00c3O ALUNO REGULAR DOUTORADO 2024\/1<\/strong><\/p>\n<p>O PPGMCF divulga o <strong>edital de sele\u00e7\u00e3o<\/strong> para aluno regular com ingresso em 2024\/1. As inscri\u00e7\u00f5es do presente Edital ser\u00e3o realizadas, em fluxo cont\u00ednuo, de 21\/12\/2023 at\u00e9 31\/10\/2024.<\/p>\n<p><a href=\"https:\/\/wp.ufpel.edu.br\/ppgmcf\/files\/2023\/12\/Edital-Doutorado-PPGMCF-2024-1.pdf\">Edital Doutorado PPGMCF 2024-1<\/a><\/p>\n<p><a href=\"https:\/\/wp.ufpel.edu.br\/ppgmcf\/files\/2023\/12\/ANEXOS.pdf\">ANEXOS<\/a><\/p>\n<p><a href=\"https:\/\/wp.ufpel.edu.br\/ppgmcf\/files\/2024\/01\/Homologacao-Inscricao-Doutorado_2024_1.pdf\">Homologa\u00e7\u00e3o Inscri\u00e7\u00e3o Doutorado_2024_1<\/a><\/p>\n<p><a href=\"https:\/\/wp.ufpel.edu.br\/ppgmcf\/files\/2024\/01\/Cronograma-Selecao-Mestrado-e-Doutorado_2024_1.pdf\">Cronograma Sele\u00e7\u00e3o Mestrado e Doutorado_2024_1<\/a><\/p>\n<p>Resultado Etapas 1 e 2 e <a href=\"https:\/\/wp.ufpel.edu.br\/ppgmcf\/files\/2024\/02\/Cronograma-Selecao-Mestrado-e-Doutorado_2024_1.pdf\">Cronograma Etapa 4 Sele\u00e7\u00e3o Mestrado e Doutorado_2024_1<\/a><\/p>\n<p>Resultado final:<\/p>\n<p><a href=\"https:\/\/wp.ufpel.edu.br\/ppgmcf\/files\/2024\/02\/Resultado-Doutorado_2024_1-.docx\">Resultado Doutorado_2024_1<\/a><\/p>\n<p><a href=\"https:\/\/wp.ufpel.edu.br\/ppgmcf\/files\/2024\/02\/Lista-aprovados-por-ordem-classificacao_doutorado.docx\">Lista aprovados por ordem classifica\u00e7\u00e3o_doutorado<\/a><\/p>\n<p>&nbsp;<\/p>\n<p><strong>SELE\u00c7\u00c3O ALUNO REGULAR DOUTORADO 2023\/1 e Doutorado Fluxo cont\u00ednuo<\/strong><\/p>\n<p>O PPGMCF divulga <strong>edital de sele\u00e7\u00e3o<\/strong> para aluno regular com ingresso em 2023\/1. As inscri\u00e7\u00f5es est\u00e3o abertas de<strong> 15\/12\/22 a 23\/01\/23.<\/strong><\/p>\n<p><a href=\"https:\/\/wp.ufpel.edu.br\/ppgmcf\/files\/2022\/12\/Edital-Doutorado-2023.pdf\">Edital Doutorado 2023<\/a><\/p>\n<p><a href=\"https:\/\/wp.ufpel.edu.br\/ppgmcf\/files\/2022\/06\/ANEXOS-mestrado-e-doutorado.docx\">ANEXOS mestrado e doutorado<\/a><\/p>\n<p>Inscri\u00e7\u00f5es Homologadas <strong>Doutorado<\/strong>:<\/p>\n<p>J\u00falia Cassuriaga da Silva Vilela Lemes<\/p>\n<p>RESULTADO DOUTORADO: <a href=\"https:\/\/wp.ufpel.edu.br\/ppgmcf\/files\/2023\/02\/Resultado-Selecao-Aluno-Regular-Doutorado-PPGMCF-2023-1.pdf\">Resultado Sele\u00e7\u00e3o Aluno Regular Doutorado PPGMCF 2023-1<\/a><\/p>\n<p>Retifica\u00e7\u00e3o Edital Doutorado:\u00a0<a href=\"https:\/\/wp.ufpel.edu.br\/ppgmcf\/files\/2023\/04\/Edital-de-Retificacao.pdf\">Edital de Retifica\u00e7\u00e3o<\/a><\/p>\n<p>Inscri\u00e7\u00e3o Homologada Doutorado: Paola Quevedo da Costa<\/p>\n<p><a href=\"https:\/\/wp.ufpel.edu.br\/ppgmcf\/files\/2023\/04\/Resultado-Selecao-Doutorado-Fluxo-Continuo-2023.pdf\">Resultado Sele\u00e7\u00e3o Doutorado Fluxo Cont\u00ednuo 2023<\/a><\/p>\n<p><a href=\"https:\/\/wp.ufpel.edu.br\/ppgmcf\/files\/2023\/06\/Homologacao-Inscricao-Doutorado_2023_2.pdf\">Homologa\u00e7\u00e3o Inscri\u00e7\u00e3o Doutorado_2023_2<\/a><\/p>\n<p><a href=\"https:\/\/wp.ufpel.edu.br\/ppgmcf\/files\/2023\/07\/Resultado-Doutorado_2023_2.pdf\">Resultado Doutorado_2023_2<\/a><\/p>\n<p>&nbsp;<\/p>\n<p><strong>SELE\u00c7\u00c3O ALUNO REGULAR DOUTORADO 2022\/2<\/strong><\/p>\n<p>O PPGMCF divulga <strong>edital de sele\u00e7\u00e3o<\/strong> para aluno regular com ingresso em 2022\/2. As inscri\u00e7\u00f5es est\u00e3o abertas de<strong> 27\/06\/22 a 22\/07\/22.<\/strong><\/p>\n<p>Confira nos editais:<\/p>\n<p><a href=\"https:\/\/wp.ufpel.edu.br\/ppgmcf\/files\/2022\/06\/Edital-Doutorado.pdf\">Edital Doutorado<\/a><\/p>\n<p><a href=\"https:\/\/wp.ufpel.edu.br\/ppgmcf\/files\/2022\/06\/ANEXOS-mestrado-e-doutorado.docx\">ANEXOS mestrado e doutorado<\/a><\/p>\n<p>Inscri\u00e7\u00f5es Homologadas:<\/p>\n<p><a href=\"https:\/\/wp.ufpel.edu.br\/ppgmcf\/files\/2022\/07\/Homologacao-Doutorado.pdf\">Homologa\u00e7\u00e3o Doutorado<\/a><\/p>\n<p><a href=\"https:\/\/wp.ufpel.edu.br\/ppgmcf\/files\/2023\/02\/Homologacao-Doutorado.docx\">Homologa\u00e7\u00e3o Doutorado<\/a> 2<\/p>\n<p><a href=\"https:\/\/wp.ufpel.edu.br\/ppgmcf\/files\/2022\/08\/Resultado-Selecaao-Doutorado-2022-2.pdf\">Resultado Sele\u00e7\u00e3o Doutorado 2022-2<\/a><\/p>\n<p>RESULTADO DOUTORADO SELE\u00c7\u00c3O 2: <a href=\"https:\/\/wp.ufpel.edu.br\/ppgmcf\/files\/2023\/02\/Resultado-Selecao-Aluno-Regular-Doutorado-PPGMCF-2022-2.pdf\">Resultado Sele\u00e7\u00e3o Aluno Regular Doutorado PPGMCF 2022-2<\/a><\/p>\n<p>&nbsp;<\/p>\n<p><strong>SELE\u00c7\u00c3O ALUNO REGULAR DE DOUTORADO 2022\/1<\/strong><\/p>\n<p>Divulgado <strong>edital de sele\u00e7\u00e3o<\/strong> para aluno regular com ingresso em 2022\/1. As inscri\u00e7\u00f5es estar\u00e3o abertas de<strong> 27\/12\/21 a 04\/02\/22.<\/strong><\/p>\n<p><a href=\"https:\/\/wp.ufpel.edu.br\/ppgmcf\/files\/2021\/12\/Edital-de-selecao-PPGMCF-Doutorado.pdf\">Edital de sele\u00e7\u00e3o PPGMCF Doutorado<\/a><\/p>\n<p><a href=\"https:\/\/wp.ufpel.edu.br\/ppgmcf\/files\/2021\/12\/ANEXOS.pdf\">ANEXOS<\/a><\/p>\n<p>Inscri\u00e7\u00f5es Homologadas Sele\u00e7\u00e3o 2022\/1<\/p>\n<p><a href=\"https:\/\/wp.ufpel.edu.br\/ppgmcf\/files\/2022\/02\/Inscricoes-homologadas-Mestrado-e-Doutorado-2022-2.pdf\">Inscri\u00e7\u00f5es homologadas Mestrado e Doutorado 2022-1<\/a><\/p>\n<p><a href=\"https:\/\/wp.ufpel.edu.br\/ppgmcf\/files\/2022\/02\/Resultado-prova-de-conhecimentos-em-Ciencias-Fisiologicas.pdf\">Resultado prova de conhecimentos em Ci\u00eancias Fisiol\u00f3gicas<\/a><\/p>\n<p><a href=\"https:\/\/wp.ufpel.edu.br\/ppgmcf\/files\/2022\/02\/Resultado-Final-Selecao-Aluno-Regular-2022-1-1.pdf\">Resultado Final Sele\u00e7\u00e3o Aluno Regular 2022-1<\/a><\/p>\n<p>&nbsp;<\/p>\n<p><strong>SELE\u00c7\u00c3O ALUNO REGULAR DE DOUTORADO 2021\/2<\/strong><\/p>\n<p>As inscri\u00e7\u00f5es est\u00e3o abertas de 25\/06\/2021 a 14\/07\/2021.<\/p>\n<p>Venha fazer parte do PPGMCF!<\/p>\n<p>Edital:<\/p>\n<p><a href=\"https:\/\/wp.ufpel.edu.br\/ppgmcf\/files\/2021\/06\/Edital-de-selecao-88-2021-Programa-de-Pos-Graduacao-Multicentrico-em-Ciencias-Fisiologicas-Aluno-Regular-Doutorado-2021-2.pdf\">Edital-de-selecao-88-2021-Programa-de-Pos-Graduacao-Multicentrico-em-Ciencias-Fisiologicas-Aluno-Regular-Doutorado-2021-2<\/a><\/p>\n<p><a href=\"https:\/\/wp.ufpel.edu.br\/ppgmcf\/files\/2021\/06\/ANEXOS.pdf\">ANEXOS<\/a><\/p>\n<p><a href=\"https:\/\/wp.ufpel.edu.br\/ppgmcf\/files\/2021\/07\/Inscricoes-homologadas.pdf\">Inscri\u00e7\u00f5es homologadas\u00a0 MESTRADO<\/a><\/p>\n<p><a href=\"https:\/\/wp.ufpel.edu.br\/ppgmcf\/files\/2021\/07\/Resultados-etapa-1-e-2.docx\">Resultados etapa 1 e 2<\/a> MESTRADO<\/p>\n<p>O Programa de P\u00f3s-Gradua\u00e7\u00e3o Multic\u00eantrico em Ci\u00eancias Fisiol\u00f3gicas torna p\u00fablico o resultado da sele\u00e7\u00e3o para aluno regular de Mestrado 2021\/2:\u00a0<a href=\"https:\/\/wp.ufpel.edu.br\/ppgmcf\/files\/2021\/07\/Resultado-final.pdf\"> Resultado final<\/a><\/p>\n<p>&nbsp;<\/p>\n","protected":false},"excerpt":{"rendered":"<p>SELE\u00c7\u00c3O ALUNO REGULAR DOUTORADO 2025 O PPGMCF divulga o\u00a0edital de sele\u00e7\u00e3o para aluno regular de doutorado. As inscri\u00e7\u00f5es ser\u00e3o realizadas de 26\/11\/2025 at\u00e9 5\/12\/2025. Edital de sele\u00e7\u00e3o de doutorado Resultado-final_de_selecao_assinado Os documentos necess\u00e1rios para inscri\u00e7\u00e3o podem ser encontrados no endere\u00e7o eletr\u00f4nico\u00a0 https:\/\/wp.ufpel.edu.br\/ppgmcf\/documentos\/ &nbsp; SELE\u00c7\u00c3O ALUNO REGULAR DOUTORADO 2024\/2 O PPGMCF divulga o edital de sele\u00e7\u00e3o [&hellip;]<\/p>\n","protected":false},"author":1163,"featured_media":0,"parent":33,"menu_order":2,"comment_status":"closed","ping_status":"closed","template":"","meta":{"footnotes":""},"class_list":["post-434","page","type-page","status-publish","hentry"],"_links":{"self":[{"href":"https:\/\/wp.ufpel.edu.br\/ppgmcf\/wp-json\/wp\/v2\/pages\/434","targetHints":{"allow":["GET"]}}],"collection":[{"href":"https:\/\/wp.ufpel.edu.br\/ppgmcf\/wp-json\/wp\/v2\/pages"}],"about":[{"href":"https:\/\/wp.ufpel.edu.br\/ppgmcf\/wp-json\/wp\/v2\/types\/page"}],"author":[{"embeddable":true,"href":"https:\/\/wp.ufpel.edu.br\/ppgmcf\/wp-json\/wp\/v2\/users\/1163"}],"replies":[{"embeddable":true,"href":"https:\/\/wp.ufpel.edu.br\/ppgmcf\/wp-json\/wp\/v2\/comments?post=434"}],"version-history":[{"count":4,"href":"https:\/\/wp.ufpel.edu.br\/ppgmcf\/wp-json\/wp\/v2\/pages\/434\/revisions"}],"predecessor-version":[{"id":1087,"href":"https:\/\/wp.ufpel.edu.br\/ppgmcf\/wp-json\/wp\/v2\/pages\/434\/revisions\/1087"}],"up":[{"embeddable":true,"href":"https:\/\/wp.ufpel.edu.br\/ppgmcf\/wp-json\/wp\/v2\/pages\/33"}],"wp:attachment":[{"href":"https:\/\/wp.ufpel.edu.br\/ppgmcf\/wp-json\/wp\/v2\/media?parent=434"}],"curies":[{"name":"wp","href":"https:\/\/api.w.org\/{rel}","templated":true}]}}