{"id":423,"date":"2023-08-07T16:46:48","date_gmt":"2023-08-07T19:46:48","guid":{"rendered":"https:\/\/wp.ufpel.edu.br\/ppgmcf\/?page_id=423"},"modified":"2026-01-07T08:42:46","modified_gmt":"2026-01-07T11:42:46","slug":"selecao-aluno-regular-mestrado","status":"publish","type":"page","link":"https:\/\/wp.ufpel.edu.br\/ppgmcf\/processos-seletivos\/selecao-aluno-regular-mestrado\/","title":{"rendered":"Mestrado (aluno regular)"},"content":{"rendered":"<p><strong>SELE\u00c7\u00c3O DE ALUNO REGULAR DE MESTRADO 2026\/1<\/strong><\/p>\n<p>O Programa de P\u00f3s-Gradua\u00e7\u00e3o Multic\u00eantrico em Ci\u00eancias Fisiol\u00f3gicas torna p\u00fablico o edital para sele\u00e7\u00e3o de aluna(o) regular de mestrado. <strong>As inscri\u00e7\u00f5es ser\u00e3o realizadas no per\u00edodo de 12\/01\/2026 a 30\/01\/2026. <\/strong>Todas as informa\u00e7\u00f5es encontram-se no Edital abaixo.<\/p>\n<p><a href=\"https:\/\/wp.ufpel.edu.br\/ppgmcf\/processos-seletivos\/sei_3579362_edital_de_selecao_prppg_288\/\" rel=\"attachment wp-att-1088\">SEI_3579362_Edital_de_selecao_PRPPG_288<\/a><\/p>\n<p>&nbsp;<\/p>\n<p><strong>SELE\u00c7\u00c3O ALUNO REGULAR MESTRADO 2025\/2<\/strong><\/p>\n<p>O Programa de P\u00f3s-Gradua\u00e7\u00e3o Multic\u00eantrico em Ci\u00eancias Fisiol\u00f3gicas torna p\u00fablico o edital para sele\u00e7\u00e3o de aluno regular de mestrado com ingresso no segundo semestre de 2025. <strong>As inscri\u00e7\u00f5es ser\u00e3o realizadas no per\u00edodo de 16\/06\/2025 a 27\/06\/2026. <\/strong>Todas informa\u00e7\u00f5es para a participa\u00e7\u00e3o encontram-se no Edital abaixo.<\/p>\n<p><a href=\"https:\/\/wp.ufpel.edu.br\/ppgmcf\/processos-seletivos\/selecao-aluno-regular-mestrado\/sei_3115929_edital_de_selecao_prppg_89\/\" rel=\"attachment wp-att-1026\">Edital_de_selecao_PPPGMCF Mestrado<\/a><\/p>\n<p><a href=\"https:\/\/wp.ufpel.edu.br\/ppgmcf\/processos-seletivos\/selecao-aluno-regular-mestrado\/homologacao_das_inscricoes\/\" rel=\"attachment wp-att-1033\">Homologacao_das_inscricoes<\/a><\/p>\n<p><a href=\"https:\/\/wp.ufpel.edu.br\/ppgmcf\/processos-seletivos\/selecao-aluno-regular-mestrado\/resultado-etapas-1-e-2-mestrado_2025_1\/\" rel=\"attachment wp-att-1038\">Resultado etapas 1 e 2 Mestrado_2025_1<\/a><\/p>\n<p><a href=\"https:\/\/wp.ufpel.edu.br\/ppgmcf\/processos-seletivos\/selecao-aluno-regular-mestrado\/resultado-final-mestrado_2025_1\/\" rel=\"attachment wp-att-1039\">Resultado final Mestrado_2025_1<\/a><\/p>\n<p><a href=\"https:\/\/wp.ufpel.edu.br\/ppgmcf\/processos-seletivos\/selecao-aluno-regular-mestrado\/classificacao-mestrado_2025_1\/\" rel=\"attachment wp-att-1040\">Classifica\u00e7\u00e3o Mestrado_2025_1<\/a><\/p>\n<p>&nbsp;<\/p>\n<p><strong>SELE\u00c7\u00c3O ALUNO REGULAR MESTRADO 2025\/1<\/strong><\/p>\n<p>O Programa de P\u00f3s-Gradua\u00e7\u00e3o Multic\u00eantrico em Ci\u00eancias Fisiol\u00f3gicas torna p\u00fablico o edital para sele\u00e7\u00e3o de aluno regular de mestrado com ingresso no primeiro semestre de 2025. <strong>As inscri\u00e7\u00f5es ser\u00e3o realizadas no per\u00edodo de 20\/12\/2024 a 29\/01\/2025. <\/strong>Todas informa\u00e7\u00f5es para a participa\u00e7\u00e3o encontram-se no Edital abaixo.<\/p>\n<p><a href=\"https:\/\/wp.ufpel.edu.br\/ppgmcf\/processos-seletivos\/selecao-aluno-regular-mestrado\/edital-mestrado-ppgmcf-ufpel-2025_1\/\" rel=\"attachment wp-att-961\">Edital mestrado PPGMCF UFPel 2025_1<\/a><\/p>\n<p><a href=\"https:\/\/wp.ufpel.edu.br\/ppgmcf\/processos-seletivos\/selecao-aluno-regular-mestrado\/homologac%cc%a7a%cc%83o-inscric%cc%a7a%cc%83o-mestrado_2025_1\/\" rel=\"attachment wp-att-964\">Homologac\u0327a\u0303o Inscric\u0327a\u0303o Mestrado_2025_1<\/a><\/p>\n<p><a href=\"https:\/\/wp.ufpel.edu.br\/ppgmcf\/processos-seletivos\/selecao-aluno-regular-mestrado\/resultado-etapa-1-e-2-e-cronograma-para-defesa-de-projeto_selecao-mestrado-2025_1\/\" rel=\"attachment wp-att-966\">Resultado-Etapa-1-e-2-e-Cronograma-para-Defesa-de-Projeto_Selecao-Mestrado-2025_1<\/a><\/p>\n<p><a href=\"https:\/\/wp.ufpel.edu.br\/ppgmcf\/processos-seletivos\/selecao-aluno-regular-mestrado\/resultado-mestrado_2025_1\/\" rel=\"attachment wp-att-969\">Resultado Mestrado_2025_1<\/a><\/p>\n<p>&nbsp;<\/p>\n<p><strong>SELE\u00c7\u00c3O ALUNO REGULAR MESTRADO 2024\/2<\/strong><\/p>\n<p>O Programa de P\u00f3s-Gradua\u00e7\u00e3o Multic\u00eantrico em Ci\u00eancias Fisiol\u00f3gicas torna p\u00fablico o edital para sele\u00e7\u00e3o de aluno regular de mestrado com ingresso no segundo semestre de 2024. <strong>As inscri\u00e7\u00f5es ser\u00e3o realizadas no per\u00edodo de 10\/06\/2024 a 28\/06\/2024. <\/strong>Todas informa\u00e7\u00f5es para a participa\u00e7\u00e3o encontram-se no Edital abaixo.<\/p>\n<p><a href=\"https:\/\/wp.ufpel.edu.br\/ppgmcf\/processos-seletivos\/selecao-aluno-regular-mestrado\/edital-de-selecao-de-aluno-regular-2024_2-ppgmcf\/\" rel=\"attachment wp-att-839\">Edital de sele\u00e7\u00e3o de aluno regular 2024_2 PPGMCF<\/a><\/p>\n<p><a href=\"https:\/\/wp.ufpel.edu.br\/ppgmcf\/processos-seletivos\/selecao-aluno-regular-mestrado\/anexos-6\/\" rel=\"attachment wp-att-840\">ANEXOS<\/a><\/p>\n<p><a href=\"https:\/\/wp.ufpel.edu.br\/ppgmcf\/processos-seletivos\/selecao-aluno-regular-mestrado\/edital-de-retificacao-prppg\/\" rel=\"attachment wp-att-861\">Edital de Retifica\u00e7\u00e3o PRPPG<\/a><\/p>\n<p><a href=\"https:\/\/wp.ufpel.edu.br\/ppgmcf\/processos-seletivos\/selecao-aluno-regular-mestrado\/homologacao-inscricao-mestrado_2024_2\/\" rel=\"attachment wp-att-865\">Homologa\u00e7\u00e3o Inscri\u00e7\u00e3o Mestrado_2024_2<\/a><\/p>\n<p><a href=\"https:\/\/wp.ufpel.edu.br\/ppgmcf\/processos-seletivos\/selecao-aluno-regular-mestrado\/resultado-etapa-1-e-2-e-cronograma-para-defesa-de-projeto_selecao-mestrado-2024_2\/\" rel=\"attachment wp-att-872\">Resultado Etapa 1 e 2 e Cronograma para Defesa de Projeto_Sele\u00e7\u00e3o Mestrado 2024_2<\/a><\/p>\n<p><a href=\"https:\/\/wp.ufpel.edu.br\/ppgmcf\/processos-seletivos\/selecao-aluno-regular-mestrado\/resultado-final-selecao-mestrado_2024_2\/\" rel=\"attachment wp-att-875\">Resultado Final Sele\u00e7\u00e3o Mestrado_2024_2<\/a><\/p>\n<p>&nbsp;<\/p>\n<p><strong>SELE\u00c7\u00c3O ALUNO REGULAR MESTRADO 2024\/1<\/strong><\/p>\n<p>O Programa de P\u00f3s-Gradua\u00e7\u00e3o Multic\u00eantrico em Ci\u00eancias Fisiol\u00f3gicas torna p\u00fablico o edital para sele\u00e7\u00e3o de aluno regular de mestrado com ingresso no primeiro semestre de 2024. <strong>As inscri\u00e7\u00f5es ser\u00e3o realizadas no per\u00edodo de 21\/12\/2023 a 23\/01\/2024.<\/strong><\/p>\n<p><a href=\"https:\/\/wp.ufpel.edu.br\/ppgmcf\/files\/2023\/12\/Edital-Mestrado-PPGMCF-2024-2.pdf\">Edital Mestrado PPGMCF 2024-1<\/a><\/p>\n<p><a href=\"https:\/\/wp.ufpel.edu.br\/ppgmcf\/files\/2023\/12\/ANEXOS.pdf\">ANEXOS<\/a><\/p>\n<p><a href=\"https:\/\/wp.ufpel.edu.br\/ppgmcf\/files\/2024\/01\/Homologacao-Inscricao-Mestrado_2024_1_retificado.pdf\">Homologa\u00e7\u00e3o Inscri\u00e7\u00e3o Mestrado_2024_1_retificado<\/a><\/p>\n<p><a href=\"https:\/\/wp.ufpel.edu.br\/ppgmcf\/files\/2024\/01\/Cronograma-Selecao-Mestrado-e-Doutorado_2024_1.pdf\">Cronograma Sele\u00e7\u00e3o Mestrado e Doutorado_2024_1<\/a><\/p>\n<p><a href=\"https:\/\/wp.ufpel.edu.br\/ppgmcf\/files\/2024\/02\/Cronograma-Selecao-Mestrado-e-Doutorado_2024_1.pdf\">Resultados etapas 1 e 2 e Cronograma Etapa 4 Sele\u00e7\u00e3o Mestrado e Doutorado_2024_1<\/a><\/p>\n<p>Resultado final:<\/p>\n<p><a href=\"https:\/\/wp.ufpel.edu.br\/ppgmcf\/files\/2024\/02\/Resultado-Mestrado_2024_1-.docx\">Resultado Mestrado_2024_1<\/a><\/p>\n<p><a href=\"https:\/\/wp.ufpel.edu.br\/ppgmcf\/files\/2024\/02\/Lista-aprovados-por-ordem-classificacao_mestrado_2024_1.docx\">Lista aprovados por ordem classifica\u00e7\u00e3o_mestrado_2024_1<\/a><\/p>\n<p>&nbsp;<\/p>\n<p><strong>SELE\u00c7\u00c3O ALUNO REGULAR MESTRADO 2023\/2<\/strong><\/p>\n<p>O Programa de P\u00f3s-Gradua\u00e7\u00e3o Multic\u00eantrico em Ci\u00eancias Fisiol\u00f3gicas torna p\u00fablico edital para sele\u00e7\u00e3o de aluno regular de mestrado com ingresso no segundo semestre de 2023. As inscri\u00e7\u00f5es estar\u00e3o abertas at\u00e9 dia 28\/06\/23.<\/p>\n<p>Confira o edital: <a href=\"https:\/\/wp.ufpel.edu.br\/ppgmcf\/files\/2023\/06\/Edital-Mestrado-2023-2.pdf\">Edital Mestrado 2023-2<\/a><\/p>\n<p><a href=\"https:\/\/wp.ufpel.edu.br\/ppgmcf\/files\/2023\/06\/ANEXOS.pdf\">ANEXOS<\/a><\/p>\n<p><a href=\"https:\/\/wp.ufpel.edu.br\/ppgmcf\/files\/2023\/06\/Homologacao-Inscricao-Mestrado_2023_2.pdf\">Homologa\u00e7\u00e3o Inscri\u00e7\u00e3o Mestrado_2023<\/a><\/p>\n<p><a href=\"https:\/\/wp.ufpel.edu.br\/ppgmcf\/files\/2023\/07\/Cronograma-Selecao-Mestrado_2023_2-Doutorado-Fluxo-continuo.docx\">Cronograma Sele\u00e7\u00e3o Mestrado_2023_2 &#8211; Doutorado Fluxo cont\u00ednuo<\/a><\/p>\n<p><a href=\"https:\/\/wp.ufpel.edu.br\/ppgmcf\/files\/2023\/07\/Resultado-Selecao-Mestrado-PPGMCF-2023-2.pdf\">Resultado Sele\u00e7\u00e3o Mestrado PPGMCF 2023-2<\/a><\/p>\n<p>&nbsp;<\/p>\n<p><strong>SELE\u00c7\u00c3O ALUNO REGULAR MESTRADO 2023\/1\u00a0<\/strong><\/p>\n<p>O PPGMCF divulga <strong>edital de sele\u00e7\u00e3o<\/strong> para aluno regular com ingresso em 2023\/1. As inscri\u00e7\u00f5es est\u00e3o abertas de<strong> 15\/12\/22 a 23\/01\/23.<\/strong><\/p>\n<p><a href=\"https:\/\/wp.ufpel.edu.br\/ppgmcf\/files\/2022\/12\/Edital-Mestrado-2023-1.pdf\">Edital Mestrado 2023-1<\/a><\/p>\n<p><a href=\"https:\/\/wp.ufpel.edu.br\/ppgmcf\/files\/2022\/06\/ANEXOS-mestrado-e-doutorado.docx\">ANEXOS mestrado e doutorado<\/a><\/p>\n<p>Inscri\u00e7\u00f5es Homologadas <strong>Mestrado<\/strong>:<\/p>\n<p>Ant\u00f4nio Goulart Machado<br \/>\nCarolina Correa de Souza<br \/>\nKelin Spiering<br \/>\nNath\u00e1lia Madruga Monteiro<\/p>\n<p>RESULTADO MESTRADO: <a href=\"https:\/\/wp.ufpel.edu.br\/ppgmcf\/files\/2023\/02\/Resultado-Selecao-Aluno-Regular-Mestrado-PPGMCF-2023-1.pdf\">Resultado Sele\u00e7\u00e3o Aluno Regular Mestrado PPGMCF 2023-1<\/a><\/p>\n<p>&nbsp;<\/p>\n<p><strong>SELE\u00c7\u00c3O ALUNO REGULAR 2022\/2<\/strong><\/p>\n<p>O PPGMCF divulga <strong>edital de sele\u00e7\u00e3o<\/strong> para aluno regular com ingresso em 2022\/2. As inscri\u00e7\u00f5es est\u00e3o abertas de<strong> 27\/06\/22 a 22\/07\/22.<\/strong><\/p>\n<p>Confira nos editais:<\/p>\n<p><a href=\"https:\/\/wp.ufpel.edu.br\/ppgmcf\/files\/2022\/06\/Edital-Mestrado.pdf\">Edital Mestrado<\/a><\/p>\n<p><a href=\"https:\/\/wp.ufpel.edu.br\/ppgmcf\/files\/2022\/06\/ANEXOS-mestrado-e-doutorado.docx\">ANEXOS mestrado e doutorado<\/a><\/p>\n<p>Retifica\u00e7\u00e3o do Edital: <a href=\"https:\/\/wp.ufpel.edu.br\/ppgmcf\/files\/2022\/07\/Retificacao-Edital-Mestrado.pdf\">Retifica\u00e7\u00e3o Edital Mestrado<\/a><\/p>\n<p>Inscri\u00e7\u00f5es Homologadas:<\/p>\n<p><a href=\"https:\/\/wp.ufpel.edu.br\/ppgmcf\/files\/2022\/07\/Homologacao-Mestrado.pdf\">Homologa\u00e7\u00e3o Mestrado<\/a><\/p>\n<p><a href=\"https:\/\/wp.ufpel.edu.br\/ppgmcf\/files\/2022\/08\/Resultado-Selecao-Mestrado-PPGMCF-2022-2.pdf\">Resultado Sele\u00e7\u00e3o Mestrado PPGMCF 2022-2<\/a><\/p>\n<p>&nbsp;<\/p>\n<p><strong>SELE\u00c7\u00c3O ALUNO REGULAR 2022\/1<\/strong><\/p>\n<p>Divulgado <strong>edital de sele\u00e7\u00e3o<\/strong> para aluno regular com ingresso em 2022\/1. As inscri\u00e7\u00f5es estar\u00e3o abertas de<strong> 27\/12\/21 a 04\/02\/22.<\/strong><\/p>\n<p>Confira nos editais:<\/p>\n<p><a href=\"https:\/\/wp.ufpel.edu.br\/ppgmcf\/files\/2021\/12\/Edital-de-selecao-PPGMCF-Mestrado.pdf\">Edital de sele\u00e7\u00e3o PPGMCF Mestrado<\/a><\/p>\n<p><a href=\"https:\/\/wp.ufpel.edu.br\/ppgmcf\/files\/2021\/12\/ANEXOS.pdf\">ANEXOS<\/a><\/p>\n<p><a href=\"https:\/\/wp.ufpel.edu.br\/ppgmcf\/files\/2022\/02\/Inscricoes-homologadas-Mestrado-e-Doutorado-2022-2.pdf\">Inscri\u00e7\u00f5es homologadas Mestrado e Doutorado 2022-1<\/a><\/p>\n<p><a href=\"https:\/\/wp.ufpel.edu.br\/ppgmcf\/files\/2022\/02\/Resultado-prova-de-conhecimentos-em-Ciencias-Fisiologicas.pdf\">Resultado prova de conhecimentos em Ci\u00eancias Fisiol\u00f3gicas<\/a><\/p>\n<p><a href=\"https:\/\/wp.ufpel.edu.br\/ppgmcf\/files\/2022\/02\/Resultado-Final-Selecao-Aluno-Regular-2022-1-1.pdf\">Resultado Final Sele\u00e7\u00e3o Aluno Regular 2022-1<\/a><\/p>\n<p>&nbsp;<\/p>\n<p><strong>SELE\u00c7\u00c3O ALUNO REGULAR MESTRADO 2021\/2<\/strong><\/p>\n<p>As inscri\u00e7\u00f5es est\u00e3o abertas de 25\/06\/2021 a 14\/07\/2021.<\/p>\n<p>Venha fazer parte do PPGMCF!<\/p>\n<p>Editais:<\/p>\n<p><a href=\"https:\/\/wp.ufpel.edu.br\/ppgmcf\/files\/2021\/06\/Edital-de-selecao-87-2021-Programa-de-Pos-Graduacao-Multicentrico-em-Ciencias-Fisiologicas-Aluno-Regular-Mestrado-2021-2.pdf\">Edital-de-selecao-87-2021-Programa-de-Pos-Graduacao-Multicentrico-em-Ciencias-Fisiologicas-Aluno-Regular-Mestrado-2021-2<\/a><\/p>\n<p><a href=\"https:\/\/wp.ufpel.edu.br\/ppgmcf\/files\/2021\/06\/ANEXOS.pdf\">ANEXOS<\/a><\/p>\n<p><a href=\"https:\/\/wp.ufpel.edu.br\/ppgmcf\/files\/2021\/07\/Inscricoes-homologadas.pdf\">Inscri\u00e7\u00f5es homologadas\u00a0 MESTRADO<\/a><\/p>\n<p><a href=\"https:\/\/wp.ufpel.edu.br\/ppgmcf\/files\/2021\/07\/Resultados-etapa-1-e-2.docx\">Resultados etapa 1 e 2<\/a> MESTRADO<\/p>\n<p>O Programa de P\u00f3s-Gradua\u00e7\u00e3o Multic\u00eantrico em Ci\u00eancias Fisiol\u00f3gicas torna p\u00fablico o resultado da sele\u00e7\u00e3o para aluno regular de Mestrado 2021\/2:\u00a0<a href=\"https:\/\/wp.ufpel.edu.br\/ppgmcf\/files\/2021\/07\/Resultado-final.pdf\"> Resultado final<\/a><\/p>\n<p>&nbsp;<\/p>\n","protected":false},"excerpt":{"rendered":"<p>SELE\u00c7\u00c3O DE ALUNO REGULAR DE MESTRADO 2026\/1 O Programa de P\u00f3s-Gradua\u00e7\u00e3o Multic\u00eantrico em Ci\u00eancias Fisiol\u00f3gicas torna p\u00fablico o edital para sele\u00e7\u00e3o de aluna(o) regular de mestrado. As inscri\u00e7\u00f5es ser\u00e3o realizadas no per\u00edodo de 12\/01\/2026 a 30\/01\/2026. Todas as informa\u00e7\u00f5es encontram-se no Edital abaixo. SEI_3579362_Edital_de_selecao_PRPPG_288 &nbsp; SELE\u00c7\u00c3O ALUNO REGULAR MESTRADO 2025\/2 O Programa de P\u00f3s-Gradua\u00e7\u00e3o Multic\u00eantrico [&hellip;]<\/p>\n","protected":false},"author":1163,"featured_media":0,"parent":33,"menu_order":1,"comment_status":"closed","ping_status":"closed","template":"","meta":{"footnotes":""},"class_list":["post-423","page","type-page","status-publish","hentry"],"_links":{"self":[{"href":"https:\/\/wp.ufpel.edu.br\/ppgmcf\/wp-json\/wp\/v2\/pages\/423","targetHints":{"allow":["GET"]}}],"collection":[{"href":"https:\/\/wp.ufpel.edu.br\/ppgmcf\/wp-json\/wp\/v2\/pages"}],"about":[{"href":"https:\/\/wp.ufpel.edu.br\/ppgmcf\/wp-json\/wp\/v2\/types\/page"}],"author":[{"embeddable":true,"href":"https:\/\/wp.ufpel.edu.br\/ppgmcf\/wp-json\/wp\/v2\/users\/1163"}],"replies":[{"embeddable":true,"href":"https:\/\/wp.ufpel.edu.br\/ppgmcf\/wp-json\/wp\/v2\/comments?post=423"}],"version-history":[{"count":4,"href":"https:\/\/wp.ufpel.edu.br\/ppgmcf\/wp-json\/wp\/v2\/pages\/423\/revisions"}],"predecessor-version":[{"id":1092,"href":"https:\/\/wp.ufpel.edu.br\/ppgmcf\/wp-json\/wp\/v2\/pages\/423\/revisions\/1092"}],"up":[{"embeddable":true,"href":"https:\/\/wp.ufpel.edu.br\/ppgmcf\/wp-json\/wp\/v2\/pages\/33"}],"wp:attachment":[{"href":"https:\/\/wp.ufpel.edu.br\/ppgmcf\/wp-json\/wp\/v2\/media?parent=423"}],"curies":[{"name":"wp","href":"https:\/\/api.w.org\/{rel}","templated":true}]}}